{"id":11206,"date":"2019-05-09T15:07:36","date_gmt":"2019-05-09T19:07:36","guid":{"rendered":"https:\/\/www.institutleadership.ca\/english\/?page_id=11206"},"modified":"2022-11-02T14:06:14","modified_gmt":"2022-11-02T18:06:14","slug":"certification-en-gestion-de-transfert-dentreprise","status":"publish","type":"page","link":"https:\/\/www.institutleadership.ca\/inscription\/certification-en-gestion-de-transfert-dentreprise\/","title":{"rendered":"Certification en gestion de transfert d\u2019entreprise"},"content":{"rendered":"<p>Nous savons qu\u2019un transfert d\u2019entreprise va bien au-del\u00e0 de la transaction financi\u00e8re. C\u2019est pourquoi l\u2019Institut de leadership, de concert avec le Centre de transfert d\u2019entreprise du Qu\u00e9bec (CTEQ) ont lanc\u00e9 la premi\u00e8re certification canadienne en gestion de transfert d\u2019entreprise, couvrant tout autant le processus que le volet humain d\u2019un transfert.<\/p>\n<p>Notre certification est destin\u00e9e \u00e0 toute personne qui intervient de pr\u00e8s ou de loin dans le transfert d\u2019une entreprise.\u00a0 Le but \u00e9tant de leur permettre d\u2019avoir une perspective globale et d\u2019en maximiser le succ\u00e8s.<\/p>\n<p>Le Centre de transfert d\u2019entreprise du Qu\u00e9bec a pour mission de traiter l\u2019enjeu de la rel\u00e8ve des dirigeants, de la valorisation et du transfert d\u2019entreprise. Le CTEQ accompagne les c\u00e9dants et les repreneurs sur l\u2019ensemble du processus, afin d\u2019en assurer la qualit\u00e9 et l\u2019int\u00e9grit\u00e9, de favoriser la p\u00e9rennit\u00e9 des entreprises et de participer positivement au bilan entrepreneurial du Qu\u00e9bec.<\/p>\n<p><img decoding=\"async\" loading=\"lazy\" class=\"alignnone wp-image-12692\" src=\"https:\/\/www.institutleadership.ca\/english\/wp-content\/uploads\/sites\/10\/2021\/01\/CTEQ_Logo_avec_descripteur_noir.png\" alt=\"\" width=\"403\" height=\"157\" srcset=\"https:\/\/www.institutleadership.ca\/inscription\/wp-content\/uploads\/sites\/10\/2021\/01\/CTEQ_Logo_avec_descripteur_noir.png 2827w, https:\/\/www.institutleadership.ca\/inscription\/wp-content\/uploads\/sites\/10\/2021\/01\/CTEQ_Logo_avec_descripteur_noir-300x117.png 300w, https:\/\/www.institutleadership.ca\/inscription\/wp-content\/uploads\/sites\/10\/2021\/01\/CTEQ_Logo_avec_descripteur_noir-768x299.png 768w, https:\/\/www.institutleadership.ca\/inscription\/wp-content\/uploads\/sites\/10\/2021\/01\/CTEQ_Logo_avec_descripteur_noir-1024x399.png 1024w, https:\/\/www.institutleadership.ca\/inscription\/wp-content\/uploads\/sites\/10\/2021\/01\/CTEQ_Logo_avec_descripteur_noir-600x234.png 600w\" sizes=\"(max-width: 403px) 100vw, 403px\" \/><\/p>\n<h3>\u00c0 QUI S&#8217;ADRESSE LA CERTIFICATION ?<\/h3>\n<p>Notre Certification est destin\u00e9e \u00e0 toute personne qui intervient de pr\u00e8s ou de loin dans le transfert d\u2019une entreprise. Le but \u00e9tant de leur permettre d\u2019avoir une perspective globale et d\u2019en maximiser le succ\u00e8s.<\/p>\n<p>&nbsp;<\/p>\n<h3>DESCRIPTION DES MODULES DE LA CERTIFICATION<\/h3>\n<h4><strong>Module 1 :\u00a0<\/strong><em>Introduction: les diff\u00e9rents contextes, leurs enjeux et les facteurs de succ\u00e8s d\u2019un transfert<\/em><\/h4>\n<ul>\n<li>Les \u00e9tapes d\u2019un transfert;<\/li>\n<li>Plan de transfert et \u00e9ch\u00e9ancier;<\/li>\n<li>Culture: en tenir compte d\u00e8s le d\u00e9but, l\u2019analyser et la comprendre;<\/li>\n<li>Se positionner comme conseiller aupr\u00e8s des c\u00e9dants et repreneurs.<\/li>\n<\/ul>\n<p>&nbsp;<\/p>\n<h4><strong>Module 2<\/strong>\u00a0:\u00a0<em>L\u2019accompagnement des c\u00e9dants et des repreneurs<\/em><\/h4>\n<p><strong>La relation c\u00e9dant-repreneur :<\/strong><\/p>\n<ul>\n<li>Leurs r\u00f4les respectifs dans le transfert, leur relation;<\/li>\n<li>Organiser le transfert des connaissances (savoir-faire et savoir-\u00eatre) dans un contexte de p\u00e9rennit\u00e9;<\/li>\n<li>Le transfert des pouvoirs: plan de sortie du c\u00e9dant et la prise en charge du repreneur.<\/li>\n<\/ul>\n<p><strong>C\u00e9dants:<\/strong><\/p>\n<ul>\n<li>Parties prenantes: les 3 cercles;<\/li>\n<li>Partir pour les bonnes raisons;<\/li>\n<li>Les valeurs importantes de la transaction;<\/li>\n<li>Phases de transition du c\u00e9dant.<\/li>\n<\/ul>\n<p><strong>Repreneurs:<\/strong><\/p>\n<ul>\n<li>Une nouvelle passion : acqu\u00e9rir pour les bonnes raisons;<\/li>\n<li>\u00c9tablir la vision et les objectifs de l\u2019acquisition;<\/li>\n<li>Pr\u00e9parer son arriv\u00e9e.<\/li>\n<\/ul>\n<p>&nbsp;<\/p>\n<h4><strong>Module 3<\/strong>\u00a0:\u00a0<em>La gestion post-transaction<\/em><\/h4>\n<p><strong>Planification strat\u00e9gique: vision, valeurs et gouvernance de la nouvelle organisation.<\/strong><\/p>\n<p><strong>Gestion du changement :<\/strong><\/p>\n<ul>\n<li>Mobiliser les employ\u00e9s pendant le transfert.<\/li>\n<\/ul>\n<p><strong>IMO : Integration Management Office, pr\u00e9parer du jour 1 \u00e0 la premi\u00e8re ann\u00e9e:<\/strong><\/p>\n<ul>\n<li>Plan d\u2019int\u00e9gration;<\/li>\n<li>\u00c9cosyst\u00e8me: le comprendre et rassurer les parties prenantes.<\/li>\n<\/ul>\n<p><strong>Phases \u00e9motionnelles d\u2019un transfert pour les employ\u00e9s, les conna\u00eetre et s\u2019y pr\u00e9parer<\/strong><\/p>\n<p>&nbsp;<\/p>\n<h4><b>Travail d\u2019int\u00e9gration<\/b><\/h4>\n<p><span class=\"il\">Un<\/span>\u00a0<span class=\"il\">travail<\/span>\u00a0<span class=\"il\">d<\/span>\u2019<span class=\"il\">int\u00e9gration<\/span>\u00a0est obligatoire \u00e0 l\u2019obtention de la Certification. Ce\u00a0<span class=\"il\">travail<\/span>\u00a0est \u00e0 faire \u00e0 la suite\u00a0de la formation. Vous aurez 3 semaines pour le compl\u00e9ter. Il s&#8217;agit\u00a0<span class=\"il\">d<\/span>&#8216;une r\u00e9flexion personnelle, l\u2019objectif est de faire le lien entre les apprentissages vus en formation et votre r\u00e9alit\u00e9 \u00e0 titre de gestionnaire dans votre organisation.<\/p>\n<p><a href=\"https:\/\/www.institutleadership.ca\/english\/wp-content\/uploads\/sites\/10\/2022\/02\/DIPLOM\u00c9-CTEQ-INSTITUT-LEADERSHIP.png\"><img decoding=\"async\" loading=\"lazy\" class=\" wp-image-13968 alignnone\" src=\"https:\/\/www.institutleadership.ca\/english\/wp-content\/uploads\/sites\/10\/2022\/02\/DIPLOM\u00c9-CTEQ-INSTITUT-LEADERSHIP.png\" alt=\"\" width=\"240\" height=\"240\" srcset=\"https:\/\/www.institutleadership.ca\/inscription\/wp-content\/uploads\/sites\/10\/2022\/02\/DIPLOM\u00c9-CTEQ-INSTITUT-LEADERSHIP.png 500w, https:\/\/www.institutleadership.ca\/inscription\/wp-content\/uploads\/sites\/10\/2022\/02\/DIPLOM\u00c9-CTEQ-INSTITUT-LEADERSHIP-150x150.png 150w, https:\/\/www.institutleadership.ca\/inscription\/wp-content\/uploads\/sites\/10\/2022\/02\/DIPLOM\u00c9-CTEQ-INSTITUT-LEADERSHIP-300x300.png 300w, https:\/\/www.institutleadership.ca\/inscription\/wp-content\/uploads\/sites\/10\/2022\/02\/DIPLOM\u00c9-CTEQ-INSTITUT-LEADERSHIP-200x200.png 200w, https:\/\/www.institutleadership.ca\/inscription\/wp-content\/uploads\/sites\/10\/2022\/02\/DIPLOM\u00c9-CTEQ-INSTITUT-LEADERSHIP-400x400.png 400w, https:\/\/www.institutleadership.ca\/inscription\/wp-content\/uploads\/sites\/10\/2022\/02\/DIPLOM\u00c9-CTEQ-INSTITUT-LEADERSHIP-100x100.png 100w\" sizes=\"(max-width: 240px) 100vw, 240px\" \/><\/a><\/p>\n<h3><strong>TARIFS, DATES ET INSCRIPTION<\/strong><\/h3>\n<p>Tarif 5795$ + taxes. Votre inscription sera valid\u00e9e lorsqu\u2019un paiement sera effectu\u00e9 (via Paypal ou ch\u00e8que). Il est \u00e9galement possible de payer en deux versements, veuillez nous \u00e9crire pour avoir plus d\u2019informations.<\/p>\n<p>Les journ\u00e9es de formation sont admissibles \u00e0 la loi du 1 % pour la formation de la main d\u2019\u0153uvre. De plus, vous avez la possibilit\u00e9 d\u2019acc\u00e9der \u00e0 d\u2019autres financements. Pour cela, renseignez-vous directement aupr\u00e8s d\u2019Emploi Qu\u00e9bec de votre r\u00e9gion.<\/p>\n<p>Des rabais sont offerts aux\u00a0organismes \u00e0 but non lucratif \u00a0(15%) et gouvernementaux (10%). <a href=\"https:\/\/www.institutleadership.ca\/english\/contact\/\">Contactez-nous<\/a> pour plus de d\u00e9tails.<\/p>\n<p>&nbsp;<\/p>\n<p><strong>Formation : Dates 2023 en cours &#8230;<\/strong><\/p>\n<p>&nbsp;<\/p>\n<h4><a href=\"https:\/\/www.institutleadership.ca\/english\/wp-content\/uploads\/sites\/10\/2021\/01\/T\u00e9moignages-transfert-site-web-.pdf\" target=\"_blank\" rel=\"noopener\">Cliquez ici pour lire quelques t\u00e9moignages du programme<\/a><\/h4>\n<p>&nbsp;<\/p>\n<p>&nbsp;<\/p>\n","protected":false},"excerpt":{"rendered":"<p>Nous savons qu\u2019un transfert d\u2019entreprise va bien au-del\u00e0 de la transaction financi\u00e8re. C\u2019est pourquoi l\u2019Institut de leadership, de concert avec le Centre de transfert d\u2019entreprise du Qu\u00e9bec (CTEQ) ont lanc\u00e9 la premi\u00e8re certification canadienne en gestion de transfert d\u2019entreprise, couvrant &hellip; <\/p>\n","protected":false},"author":17,"featured_media":0,"parent":0,"menu_order":0,"comment_status":"closed","ping_status":"closed","template":"","meta":{"content-type":"","om_disable_all_campaigns":false},"yoast_head":"<!-- This site is optimized with the Yoast SEO plugin v20.6 - https:\/\/yoast.com\/wordpress\/plugins\/seo\/ -->\n<title>Certification en gestion de transfert d\u2019entreprise - Institut de Leadership<\/title>\n<meta name=\"robots\" content=\"index, follow, max-snippet:-1, max-image-preview:large, max-video-preview:-1\" \/>\n<link rel=\"canonical\" href=\"https:\/\/www.institutleadership.ca\/inscription\/certification-en-gestion-de-transfert-dentreprise\/\" \/>\n<meta property=\"og:locale\" content=\"fr_CA\" \/>\n<meta property=\"og:type\" content=\"article\" \/>\n<meta property=\"og:title\" content=\"Certification en gestion de transfert d\u2019entreprise - Institut de Leadership\" \/>\n<meta property=\"og:description\" content=\"Nous savons qu\u2019un transfert d\u2019entreprise va bien au-del\u00e0 de la transaction financi\u00e8re. C\u2019est pourquoi l\u2019Institut de leadership, de concert avec le Centre de transfert d\u2019entreprise du Qu\u00e9bec (CTEQ) ont lanc\u00e9 la premi\u00e8re certification canadienne en gestion de transfert d\u2019entreprise, couvrant &hellip;\" \/>\n<meta property=\"og:url\" content=\"https:\/\/www.institutleadership.ca\/inscription\/certification-en-gestion-de-transfert-dentreprise\/\" \/>\n<meta property=\"og:site_name\" content=\"Institut de Leadership\" \/>\n<meta property=\"article:publisher\" content=\"https:\/\/www.facebook.com\/institutleadership\/\" \/>\n<meta property=\"article:modified_time\" content=\"2022-11-02T18:06:14+00:00\" \/>\n<meta property=\"og:image\" content=\"https:\/\/www.institutleadership.ca\/english\/wp-content\/uploads\/sites\/10\/2021\/01\/CTEQ_Logo_avec_descripteur_noir.png\" \/>\n<meta name=\"twitter:card\" content=\"summary_large_image\" \/>\n<meta name=\"twitter:label1\" content=\"Estimation du temps de lecture\" \/>\n\t<meta name=\"twitter:data1\" content=\"4 minutes\" \/>\n<script type=\"application\/ld+json\" class=\"yoast-schema-graph\">{\"@context\":\"https:\/\/schema.org\",\"@graph\":[{\"@type\":\"WebPage\",\"@id\":\"https:\/\/www.institutleadership.ca\/inscription\/certification-en-gestion-de-transfert-dentreprise\/\",\"url\":\"https:\/\/www.institutleadership.ca\/inscription\/certification-en-gestion-de-transfert-dentreprise\/\",\"name\":\"Certification en gestion de transfert d\u2019entreprise - Institut de Leadership\",\"isPartOf\":{\"@id\":\"https:\/\/www.institutleadership.ca\/inscription\/#website\"},\"datePublished\":\"2019-05-09T19:07:36+00:00\",\"dateModified\":\"2022-11-02T18:06:14+00:00\",\"breadcrumb\":{\"@id\":\"https:\/\/www.institutleadership.ca\/inscription\/certification-en-gestion-de-transfert-dentreprise\/#breadcrumb\"},\"inLanguage\":\"fr-CA\",\"potentialAction\":[{\"@type\":\"ReadAction\",\"target\":[\"https:\/\/www.institutleadership.ca\/inscription\/certification-en-gestion-de-transfert-dentreprise\/\"]}]},{\"@type\":\"BreadcrumbList\",\"@id\":\"https:\/\/www.institutleadership.ca\/inscription\/certification-en-gestion-de-transfert-dentreprise\/#breadcrumb\",\"itemListElement\":[{\"@type\":\"ListItem\",\"position\":1,\"name\":\"Accueil\",\"item\":\"https:\/\/www.institutleadership.ca\/inscription\/\"},{\"@type\":\"ListItem\",\"position\":2,\"name\":\"Certification en gestion de transfert d\u2019entreprise\"}]},{\"@type\":\"WebSite\",\"@id\":\"https:\/\/www.institutleadership.ca\/inscription\/#website\",\"url\":\"https:\/\/www.institutleadership.ca\/inscription\/\",\"name\":\"Institut de leadership\",\"description\":\"Formations pour cadres et dirigeants\",\"publisher\":{\"@id\":\"https:\/\/www.institutleadership.ca\/inscription\/#organization\"},\"potentialAction\":[{\"@type\":\"SearchAction\",\"target\":{\"@type\":\"EntryPoint\",\"urlTemplate\":\"https:\/\/www.institutleadership.ca\/inscription\/?s={search_term_string}\"},\"query-input\":\"required name=search_term_string\"}],\"inLanguage\":\"fr-CA\"},{\"@type\":\"Organization\",\"@id\":\"https:\/\/www.institutleadership.ca\/inscription\/#organization\",\"name\":\"Institut de leadership\",\"url\":\"https:\/\/www.institutleadership.ca\/inscription\/\",\"logo\":{\"@type\":\"ImageObject\",\"inLanguage\":\"fr-CA\",\"@id\":\"https:\/\/www.institutleadership.ca\/inscription\/#\/schema\/logo\/image\/\",\"url\":\"https:\/\/www.institutleadership.ca\/english\/wp-content\/uploads\/sites\/10\/2019\/11\/Logo_Officiel-2-1.jpg\",\"contentUrl\":\"https:\/\/www.institutleadership.ca\/english\/wp-content\/uploads\/sites\/10\/2019\/11\/Logo_Officiel-2-1.jpg\",\"width\":2048,\"height\":1024,\"caption\":\"Institut de leadership\"},\"image\":{\"@id\":\"https:\/\/www.institutleadership.ca\/inscription\/#\/schema\/logo\/image\/\"},\"sameAs\":[\"https:\/\/www.facebook.com\/institutleadership\/\",\"https:\/\/www.linkedin.com\/school\/5305840\"]}]}<\/script>\n<!-- \/ Yoast SEO plugin. -->","yoast_head_json":{"title":"Certification en gestion de transfert d\u2019entreprise - Institut de Leadership","robots":{"index":"index","follow":"follow","max-snippet":"max-snippet:-1","max-image-preview":"max-image-preview:large","max-video-preview":"max-video-preview:-1"},"canonical":"https:\/\/www.institutleadership.ca\/inscription\/certification-en-gestion-de-transfert-dentreprise\/","og_locale":"fr_CA","og_type":"article","og_title":"Certification en gestion de transfert d\u2019entreprise - Institut de Leadership","og_description":"Nous savons qu\u2019un transfert d\u2019entreprise va bien au-del\u00e0 de la transaction financi\u00e8re. C\u2019est pourquoi l\u2019Institut de leadership, de concert avec le Centre de transfert d\u2019entreprise du Qu\u00e9bec (CTEQ) ont lanc\u00e9 la premi\u00e8re certification canadienne en gestion de transfert d\u2019entreprise, couvrant &hellip;","og_url":"https:\/\/www.institutleadership.ca\/inscription\/certification-en-gestion-de-transfert-dentreprise\/","og_site_name":"Institut de Leadership","article_publisher":"https:\/\/www.facebook.com\/institutleadership\/","article_modified_time":"2022-11-02T18:06:14+00:00","og_image":[{"url":"https:\/\/www.institutleadership.ca\/english\/wp-content\/uploads\/sites\/10\/2021\/01\/CTEQ_Logo_avec_descripteur_noir.png"}],"twitter_card":"summary_large_image","twitter_misc":{"Estimation du temps de lecture":"4 minutes"},"schema":{"@context":"https:\/\/schema.org","@graph":[{"@type":"WebPage","@id":"https:\/\/www.institutleadership.ca\/inscription\/certification-en-gestion-de-transfert-dentreprise\/","url":"https:\/\/www.institutleadership.ca\/inscription\/certification-en-gestion-de-transfert-dentreprise\/","name":"Certification en gestion de transfert d\u2019entreprise - Institut de Leadership","isPartOf":{"@id":"https:\/\/www.institutleadership.ca\/inscription\/#website"},"datePublished":"2019-05-09T19:07:36+00:00","dateModified":"2022-11-02T18:06:14+00:00","breadcrumb":{"@id":"https:\/\/www.institutleadership.ca\/inscription\/certification-en-gestion-de-transfert-dentreprise\/#breadcrumb"},"inLanguage":"fr-CA","potentialAction":[{"@type":"ReadAction","target":["https:\/\/www.institutleadership.ca\/inscription\/certification-en-gestion-de-transfert-dentreprise\/"]}]},{"@type":"BreadcrumbList","@id":"https:\/\/www.institutleadership.ca\/inscription\/certification-en-gestion-de-transfert-dentreprise\/#breadcrumb","itemListElement":[{"@type":"ListItem","position":1,"name":"Accueil","item":"https:\/\/www.institutleadership.ca\/inscription\/"},{"@type":"ListItem","position":2,"name":"Certification en gestion de transfert d\u2019entreprise"}]},{"@type":"WebSite","@id":"https:\/\/www.institutleadership.ca\/inscription\/#website","url":"https:\/\/www.institutleadership.ca\/inscription\/","name":"Institut de leadership","description":"Formations pour cadres et dirigeants","publisher":{"@id":"https:\/\/www.institutleadership.ca\/inscription\/#organization"},"potentialAction":[{"@type":"SearchAction","target":{"@type":"EntryPoint","urlTemplate":"https:\/\/www.institutleadership.ca\/inscription\/?s={search_term_string}"},"query-input":"required name=search_term_string"}],"inLanguage":"fr-CA"},{"@type":"Organization","@id":"https:\/\/www.institutleadership.ca\/inscription\/#organization","name":"Institut de leadership","url":"https:\/\/www.institutleadership.ca\/inscription\/","logo":{"@type":"ImageObject","inLanguage":"fr-CA","@id":"https:\/\/www.institutleadership.ca\/inscription\/#\/schema\/logo\/image\/","url":"https:\/\/www.institutleadership.ca\/english\/wp-content\/uploads\/sites\/10\/2019\/11\/Logo_Officiel-2-1.jpg","contentUrl":"https:\/\/www.institutleadership.ca\/english\/wp-content\/uploads\/sites\/10\/2019\/11\/Logo_Officiel-2-1.jpg","width":2048,"height":1024,"caption":"Institut de leadership"},"image":{"@id":"https:\/\/www.institutleadership.ca\/inscription\/#\/schema\/logo\/image\/"},"sameAs":["https:\/\/www.facebook.com\/institutleadership\/","https:\/\/www.linkedin.com\/school\/5305840"]}]}},"_links":{"self":[{"href":"https:\/\/www.institutleadership.ca\/inscription\/wp-json\/wp\/v2\/pages\/11206"}],"collection":[{"href":"https:\/\/www.institutleadership.ca\/inscription\/wp-json\/wp\/v2\/pages"}],"about":[{"href":"https:\/\/www.institutleadership.ca\/inscription\/wp-json\/wp\/v2\/types\/page"}],"author":[{"embeddable":true,"href":"https:\/\/www.institutleadership.ca\/inscription\/wp-json\/wp\/v2\/users\/17"}],"replies":[{"embeddable":true,"href":"https:\/\/www.institutleadership.ca\/inscription\/wp-json\/wp\/v2\/comments?post=11206"}],"version-history":[{"count":30,"href":"https:\/\/www.institutleadership.ca\/inscription\/wp-json\/wp\/v2\/pages\/11206\/revisions"}],"predecessor-version":[{"id":14910,"href":"https:\/\/www.institutleadership.ca\/inscription\/wp-json\/wp\/v2\/pages\/11206\/revisions\/14910"}],"wp:attachment":[{"href":"https:\/\/www.institutleadership.ca\/inscription\/wp-json\/wp\/v2\/media?parent=11206"}],"curies":[{"name":"wp","href":"https:\/\/api.w.org\/{rel}","templated":true}]}}