{"id":12491,"date":"2020-12-16T11:16:19","date_gmt":"2020-12-16T16:16:19","guid":{"rendered":"https:\/\/www.institutleadership.ca\/english\/?page_id=12491"},"modified":"2021-04-30T09:34:51","modified_gmt":"2021-04-30T13:34:51","slug":"cellules-de-coaching-collaboratif","status":"publish","type":"page","link":"https:\/\/www.institutleadership.ca\/inscription\/cellules-de-coaching-collaboratif\/","title":{"rendered":"Cellules de coaching collaboratif"},"content":{"rendered":"<p class=\"p2\"><img decoding=\"async\" loading=\"lazy\" class=\"alignnone size-full wp-image-12492\" src=\"https:\/\/www.institutleadership.ca\/english\/wp-content\/uploads\/sites\/10\/2020\/12\/1-3.png\" alt=\"\" width=\"1800\" height=\"960\" srcset=\"https:\/\/www.institutleadership.ca\/inscription\/wp-content\/uploads\/sites\/10\/2020\/12\/1-3.png 1800w, https:\/\/www.institutleadership.ca\/inscription\/wp-content\/uploads\/sites\/10\/2020\/12\/1-3-300x160.png 300w, https:\/\/www.institutleadership.ca\/inscription\/wp-content\/uploads\/sites\/10\/2020\/12\/1-3-768x410.png 768w, https:\/\/www.institutleadership.ca\/inscription\/wp-content\/uploads\/sites\/10\/2020\/12\/1-3-1024x546.png 1024w, https:\/\/www.institutleadership.ca\/inscription\/wp-content\/uploads\/sites\/10\/2020\/12\/1-3-600x320.png 600w\" sizes=\"(max-width: 1800px) 100vw, 1800px\" \/><\/p>\n<h2 class=\"p3\"><b>Nouveau \u2013\u00a0Cellules de coaching collaboratif<\/b><\/h2>\n<h3 class=\"p2\"><b>D\u00e9tails sur cette nouvelle approche :<\/b><\/h3>\n<p class=\"p2\">Les cellules de coaching collaboratif s\u2019inscrivent comme une suite logique au programme de Certification en leadership et habilet\u00e9s de direction offert depuis 7 ans aupr\u00e8s de plus de 2000 gestionnaires. Elles visent sp\u00e9cifiquement le d\u00e9veloppement du leadership dans l\u2019action au travers une approche dynamique de r\u00e9flexion et d\u2019\u00e9change entre pairs fond\u00e9e sur le principe de l\u2019entraide et de la collaboration. La cellule devient une communaut\u00e9 d\u2019apprentissage au sein de laquelle chaque participant partage une situation qui a soulev\u00e9 des difficult\u00e9s, des enjeux, des questions ou des dilemmes.<\/p>\n<p class=\"p4\">Vous \u00e9changerez \u00e9galement avec\u00a0<b>3 invit\u00e9s de renom<\/b>\u00a0sp\u00e9cialis\u00e9s dans la gestion de vos d\u00e9fis.<\/p>\n<p class=\"p4\"><b>Ces cellules s\u2019adressent \u00e0 des professionnels d\u2019exp\u00e9riences, aux gestionnaires et aux leaders d\u2019\u00e9quipes. Les cellules seront compos\u00e9es de participants et participantes avec des niveaux de responsabilit\u00e9s et d\u2019exp\u00e9rience semblables. Nous pensons qu\u2019une vari\u00e9t\u00e9 d\u2019exp\u00e9riences ajouteront \u00e0 la qualit\u00e9 des \u00e9changes et des r\u00e9flexions.<\/b><\/p>\n<h4 class=\"p6\"><b>D\u00e9roulement des cellules :<\/b><\/h4>\n<p class=\"p4\">En groupe de 10 personnes, ce programme d\u2019exp\u00e9rience d\u2019apprentissage mise sur les \u00e9changes et le dialogue afin de vous aider \u00e0 progresser dans l\u2019exercice de votre leadership.<\/p>\n<p class=\"p4\"><span class=\"s1\"><a href=\"https:\/\/www.institutleadership.ca\/english\/our_team\/bruno-ouellette-psychologue-du-travail-coach-executif-et-conferencier\/\">Bruno Ouellette<\/a><\/span>, psychologue organisationnel, et coach ex\u00e9cutif sp\u00e9cialis\u00e9 vous accompagnera tout au long de vos rencontres en tant que mod\u00e9rateur du groupe. Tous les participants du groupe sont en situation d\u2019apprentissage et s\u2019entraident dans leur auto-d\u00e9veloppement professionnel.<\/p>\n<p class=\"p4\">Trois m\u00e9thodes de coaching, \u00e9galement transf\u00e9rables dans votre gestion quotidienne seront utilis\u00e9es pour mieux vous aider \u00e0 progresser. Chaque rencontre sera un moment pour prendre une p\u00e9riode de r\u00e9flexion avec des coll\u00e8gues respectueux o\u00f9 r\u00e8gnent la confiance et la solidarit\u00e9.<\/p>\n<p class=\"p4\">Les s\u00e9ances se tiendront en ligne, sur Zoom, \u00e0 raison de 2 heures par s\u00e9ance toutes les 2 semaines, soit 10 s\u00e9ances durant 4 mois.<\/p>\n<h4 class=\"p6\"><b>B\u00e9n\u00e9fices et caract\u00e9ristiques des cellules de coaching collaboratif :<\/b><\/h4>\n<ul class=\"ul1\">\n<li class=\"li8\"><span class=\"s2\">Une m\u00e9thodologie efficace et souple en 6 \u00e9tapes qui permet la r\u00e9flexion et la cr\u00e9ativit\u00e9 des solutions ;<\/span><\/li>\n<li class=\"li8\"><span class=\"s2\">Un animateur d\u2019exp\u00e9rience, qui s\u2019assure du susciter les \u00e9changes, la participation, l\u2019\u00e9coute et la r\u00e9flexion ;<\/span><\/li>\n<li class=\"li8\"><span class=\"s2\">10 rencontres d\u2019une dur\u00e9e de 2 heures sont planifi\u00e9es ;<\/span><\/li>\n<li class=\"li8\"><span class=\"s2\">10 participants d\u2019exp\u00e9riences vari\u00e9s pr\u00eats \u00e0 partager leurs id\u00e9es, leurs exp\u00e9riences et poser des bonnes questions ;<\/span><\/li>\n<li class=\"li8\"><span class=\"s2\">Le participant aura trois occasions de pr\u00e9senter des d\u00e9fis professionnels et susciter l\u2019aide de ses pairs ;<\/span><\/li>\n<li class=\"li8\"><span class=\"s2\"><b>Trois invit\u00e9s de renom<\/b>\u00a0viendront participer \u00e0 des \u00e9changes avec le groupe pour approfondir des enjeux de leadership ;<\/span><\/li>\n<li class=\"li8\"><span class=\"s2\">Le participant maintient la confidentialit\u00e9 des \u00e9changes.<\/span><\/li>\n<\/ul>\n<h4><b>\u00c0 QUI S\u2019ADRESSENT CES CELLULES ?<\/b><\/h4>\n<p class=\"p2\">Cette offre est destin\u00e9e aux individus qui occupent des postes \u00e0 responsabilit\u00e9s. Ils proviennent d\u2019une grande diversit\u00e9 d\u2019industries et de contextes, en plus d\u2019avoir des profils personnels diversifi\u00e9s.<\/p>\n<ul class=\"ul1\">\n<li class=\"li8\"><span class=\"s2\">Professionnels cadres \u2013 gestionnaires (entreprises et organisations publiques, OBNL, etc.) ;<\/span><\/li>\n<li class=\"li8\"><span class=\"s2\">Membres de la direction de PME ;<\/span><\/li>\n<li class=\"li8\"><span class=\"s2\">Entrepreneurs et propri\u00e9taires de petites et moyennes entreprises ;<\/span><\/li>\n<li class=\"li8\"><span class=\"s2\">Rel\u00e8ve entrepreneuriale, etc.<\/span><\/li>\n<\/ul>\n<h4><b>TARIFS, DATES ET INSCRIPTION :<\/b><\/h4>\n<ul class=\"ul1\">\n<li class=\"li9\">La prochaine session est pr\u00e9vue pour l&#8217;hiver 2022. Les dates seront communiqu\u00e9es ult\u00e9rieurement.<\/li>\n<\/ul>\n<p class=\"p4\"><b>Tarif :<\/b>\u00a02495$ + taxes. Des rabais sont offerts aux\u00a0organismes \u00e0 but non lucratif (15%) et gouvernementaux (10%).<\/p>\n<p class=\"p2\">Les journ\u00e9es de formation sont admissibles \u00e0 la loi du 1 % pour la formation de la main d\u2019\u0153uvre.\u00a0Des tarifs avantageux sont aussi offerts lorsque trois participants ou plus, provenant d\u2019une m\u00eame entreprise, s\u2019inscrivent aux formations.<\/p>\n<p class=\"p4\">Pour plus de d\u00e9tails, veuillez\u00a0<a href=\"https:\/\/www.institutleadership.ca\/english\/contact\/\"><span class=\"s1\">communiquer<\/span><\/a>\u00a0avec nous.<\/p>\n","protected":false},"excerpt":{"rendered":"<p>Nouveau \u2013\u00a0Cellules de coaching collaboratif D\u00e9tails sur cette nouvelle approche : Les cellules de coaching collaboratif s\u2019inscrivent comme une suite logique au programme de Certification en leadership et habilet\u00e9s de direction offert depuis 7 ans aupr\u00e8s de plus de 2000 &hellip; <\/p>\n","protected":false},"author":17,"featured_media":11246,"parent":0,"menu_order":0,"comment_status":"closed","ping_status":"closed","template":"","meta":{"content-type":"","om_disable_all_campaigns":false},"yoast_head":"<!-- This site is optimized with the Yoast SEO plugin v20.6 - https:\/\/yoast.com\/wordpress\/plugins\/seo\/ -->\n<title>Cellules de coaching collaboratif - Institut de Leadership<\/title>\n<meta name=\"robots\" content=\"index, follow, max-snippet:-1, max-image-preview:large, max-video-preview:-1\" \/>\n<link rel=\"canonical\" href=\"https:\/\/www.institutleadership.ca\/inscription\/cellules-de-coaching-collaboratif\/\" \/>\n<meta property=\"og:locale\" content=\"fr_CA\" \/>\n<meta property=\"og:type\" content=\"article\" \/>\n<meta property=\"og:title\" content=\"Cellules de coaching collaboratif - Institut de Leadership\" \/>\n<meta property=\"og:description\" content=\"Nouveau \u2013\u00a0Cellules de coaching collaboratif D\u00e9tails sur cette nouvelle approche : Les cellules de coaching collaboratif s\u2019inscrivent comme une suite logique au programme de Certification en leadership et habilet\u00e9s de direction offert depuis 7 ans aupr\u00e8s de plus de 2000 &hellip;\" \/>\n<meta property=\"og:url\" content=\"https:\/\/www.institutleadership.ca\/inscription\/cellules-de-coaching-collaboratif\/\" \/>\n<meta property=\"og:site_name\" content=\"Institut de Leadership\" \/>\n<meta property=\"article:publisher\" content=\"https:\/\/www.facebook.com\/institutleadership\/\" \/>\n<meta property=\"article:modified_time\" content=\"2021-04-30T13:34:51+00:00\" \/>\n<meta property=\"og:image\" content=\"https:\/\/www.institutleadership.ca\/inscription\/wp-content\/uploads\/sites\/10\/2019\/05\/ca-mijote-institut-leadership-26-nov-low-res-10-300x200-1.jpg\" \/>\n\t<meta property=\"og:image:width\" content=\"300\" \/>\n\t<meta property=\"og:image:height\" content=\"200\" \/>\n\t<meta property=\"og:image:type\" content=\"image\/jpeg\" \/>\n<meta name=\"twitter:card\" content=\"summary_large_image\" \/>\n<meta name=\"twitter:label1\" content=\"Estimation du temps de lecture\" \/>\n\t<meta name=\"twitter:data1\" content=\"3 minutes\" \/>\n<script type=\"application\/ld+json\" class=\"yoast-schema-graph\">{\"@context\":\"https:\/\/schema.org\",\"@graph\":[{\"@type\":\"WebPage\",\"@id\":\"https:\/\/www.institutleadership.ca\/inscription\/cellules-de-coaching-collaboratif\/\",\"url\":\"https:\/\/www.institutleadership.ca\/inscription\/cellules-de-coaching-collaboratif\/\",\"name\":\"Cellules de coaching collaboratif - Institut de Leadership\",\"isPartOf\":{\"@id\":\"https:\/\/www.institutleadership.ca\/inscription\/#website\"},\"datePublished\":\"2020-12-16T16:16:19+00:00\",\"dateModified\":\"2021-04-30T13:34:51+00:00\",\"breadcrumb\":{\"@id\":\"https:\/\/www.institutleadership.ca\/inscription\/cellules-de-coaching-collaboratif\/#breadcrumb\"},\"inLanguage\":\"fr-CA\",\"potentialAction\":[{\"@type\":\"ReadAction\",\"target\":[\"https:\/\/www.institutleadership.ca\/inscription\/cellules-de-coaching-collaboratif\/\"]}]},{\"@type\":\"BreadcrumbList\",\"@id\":\"https:\/\/www.institutleadership.ca\/inscription\/cellules-de-coaching-collaboratif\/#breadcrumb\",\"itemListElement\":[{\"@type\":\"ListItem\",\"position\":1,\"name\":\"Accueil\",\"item\":\"https:\/\/www.institutleadership.ca\/inscription\/\"},{\"@type\":\"ListItem\",\"position\":2,\"name\":\"Cellules de coaching collaboratif\"}]},{\"@type\":\"WebSite\",\"@id\":\"https:\/\/www.institutleadership.ca\/inscription\/#website\",\"url\":\"https:\/\/www.institutleadership.ca\/inscription\/\",\"name\":\"Institut de leadership\",\"description\":\"Formations pour cadres et dirigeants\",\"publisher\":{\"@id\":\"https:\/\/www.institutleadership.ca\/inscription\/#organization\"},\"potentialAction\":[{\"@type\":\"SearchAction\",\"target\":{\"@type\":\"EntryPoint\",\"urlTemplate\":\"https:\/\/www.institutleadership.ca\/inscription\/?s={search_term_string}\"},\"query-input\":\"required name=search_term_string\"}],\"inLanguage\":\"fr-CA\"},{\"@type\":\"Organization\",\"@id\":\"https:\/\/www.institutleadership.ca\/inscription\/#organization\",\"name\":\"Institut de leadership\",\"url\":\"https:\/\/www.institutleadership.ca\/inscription\/\",\"logo\":{\"@type\":\"ImageObject\",\"inLanguage\":\"fr-CA\",\"@id\":\"https:\/\/www.institutleadership.ca\/inscription\/#\/schema\/logo\/image\/\",\"url\":\"https:\/\/www.institutleadership.ca\/english\/wp-content\/uploads\/sites\/10\/2019\/11\/Logo_Officiel-2-1.jpg\",\"contentUrl\":\"https:\/\/www.institutleadership.ca\/english\/wp-content\/uploads\/sites\/10\/2019\/11\/Logo_Officiel-2-1.jpg\",\"width\":2048,\"height\":1024,\"caption\":\"Institut de leadership\"},\"image\":{\"@id\":\"https:\/\/www.institutleadership.ca\/inscription\/#\/schema\/logo\/image\/\"},\"sameAs\":[\"https:\/\/www.facebook.com\/institutleadership\/\",\"https:\/\/www.linkedin.com\/school\/5305840\"]}]}<\/script>\n<!-- \/ Yoast SEO plugin. -->","yoast_head_json":{"title":"Cellules de coaching collaboratif - Institut de Leadership","robots":{"index":"index","follow":"follow","max-snippet":"max-snippet:-1","max-image-preview":"max-image-preview:large","max-video-preview":"max-video-preview:-1"},"canonical":"https:\/\/www.institutleadership.ca\/inscription\/cellules-de-coaching-collaboratif\/","og_locale":"fr_CA","og_type":"article","og_title":"Cellules de coaching collaboratif - Institut de Leadership","og_description":"Nouveau \u2013\u00a0Cellules de coaching collaboratif D\u00e9tails sur cette nouvelle approche : Les cellules de coaching collaboratif s\u2019inscrivent comme une suite logique au programme de Certification en leadership et habilet\u00e9s de direction offert depuis 7 ans aupr\u00e8s de plus de 2000 &hellip;","og_url":"https:\/\/www.institutleadership.ca\/inscription\/cellules-de-coaching-collaboratif\/","og_site_name":"Institut de Leadership","article_publisher":"https:\/\/www.facebook.com\/institutleadership\/","article_modified_time":"2021-04-30T13:34:51+00:00","og_image":[{"width":300,"height":200,"url":"https:\/\/www.institutleadership.ca\/inscription\/wp-content\/uploads\/sites\/10\/2019\/05\/ca-mijote-institut-leadership-26-nov-low-res-10-300x200-1.jpg","type":"image\/jpeg"}],"twitter_card":"summary_large_image","twitter_misc":{"Estimation du temps de lecture":"3 minutes"},"schema":{"@context":"https:\/\/schema.org","@graph":[{"@type":"WebPage","@id":"https:\/\/www.institutleadership.ca\/inscription\/cellules-de-coaching-collaboratif\/","url":"https:\/\/www.institutleadership.ca\/inscription\/cellules-de-coaching-collaboratif\/","name":"Cellules de coaching collaboratif - Institut de Leadership","isPartOf":{"@id":"https:\/\/www.institutleadership.ca\/inscription\/#website"},"datePublished":"2020-12-16T16:16:19+00:00","dateModified":"2021-04-30T13:34:51+00:00","breadcrumb":{"@id":"https:\/\/www.institutleadership.ca\/inscription\/cellules-de-coaching-collaboratif\/#breadcrumb"},"inLanguage":"fr-CA","potentialAction":[{"@type":"ReadAction","target":["https:\/\/www.institutleadership.ca\/inscription\/cellules-de-coaching-collaboratif\/"]}]},{"@type":"BreadcrumbList","@id":"https:\/\/www.institutleadership.ca\/inscription\/cellules-de-coaching-collaboratif\/#breadcrumb","itemListElement":[{"@type":"ListItem","position":1,"name":"Accueil","item":"https:\/\/www.institutleadership.ca\/inscription\/"},{"@type":"ListItem","position":2,"name":"Cellules de coaching collaboratif"}]},{"@type":"WebSite","@id":"https:\/\/www.institutleadership.ca\/inscription\/#website","url":"https:\/\/www.institutleadership.ca\/inscription\/","name":"Institut de leadership","description":"Formations pour cadres et dirigeants","publisher":{"@id":"https:\/\/www.institutleadership.ca\/inscription\/#organization"},"potentialAction":[{"@type":"SearchAction","target":{"@type":"EntryPoint","urlTemplate":"https:\/\/www.institutleadership.ca\/inscription\/?s={search_term_string}"},"query-input":"required name=search_term_string"}],"inLanguage":"fr-CA"},{"@type":"Organization","@id":"https:\/\/www.institutleadership.ca\/inscription\/#organization","name":"Institut de leadership","url":"https:\/\/www.institutleadership.ca\/inscription\/","logo":{"@type":"ImageObject","inLanguage":"fr-CA","@id":"https:\/\/www.institutleadership.ca\/inscription\/#\/schema\/logo\/image\/","url":"https:\/\/www.institutleadership.ca\/english\/wp-content\/uploads\/sites\/10\/2019\/11\/Logo_Officiel-2-1.jpg","contentUrl":"https:\/\/www.institutleadership.ca\/english\/wp-content\/uploads\/sites\/10\/2019\/11\/Logo_Officiel-2-1.jpg","width":2048,"height":1024,"caption":"Institut de leadership"},"image":{"@id":"https:\/\/www.institutleadership.ca\/inscription\/#\/schema\/logo\/image\/"},"sameAs":["https:\/\/www.facebook.com\/institutleadership\/","https:\/\/www.linkedin.com\/school\/5305840"]}]}},"_links":{"self":[{"href":"https:\/\/www.institutleadership.ca\/inscription\/wp-json\/wp\/v2\/pages\/12491"}],"collection":[{"href":"https:\/\/www.institutleadership.ca\/inscription\/wp-json\/wp\/v2\/pages"}],"about":[{"href":"https:\/\/www.institutleadership.ca\/inscription\/wp-json\/wp\/v2\/types\/page"}],"author":[{"embeddable":true,"href":"https:\/\/www.institutleadership.ca\/inscription\/wp-json\/wp\/v2\/users\/17"}],"replies":[{"embeddable":true,"href":"https:\/\/www.institutleadership.ca\/inscription\/wp-json\/wp\/v2\/comments?post=12491"}],"version-history":[{"count":17,"href":"https:\/\/www.institutleadership.ca\/inscription\/wp-json\/wp\/v2\/pages\/12491\/revisions"}],"predecessor-version":[{"id":13234,"href":"https:\/\/www.institutleadership.ca\/inscription\/wp-json\/wp\/v2\/pages\/12491\/revisions\/13234"}],"wp:featuredmedia":[{"embeddable":true,"href":"https:\/\/www.institutleadership.ca\/inscription\/wp-json\/wp\/v2\/media\/11246"}],"wp:attachment":[{"href":"https:\/\/www.institutleadership.ca\/inscription\/wp-json\/wp\/v2\/media?parent=12491"}],"curies":[{"name":"wp","href":"https:\/\/api.w.org\/{rel}","templated":true}]}}