{"id":13645,"date":"2021-11-22T13:53:16","date_gmt":"2021-11-22T18:53:16","guid":{"rendered":"https:\/\/www.institutleadership.ca\/english\/?page_id=13645"},"modified":"2022-09-14T09:18:21","modified_gmt":"2022-09-14T13:18:21","slug":"certifications-adaptables","status":"publish","type":"page","link":"https:\/\/www.institutleadership.ca\/inscription\/certifications-adaptables\/","title":{"rendered":"CERTIFICATIONS EN ENTREPRISE"},"content":{"rendered":"<p>Notre objectif est d\u2019offrir \u00e0 vos \u00e9quipes une exp\u00e9rience hors du commun tout en les amenant plus loin dans leurs apprentissages. Ax\u00e9e sur la pratique, nos Certifications offre le climat n\u00e9cessaire aux participants pour favoriser les \u00e9changes enrichissants.<\/p>\n<h4><strong>Voici les diff\u00e9rents th\u00e8mes touch\u00e9s *\u00a0:<\/strong><\/h4>\n<ul>\n<li><strong>Certification en leadership et habilet\u00e9s de direction\u00a0<\/strong>:\u00a0<a href=\"https:\/\/www.institutleadership.ca\/english\/certification-en-leadership-et-habiletes-de-direction-en-entreprise\/\">cliquez ici pour en savoir davantage sur le contenu<\/a><\/li>\n<li><strong>Certification en gestion du capital humain<\/strong> : <a href=\"https:\/\/www.institutleadership.ca\/english\/certification-en-gestion-du-capital-humain-en-entreprise\/\">cliquez ici pour en savoir davantage sur le contenu<\/a><\/li>\n<li><strong>Certification en strat\u00e9gie<\/strong> : <a href=\"https:\/\/www.institutleadership.ca\/english\/certification-en-strategie-en-entreprise\/\">cliquez ici pour en savoir davantage sur le contenu<\/a><\/li>\n<li><strong>Certification en gouvernance<\/strong> : <a href=\"https:\/\/www.institutleadership.ca\/english\/certification-en-gouvernance-en-entreprise\/\">cliquez ici pour en savoir davantage sur le contenu<\/a><\/li>\n<li><strong>Certification en gestion d\u2019une \u00e9quipe de vente<\/strong> : <a href=\"https:\/\/www.institutleadership.ca\/english\/certification-en-gestion-dune-equipe-de-vente-en-entreprise\/\">cliquez ici pour en savoir davantage sur le contenu<\/a><\/li>\n<li><strong>Cellules de coaching collaboratif :<\/strong>\u00a0<a href=\"https:\/\/www.institutleadership.ca\/english\/cellules-de-coaching-collaboratif\/\">cliquez ici pour en savoir davantage sur le contenu<\/a><\/li>\n<\/ul>\n<h3><em>*Il est possible d\u2019adapter le contenu de base pour mieux r\u00e9pondre aux objectifs et d\u00e9fis dans lesquels votre organisation \u00e9volue. <a href=\"mailto:info@institutleadership.ca\">Contactez-nous.<\/a> \u00a0<\/em><a href=\"https:\/\/www.institutleadership.ca\/english\/wp-content\/uploads\/sites\/10\/2022\/09\/ma\u0300j-site-web-.png\"><img decoding=\"async\" loading=\"lazy\" class=\"aligncenter wp-image-14654 size-full\" src=\"https:\/\/www.institutleadership.ca\/english\/wp-content\/uploads\/sites\/10\/2022\/09\/ma\u0300j-site-web-.png\" alt=\"\" width=\"1870\" height=\"825\" srcset=\"https:\/\/www.institutleadership.ca\/inscription\/wp-content\/uploads\/sites\/10\/2022\/09\/ma\u0300j-site-web-.png 1870w, https:\/\/www.institutleadership.ca\/inscription\/wp-content\/uploads\/sites\/10\/2022\/09\/ma\u0300j-site-web--300x132.png 300w, https:\/\/www.institutleadership.ca\/inscription\/wp-content\/uploads\/sites\/10\/2022\/09\/ma\u0300j-site-web--768x339.png 768w, https:\/\/www.institutleadership.ca\/inscription\/wp-content\/uploads\/sites\/10\/2022\/09\/ma\u0300j-site-web--1024x452.png 1024w, https:\/\/www.institutleadership.ca\/inscription\/wp-content\/uploads\/sites\/10\/2022\/09\/ma\u0300j-site-web--600x265.png 600w\" sizes=\"(max-width: 1870px) 100vw, 1870px\" \/><\/a>POURQUOI CHOISIR L\u2019INSTITUT DE LEADERSHIP<\/h3>\n<ul>\n<li>Approche personnalis\u00e9e et agile<\/li>\n<li>Accompagnement de notre \u00e9quipe tout au long du processus et de la formation<\/li>\n<li>Formations de haut niveau et exp\u00e9rience unique<\/li>\n<li>Retour sur la formation pour \u00e9valuer son efficacit\u00e9<\/li>\n<\/ul>\n<p>L\u2019Institut de leadership est un organisme formateur agr\u00e9e par la Commission des partenaires du march\u00e9 du travail (CPMT). N\u2019h\u00e9sitez pas \u00e0 contacter votre centre local de Services-Qu\u00e9bec de votre r\u00e9gion pour valider la possibilit\u00e9 d\u2019obtenir des subventions pour les formations en entreprise.<\/p>\n<p>&nbsp;<\/p>\n<h4><strong><img decoding=\"async\" loading=\"lazy\" class=\"alignnone wp-image-13689\" src=\"https:\/\/www.institutleadership.ca\/english\/wp-content\/uploads\/sites\/10\/2021\/11\/Info-1.png\" alt=\"\" width=\"23\" height=\"24\" srcset=\"https:\/\/www.institutleadership.ca\/inscription\/wp-content\/uploads\/sites\/10\/2021\/11\/Info-1.png 170w, https:\/\/www.institutleadership.ca\/inscription\/wp-content\/uploads\/sites\/10\/2021\/11\/Info-1-150x150.png 150w, https:\/\/www.institutleadership.ca\/inscription\/wp-content\/uploads\/sites\/10\/2021\/11\/Info-1-100x100.png 100w\" sizes=\"(max-width: 23px) 100vw, 23px\" \/>\u00a0 \u00a0Pour plus de d\u00e9tails, veuillez\u00a0<span class=\"s1\">communiquer<\/span>\u00a0avec nous.\u00a0: <\/strong><a href=\"mailto:info@institutleadership.ca\">info@institutleadership.ca<\/a><\/h4>\n<p>&nbsp;<\/p>\n","protected":false},"excerpt":{"rendered":"<p>Notre objectif est d\u2019offrir \u00e0 vos \u00e9quipes une exp\u00e9rience hors du commun tout en les amenant plus loin dans leurs apprentissages. Ax\u00e9e sur la pratique, nos Certifications offre le climat n\u00e9cessaire aux participants pour favoriser les \u00e9changes enrichissants. Voici les &hellip; <\/p>\n","protected":false},"author":17,"featured_media":0,"parent":0,"menu_order":0,"comment_status":"closed","ping_status":"closed","template":"","meta":{"content-type":"","om_disable_all_campaigns":false},"yoast_head":"<!-- This site is optimized with the Yoast SEO plugin v20.6 - https:\/\/yoast.com\/wordpress\/plugins\/seo\/ -->\n<title>CERTIFICATIONS EN ENTREPRISE - Institut de Leadership<\/title>\n<meta name=\"robots\" content=\"index, follow, max-snippet:-1, max-image-preview:large, max-video-preview:-1\" \/>\n<link rel=\"canonical\" href=\"https:\/\/www.institutleadership.ca\/inscription\/certifications-adaptables\/\" \/>\n<meta property=\"og:locale\" content=\"fr_CA\" \/>\n<meta property=\"og:type\" content=\"article\" \/>\n<meta property=\"og:title\" content=\"CERTIFICATIONS EN ENTREPRISE - Institut de Leadership\" \/>\n<meta property=\"og:description\" content=\"Notre objectif est d\u2019offrir \u00e0 vos \u00e9quipes une exp\u00e9rience hors du commun tout en les amenant plus loin dans leurs apprentissages. Ax\u00e9e sur la pratique, nos Certifications offre le climat n\u00e9cessaire aux participants pour favoriser les \u00e9changes enrichissants. Voici les &hellip;\" \/>\n<meta property=\"og:url\" content=\"https:\/\/www.institutleadership.ca\/inscription\/certifications-adaptables\/\" \/>\n<meta property=\"og:site_name\" content=\"Institut de Leadership\" \/>\n<meta property=\"article:publisher\" content=\"https:\/\/www.facebook.com\/institutleadership\/\" \/>\n<meta property=\"article:modified_time\" content=\"2022-09-14T13:18:21+00:00\" \/>\n<meta property=\"og:image\" content=\"https:\/\/www.institutleadership.ca\/english\/wp-content\/uploads\/sites\/10\/2021\/11\/Info-1.png\" \/>\n<meta name=\"twitter:card\" content=\"summary_large_image\" \/>\n<meta name=\"twitter:label1\" content=\"Estimation du temps de lecture\" \/>\n\t<meta name=\"twitter:data1\" content=\"1 minute\" \/>\n<script type=\"application\/ld+json\" class=\"yoast-schema-graph\">{\"@context\":\"https:\/\/schema.org\",\"@graph\":[{\"@type\":\"WebPage\",\"@id\":\"https:\/\/www.institutleadership.ca\/inscription\/certifications-adaptables\/\",\"url\":\"https:\/\/www.institutleadership.ca\/inscription\/certifications-adaptables\/\",\"name\":\"CERTIFICATIONS EN ENTREPRISE - Institut de Leadership\",\"isPartOf\":{\"@id\":\"https:\/\/www.institutleadership.ca\/inscription\/#website\"},\"datePublished\":\"2021-11-22T18:53:16+00:00\",\"dateModified\":\"2022-09-14T13:18:21+00:00\",\"breadcrumb\":{\"@id\":\"https:\/\/www.institutleadership.ca\/inscription\/certifications-adaptables\/#breadcrumb\"},\"inLanguage\":\"fr-CA\",\"potentialAction\":[{\"@type\":\"ReadAction\",\"target\":[\"https:\/\/www.institutleadership.ca\/inscription\/certifications-adaptables\/\"]}]},{\"@type\":\"BreadcrumbList\",\"@id\":\"https:\/\/www.institutleadership.ca\/inscription\/certifications-adaptables\/#breadcrumb\",\"itemListElement\":[{\"@type\":\"ListItem\",\"position\":1,\"name\":\"Accueil\",\"item\":\"https:\/\/www.institutleadership.ca\/inscription\/\"},{\"@type\":\"ListItem\",\"position\":2,\"name\":\"CERTIFICATIONS EN ENTREPRISE\"}]},{\"@type\":\"WebSite\",\"@id\":\"https:\/\/www.institutleadership.ca\/inscription\/#website\",\"url\":\"https:\/\/www.institutleadership.ca\/inscription\/\",\"name\":\"Institut de leadership\",\"description\":\"Formations pour cadres et dirigeants\",\"publisher\":{\"@id\":\"https:\/\/www.institutleadership.ca\/inscription\/#organization\"},\"potentialAction\":[{\"@type\":\"SearchAction\",\"target\":{\"@type\":\"EntryPoint\",\"urlTemplate\":\"https:\/\/www.institutleadership.ca\/inscription\/?s={search_term_string}\"},\"query-input\":\"required name=search_term_string\"}],\"inLanguage\":\"fr-CA\"},{\"@type\":\"Organization\",\"@id\":\"https:\/\/www.institutleadership.ca\/inscription\/#organization\",\"name\":\"Institut de leadership\",\"url\":\"https:\/\/www.institutleadership.ca\/inscription\/\",\"logo\":{\"@type\":\"ImageObject\",\"inLanguage\":\"fr-CA\",\"@id\":\"https:\/\/www.institutleadership.ca\/inscription\/#\/schema\/logo\/image\/\",\"url\":\"https:\/\/www.institutleadership.ca\/english\/wp-content\/uploads\/sites\/10\/2019\/11\/Logo_Officiel-2-1.jpg\",\"contentUrl\":\"https:\/\/www.institutleadership.ca\/english\/wp-content\/uploads\/sites\/10\/2019\/11\/Logo_Officiel-2-1.jpg\",\"width\":2048,\"height\":1024,\"caption\":\"Institut de leadership\"},\"image\":{\"@id\":\"https:\/\/www.institutleadership.ca\/inscription\/#\/schema\/logo\/image\/\"},\"sameAs\":[\"https:\/\/www.facebook.com\/institutleadership\/\",\"https:\/\/www.linkedin.com\/school\/5305840\"]}]}<\/script>\n<!-- \/ Yoast SEO plugin. -->","yoast_head_json":{"title":"CERTIFICATIONS EN ENTREPRISE - Institut de Leadership","robots":{"index":"index","follow":"follow","max-snippet":"max-snippet:-1","max-image-preview":"max-image-preview:large","max-video-preview":"max-video-preview:-1"},"canonical":"https:\/\/www.institutleadership.ca\/inscription\/certifications-adaptables\/","og_locale":"fr_CA","og_type":"article","og_title":"CERTIFICATIONS EN ENTREPRISE - Institut de Leadership","og_description":"Notre objectif est d\u2019offrir \u00e0 vos \u00e9quipes une exp\u00e9rience hors du commun tout en les amenant plus loin dans leurs apprentissages. Ax\u00e9e sur la pratique, nos Certifications offre le climat n\u00e9cessaire aux participants pour favoriser les \u00e9changes enrichissants. Voici les &hellip;","og_url":"https:\/\/www.institutleadership.ca\/inscription\/certifications-adaptables\/","og_site_name":"Institut de Leadership","article_publisher":"https:\/\/www.facebook.com\/institutleadership\/","article_modified_time":"2022-09-14T13:18:21+00:00","og_image":[{"url":"https:\/\/www.institutleadership.ca\/english\/wp-content\/uploads\/sites\/10\/2021\/11\/Info-1.png"}],"twitter_card":"summary_large_image","twitter_misc":{"Estimation du temps de lecture":"1 minute"},"schema":{"@context":"https:\/\/schema.org","@graph":[{"@type":"WebPage","@id":"https:\/\/www.institutleadership.ca\/inscription\/certifications-adaptables\/","url":"https:\/\/www.institutleadership.ca\/inscription\/certifications-adaptables\/","name":"CERTIFICATIONS EN ENTREPRISE - Institut de Leadership","isPartOf":{"@id":"https:\/\/www.institutleadership.ca\/inscription\/#website"},"datePublished":"2021-11-22T18:53:16+00:00","dateModified":"2022-09-14T13:18:21+00:00","breadcrumb":{"@id":"https:\/\/www.institutleadership.ca\/inscription\/certifications-adaptables\/#breadcrumb"},"inLanguage":"fr-CA","potentialAction":[{"@type":"ReadAction","target":["https:\/\/www.institutleadership.ca\/inscription\/certifications-adaptables\/"]}]},{"@type":"BreadcrumbList","@id":"https:\/\/www.institutleadership.ca\/inscription\/certifications-adaptables\/#breadcrumb","itemListElement":[{"@type":"ListItem","position":1,"name":"Accueil","item":"https:\/\/www.institutleadership.ca\/inscription\/"},{"@type":"ListItem","position":2,"name":"CERTIFICATIONS EN ENTREPRISE"}]},{"@type":"WebSite","@id":"https:\/\/www.institutleadership.ca\/inscription\/#website","url":"https:\/\/www.institutleadership.ca\/inscription\/","name":"Institut de leadership","description":"Formations pour cadres et dirigeants","publisher":{"@id":"https:\/\/www.institutleadership.ca\/inscription\/#organization"},"potentialAction":[{"@type":"SearchAction","target":{"@type":"EntryPoint","urlTemplate":"https:\/\/www.institutleadership.ca\/inscription\/?s={search_term_string}"},"query-input":"required name=search_term_string"}],"inLanguage":"fr-CA"},{"@type":"Organization","@id":"https:\/\/www.institutleadership.ca\/inscription\/#organization","name":"Institut de leadership","url":"https:\/\/www.institutleadership.ca\/inscription\/","logo":{"@type":"ImageObject","inLanguage":"fr-CA","@id":"https:\/\/www.institutleadership.ca\/inscription\/#\/schema\/logo\/image\/","url":"https:\/\/www.institutleadership.ca\/english\/wp-content\/uploads\/sites\/10\/2019\/11\/Logo_Officiel-2-1.jpg","contentUrl":"https:\/\/www.institutleadership.ca\/english\/wp-content\/uploads\/sites\/10\/2019\/11\/Logo_Officiel-2-1.jpg","width":2048,"height":1024,"caption":"Institut de leadership"},"image":{"@id":"https:\/\/www.institutleadership.ca\/inscription\/#\/schema\/logo\/image\/"},"sameAs":["https:\/\/www.facebook.com\/institutleadership\/","https:\/\/www.linkedin.com\/school\/5305840"]}]}},"_links":{"self":[{"href":"https:\/\/www.institutleadership.ca\/inscription\/wp-json\/wp\/v2\/pages\/13645"}],"collection":[{"href":"https:\/\/www.institutleadership.ca\/inscription\/wp-json\/wp\/v2\/pages"}],"about":[{"href":"https:\/\/www.institutleadership.ca\/inscription\/wp-json\/wp\/v2\/types\/page"}],"author":[{"embeddable":true,"href":"https:\/\/www.institutleadership.ca\/inscription\/wp-json\/wp\/v2\/users\/17"}],"replies":[{"embeddable":true,"href":"https:\/\/www.institutleadership.ca\/inscription\/wp-json\/wp\/v2\/comments?post=13645"}],"version-history":[{"count":38,"href":"https:\/\/www.institutleadership.ca\/inscription\/wp-json\/wp\/v2\/pages\/13645\/revisions"}],"predecessor-version":[{"id":14655,"href":"https:\/\/www.institutleadership.ca\/inscription\/wp-json\/wp\/v2\/pages\/13645\/revisions\/14655"}],"wp:attachment":[{"href":"https:\/\/www.institutleadership.ca\/inscription\/wp-json\/wp\/v2\/media?parent=13645"}],"curies":[{"name":"wp","href":"https:\/\/api.w.org\/{rel}","templated":true}]}}