{"id":14279,"date":"2022-04-28T11:49:10","date_gmt":"2022-04-28T15:49:10","guid":{"rendered":"https:\/\/www.institutleadership.ca\/english\/?page_id=14279"},"modified":"2022-11-04T10:52:08","modified_gmt":"2022-11-04T14:52:08","slug":"masterclass-pour-dirigeants-france-2023","status":"publish","type":"page","link":"https:\/\/www.institutleadership.ca\/inscription\/masterclass-pour-dirigeants-france-2023\/","title":{"rendered":"Masterclass pour dirigeants &#8211; France 2023"},"content":{"rendered":"<p><iframe loading=\"lazy\" title=\"Masterclass pour dirigeants\" src=\"https:\/\/player.vimeo.com\/video\/651159676?h=9e8085f4a6&amp;dnt=1&amp;app_id=122963\" width=\"640\" height=\"360\" frameborder=\"0\" allow=\"autoplay; fullscreen; picture-in-picture\" allowfullscreen><\/iframe><\/p>\n<h2>MASTERCLASS POUR DIRIGEANTS<\/h2>\n<p>Seul dans leurs genres, les Masterclass pour dirigeants offrent \u00e0 chaque participant l\u2019opportunit\u00e9 de rencontrer et d\u2019apprendre les meilleures strat\u00e9gies provenant d\u2019une dizaine d&#8217;intervenants diff\u00e9rents.<\/p>\n<p>Ce programme a pour objectif principal de d\u00e9velopper des leaders efficaces aptes \u00e0 mobiliser des \u00e9quipes, \u00e0 r\u00e9gler des conflits, \u00e0 affronter le changement avec comp\u00e9tence et \u00e0 relever les d\u00e9fis auxquels leur propre organisation est confront\u00e9e.<\/p>\n<p>Formations pertinentes et reconnues (\u00e9tudes de cas, tendances, meilleures pratiques, etc.), et opportunit\u00e9 d\u2019agrandir son r\u00e9seau de fa\u00e7on importante.<\/p>\n<h3><strong>\u00c0 qui s\u2019adresse ce certificat ?<\/strong><\/h3>\n<p>Les Masterclass sont r\u00e9serv\u00e9s aux dirigeants (pr\u00e9sidents et directeurs g\u00e9n\u00e9raux).\u00a0 Ils proviennent d\u2019une grande diversit\u00e9 d\u2019industries et de contextes, en plus d\u2019avoir des profils personnels diversifi\u00e9s.<\/p>\n<h3><strong>DESCRIPTION DU MASTERCLASS :<\/strong><\/h3>\n<h4><strong>Objectifs g\u00e9n\u00e9raux<\/strong><\/h4>\n<ul>\n<li>Identifier des strat\u00e9gies internes et externes pour demeurer concentr\u00e9, augmenter sa performance et prendre de meilleures d\u00e9cisions.<\/li>\n<li>Adapter son leadership avec souplesse \u00e0 la diversit\u00e9 de ses collaborateurs et des situations rencontr\u00e9es.<\/li>\n<li>Accroitre le niveau de performance de l\u2019ensemble des collaborateurs<\/li>\n<li>Savoir \u00e9laborer une strat\u00e9gie efficace pour son organisation<\/li>\n<\/ul>\n<h4><strong>Performance individuelle\u00a0<\/strong><\/h4>\n<ul>\n<li>Identifier les meilleures approches pour g\u00e9rer les situations stressantes et prendre de meilleures d\u00e9cisions.<\/li>\n<li>Les meilleures pratiques pour stimuler l\u2019\u00e9nergie au travail, le d\u00e9passement et la performance<\/li>\n<li>Prendre conscience des diff\u00e9rents facteurs qui influencent l\u2019impact du message d\u2019un leader<\/li>\n<li>Comprendre comment exercer un leadership humain adapt\u00e9 aux attentes actuelles des collaborateurs<\/li>\n<\/ul>\n<h4><strong>Performance d\u2019\u00e9quipe\u00a0<\/strong><\/h4>\n<ul>\n<li>Identifier les diff\u00e9rents \u00e9l\u00e9ments constitutifs d\u2019une dynamique d\u2019\u00e9quipe et d\u2019une identit\u00e9 collective<\/li>\n<li>Stimuler et appuyer ses collaborateurs afin qu\u2019ils atteignent leurs diff\u00e9rents objectifs<\/li>\n<li>R\u00e9ussir \u00e0 augmenter constamment l\u2019engagement et la productivit\u00e9 de son \u00e9quipe<\/li>\n<li>Offrir \u00e0 son \u00e9quipe un leadership construit sur une vision collective et une confiance partag\u00e9e.<\/li>\n<\/ul>\n<h4><strong>Performance organisationnelle<\/strong><\/h4>\n<ul>\n<li>Analyser et comprendre son environnement pour identifier les meilleures pratiques et id\u00e9es qui feront \u00e9voluer l\u2019organisation<\/li>\n<li>Mieux comprendre le concept de strat\u00e9gie et se faire une id\u00e9e des diff\u00e9rents processus de d\u00e9veloppement d\u2019une strat\u00e9gie<\/li>\n<li>Adapter la strat\u00e9gie de l\u2019organisation face aux diff\u00e9rents changements internes et externes<\/li>\n<li>Planifier et impl\u00e9menter un changement strat\u00e9gique<\/li>\n<\/ul>\n<p>&nbsp;<\/p>\n<div class=\"grid_12 \">\n<div class=\"grid_12 \">\n<h3><strong>Tarifs &amp; Dates :<\/strong><\/h3>\n<ul>\n<li><strong>Hiver 2023 : Trois journ\u00e9es cons\u00e9cutives : <\/strong><a href=\"https:\/\/www.institutleadership.ca\/english\/formations-certifications\/masterclass-paris2023\/\" target=\"_blank\" rel=\"noopener\"><strong>les 18, 19 et 20 janvier \u00e0 Paris : 4795$ + taxes<\/strong><\/a><\/li>\n<li><strong>\u00c9t\u00e9 2023 : Trois journ\u00e9es cons\u00e9cutives : <a href=\"https:\/\/www.institutleadership.ca\/english\/formations-certifications\/masterclass-pour-dirigeants-a-paris-juin-2023\/\" target=\"_blank\" rel=\"noopener\">les 7, 8 et 9 juin \u00e0 Paris : 4795$ + taxes<\/a><\/strong><\/li>\n<\/ul>\n<p>Des rabais sont offerts aux\u00a0organismes \u00e0 but non lucratif (15%)<\/p>\n<p>Des tarifs avantageux sont aussi offerts lorsque deux participants ou plus, provenant d\u2019une m\u00eame entreprise, s\u2019inscrivent aux Masterclass pour dirigeants. Pour plus de d\u00e9tails, veuillez\u00a0<a href=\"https:\/\/www.institutleadership.ca\/paris\/contact\/\">communiquer\u00a0avec nous.<\/a><\/p>\n<p>&nbsp;<\/p>\n<\/div>\n<\/div>\n","protected":false},"excerpt":{"rendered":"<p>MASTERCLASS POUR DIRIGEANTS Seul dans leurs genres, les Masterclass pour dirigeants offrent \u00e0 chaque participant l\u2019opportunit\u00e9 de rencontrer et d\u2019apprendre les meilleures strat\u00e9gies provenant d\u2019une dizaine d&#8217;intervenants diff\u00e9rents. Ce programme a pour objectif principal de d\u00e9velopper des leaders efficaces aptes &hellip; <\/p>\n","protected":false},"author":17,"featured_media":0,"parent":0,"menu_order":0,"comment_status":"closed","ping_status":"closed","template":"","meta":{"content-type":"","om_disable_all_campaigns":false},"yoast_head":"<!-- This site is optimized with the Yoast SEO plugin v20.6 - https:\/\/yoast.com\/wordpress\/plugins\/seo\/ -->\n<title>Masterclass pour dirigeants - France 2023 - Institut de Leadership<\/title>\n<meta name=\"robots\" content=\"index, follow, max-snippet:-1, max-image-preview:large, max-video-preview:-1\" \/>\n<link rel=\"canonical\" href=\"https:\/\/www.institutleadership.ca\/inscription\/masterclass-pour-dirigeants-france-2023\/\" \/>\n<meta property=\"og:locale\" content=\"fr_CA\" \/>\n<meta property=\"og:type\" content=\"article\" \/>\n<meta property=\"og:title\" content=\"Masterclass pour dirigeants - France 2023 - Institut de Leadership\" \/>\n<meta property=\"og:description\" content=\"MASTERCLASS POUR DIRIGEANTS Seul dans leurs genres, les Masterclass pour dirigeants offrent \u00e0 chaque participant l\u2019opportunit\u00e9 de rencontrer et d\u2019apprendre les meilleures strat\u00e9gies provenant d\u2019une dizaine d&#8217;intervenants diff\u00e9rents. Ce programme a pour objectif principal de d\u00e9velopper des leaders efficaces aptes &hellip;\" \/>\n<meta property=\"og:url\" content=\"https:\/\/www.institutleadership.ca\/inscription\/masterclass-pour-dirigeants-france-2023\/\" \/>\n<meta property=\"og:site_name\" content=\"Institut de Leadership\" \/>\n<meta property=\"article:publisher\" content=\"https:\/\/www.facebook.com\/institutleadership\/\" \/>\n<meta property=\"article:modified_time\" content=\"2022-11-04T14:52:08+00:00\" \/>\n<meta name=\"twitter:card\" content=\"summary_large_image\" \/>\n<meta name=\"twitter:label1\" content=\"Estimation du temps de lecture\" \/>\n\t<meta name=\"twitter:data1\" content=\"3 minutes\" \/>\n<script type=\"application\/ld+json\" class=\"yoast-schema-graph\">{\"@context\":\"https:\/\/schema.org\",\"@graph\":[{\"@type\":\"WebPage\",\"@id\":\"https:\/\/www.institutleadership.ca\/inscription\/masterclass-pour-dirigeants-france-2023\/\",\"url\":\"https:\/\/www.institutleadership.ca\/inscription\/masterclass-pour-dirigeants-france-2023\/\",\"name\":\"Masterclass pour dirigeants - France 2023 - Institut de Leadership\",\"isPartOf\":{\"@id\":\"https:\/\/www.institutleadership.ca\/inscription\/#website\"},\"datePublished\":\"2022-04-28T15:49:10+00:00\",\"dateModified\":\"2022-11-04T14:52:08+00:00\",\"breadcrumb\":{\"@id\":\"https:\/\/www.institutleadership.ca\/inscription\/masterclass-pour-dirigeants-france-2023\/#breadcrumb\"},\"inLanguage\":\"fr-CA\",\"potentialAction\":[{\"@type\":\"ReadAction\",\"target\":[\"https:\/\/www.institutleadership.ca\/inscription\/masterclass-pour-dirigeants-france-2023\/\"]}]},{\"@type\":\"BreadcrumbList\",\"@id\":\"https:\/\/www.institutleadership.ca\/inscription\/masterclass-pour-dirigeants-france-2023\/#breadcrumb\",\"itemListElement\":[{\"@type\":\"ListItem\",\"position\":1,\"name\":\"Accueil\",\"item\":\"https:\/\/www.institutleadership.ca\/inscription\/\"},{\"@type\":\"ListItem\",\"position\":2,\"name\":\"Masterclass pour dirigeants &#8211; France 2023\"}]},{\"@type\":\"WebSite\",\"@id\":\"https:\/\/www.institutleadership.ca\/inscription\/#website\",\"url\":\"https:\/\/www.institutleadership.ca\/inscription\/\",\"name\":\"Institut de leadership\",\"description\":\"Formations pour cadres et dirigeants\",\"publisher\":{\"@id\":\"https:\/\/www.institutleadership.ca\/inscription\/#organization\"},\"potentialAction\":[{\"@type\":\"SearchAction\",\"target\":{\"@type\":\"EntryPoint\",\"urlTemplate\":\"https:\/\/www.institutleadership.ca\/inscription\/?s={search_term_string}\"},\"query-input\":\"required name=search_term_string\"}],\"inLanguage\":\"fr-CA\"},{\"@type\":\"Organization\",\"@id\":\"https:\/\/www.institutleadership.ca\/inscription\/#organization\",\"name\":\"Institut de leadership\",\"url\":\"https:\/\/www.institutleadership.ca\/inscription\/\",\"logo\":{\"@type\":\"ImageObject\",\"inLanguage\":\"fr-CA\",\"@id\":\"https:\/\/www.institutleadership.ca\/inscription\/#\/schema\/logo\/image\/\",\"url\":\"https:\/\/www.institutleadership.ca\/english\/wp-content\/uploads\/sites\/10\/2019\/11\/Logo_Officiel-2-1.jpg\",\"contentUrl\":\"https:\/\/www.institutleadership.ca\/english\/wp-content\/uploads\/sites\/10\/2019\/11\/Logo_Officiel-2-1.jpg\",\"width\":2048,\"height\":1024,\"caption\":\"Institut de leadership\"},\"image\":{\"@id\":\"https:\/\/www.institutleadership.ca\/inscription\/#\/schema\/logo\/image\/\"},\"sameAs\":[\"https:\/\/www.facebook.com\/institutleadership\/\",\"https:\/\/www.linkedin.com\/school\/5305840\"]}]}<\/script>\n<!-- \/ Yoast SEO plugin. -->","yoast_head_json":{"title":"Masterclass pour dirigeants - France 2023 - Institut de Leadership","robots":{"index":"index","follow":"follow","max-snippet":"max-snippet:-1","max-image-preview":"max-image-preview:large","max-video-preview":"max-video-preview:-1"},"canonical":"https:\/\/www.institutleadership.ca\/inscription\/masterclass-pour-dirigeants-france-2023\/","og_locale":"fr_CA","og_type":"article","og_title":"Masterclass pour dirigeants - France 2023 - Institut de Leadership","og_description":"MASTERCLASS POUR DIRIGEANTS Seul dans leurs genres, les Masterclass pour dirigeants offrent \u00e0 chaque participant l\u2019opportunit\u00e9 de rencontrer et d\u2019apprendre les meilleures strat\u00e9gies provenant d\u2019une dizaine d&#8217;intervenants diff\u00e9rents. Ce programme a pour objectif principal de d\u00e9velopper des leaders efficaces aptes &hellip;","og_url":"https:\/\/www.institutleadership.ca\/inscription\/masterclass-pour-dirigeants-france-2023\/","og_site_name":"Institut de Leadership","article_publisher":"https:\/\/www.facebook.com\/institutleadership\/","article_modified_time":"2022-11-04T14:52:08+00:00","twitter_card":"summary_large_image","twitter_misc":{"Estimation du temps de lecture":"3 minutes"},"schema":{"@context":"https:\/\/schema.org","@graph":[{"@type":"WebPage","@id":"https:\/\/www.institutleadership.ca\/inscription\/masterclass-pour-dirigeants-france-2023\/","url":"https:\/\/www.institutleadership.ca\/inscription\/masterclass-pour-dirigeants-france-2023\/","name":"Masterclass pour dirigeants - France 2023 - Institut de Leadership","isPartOf":{"@id":"https:\/\/www.institutleadership.ca\/inscription\/#website"},"datePublished":"2022-04-28T15:49:10+00:00","dateModified":"2022-11-04T14:52:08+00:00","breadcrumb":{"@id":"https:\/\/www.institutleadership.ca\/inscription\/masterclass-pour-dirigeants-france-2023\/#breadcrumb"},"inLanguage":"fr-CA","potentialAction":[{"@type":"ReadAction","target":["https:\/\/www.institutleadership.ca\/inscription\/masterclass-pour-dirigeants-france-2023\/"]}]},{"@type":"BreadcrumbList","@id":"https:\/\/www.institutleadership.ca\/inscription\/masterclass-pour-dirigeants-france-2023\/#breadcrumb","itemListElement":[{"@type":"ListItem","position":1,"name":"Accueil","item":"https:\/\/www.institutleadership.ca\/inscription\/"},{"@type":"ListItem","position":2,"name":"Masterclass pour dirigeants &#8211; France 2023"}]},{"@type":"WebSite","@id":"https:\/\/www.institutleadership.ca\/inscription\/#website","url":"https:\/\/www.institutleadership.ca\/inscription\/","name":"Institut de leadership","description":"Formations pour cadres et dirigeants","publisher":{"@id":"https:\/\/www.institutleadership.ca\/inscription\/#organization"},"potentialAction":[{"@type":"SearchAction","target":{"@type":"EntryPoint","urlTemplate":"https:\/\/www.institutleadership.ca\/inscription\/?s={search_term_string}"},"query-input":"required name=search_term_string"}],"inLanguage":"fr-CA"},{"@type":"Organization","@id":"https:\/\/www.institutleadership.ca\/inscription\/#organization","name":"Institut de leadership","url":"https:\/\/www.institutleadership.ca\/inscription\/","logo":{"@type":"ImageObject","inLanguage":"fr-CA","@id":"https:\/\/www.institutleadership.ca\/inscription\/#\/schema\/logo\/image\/","url":"https:\/\/www.institutleadership.ca\/english\/wp-content\/uploads\/sites\/10\/2019\/11\/Logo_Officiel-2-1.jpg","contentUrl":"https:\/\/www.institutleadership.ca\/english\/wp-content\/uploads\/sites\/10\/2019\/11\/Logo_Officiel-2-1.jpg","width":2048,"height":1024,"caption":"Institut de leadership"},"image":{"@id":"https:\/\/www.institutleadership.ca\/inscription\/#\/schema\/logo\/image\/"},"sameAs":["https:\/\/www.facebook.com\/institutleadership\/","https:\/\/www.linkedin.com\/school\/5305840"]}]}},"_links":{"self":[{"href":"https:\/\/www.institutleadership.ca\/inscription\/wp-json\/wp\/v2\/pages\/14279"}],"collection":[{"href":"https:\/\/www.institutleadership.ca\/inscription\/wp-json\/wp\/v2\/pages"}],"about":[{"href":"https:\/\/www.institutleadership.ca\/inscription\/wp-json\/wp\/v2\/types\/page"}],"author":[{"embeddable":true,"href":"https:\/\/www.institutleadership.ca\/inscription\/wp-json\/wp\/v2\/users\/17"}],"replies":[{"embeddable":true,"href":"https:\/\/www.institutleadership.ca\/inscription\/wp-json\/wp\/v2\/comments?post=14279"}],"version-history":[{"count":8,"href":"https:\/\/www.institutleadership.ca\/inscription\/wp-json\/wp\/v2\/pages\/14279\/revisions"}],"predecessor-version":[{"id":14919,"href":"https:\/\/www.institutleadership.ca\/inscription\/wp-json\/wp\/v2\/pages\/14279\/revisions\/14919"}],"wp:attachment":[{"href":"https:\/\/www.institutleadership.ca\/inscription\/wp-json\/wp\/v2\/media?parent=14279"}],"curies":[{"name":"wp","href":"https:\/\/api.w.org\/{rel}","templated":true}]}}