{"id":15289,"date":"2024-03-19T15:13:29","date_gmt":"2024-03-19T19:13:29","guid":{"rendered":"https:\/\/www.institutleadership.ca\/english\/?page_id=15289"},"modified":"2024-05-13T10:02:42","modified_gmt":"2024-05-13T14:02:42","slug":"nouveau-programme-leadership-intensif","status":"publish","type":"page","link":"https:\/\/www.institutleadership.ca\/inscription\/nouveau-programme-leadership-intensif\/","title":{"rendered":"Nouveau programme leadership intensif"},"content":{"rendered":"<p><a href=\"https:\/\/www.institutleadership.ca\/montreal\/wp-content\/uploads\/sites\/7\/2024\/01\/Visuel-intensif-phase-4-.jpg\"><img decoding=\"async\" loading=\"lazy\" class=\"alignnone wp-image-16049 size-large\" src=\"https:\/\/www.institutleadership.ca\/montreal\/wp-content\/uploads\/sites\/7\/2024\/01\/Visuel-intensif-phase-4--1024x727.jpg\" alt=\"\" width=\"640\" height=\"454\" \/><\/a><\/p>\n<h1><span style=\"color: #ff0000;\">Nouveau<\/span> programme Leadership intensif en ligne \u00e0 995 $* (tarif r\u00e9gulier 2 495 $)<\/h1>\n<h3><\/h3>\n<h3>SI VOUS D\u00c9SIREZ SUIVRE LE PROGRAMME EN PR\u00c9SENTIEL \u00c0 MONTR\u00c9AL (TARIF DE 2695$), CLIQUEZ\u00a0<a href=\"https:\/\/www.institutleadership.ca\/montreal\/course-category\/programme-court-en-leadership\/\">ICI<\/a>.<\/h3>\n<p>&nbsp;<\/p>\n<div>\n<p>Voici les grandes lignes de ce programme \u00e9lite :<\/p>\n<ul>\n<li>Tarif de 995 $\u00a0(prix r\u00e9gulier de 2495 $) pouvant aller <strong>jusqu&#8217;\u00e0 735 $ <\/strong>avec la subvention salariale (260$);<\/li>\n<li>Cette formation s&#8217;adresse aux gens des\u00a0entreprises et organisations situ\u00e9es au Qu\u00e9bec;<\/li>\n<li>6 demi-journ\u00e9es de formation en ligne;<\/li>\n<li>En bonus: 4 d\u00eeners-conf\u00e9rences en ligne avec des intervenants de renom, les 15, 22 mai et les 6, 11 juin de 12h \u00e0 13h;<\/li>\n<li>Dates : de mi-mars \u00e0 mi-avril ou de d\u00e9but mai \u00e0 mi-juin; diff\u00e9rents horaires selon les groupes<\/li>\n<li>Seulement 30 places disponibles par groupe;<\/li>\n<li>Nouveaux th\u00e8mes sur le leadership: les communications en situation de leadership; les diff\u00e9rentes m\u00e9thodes de gestion selon les personnalit\u00e9s; la mobilisation des \u00e9quipes en mode hybride; l&#8217;intelligence culturelle et les \u00e9quipes multi-culturelles; l&#8217;art de n\u00e9gocier; le pouvoir de l&#8217;attitude-coach dans le r\u00f4le du leader ;<\/li>\n<li>Client\u00e8le cible : Ce programme est destin\u00e9\u00a0aux individus qui occupent ou d\u00e9sirent occuper des postes \u00e0 responsabilit\u00e9s\u00a0et qui souhaitent d\u00e9velopper davantage leur leadership. Ils proviennent d\u2019une grande diversit\u00e9 d\u2019industries et de contextes, en plus d\u2019avoir des profils personnels diversifi\u00e9s;<\/li>\n<\/ul>\n<p>Ce nouveau programme de formation touche de nouveaux modules\u00a0de formation en leadership au c\u0153ur des enjeux du monde des affaires actuel.<\/p>\n<p>Formations reconnues (\u00e9tudes de cas, tendances, meilleures pratiques, etc.), et opportunit\u00e9 d\u2019agrandir son r\u00e9seau de fa\u00e7on importante.<\/p>\n<\/div>\n<p>&nbsp;<\/p>\n<p>&nbsp;<\/p>\n<h4><strong>Ce programme est pour l\u2019ensemble du Qu\u00e9bec et est offert en ligne. Vous pouvez donc vous inscrire selon l&#8217;horaire qui vous convient le mieux.\u00a0<\/strong><\/h4>\n<p>&nbsp;<\/p>\n<p><strong>CLIQUEZ SUR L&#8217;HORAIRE DE VOTRE CHOIX POUR VOUS INSCRIRE \u00c0 L&#8217;UN DES GROUPES EN LIGNE (995$) : <em>\u00e0 venir<\/em><\/strong><\/p>\n<p>&nbsp;<\/p>\n<p>&nbsp;<\/p>\n<p><strong>* Voici la\u00a0liste\u00a0des\u00a0entreprises qui ne sont pas\u00a0admissibles\u00a0\u00e0 la\u00a0subvention\u00a0salariale:<\/strong><\/p>\n<ul>\n<li>Les minist\u00e8res et les organismes du gouvernement du Qu\u00e9bec.<\/li>\n<li>Les minist\u00e8res, les organismes et les soci\u00e9t\u00e9s d\u2019\u00c9tat du gouvernement du Canada<\/li>\n<li>Les entreprises ou les organismes financ\u00e9s \u00e0 plus de 50 % par\u00a0des\u00a0fonds publics, \u00e0 l\u2019exception de celles et ceux qui font partie du secteur relevant du Comit\u00e9 sectoriel de main-d\u2019\u0153uvre de l\u2019\u00e9conomie sociale et de l\u2019action communautaire, du Conseil qu\u00e9b\u00e9cois\u00a0des\u00a0ressources humaines en culture (Comp\u00e9tences culture) ainsi que\u00a0des\u00a0centres d\u2019h\u00e9bergement et de soins de longue dur\u00e9e (CHSLD) priv\u00e9s non conventionn\u00e9s.<\/li>\n<li>Les partis ou les associations politiques.<\/li>\n<li>Les municipalit\u00e9s.<\/li>\n<li>Les travailleurs autonomes<\/li>\n<\/ul>\n<p>&nbsp;<\/p>\n<div style=\"padding: 56.25% 0 0 0; position: relative;\"><iframe style=\"position: absolute; top: 0; left: 0; width: 100%; height: 100%;\" title=\"Institut de leadership - pr&amp;eacute;sentation 1 minute\" src=\"https:\/\/player.vimeo.com\/video\/513487920?h=0eefeeb93d&amp;badge=0&amp;autopause=0&amp;player_id=0&amp;app_id=58479\" frameborder=\"0\" allowfullscreen=\"allowfullscreen\" data-mce-fragment=\"1\"><\/iframe><\/div>\n<p><script src=\"https:\/\/player.vimeo.com\/api\/player.js\"><\/script><\/p>\n","protected":false},"excerpt":{"rendered":"<p>Nouveau programme Leadership intensif en ligne \u00e0 995 $* (tarif r\u00e9gulier 2 495 $) SI VOUS D\u00c9SIREZ SUIVRE LE PROGRAMME EN PR\u00c9SENTIEL \u00c0 MONTR\u00c9AL (TARIF DE 2695$), CLIQUEZ\u00a0ICI. &nbsp; Voici les grandes lignes de ce programme \u00e9lite : Tarif de &hellip; <\/p>\n","protected":false},"author":17,"featured_media":0,"parent":0,"menu_order":0,"comment_status":"closed","ping_status":"closed","template":"","meta":{"content-type":"","om_disable_all_campaigns":false},"yoast_head":"<!-- This site is optimized with the Yoast SEO plugin v20.6 - https:\/\/yoast.com\/wordpress\/plugins\/seo\/ -->\n<title>Nouveau programme leadership intensif - Institut de Leadership<\/title>\n<meta name=\"robots\" content=\"index, follow, max-snippet:-1, max-image-preview:large, max-video-preview:-1\" \/>\n<link rel=\"canonical\" href=\"https:\/\/www.institutleadership.ca\/inscription\/nouveau-programme-leadership-intensif\/\" \/>\n<meta property=\"og:locale\" content=\"fr_CA\" \/>\n<meta property=\"og:type\" content=\"article\" \/>\n<meta property=\"og:title\" content=\"Nouveau programme leadership intensif - Institut de Leadership\" \/>\n<meta property=\"og:description\" content=\"Nouveau programme Leadership intensif en ligne \u00e0 995 $* (tarif r\u00e9gulier 2 495 $) SI VOUS D\u00c9SIREZ SUIVRE LE PROGRAMME EN PR\u00c9SENTIEL \u00c0 MONTR\u00c9AL (TARIF DE 2695$), CLIQUEZ\u00a0ICI. &nbsp; Voici les grandes lignes de ce programme \u00e9lite : Tarif de &hellip;\" \/>\n<meta property=\"og:url\" content=\"https:\/\/www.institutleadership.ca\/inscription\/nouveau-programme-leadership-intensif\/\" \/>\n<meta property=\"og:site_name\" content=\"Institut de Leadership\" \/>\n<meta property=\"article:publisher\" content=\"https:\/\/www.facebook.com\/institutleadership\/\" \/>\n<meta property=\"article:modified_time\" content=\"2024-05-13T14:02:42+00:00\" \/>\n<meta property=\"og:image\" content=\"https:\/\/www.institutleadership.ca\/montreal\/wp-content\/uploads\/sites\/7\/2024\/01\/Visuel-intensif-phase-4--1024x727.jpg\" \/>\n<meta name=\"twitter:card\" content=\"summary_large_image\" \/>\n<meta name=\"twitter:label1\" content=\"Estimation du temps de lecture\" \/>\n\t<meta name=\"twitter:data1\" content=\"3 minutes\" \/>\n<script type=\"application\/ld+json\" class=\"yoast-schema-graph\">{\"@context\":\"https:\/\/schema.org\",\"@graph\":[{\"@type\":\"WebPage\",\"@id\":\"https:\/\/www.institutleadership.ca\/inscription\/nouveau-programme-leadership-intensif\/\",\"url\":\"https:\/\/www.institutleadership.ca\/inscription\/nouveau-programme-leadership-intensif\/\",\"name\":\"Nouveau programme leadership intensif - Institut de Leadership\",\"isPartOf\":{\"@id\":\"https:\/\/www.institutleadership.ca\/inscription\/#website\"},\"datePublished\":\"2024-03-19T19:13:29+00:00\",\"dateModified\":\"2024-05-13T14:02:42+00:00\",\"breadcrumb\":{\"@id\":\"https:\/\/www.institutleadership.ca\/inscription\/nouveau-programme-leadership-intensif\/#breadcrumb\"},\"inLanguage\":\"fr-CA\",\"potentialAction\":[{\"@type\":\"ReadAction\",\"target\":[\"https:\/\/www.institutleadership.ca\/inscription\/nouveau-programme-leadership-intensif\/\"]}]},{\"@type\":\"BreadcrumbList\",\"@id\":\"https:\/\/www.institutleadership.ca\/inscription\/nouveau-programme-leadership-intensif\/#breadcrumb\",\"itemListElement\":[{\"@type\":\"ListItem\",\"position\":1,\"name\":\"Accueil\",\"item\":\"https:\/\/www.institutleadership.ca\/inscription\/\"},{\"@type\":\"ListItem\",\"position\":2,\"name\":\"Nouveau programme leadership intensif\"}]},{\"@type\":\"WebSite\",\"@id\":\"https:\/\/www.institutleadership.ca\/inscription\/#website\",\"url\":\"https:\/\/www.institutleadership.ca\/inscription\/\",\"name\":\"Institut de leadership\",\"description\":\"Formations pour cadres et dirigeants\",\"publisher\":{\"@id\":\"https:\/\/www.institutleadership.ca\/inscription\/#organization\"},\"potentialAction\":[{\"@type\":\"SearchAction\",\"target\":{\"@type\":\"EntryPoint\",\"urlTemplate\":\"https:\/\/www.institutleadership.ca\/inscription\/?s={search_term_string}\"},\"query-input\":\"required name=search_term_string\"}],\"inLanguage\":\"fr-CA\"},{\"@type\":\"Organization\",\"@id\":\"https:\/\/www.institutleadership.ca\/inscription\/#organization\",\"name\":\"Institut de leadership\",\"url\":\"https:\/\/www.institutleadership.ca\/inscription\/\",\"logo\":{\"@type\":\"ImageObject\",\"inLanguage\":\"fr-CA\",\"@id\":\"https:\/\/www.institutleadership.ca\/inscription\/#\/schema\/logo\/image\/\",\"url\":\"https:\/\/www.institutleadership.ca\/english\/wp-content\/uploads\/sites\/10\/2019\/11\/Logo_Officiel-2-1.jpg\",\"contentUrl\":\"https:\/\/www.institutleadership.ca\/english\/wp-content\/uploads\/sites\/10\/2019\/11\/Logo_Officiel-2-1.jpg\",\"width\":2048,\"height\":1024,\"caption\":\"Institut de leadership\"},\"image\":{\"@id\":\"https:\/\/www.institutleadership.ca\/inscription\/#\/schema\/logo\/image\/\"},\"sameAs\":[\"https:\/\/www.facebook.com\/institutleadership\/\",\"https:\/\/www.linkedin.com\/school\/5305840\"]}]}<\/script>\n<!-- \/ Yoast SEO plugin. -->","yoast_head_json":{"title":"Nouveau programme leadership intensif - Institut de Leadership","robots":{"index":"index","follow":"follow","max-snippet":"max-snippet:-1","max-image-preview":"max-image-preview:large","max-video-preview":"max-video-preview:-1"},"canonical":"https:\/\/www.institutleadership.ca\/inscription\/nouveau-programme-leadership-intensif\/","og_locale":"fr_CA","og_type":"article","og_title":"Nouveau programme leadership intensif - Institut de Leadership","og_description":"Nouveau programme Leadership intensif en ligne \u00e0 995 $* (tarif r\u00e9gulier 2 495 $) SI VOUS D\u00c9SIREZ SUIVRE LE PROGRAMME EN PR\u00c9SENTIEL \u00c0 MONTR\u00c9AL (TARIF DE 2695$), CLIQUEZ\u00a0ICI. &nbsp; Voici les grandes lignes de ce programme \u00e9lite : Tarif de &hellip;","og_url":"https:\/\/www.institutleadership.ca\/inscription\/nouveau-programme-leadership-intensif\/","og_site_name":"Institut de Leadership","article_publisher":"https:\/\/www.facebook.com\/institutleadership\/","article_modified_time":"2024-05-13T14:02:42+00:00","og_image":[{"url":"https:\/\/www.institutleadership.ca\/montreal\/wp-content\/uploads\/sites\/7\/2024\/01\/Visuel-intensif-phase-4--1024x727.jpg"}],"twitter_card":"summary_large_image","twitter_misc":{"Estimation du temps de lecture":"3 minutes"},"schema":{"@context":"https:\/\/schema.org","@graph":[{"@type":"WebPage","@id":"https:\/\/www.institutleadership.ca\/inscription\/nouveau-programme-leadership-intensif\/","url":"https:\/\/www.institutleadership.ca\/inscription\/nouveau-programme-leadership-intensif\/","name":"Nouveau programme leadership intensif - Institut de Leadership","isPartOf":{"@id":"https:\/\/www.institutleadership.ca\/inscription\/#website"},"datePublished":"2024-03-19T19:13:29+00:00","dateModified":"2024-05-13T14:02:42+00:00","breadcrumb":{"@id":"https:\/\/www.institutleadership.ca\/inscription\/nouveau-programme-leadership-intensif\/#breadcrumb"},"inLanguage":"fr-CA","potentialAction":[{"@type":"ReadAction","target":["https:\/\/www.institutleadership.ca\/inscription\/nouveau-programme-leadership-intensif\/"]}]},{"@type":"BreadcrumbList","@id":"https:\/\/www.institutleadership.ca\/inscription\/nouveau-programme-leadership-intensif\/#breadcrumb","itemListElement":[{"@type":"ListItem","position":1,"name":"Accueil","item":"https:\/\/www.institutleadership.ca\/inscription\/"},{"@type":"ListItem","position":2,"name":"Nouveau programme leadership intensif"}]},{"@type":"WebSite","@id":"https:\/\/www.institutleadership.ca\/inscription\/#website","url":"https:\/\/www.institutleadership.ca\/inscription\/","name":"Institut de leadership","description":"Formations pour cadres et dirigeants","publisher":{"@id":"https:\/\/www.institutleadership.ca\/inscription\/#organization"},"potentialAction":[{"@type":"SearchAction","target":{"@type":"EntryPoint","urlTemplate":"https:\/\/www.institutleadership.ca\/inscription\/?s={search_term_string}"},"query-input":"required name=search_term_string"}],"inLanguage":"fr-CA"},{"@type":"Organization","@id":"https:\/\/www.institutleadership.ca\/inscription\/#organization","name":"Institut de leadership","url":"https:\/\/www.institutleadership.ca\/inscription\/","logo":{"@type":"ImageObject","inLanguage":"fr-CA","@id":"https:\/\/www.institutleadership.ca\/inscription\/#\/schema\/logo\/image\/","url":"https:\/\/www.institutleadership.ca\/english\/wp-content\/uploads\/sites\/10\/2019\/11\/Logo_Officiel-2-1.jpg","contentUrl":"https:\/\/www.institutleadership.ca\/english\/wp-content\/uploads\/sites\/10\/2019\/11\/Logo_Officiel-2-1.jpg","width":2048,"height":1024,"caption":"Institut de leadership"},"image":{"@id":"https:\/\/www.institutleadership.ca\/inscription\/#\/schema\/logo\/image\/"},"sameAs":["https:\/\/www.facebook.com\/institutleadership\/","https:\/\/www.linkedin.com\/school\/5305840"]}]}},"_links":{"self":[{"href":"https:\/\/www.institutleadership.ca\/inscription\/wp-json\/wp\/v2\/pages\/15289"}],"collection":[{"href":"https:\/\/www.institutleadership.ca\/inscription\/wp-json\/wp\/v2\/pages"}],"about":[{"href":"https:\/\/www.institutleadership.ca\/inscription\/wp-json\/wp\/v2\/types\/page"}],"author":[{"embeddable":true,"href":"https:\/\/www.institutleadership.ca\/inscription\/wp-json\/wp\/v2\/users\/17"}],"replies":[{"embeddable":true,"href":"https:\/\/www.institutleadership.ca\/inscription\/wp-json\/wp\/v2\/comments?post=15289"}],"version-history":[{"count":14,"href":"https:\/\/www.institutleadership.ca\/inscription\/wp-json\/wp\/v2\/pages\/15289\/revisions"}],"predecessor-version":[{"id":15540,"href":"https:\/\/www.institutleadership.ca\/inscription\/wp-json\/wp\/v2\/pages\/15289\/revisions\/15540"}],"wp:attachment":[{"href":"https:\/\/www.institutleadership.ca\/inscription\/wp-json\/wp\/v2\/media?parent=15289"}],"curies":[{"name":"wp","href":"https:\/\/api.w.org\/{rel}","templated":true}]}}