{"id":15440,"date":"2024-03-25T10:12:08","date_gmt":"2024-03-25T14:12:08","guid":{"rendered":"https:\/\/www.institutleadership.ca\/inscription\/?page_id=15440"},"modified":"2024-04-04T09:45:03","modified_gmt":"2024-04-04T13:45:03","slug":"certification-en-communication-et-marketing-numerique","status":"publish","type":"page","link":"https:\/\/www.institutleadership.ca\/inscription\/certification-en-communication-et-marketing-numerique\/","title":{"rendered":"Certification en communication et marketing num\u00e9rique"},"content":{"rendered":"<h1><a href=\"https:\/\/www.institutleadership.ca\/montreal\/wp-content\/uploads\/sites\/7\/2023\/12\/Version-original.png\"><img decoding=\"async\" loading=\"lazy\" class=\"alignnone size-large wp-image-15845\" src=\"https:\/\/www.institutleadership.ca\/montreal\/wp-content\/uploads\/sites\/7\/2023\/12\/Version-original-1024x683.png\" alt=\"\" width=\"640\" height=\"427\" \/><\/a><\/h1>\n<h1 class=\"null\">Certification en communication et<br \/>\nmarketing num\u00e9rique en ligne \u00e0 485$*<br \/>\n(tarif r\u00e9gulier 2 495$)<\/h1>\n<p>&nbsp;<\/p>\n<div>L\u2019Institut de leadership est fi\u00e8re de vous pr\u00e9senter la toute nouvelle Certification en communication et marketing num\u00e9rique. L\u2019objectif premier de cette nouvelle Certification est de vous outiller et de maximiser vos connaissances des communications marketing et des m\u00e9dias sociaux \u00e0 l\u2019\u00e8re du num\u00e9rique. Vous aurez acc\u00e8s \u00e0 des formations pratiques et pertinentes offertes par des experts du march\u00e9 actuel au Qu\u00e9bec afin d\u2019am\u00e9liorer votre comp\u00e9titivit\u00e9 et d\u2019augmenter votre cr\u00e9dibilit\u00e9 num\u00e9rique, tout en favorisant un climat de r\u00e9seautage et d\u2019\u00e9changes avec les autres participants.<\/div>\n<p>&nbsp;<\/p>\n<h3 class=\"null\"><u><strong>Voici les grandes lignes :<\/strong><\/u><\/h3>\n<ul>\n<li><strong>Tarif de 485 $* (prix r\u00e9gulier de 2495 $);<\/strong><br \/>\n* Le tarif de la formation est de 995$ + taxes. Vous pourriez recevoir une subvention salariale suppl\u00e9mentaire jusqu&#8217;\u00e0 510$ si vous \u00eates pr\u00e9sent lors des formations, que vous \u00eates admissible\u00a0et que vous soumettez une preuve salariale;<\/li>\n<li>Cette formation s&#8217;adresse \u00e0 toutes les entreprises situ\u00e9es au Qu\u00e9bec;<\/li>\n<li>6 demi-journ\u00e9es de formation en ligne;<\/li>\n<li>En bonus: 4 d\u00eeners-conf\u00e9rences par des experts qui ont une forte exp\u00e9rience en communication marketing, les 23, 28 mai et les 5, 13 juin;<\/li>\n<li><strong>Dates :<\/strong> de d\u00e9but mai \u00e0 mi-juin: diff\u00e9rents horaires selon les groupes, une demi-journ\u00e9e de formation par semaine pour 6 semaines cons\u00e9cutives<\/li>\n<li>Client\u00e8le cible : Toute personne (travailleurs autonomes,\u00a0membres de la direction, gestionnaires, cadres, entrepreneurs, postes \u00e0 responsabilit\u00e9)\u00a0qui d\u00e9sire s\u2019outiller et d\u00e9velopper leurs connaissances en communication marketing num\u00e9rique.<\/li>\n<\/ul>\n<p>&nbsp;<\/p>\n<h4><strong>Ce programme est pour l\u2019ensemble du Qu\u00e9bec et est offert en ligne. Vous pouvez donc vous inscrire selon l&#8217;horaire qui vous convient le mieux.\u00a0<\/strong><\/h4>\n<h4><\/h4>\n<h4><strong>CLIQUEZ SUR L&#8217;HORAIRE DE VOTRE CHOIX POUR VOUS INSCRIRE \u00c0 L&#8217;UN DES GROUPES EN LIGNE :<\/strong><\/h4>\n<p>&nbsp;<\/p>\n<p>De mai \u00e0 juin 2024 :<\/p>\n<p>&nbsp;<\/p>\n<ul>\n<li><strong>COMPLET &#8211;<\/strong>\u00a0TOUS LES MARDIS AM (8h30<span class=\"s2\"> \u00e0 12h30)<\/span><span class=\"s2\">\u00a0du 7 mai au 11 juin 2024<\/span> pour 6 semaines cons\u00e9cutives\n<ul>\n<li>Pour vous inscrire sur la liste d\u2019attente, veuillez \u00e9crire \u00e0\u00a0<a href=\"mailto:info@institutleadership.ca\">info@institutleadership.ca<\/a><\/li>\n<\/ul>\n<\/li>\n<\/ul>\n<p>&nbsp;<\/p>\n<ul>\n<li><a href=\"https:\/\/www.institutleadership.ca\/inscription\/formations-certifications\/en-ligne-communication-et-marketing-numerique-mardis-am-du-8-mai-au-12-juin-2024\/\">TOUS LES MARDIS PM (13h00<span class=\"s2\"> \u00e0 17h00)<\/span><span class=\"s2\">\u00a0du 7 mai au 11 juin 2024<\/span> pour 6 semaines cons\u00e9cutives<\/a><\/li>\n<\/ul>\n<p>&nbsp;<\/p>\n<ul>\n<li><a href=\"https:\/\/www.institutleadership.ca\/inscription\/formations-certifications\/en-ligne-communication-et-marketing-numerique-mercredis-am-du-8-mai-au-12-juin-2024\/\">TOUS LES MERCREDIS AM (8h30<span class=\"s2\"> \u00e0 12h30) du 8 mai au 12 juin 2024<\/span> pour 6 semaines cons\u00e9cutives<\/a><\/li>\n<\/ul>\n<p>&nbsp;<\/p>\n<ul>\n<li><a href=\"https:\/\/www.institutleadership.ca\/inscription\/formations-certifications\/en-ligne-communication-et-marketing-numerique-mercredis-pm-du-8-mai-au-12-juin-2024\/\">TOUS LES MERCREDIS PM (13h00<span class=\"s2\"> \u00e0 17h00) du 8 mai au 12 juin 2024<\/span> pour 6 semaines cons\u00e9cutives<\/a><\/li>\n<\/ul>\n<p>&nbsp;<\/p>\n<ul>\n<li><a href=\"https:\/\/www.institutleadership.ca\/inscription\/formations-certifications\/en-ligne-communication-et-marketing-numerique-jeudis-am-du-9-mai-au-13-juin-2024\/\">TOUS LES JEUDIS AM (8h30<span class=\"s2\"> \u00e0 12h30) <\/span><span class=\"s2\">\u00a0du 9 mai au 13 juin 2024<\/span> pour 6 semaines cons\u00e9cutives<\/a><\/li>\n<\/ul>\n<p>&nbsp;<\/p>\n<ul>\n<li><a href=\"https:\/\/www.institutleadership.ca\/inscription\/formations-certifications\/en-ligne-communication-et-marketing-numerique-jeudis-pm-du-9-mai-au-13-juin-2024\/\">TOUS LES JEUDIS PM (13h00<span class=\"s2\"> \u00e0 17h00) du 9 mai au 13 juin 2024<\/span> pour 6 semaines cons\u00e9cutives<\/a><\/li>\n<\/ul>\n<p>&nbsp;<\/p>\n<ul>\n<li><a href=\"https:\/\/www.institutleadership.ca\/inscription\/formations-certifications\/en-ligne-communication-et-marketing-numerique-vendredi-am-du-10-mai-au-14-juin-2024\/?_gl=1*mdldy0*_up*MQ..*_ga*MTg2NDI5Mzc3LjE3MTIwNTk0MjM.*_ga_FLKHV7MSW9*MTcxMjA1OTQyMC4xLjAuMTcxMjA1OTQyMC4wLjAuMA.\">TOUS LES VENDREDIS AM (8h30<span class=\"s2\"> \u00e0 12h30) <\/span><span class=\"s2\">\u00a0du 10 mai au 14 juin 2024<\/span> pour 6 semaines cons\u00e9cutives<\/a><\/li>\n<\/ul>\n<p>&nbsp;<\/p>\n<h3><u><strong>Th\u00e8mes couverts\u00a0:<\/strong><\/u><\/h3>\n<p><a href=\"https:\/\/www.institutleadership.ca\/montreal\/wp-content\/uploads\/sites\/7\/2023\/12\/Modules-communication-marketing.png\"><img decoding=\"async\" loading=\"lazy\" class=\"alignnone wp-image-15842\" src=\"https:\/\/www.institutleadership.ca\/montreal\/wp-content\/uploads\/sites\/7\/2023\/12\/Modules-communication-marketing-1024x683.png\" alt=\"\" width=\"600\" height=\"400\" \/><\/a><a href=\"https:\/\/www.institutleadership.ca\/montreal\/wp-content\/uploads\/sites\/7\/2023\/12\/Modules-medias-sociaux-.png\"><img decoding=\"async\" loading=\"lazy\" class=\"alignnone wp-image-15841\" src=\"https:\/\/www.institutleadership.ca\/montreal\/wp-content\/uploads\/sites\/7\/2023\/12\/Modules-medias-sociaux--1024x683.png\" alt=\"\" width=\"600\" height=\"400\" \/><\/a><\/p>\n<h4><strong>D\u00e9couvrez nos experts qui offriront une conf\u00e9rence bonus:\u00a0<\/strong><\/h4>\n<p><a href=\"https:\/\/www.institutleadership.ca\/montreal\/experts\/sheila-morin-cheffe-executive-du-marketing-cmo-coveo\/\"><img decoding=\"async\" loading=\"lazy\" class=\"alignnone size-full wp-image-16287\" src=\"https:\/\/www.institutleadership.ca\/montreal\/wp-content\/uploads\/sites\/7\/2024\/04\/test-sheila-morin.png\" alt=\"\" width=\"300\" height=\"433\" \/><\/a> <a href=\"https:\/\/www.institutleadership.ca\/montreal\/experts\/julie-lecomte-vice-presidente-technologies-capacites-numeriques-et-omnicanales-desjardins\/\"><img decoding=\"async\" loading=\"lazy\" class=\"alignnone size-large wp-image-16288\" src=\"https:\/\/www.institutleadership.ca\/montreal\/wp-content\/uploads\/sites\/7\/2024\/04\/test-julie-lecomte.png\" alt=\"\" width=\"300\" height=\"433\" \/><\/a> <a href=\"https:\/\/www.institutleadership.ca\/montreal\/experts\/leonie-pelletier-presidente-fondatrice-de-oui-lagence\/\"><img decoding=\"async\" loading=\"lazy\" class=\"alignnone wp-image-16289 size-full\" src=\"https:\/\/www.institutleadership.ca\/montreal\/wp-content\/uploads\/sites\/7\/2024\/04\/test-leonie-pelletier-e1712237329532.png\" alt=\"\" width=\"299\" height=\"381\" \/><\/a> <a href=\"https:\/\/www.institutleadership.ca\/montreal\/experts\/marc-boilard-animateur-conferencier-et-podcaster\/\"><img decoding=\"async\" loading=\"lazy\" class=\"alignnone size-large wp-image-16290\" src=\"https:\/\/www.institutleadership.ca\/montreal\/wp-content\/uploads\/sites\/7\/2024\/04\/test-marc-boilard.png\" alt=\"\" width=\"300\" height=\"388\" \/><\/a><\/p>\n<p>&nbsp;<\/p>\n<p>&nbsp;<\/p>\n<p><strong>* Voici la\u00a0liste\u00a0des\u00a0entreprises qui ne sont pas\u00a0admissibles\u00a0\u00e0 la\u00a0subvention\u00a0salariale:<\/strong><\/p>\n<ul>\n<li>Les minist\u00e8res et les organismes du gouvernement du Qu\u00e9bec.<\/li>\n<li>Les minist\u00e8res, les organismes et les soci\u00e9t\u00e9s d\u2019\u00c9tat du gouvernement du Canada<\/li>\n<li>Les entreprises ou les organismes financ\u00e9s \u00e0 plus de 50 % par\u00a0des\u00a0fonds publics, \u00e0 l\u2019exception de celles et ceux qui font partie du secteur relevant du Comit\u00e9 sectoriel de main-d\u2019\u0153uvre de l\u2019\u00e9conomie sociale et de l\u2019action communautaire, du Conseil qu\u00e9b\u00e9cois\u00a0des\u00a0ressources humaines en culture (Comp\u00e9tences culture) ainsi que\u00a0des\u00a0centres d\u2019h\u00e9bergement et de soins de longue dur\u00e9e (CHSLD) priv\u00e9s non conventionn\u00e9s.<\/li>\n<li>Les partis ou les associations politiques.<\/li>\n<li>Les municipalit\u00e9s.<\/li>\n<li>Les travailleurs autonomes<\/li>\n<\/ul>\n","protected":false},"excerpt":{"rendered":"<p>Certification en communication et marketing num\u00e9rique en ligne \u00e0 485$* (tarif r\u00e9gulier 2 495$) &nbsp; L\u2019Institut de leadership est fi\u00e8re de vous pr\u00e9senter la toute nouvelle Certification en communication et marketing num\u00e9rique. L\u2019objectif premier de cette nouvelle Certification est de &hellip; <\/p>\n","protected":false},"author":17,"featured_media":0,"parent":0,"menu_order":0,"comment_status":"closed","ping_status":"closed","template":"","meta":{"content-type":"","om_disable_all_campaigns":false},"yoast_head":"<!-- This site is optimized with the Yoast SEO plugin v20.6 - https:\/\/yoast.com\/wordpress\/plugins\/seo\/ -->\n<title>Certification en communication et marketing num\u00e9rique - Institut de Leadership<\/title>\n<meta name=\"robots\" content=\"index, follow, max-snippet:-1, max-image-preview:large, max-video-preview:-1\" \/>\n<link rel=\"canonical\" href=\"https:\/\/www.institutleadership.ca\/inscription\/certification-en-communication-et-marketing-numerique\/\" \/>\n<meta property=\"og:locale\" content=\"fr_CA\" \/>\n<meta property=\"og:type\" content=\"article\" \/>\n<meta property=\"og:title\" content=\"Certification en communication et marketing num\u00e9rique - Institut de Leadership\" \/>\n<meta property=\"og:description\" content=\"Certification en communication et marketing num\u00e9rique en ligne \u00e0 485$* (tarif r\u00e9gulier 2 495$) &nbsp; L\u2019Institut de leadership est fi\u00e8re de vous pr\u00e9senter la toute nouvelle Certification en communication et marketing num\u00e9rique. L\u2019objectif premier de cette nouvelle Certification est de &hellip;\" \/>\n<meta property=\"og:url\" content=\"https:\/\/www.institutleadership.ca\/inscription\/certification-en-communication-et-marketing-numerique\/\" \/>\n<meta property=\"og:site_name\" content=\"Institut de Leadership\" \/>\n<meta property=\"article:publisher\" content=\"https:\/\/www.facebook.com\/institutleadership\/\" \/>\n<meta property=\"article:modified_time\" content=\"2024-04-04T13:45:03+00:00\" \/>\n<meta property=\"og:image\" content=\"https:\/\/www.institutleadership.ca\/montreal\/wp-content\/uploads\/sites\/7\/2023\/12\/Version-original-1024x683.png\" \/>\n<meta name=\"twitter:card\" content=\"summary_large_image\" \/>\n<meta name=\"twitter:label1\" content=\"Estimation du temps de lecture\" \/>\n\t<meta name=\"twitter:data1\" content=\"5 minutes\" \/>\n<script type=\"application\/ld+json\" class=\"yoast-schema-graph\">{\"@context\":\"https:\/\/schema.org\",\"@graph\":[{\"@type\":\"WebPage\",\"@id\":\"https:\/\/www.institutleadership.ca\/inscription\/certification-en-communication-et-marketing-numerique\/\",\"url\":\"https:\/\/www.institutleadership.ca\/inscription\/certification-en-communication-et-marketing-numerique\/\",\"name\":\"Certification en communication et marketing num\u00e9rique - Institut de Leadership\",\"isPartOf\":{\"@id\":\"https:\/\/www.institutleadership.ca\/inscription\/#website\"},\"datePublished\":\"2024-03-25T14:12:08+00:00\",\"dateModified\":\"2024-04-04T13:45:03+00:00\",\"breadcrumb\":{\"@id\":\"https:\/\/www.institutleadership.ca\/inscription\/certification-en-communication-et-marketing-numerique\/#breadcrumb\"},\"inLanguage\":\"fr-CA\",\"potentialAction\":[{\"@type\":\"ReadAction\",\"target\":[\"https:\/\/www.institutleadership.ca\/inscription\/certification-en-communication-et-marketing-numerique\/\"]}]},{\"@type\":\"BreadcrumbList\",\"@id\":\"https:\/\/www.institutleadership.ca\/inscription\/certification-en-communication-et-marketing-numerique\/#breadcrumb\",\"itemListElement\":[{\"@type\":\"ListItem\",\"position\":1,\"name\":\"Accueil\",\"item\":\"https:\/\/www.institutleadership.ca\/inscription\/\"},{\"@type\":\"ListItem\",\"position\":2,\"name\":\"Certification en communication et marketing num\u00e9rique\"}]},{\"@type\":\"WebSite\",\"@id\":\"https:\/\/www.institutleadership.ca\/inscription\/#website\",\"url\":\"https:\/\/www.institutleadership.ca\/inscription\/\",\"name\":\"Institut de leadership\",\"description\":\"Formations pour cadres et dirigeants\",\"publisher\":{\"@id\":\"https:\/\/www.institutleadership.ca\/inscription\/#organization\"},\"potentialAction\":[{\"@type\":\"SearchAction\",\"target\":{\"@type\":\"EntryPoint\",\"urlTemplate\":\"https:\/\/www.institutleadership.ca\/inscription\/?s={search_term_string}\"},\"query-input\":\"required name=search_term_string\"}],\"inLanguage\":\"fr-CA\"},{\"@type\":\"Organization\",\"@id\":\"https:\/\/www.institutleadership.ca\/inscription\/#organization\",\"name\":\"Institut de leadership\",\"url\":\"https:\/\/www.institutleadership.ca\/inscription\/\",\"logo\":{\"@type\":\"ImageObject\",\"inLanguage\":\"fr-CA\",\"@id\":\"https:\/\/www.institutleadership.ca\/inscription\/#\/schema\/logo\/image\/\",\"url\":\"https:\/\/www.institutleadership.ca\/english\/wp-content\/uploads\/sites\/10\/2019\/11\/Logo_Officiel-2-1.jpg\",\"contentUrl\":\"https:\/\/www.institutleadership.ca\/english\/wp-content\/uploads\/sites\/10\/2019\/11\/Logo_Officiel-2-1.jpg\",\"width\":2048,\"height\":1024,\"caption\":\"Institut de leadership\"},\"image\":{\"@id\":\"https:\/\/www.institutleadership.ca\/inscription\/#\/schema\/logo\/image\/\"},\"sameAs\":[\"https:\/\/www.facebook.com\/institutleadership\/\",\"https:\/\/www.linkedin.com\/school\/5305840\"]}]}<\/script>\n<!-- \/ Yoast SEO plugin. -->","yoast_head_json":{"title":"Certification en communication et marketing num\u00e9rique - Institut de Leadership","robots":{"index":"index","follow":"follow","max-snippet":"max-snippet:-1","max-image-preview":"max-image-preview:large","max-video-preview":"max-video-preview:-1"},"canonical":"https:\/\/www.institutleadership.ca\/inscription\/certification-en-communication-et-marketing-numerique\/","og_locale":"fr_CA","og_type":"article","og_title":"Certification en communication et marketing num\u00e9rique - Institut de Leadership","og_description":"Certification en communication et marketing num\u00e9rique en ligne \u00e0 485$* (tarif r\u00e9gulier 2 495$) &nbsp; L\u2019Institut de leadership est fi\u00e8re de vous pr\u00e9senter la toute nouvelle Certification en communication et marketing num\u00e9rique. L\u2019objectif premier de cette nouvelle Certification est de &hellip;","og_url":"https:\/\/www.institutleadership.ca\/inscription\/certification-en-communication-et-marketing-numerique\/","og_site_name":"Institut de Leadership","article_publisher":"https:\/\/www.facebook.com\/institutleadership\/","article_modified_time":"2024-04-04T13:45:03+00:00","og_image":[{"url":"https:\/\/www.institutleadership.ca\/montreal\/wp-content\/uploads\/sites\/7\/2023\/12\/Version-original-1024x683.png"}],"twitter_card":"summary_large_image","twitter_misc":{"Estimation du temps de lecture":"5 minutes"},"schema":{"@context":"https:\/\/schema.org","@graph":[{"@type":"WebPage","@id":"https:\/\/www.institutleadership.ca\/inscription\/certification-en-communication-et-marketing-numerique\/","url":"https:\/\/www.institutleadership.ca\/inscription\/certification-en-communication-et-marketing-numerique\/","name":"Certification en communication et marketing num\u00e9rique - Institut de Leadership","isPartOf":{"@id":"https:\/\/www.institutleadership.ca\/inscription\/#website"},"datePublished":"2024-03-25T14:12:08+00:00","dateModified":"2024-04-04T13:45:03+00:00","breadcrumb":{"@id":"https:\/\/www.institutleadership.ca\/inscription\/certification-en-communication-et-marketing-numerique\/#breadcrumb"},"inLanguage":"fr-CA","potentialAction":[{"@type":"ReadAction","target":["https:\/\/www.institutleadership.ca\/inscription\/certification-en-communication-et-marketing-numerique\/"]}]},{"@type":"BreadcrumbList","@id":"https:\/\/www.institutleadership.ca\/inscription\/certification-en-communication-et-marketing-numerique\/#breadcrumb","itemListElement":[{"@type":"ListItem","position":1,"name":"Accueil","item":"https:\/\/www.institutleadership.ca\/inscription\/"},{"@type":"ListItem","position":2,"name":"Certification en communication et marketing num\u00e9rique"}]},{"@type":"WebSite","@id":"https:\/\/www.institutleadership.ca\/inscription\/#website","url":"https:\/\/www.institutleadership.ca\/inscription\/","name":"Institut de leadership","description":"Formations pour cadres et dirigeants","publisher":{"@id":"https:\/\/www.institutleadership.ca\/inscription\/#organization"},"potentialAction":[{"@type":"SearchAction","target":{"@type":"EntryPoint","urlTemplate":"https:\/\/www.institutleadership.ca\/inscription\/?s={search_term_string}"},"query-input":"required name=search_term_string"}],"inLanguage":"fr-CA"},{"@type":"Organization","@id":"https:\/\/www.institutleadership.ca\/inscription\/#organization","name":"Institut de leadership","url":"https:\/\/www.institutleadership.ca\/inscription\/","logo":{"@type":"ImageObject","inLanguage":"fr-CA","@id":"https:\/\/www.institutleadership.ca\/inscription\/#\/schema\/logo\/image\/","url":"https:\/\/www.institutleadership.ca\/english\/wp-content\/uploads\/sites\/10\/2019\/11\/Logo_Officiel-2-1.jpg","contentUrl":"https:\/\/www.institutleadership.ca\/english\/wp-content\/uploads\/sites\/10\/2019\/11\/Logo_Officiel-2-1.jpg","width":2048,"height":1024,"caption":"Institut de leadership"},"image":{"@id":"https:\/\/www.institutleadership.ca\/inscription\/#\/schema\/logo\/image\/"},"sameAs":["https:\/\/www.facebook.com\/institutleadership\/","https:\/\/www.linkedin.com\/school\/5305840"]}]}},"_links":{"self":[{"href":"https:\/\/www.institutleadership.ca\/inscription\/wp-json\/wp\/v2\/pages\/15440"}],"collection":[{"href":"https:\/\/www.institutleadership.ca\/inscription\/wp-json\/wp\/v2\/pages"}],"about":[{"href":"https:\/\/www.institutleadership.ca\/inscription\/wp-json\/wp\/v2\/types\/page"}],"author":[{"embeddable":true,"href":"https:\/\/www.institutleadership.ca\/inscription\/wp-json\/wp\/v2\/users\/17"}],"replies":[{"embeddable":true,"href":"https:\/\/www.institutleadership.ca\/inscription\/wp-json\/wp\/v2\/comments?post=15440"}],"version-history":[{"count":10,"href":"https:\/\/www.institutleadership.ca\/inscription\/wp-json\/wp\/v2\/pages\/15440\/revisions"}],"predecessor-version":[{"id":15484,"href":"https:\/\/www.institutleadership.ca\/inscription\/wp-json\/wp\/v2\/pages\/15440\/revisions\/15484"}],"wp:attachment":[{"href":"https:\/\/www.institutleadership.ca\/inscription\/wp-json\/wp\/v2\/media?parent=15440"}],"curies":[{"name":"wp","href":"https:\/\/api.w.org\/{rel}","templated":true}]}}