{"id":2901,"date":"2015-11-18T08:34:00","date_gmt":"2015-11-18T08:34:00","guid":{"rendered":"http:\/\/demo.thimpress.com\/eduma\/?page_id=2901"},"modified":"2024-03-19T16:49:26","modified_gmt":"2024-03-19T20:49:26","slug":"about-us","status":"publish","type":"page","link":"https:\/\/www.institutleadership.ca\/inscription\/about-us\/","title":{"rendered":"About us"},"content":{"rendered":"<div id=\"pl-2901\"  class=\"panel-layout\" ><div id=\"pg-2901-0\"  class=\"panel-grid panel-no-style\" ><div id=\"pgc-2901-0-0\"  class=\"panel-grid-cell\" ><div id=\"panel-2901-0-0-0\" class=\"so-panel widget widget_sow-editor panel-first-child\" data-index=\"0\" ><div\n\t\t\t\n\t\t\tclass=\"so-widget-sow-editor so-widget-sow-editor-base\"\n\t\t\t\n\t\t>\n<div class=\"siteorigin-widget-tinymce textwidget\">\n\t<div class=\"thim-about-us-quote\">\n<p>Un acc\u00e8s privil\u00e9gi\u00e9 \u00e0 des formateurs, gestionnaires et entrepreneurs de renom.<\/p>\n<hr \/>\n<\/div>\n<\/div>\n<\/div><\/div><div id=\"panel-2901-0-0-1\" class=\"so-panel widget widget_gallery-images panel-last-child\" data-index=\"1\" ><div class=\"thim-widget-gallery-images template-base\"><div class=\"thim-carousel-wrapper gallery-img\" data-visible=\"1\" data-itemtablet=\"2\" data-itemmobile=\"1\" data-autoplay=\"0\" data-navigation=\"1\" data-pagination=\"1\" data-loop=\"true\"><div class=\"item\"><img width=\"640\" height=\"426\" src=\"https:\/\/www.institutleadership.ca\/inscription\/wp-content\/uploads\/sites\/10\/2019\/01\/INSTITUT-DU-LEADER-SHIP34.jpg\" class=\"attachment-large size-large\" alt=\"\" decoding=\"async\" loading=\"lazy\" srcset=\"https:\/\/www.institutleadership.ca\/inscription\/wp-content\/uploads\/sites\/10\/2019\/01\/INSTITUT-DU-LEADER-SHIP34.jpg 800w, https:\/\/www.institutleadership.ca\/inscription\/wp-content\/uploads\/sites\/10\/2019\/01\/INSTITUT-DU-LEADER-SHIP34-300x200.jpg 300w, https:\/\/www.institutleadership.ca\/inscription\/wp-content\/uploads\/sites\/10\/2019\/01\/INSTITUT-DU-LEADER-SHIP34-768x512.jpg 768w, https:\/\/www.institutleadership.ca\/inscription\/wp-content\/uploads\/sites\/10\/2019\/01\/INSTITUT-DU-LEADER-SHIP34-600x400.jpg 600w, https:\/\/www.institutleadership.ca\/inscription\/wp-content\/uploads\/sites\/10\/2019\/01\/INSTITUT-DU-LEADER-SHIP34-272x182.jpg 272w\" sizes=\"(max-width: 640px) 100vw, 640px\" \/><\/div><div class=\"item\"><img width=\"640\" height=\"426\" src=\"https:\/\/www.institutleadership.ca\/inscription\/wp-content\/uploads\/sites\/10\/2019\/01\/INSTITUT-DU-LEADER-SHIP88.jpg\" class=\"attachment-large size-large\" alt=\"\" decoding=\"async\" loading=\"lazy\" srcset=\"https:\/\/www.institutleadership.ca\/inscription\/wp-content\/uploads\/sites\/10\/2019\/01\/INSTITUT-DU-LEADER-SHIP88.jpg 800w, https:\/\/www.institutleadership.ca\/inscription\/wp-content\/uploads\/sites\/10\/2019\/01\/INSTITUT-DU-LEADER-SHIP88-600x400.jpg 600w, https:\/\/www.institutleadership.ca\/inscription\/wp-content\/uploads\/sites\/10\/2019\/01\/INSTITUT-DU-LEADER-SHIP88-300x200.jpg 300w\" sizes=\"(max-width: 640px) 100vw, 640px\" \/><\/div><div class=\"item\"><img width=\"640\" height=\"426\" src=\"https:\/\/www.institutleadership.ca\/inscription\/wp-content\/uploads\/sites\/10\/2019\/01\/INSTITUT-DU-LEADER-SHIP77.jpg\" class=\"attachment-large size-large\" alt=\"\" decoding=\"async\" loading=\"lazy\" srcset=\"https:\/\/www.institutleadership.ca\/inscription\/wp-content\/uploads\/sites\/10\/2019\/01\/INSTITUT-DU-LEADER-SHIP77.jpg 800w, https:\/\/www.institutleadership.ca\/inscription\/wp-content\/uploads\/sites\/10\/2019\/01\/INSTITUT-DU-LEADER-SHIP77-600x400.jpg 600w, https:\/\/www.institutleadership.ca\/inscription\/wp-content\/uploads\/sites\/10\/2019\/01\/INSTITUT-DU-LEADER-SHIP77-300x200.jpg 300w\" sizes=\"(max-width: 640px) 100vw, 640px\" \/><\/div><div class=\"item\"><img width=\"640\" height=\"426\" src=\"https:\/\/www.institutleadership.ca\/inscription\/wp-content\/uploads\/sites\/10\/2019\/01\/INSTITUT-DU-LEADER-SHIP66.jpg\" class=\"attachment-large size-large\" alt=\"\" decoding=\"async\" loading=\"lazy\" srcset=\"https:\/\/www.institutleadership.ca\/inscription\/wp-content\/uploads\/sites\/10\/2019\/01\/INSTITUT-DU-LEADER-SHIP66.jpg 800w, https:\/\/www.institutleadership.ca\/inscription\/wp-content\/uploads\/sites\/10\/2019\/01\/INSTITUT-DU-LEADER-SHIP66-600x400.jpg 600w, https:\/\/www.institutleadership.ca\/inscription\/wp-content\/uploads\/sites\/10\/2019\/01\/INSTITUT-DU-LEADER-SHIP66-300x200.jpg 300w\" sizes=\"(max-width: 640px) 100vw, 640px\" \/><\/div><div class=\"item\"><img width=\"640\" height=\"426\" src=\"https:\/\/www.institutleadership.ca\/inscription\/wp-content\/uploads\/sites\/10\/2019\/01\/INSTITUT-DU-LEADER-SHIP44.jpg\" class=\"attachment-large size-large\" alt=\"\" decoding=\"async\" loading=\"lazy\" srcset=\"https:\/\/www.institutleadership.ca\/inscription\/wp-content\/uploads\/sites\/10\/2019\/01\/INSTITUT-DU-LEADER-SHIP44.jpg 800w, https:\/\/www.institutleadership.ca\/inscription\/wp-content\/uploads\/sites\/10\/2019\/01\/INSTITUT-DU-LEADER-SHIP44-600x400.jpg 600w, https:\/\/www.institutleadership.ca\/inscription\/wp-content\/uploads\/sites\/10\/2019\/01\/INSTITUT-DU-LEADER-SHIP44-300x200.jpg 300w\" sizes=\"(max-width: 640px) 100vw, 640px\" \/><\/div><div class=\"item\"><img width=\"640\" height=\"426\" src=\"https:\/\/www.institutleadership.ca\/inscription\/wp-content\/uploads\/sites\/10\/2019\/01\/INSTITUT-DU-LEADER-SHIP33.jpg\" class=\"attachment-large size-large\" alt=\"\" decoding=\"async\" loading=\"lazy\" srcset=\"https:\/\/www.institutleadership.ca\/inscription\/wp-content\/uploads\/sites\/10\/2019\/01\/INSTITUT-DU-LEADER-SHIP33.jpg 800w, https:\/\/www.institutleadership.ca\/inscription\/wp-content\/uploads\/sites\/10\/2019\/01\/INSTITUT-DU-LEADER-SHIP33-600x400.jpg 600w, https:\/\/www.institutleadership.ca\/inscription\/wp-content\/uploads\/sites\/10\/2019\/01\/INSTITUT-DU-LEADER-SHIP33-300x200.jpg 300w\" sizes=\"(max-width: 640px) 100vw, 640px\" \/><\/div><div class=\"item\"><img width=\"640\" height=\"426\" src=\"https:\/\/www.institutleadership.ca\/inscription\/wp-content\/uploads\/sites\/10\/2019\/01\/INSTITUT-DU-LEADER-SHIP2.jpg\" class=\"attachment-large size-large\" alt=\"\" decoding=\"async\" loading=\"lazy\" srcset=\"https:\/\/www.institutleadership.ca\/inscription\/wp-content\/uploads\/sites\/10\/2019\/01\/INSTITUT-DU-LEADER-SHIP2.jpg 800w, https:\/\/www.institutleadership.ca\/inscription\/wp-content\/uploads\/sites\/10\/2019\/01\/INSTITUT-DU-LEADER-SHIP2-600x400.jpg 600w, https:\/\/www.institutleadership.ca\/inscription\/wp-content\/uploads\/sites\/10\/2019\/01\/INSTITUT-DU-LEADER-SHIP2-300x200.jpg 300w\" sizes=\"(max-width: 640px) 100vw, 640px\" \/><\/div><div class=\"item\"><img width=\"640\" height=\"426\" src=\"https:\/\/www.institutleadership.ca\/inscription\/wp-content\/uploads\/sites\/10\/2019\/01\/INSTITUT-DU-LEADER-SHIP-1.jpg\" class=\"attachment-large size-large\" alt=\"\" decoding=\"async\" loading=\"lazy\" srcset=\"https:\/\/www.institutleadership.ca\/inscription\/wp-content\/uploads\/sites\/10\/2019\/01\/INSTITUT-DU-LEADER-SHIP-1.jpg 800w, https:\/\/www.institutleadership.ca\/inscription\/wp-content\/uploads\/sites\/10\/2019\/01\/INSTITUT-DU-LEADER-SHIP-1-600x400.jpg 600w, https:\/\/www.institutleadership.ca\/inscription\/wp-content\/uploads\/sites\/10\/2019\/01\/INSTITUT-DU-LEADER-SHIP-1-300x200.jpg 300w\" sizes=\"(max-width: 640px) 100vw, 640px\" \/><\/div><\/div><\/div><\/div><\/div><\/div><div id=\"pg-2901-1\"  class=\"panel-grid panel-no-style\" ><div id=\"pgc-2901-1-0\"  class=\"panel-grid-cell\" ><div id=\"panel-2901-1-0-0\" class=\"so-panel widget widget_empty-space panel-first-child panel-last-child\" data-index=\"2\" ><div class=\"thim-widget-empty-space template-base\"><div class=\"empty_space\" style=\"height:20px\"><\/div><\/div><\/div><\/div><\/div><div id=\"pg-2901-2\"  class=\"panel-grid panel-no-style\" ><div id=\"pgc-2901-2-0\"  class=\"panel-grid-cell\" ><div id=\"panel-2901-2-0-0\" class=\"so-panel widget widget_sow-editor panel-first-child panel-last-child\" data-index=\"3\" ><div\n\t\t\t\n\t\t\tclass=\"so-widget-sow-editor so-widget-sow-editor-base\"\n\t\t\t\n\t\t><h3 class=\"widget-title\">Qui sommes nous?<\/h3>\n<div class=\"siteorigin-widget-tinymce textwidget\">\n\t<p>Pour nous, il n\u2019y a pas un seul type de gestion, une seule mani\u00e8re de diriger, une seule d\u00e9\ufb01nition du leadership. Nos mod\u00e8les sont multiples et de tous les horizons, parce que chacun doit s\u2019approprier son r\u00f4le, faire les choses \u00e0 sa fa\u00e7on. Nous sommes n\u00e9s d\u2019une conviction : pour former des leaders, il faut des leaders. Nous ne croyons pas \u00e0 la perfection, mais \u00e0 la motivation de ceux qui cherchent \u00e0 l\u2019atteindre. Notre territoire est celui de l\u2019exp\u00e9rience. Celle de nos intervenants et celle des participants. Ici, tout le monde apprend.<\/p>\n<p class=\"sub-heading\"><strong>Plus concr\u00e8tement, l\u2019Institut vous offre :<\/strong><\/p>\n<p class=\"qui-sommes-nous\">\n<li>Un acc\u00e8s privil\u00e9gi\u00e9 \u00e0 des formateurs, gestionnaires et entrepreneurs de renom;<\/li>\n<li>Des formations ax\u00e9es sur des exemples concrets et pratiques;<\/li>\n<li>Des s\u00e9ances de discussions dirig\u00e9es favorisant une r\u00e9flexion sur soi et sur le fonctionnement de son organisation;<\/li>\n<li>Une fa\u00e7on rapide et efficace de d\u00e9velopper ses habilet\u00e9s de direction, sa pens\u00e9e strat\u00e9gique et son leadership.<\/li>\n<\/div>\n<\/div><\/div><\/div><\/div><div id=\"pg-2901-3\"  class=\"panel-grid panel-no-style\" ><div id=\"pgc-2901-3-0\"  class=\"panel-grid-cell panel-grid-cell-empty\" ><\/div><div id=\"pgc-2901-3-1\"  class=\"panel-grid-cell panel-grid-cell-empty\" ><\/div><div id=\"pgc-2901-3-2\"  class=\"panel-grid-cell panel-grid-cell-empty panel-grid-cell-mobile-last\" ><\/div><div id=\"pgc-2901-3-3\"  class=\"panel-grid-cell panel-grid-cell-empty\" ><\/div><\/div><div id=\"pg-2901-4\"  class=\"panel-grid panel-has-style\" ><div class=\"siteorigin-panels-stretch panel-row-style panel-row-style-for-2901-4\" data-stretch-type=\"full\" ><div id=\"pgc-2901-4-0\"  class=\"panel-grid-cell panel-grid-cell-empty\" ><\/div><\/div><\/div><div id=\"pg-2901-5\"  class=\"panel-grid panel-no-style\" ><div id=\"pgc-2901-5-0\"  class=\"panel-grid-cell\" ><div id=\"panel-2901-5-0-0\" class=\"so-panel widget widget_heading panel-first-child panel-last-child\" data-index=\"4\" ><div class=\"thim-widget-heading template-base\"><div class=\"sc_heading  text-center\"><h3 style=\"text-transform: uppercase;\" class=\"title\">RENCONTREZ NOTRE \u00c9QUIPE<\/h3><p class=\"sub-heading\" style=\"\">Des experts de renom<\/p><span class=\"line\"><\/span><\/div><\/div><\/div><\/div><\/div><div id=\"pg-2901-6\"  class=\"panel-grid panel-no-style\" ><div id=\"pgc-2901-6-0\"  class=\"panel-grid-cell\" ><div id=\"panel-2901-6-0-0\" class=\"so-panel widget widget_our-team panel-first-child panel-last-child\" data-index=\"5\" ><div class=\"thim-widget-our-team template-our-team\">\n<div class=\"wrapper-lists-our-team icon-image-hover\"><a class=\"join-our-team\" href=\"\/montreal\/experts\" title=\"Liste des formateurs et conf\u00e9renciers\" rel=\"nofollow\" target=\"_blank\">Liste des formateurs et conf\u00e9renciers<\/a><div class=\"row\"><div class=\"our-team-item col-sm-3\"><div class=\"our-team-image\"> <a class=\"link-img\" href=\"https:\/\/www.institutleadership.ca\/inscription\/experts\/jean-allan\/\"><\/a><img src=\"https:\/\/www.institutleadership.ca\/inscription\/wp-content\/uploads\/sites\/10\/2020\/01\/photo-jean-200x200.png\" alt=\"photo jean\" title=\"photo jean\"  width=\"200\" height=\"200\"><div class=\"social-team\"><\/div><\/div><div class=\"content-team\"><h4 class=\"title\"><a href=\"https:\/\/www.institutleadership.ca\/inscription\/experts\/jean-allan\/\">Jean Allan, consultant et coach d\u2019affaires<\/a><\/h4><\/div><\/div><div class=\"our-team-item col-sm-3\"><div class=\"our-team-image\"> <a class=\"link-img\" href=\"https:\/\/www.institutleadership.ca\/inscription\/experts\/louis-audet\/\"><\/a><img src=\"https:\/\/www.institutleadership.ca\/inscription\/wp-content\/uploads\/sites\/10\/2018\/12\/Louis-Audet-200x200.jpg\" alt=\"Louis-Audet\" title=\"Louis-Audet\"  width=\"200\" height=\"200\"><div class=\"social-team\"><\/div><\/div><div class=\"content-team\"><h4 class=\"title\"><a href=\"https:\/\/www.institutleadership.ca\/inscription\/experts\/louis-audet\/\">Louis Audet, Pr\u00e9sident ex\u00e9cutif du conseil de Cogeco<\/a><\/h4><\/div><\/div><div class=\"our-team-item col-sm-3\"><div class=\"our-team-image\"> <a class=\"link-img\" href=\"https:\/\/www.institutleadership.ca\/inscription\/experts\/raymond-bachand\/\"><\/a><img src=\"https:\/\/www.institutleadership.ca\/inscription\/wp-content\/uploads\/sites\/10\/2019\/12\/2021-01-15-200x200.jpg\" alt=\"2021-01-15\" title=\"2021-01-15\"  width=\"200\" height=\"200\"><div class=\"social-team\"><\/div><\/div><div class=\"content-team\"><h4 class=\"title\"><a href=\"https:\/\/www.institutleadership.ca\/inscription\/experts\/raymond-bachand\/\">Raymond Bachand, pr\u00e9sident de l&#8217;Institut du Qu\u00e9bec<\/a><\/h4><\/div><\/div><div class=\"our-team-item col-sm-3\"><div class=\"our-team-image\"> <a class=\"link-img\" href=\"https:\/\/www.institutleadership.ca\/inscription\/experts\/serge-bastien-chef-dequipe-des-conseillers-du-cteq\/\"><\/a><img src=\"https:\/\/www.institutleadership.ca\/inscription\/wp-content\/uploads\/sites\/10\/2021\/11\/Photo-Serge-Bastien_CTEQ-200x200.jpg\" alt=\"Photo Serge Bastien_CTEQ\" title=\"Photo Serge Bastien_CTEQ\"  width=\"200\" height=\"200\"><div class=\"social-team\"><\/div><\/div><div class=\"content-team\"><h4 class=\"title\"><a href=\"https:\/\/www.institutleadership.ca\/inscription\/experts\/serge-bastien-chef-dequipe-des-conseillers-du-cteq\/\">Serge Bastien, Chef d&#8217;\u00e9quipe des conseillers du CTEQ<\/a><\/h4><\/div><\/div><div class=\"our-team-item col-sm-3\"><div class=\"our-team-image\"> <a class=\"link-img\" href=\"https:\/\/www.institutleadership.ca\/inscription\/experts\/line-beauchamp-consultante-strategique-et-ancienne-deleguee-generale-du-quebec-a-paris\/\"><\/a><img src=\"https:\/\/www.institutleadership.ca\/inscription\/wp-content\/uploads\/sites\/10\/2022\/03\/Line-200x200.jpg\" alt=\"Line\" title=\"Line\"  width=\"200\" height=\"200\"><div class=\"social-team\"><\/div><\/div><div class=\"content-team\"><h4 class=\"title\"><a href=\"https:\/\/www.institutleadership.ca\/inscription\/experts\/line-beauchamp-consultante-strategique-et-ancienne-deleguee-generale-du-quebec-a-paris\/\">Line Beauchamp, consultante strat\u00e9gique<\/a><\/h4><\/div><\/div><div class=\"our-team-item col-sm-3\"><div class=\"our-team-image\"> <a class=\"link-img\" href=\"https:\/\/www.institutleadership.ca\/inscription\/experts\/louise-beaudoin-presidente-du-ca-du-regroupement-des-evenements-majeurs-internationaux\/\"><\/a><img src=\"https:\/\/www.institutleadership.ca\/inscription\/wp-content\/uploads\/sites\/10\/2022\/09\/image0032-min-200x200.png\" alt=\"image003(2)-min\" title=\"image003(2)-min\"  width=\"200\" height=\"200\"><div class=\"social-team\"><\/div><\/div><div class=\"content-team\"><h4 class=\"title\"><a href=\"https:\/\/www.institutleadership.ca\/inscription\/experts\/louise-beaudoin-presidente-du-ca-du-regroupement-des-evenements-majeurs-internationaux\/\">Louise Beaudoin, pr\u00e9sidente du CA du Regroupement des \u00e9v\u00e9nements majeurs internationaux<\/a><\/h4><\/div><\/div><div class=\"our-team-item col-sm-3\"><div class=\"our-team-image\"> <a class=\"link-img\" href=\"https:\/\/www.institutleadership.ca\/inscription\/experts\/daniel-beaupre\/\"><\/a><img src=\"https:\/\/www.institutleadership.ca\/inscription\/wp-content\/uploads\/sites\/10\/2018\/12\/daniel_braupre--200x200.jpg\" alt=\"daniel_braupre-\" title=\"daniel_braupre-\"  width=\"200\" height=\"200\"><div class=\"social-team\"><\/div><\/div><div class=\"content-team\"><h4 class=\"title\"><a href=\"https:\/\/www.institutleadership.ca\/inscription\/experts\/daniel-beaupre\/\">Daniel Beaupr\u00e9, professeur titulaire \u00e0 l&#8217;ESG UQAM<\/a><\/h4><\/div><\/div><div class=\"our-team-item col-sm-3\"><div class=\"our-team-image\"> <a class=\"link-img\" href=\"https:\/\/www.institutleadership.ca\/inscription\/experts\/jean-bedard\/\"><\/a><img src=\"https:\/\/www.institutleadership.ca\/inscription\/wp-content\/uploads\/sites\/10\/2019\/04\/0-200x200.jpg\" alt=\"0\" title=\"0\"  width=\"200\" height=\"200\"><div class=\"social-team\"><\/div><\/div><div class=\"content-team\"><h4 class=\"title\"><a href=\"https:\/\/www.institutleadership.ca\/inscription\/experts\/jean-bedard\/\">Jean B\u00e9dard, pr\u00e9sident de la CAGE<\/a><\/h4><\/div><\/div><\/div><\/div><\/div><\/div><\/div><\/div><div id=\"pg-2901-7\"  class=\"panel-grid panel-no-style\" ><div id=\"pgc-2901-7-0\"  class=\"panel-grid-cell\" ><div id=\"panel-2901-7-0-0\" class=\"so-panel widget widget_sow-editor panel-first-child panel-last-child\" data-index=\"6\" ><div\n\t\t\t\n\t\t\tclass=\"so-widget-sow-editor so-widget-sow-editor-base\"\n\t\t\t\n\t\t>\n<div class=\"siteorigin-widget-tinymce textwidget\">\n\t<\/div>\n<\/div><\/div><\/div><\/div><\/div>","protected":false},"excerpt":{"rendered":"<p>Un acc\u00e8s privil\u00e9gi\u00e9 \u00e0 des formateurs, gestionnaires et entrepreneurs de renom. Qui sommes nous? Pour nous, il n\u2019y a pas un seul type de gestion, une seule mani\u00e8re de diriger, une seule d\u00e9\ufb01nition du leadership. Nos mod\u00e8les sont multiples et &hellip; <\/p>\n","protected":false},"author":1,"featured_media":0,"parent":0,"menu_order":0,"comment_status":"closed","ping_status":"closed","template":"","meta":{"content-type":"","om_disable_all_campaigns":false},"yoast_head":"<!-- This site is optimized with the Yoast SEO plugin v20.6 - https:\/\/yoast.com\/wordpress\/plugins\/seo\/ -->\n<title>About us - Institut de Leadership<\/title>\n<meta name=\"robots\" content=\"index, follow, max-snippet:-1, max-image-preview:large, max-video-preview:-1\" \/>\n<link rel=\"canonical\" href=\"https:\/\/www.institutleadership.ca\/inscription\/about-us\/\" \/>\n<meta property=\"og:locale\" content=\"fr_CA\" \/>\n<meta property=\"og:type\" content=\"article\" \/>\n<meta property=\"og:title\" content=\"About us - Institut de Leadership\" \/>\n<meta property=\"og:description\" content=\"Un acc\u00e8s privil\u00e9gi\u00e9 \u00e0 des formateurs, gestionnaires et entrepreneurs de renom. Qui sommes nous? Pour nous, il n\u2019y a pas un seul type de gestion, une seule mani\u00e8re de diriger, une seule d\u00e9\ufb01nition du leadership. Nos mod\u00e8les sont multiples et &hellip;\" \/>\n<meta property=\"og:url\" content=\"https:\/\/www.institutleadership.ca\/inscription\/about-us\/\" \/>\n<meta property=\"og:site_name\" content=\"Institut de Leadership\" \/>\n<meta property=\"article:publisher\" content=\"https:\/\/www.facebook.com\/institutleadership\/\" \/>\n<meta property=\"article:modified_time\" content=\"2024-03-19T20:49:26+00:00\" \/>\n<meta name=\"twitter:card\" content=\"summary_large_image\" \/>\n<meta name=\"twitter:label1\" content=\"Estimation du temps de lecture\" \/>\n\t<meta name=\"twitter:data1\" content=\"2 minutes\" \/>\n<script type=\"application\/ld+json\" class=\"yoast-schema-graph\">{\"@context\":\"https:\/\/schema.org\",\"@graph\":[{\"@type\":\"WebPage\",\"@id\":\"https:\/\/www.institutleadership.ca\/inscription\/about-us\/\",\"url\":\"https:\/\/www.institutleadership.ca\/inscription\/about-us\/\",\"name\":\"About us - Institut de Leadership\",\"isPartOf\":{\"@id\":\"https:\/\/www.institutleadership.ca\/inscription\/#website\"},\"datePublished\":\"2015-11-18T08:34:00+00:00\",\"dateModified\":\"2024-03-19T20:49:26+00:00\",\"breadcrumb\":{\"@id\":\"https:\/\/www.institutleadership.ca\/inscription\/about-us\/#breadcrumb\"},\"inLanguage\":\"fr-CA\",\"potentialAction\":[{\"@type\":\"ReadAction\",\"target\":[\"https:\/\/www.institutleadership.ca\/inscription\/about-us\/\"]}]},{\"@type\":\"BreadcrumbList\",\"@id\":\"https:\/\/www.institutleadership.ca\/inscription\/about-us\/#breadcrumb\",\"itemListElement\":[{\"@type\":\"ListItem\",\"position\":1,\"name\":\"Accueil\",\"item\":\"https:\/\/www.institutleadership.ca\/inscription\/\"},{\"@type\":\"ListItem\",\"position\":2,\"name\":\"About us\"}]},{\"@type\":\"WebSite\",\"@id\":\"https:\/\/www.institutleadership.ca\/inscription\/#website\",\"url\":\"https:\/\/www.institutleadership.ca\/inscription\/\",\"name\":\"Institut de leadership\",\"description\":\"Formations pour cadres et dirigeants\",\"publisher\":{\"@id\":\"https:\/\/www.institutleadership.ca\/inscription\/#organization\"},\"potentialAction\":[{\"@type\":\"SearchAction\",\"target\":{\"@type\":\"EntryPoint\",\"urlTemplate\":\"https:\/\/www.institutleadership.ca\/inscription\/?s={search_term_string}\"},\"query-input\":\"required name=search_term_string\"}],\"inLanguage\":\"fr-CA\"},{\"@type\":\"Organization\",\"@id\":\"https:\/\/www.institutleadership.ca\/inscription\/#organization\",\"name\":\"Institut de leadership\",\"url\":\"https:\/\/www.institutleadership.ca\/inscription\/\",\"logo\":{\"@type\":\"ImageObject\",\"inLanguage\":\"fr-CA\",\"@id\":\"https:\/\/www.institutleadership.ca\/inscription\/#\/schema\/logo\/image\/\",\"url\":\"https:\/\/www.institutleadership.ca\/english\/wp-content\/uploads\/sites\/10\/2019\/11\/Logo_Officiel-2-1.jpg\",\"contentUrl\":\"https:\/\/www.institutleadership.ca\/english\/wp-content\/uploads\/sites\/10\/2019\/11\/Logo_Officiel-2-1.jpg\",\"width\":2048,\"height\":1024,\"caption\":\"Institut de leadership\"},\"image\":{\"@id\":\"https:\/\/www.institutleadership.ca\/inscription\/#\/schema\/logo\/image\/\"},\"sameAs\":[\"https:\/\/www.facebook.com\/institutleadership\/\",\"https:\/\/www.linkedin.com\/school\/5305840\"]}]}<\/script>\n<!-- \/ Yoast SEO plugin. -->","yoast_head_json":{"title":"About us - Institut de Leadership","robots":{"index":"index","follow":"follow","max-snippet":"max-snippet:-1","max-image-preview":"max-image-preview:large","max-video-preview":"max-video-preview:-1"},"canonical":"https:\/\/www.institutleadership.ca\/inscription\/about-us\/","og_locale":"fr_CA","og_type":"article","og_title":"About us - Institut de Leadership","og_description":"Un acc\u00e8s privil\u00e9gi\u00e9 \u00e0 des formateurs, gestionnaires et entrepreneurs de renom. Qui sommes nous? Pour nous, il n\u2019y a pas un seul type de gestion, une seule mani\u00e8re de diriger, une seule d\u00e9\ufb01nition du leadership. Nos mod\u00e8les sont multiples et &hellip;","og_url":"https:\/\/www.institutleadership.ca\/inscription\/about-us\/","og_site_name":"Institut de Leadership","article_publisher":"https:\/\/www.facebook.com\/institutleadership\/","article_modified_time":"2024-03-19T20:49:26+00:00","twitter_card":"summary_large_image","twitter_misc":{"Estimation du temps de lecture":"2 minutes"},"schema":{"@context":"https:\/\/schema.org","@graph":[{"@type":"WebPage","@id":"https:\/\/www.institutleadership.ca\/inscription\/about-us\/","url":"https:\/\/www.institutleadership.ca\/inscription\/about-us\/","name":"About us - Institut de Leadership","isPartOf":{"@id":"https:\/\/www.institutleadership.ca\/inscription\/#website"},"datePublished":"2015-11-18T08:34:00+00:00","dateModified":"2024-03-19T20:49:26+00:00","breadcrumb":{"@id":"https:\/\/www.institutleadership.ca\/inscription\/about-us\/#breadcrumb"},"inLanguage":"fr-CA","potentialAction":[{"@type":"ReadAction","target":["https:\/\/www.institutleadership.ca\/inscription\/about-us\/"]}]},{"@type":"BreadcrumbList","@id":"https:\/\/www.institutleadership.ca\/inscription\/about-us\/#breadcrumb","itemListElement":[{"@type":"ListItem","position":1,"name":"Accueil","item":"https:\/\/www.institutleadership.ca\/inscription\/"},{"@type":"ListItem","position":2,"name":"About us"}]},{"@type":"WebSite","@id":"https:\/\/www.institutleadership.ca\/inscription\/#website","url":"https:\/\/www.institutleadership.ca\/inscription\/","name":"Institut de leadership","description":"Formations pour cadres et dirigeants","publisher":{"@id":"https:\/\/www.institutleadership.ca\/inscription\/#organization"},"potentialAction":[{"@type":"SearchAction","target":{"@type":"EntryPoint","urlTemplate":"https:\/\/www.institutleadership.ca\/inscription\/?s={search_term_string}"},"query-input":"required name=search_term_string"}],"inLanguage":"fr-CA"},{"@type":"Organization","@id":"https:\/\/www.institutleadership.ca\/inscription\/#organization","name":"Institut de leadership","url":"https:\/\/www.institutleadership.ca\/inscription\/","logo":{"@type":"ImageObject","inLanguage":"fr-CA","@id":"https:\/\/www.institutleadership.ca\/inscription\/#\/schema\/logo\/image\/","url":"https:\/\/www.institutleadership.ca\/english\/wp-content\/uploads\/sites\/10\/2019\/11\/Logo_Officiel-2-1.jpg","contentUrl":"https:\/\/www.institutleadership.ca\/english\/wp-content\/uploads\/sites\/10\/2019\/11\/Logo_Officiel-2-1.jpg","width":2048,"height":1024,"caption":"Institut de leadership"},"image":{"@id":"https:\/\/www.institutleadership.ca\/inscription\/#\/schema\/logo\/image\/"},"sameAs":["https:\/\/www.facebook.com\/institutleadership\/","https:\/\/www.linkedin.com\/school\/5305840"]}]}},"_links":{"self":[{"href":"https:\/\/www.institutleadership.ca\/inscription\/wp-json\/wp\/v2\/pages\/2901"}],"collection":[{"href":"https:\/\/www.institutleadership.ca\/inscription\/wp-json\/wp\/v2\/pages"}],"about":[{"href":"https:\/\/www.institutleadership.ca\/inscription\/wp-json\/wp\/v2\/types\/page"}],"author":[{"embeddable":true,"href":"https:\/\/www.institutleadership.ca\/inscription\/wp-json\/wp\/v2\/users\/1"}],"replies":[{"embeddable":true,"href":"https:\/\/www.institutleadership.ca\/inscription\/wp-json\/wp\/v2\/comments?post=2901"}],"version-history":[{"count":89,"href":"https:\/\/www.institutleadership.ca\/inscription\/wp-json\/wp\/v2\/pages\/2901\/revisions"}],"predecessor-version":[{"id":15311,"href":"https:\/\/www.institutleadership.ca\/inscription\/wp-json\/wp\/v2\/pages\/2901\/revisions\/15311"}],"wp:attachment":[{"href":"https:\/\/www.institutleadership.ca\/inscription\/wp-json\/wp\/v2\/media?parent=2901"}],"curies":[{"name":"wp","href":"https:\/\/api.w.org\/{rel}","templated":true}]}}