{"id":91,"date":"2015-10-22T03:26:46","date_gmt":"2015-10-22T03:26:46","guid":{"rendered":"http:\/\/demo.thimpress.com\/eduma\/?page_id=91"},"modified":"2024-03-20T13:27:19","modified_gmt":"2024-03-20T17:27:19","slug":"f-a-q","status":"publish","type":"page","link":"https:\/\/www.institutleadership.ca\/inscription\/f-a-q\/","title":{"rendered":"F. A. Q."},"content":{"rendered":"<div id=\"pl-91\"  class=\"panel-layout\" ><div id=\"pg-91-0\"  class=\"panel-grid panel-no-style\" ><div id=\"pgc-91-0-0\"  class=\"panel-grid-cell\" ><div id=\"panel-91-0-0-0\" class=\"so-panel widget widget_heading panel-first-child panel-last-child\" data-index=\"0\" ><div class=\"panel-widget-style panel-widget-style-for-91-0-0-0\" ><div class=\"thim-widget-heading template-base\"><div class=\"sc_heading  text-center\"><h3 style=\"text-transform: uppercase;\" class=\"title\">Foire aux questions<\/h3><span class=\"line\"><\/span><\/div><\/div><\/div><\/div><\/div><\/div><div id=\"pg-91-1\"  class=\"panel-grid panel-no-style\" ><div id=\"pgc-91-1-0\"  class=\"panel-grid-cell\" ><div id=\"panel-91-1-0-0\" class=\"so-panel widget widget_accordion panel-first-child panel-last-child\" data-index=\"1\" ><div class=\"thim-widget-accordion template-base\"><div class=\"thim-widget-accordion\"><div id=\"accordion_69e1ed5e99197\" class=\"panel-group\" role=\"tablist\" aria-multiselectable=\"true\">\n\t<!-- List Panel -->\n\t\n\t\t<div class=\"panel panel-default\">\n\t\t\t<div class=\"panel-heading\" role=\"tab\" id=\"heading_accordion_69e1ed5e99197_0\">\n\t\t\t\t<h4 class=\"panel-title\">\n\t\t\t\t\t<a role=\"button\" class=\"collapsed\" data-toggle=\"collapse\"\n\t\t\t\t\t   data-parent=\"#accordion_69e1ed5e99197\"\n\t\t\t\t\t   href=\"#collapse_accordion_69e1ed5e99197_0\" aria-expanded=\"false\"\n\t\t\t\t\t   aria-controls=\"collapse_accordion_69e1ed5e99197_0\">\n\t\t\t\t\t\tQuelle est la reconnaissance de vos programmes?\t\t\t\t\t<\/a>\n\t\t\t\t<\/h4>\n\t\t\t<\/div>\n\t\t\t<div id=\"collapse_accordion_69e1ed5e99197_0\" class=\"panel-collapse collapse\"\n\t\t\t\t role=\"tabpanel\" aria-labelledby=\"heading_accordion_69e1ed5e99197_0\">\n\t\t\t\t<div class=\"panel-body\">\n\t\t\t\t\tL\u2019Institut de leadership en gestion est un organisme de formation reconnu officiellement par la Commission des partenaires du march\u00e9 du travail (loi du 1%). La Certification en leadership et habilet\u00e9s de direction est reconnue officiellement par l'Ordre des CPA et le Barreau du Qu\u00e9bec. L'Institut de leadership est partenaire de la prestigieuse Grenoble \u00c9cole de Management en France et aussi de la Formation continue de l\u2019Universit\u00e9 Concordia.\t\t\t\t<\/div>\n\t\t\t<\/div>\n\t\t<\/div>\n\n\t\n\t\t<div class=\"panel panel-default\">\n\t\t\t<div class=\"panel-heading\" role=\"tab\" id=\"heading_accordion_69e1ed5e99197_1\">\n\t\t\t\t<h4 class=\"panel-title\">\n\t\t\t\t\t<a role=\"button\" class=\"collapsed\" data-toggle=\"collapse\"\n\t\t\t\t\t   data-parent=\"#accordion_69e1ed5e99197\"\n\t\t\t\t\t   href=\"#collapse_accordion_69e1ed5e99197_1\" aria-expanded=\"false\"\n\t\t\t\t\t   aria-controls=\"collapse_accordion_69e1ed5e99197_1\">\n\t\t\t\t\t\tEst-ce qu\u2019il y a des crit\u00e8res pour s\u2019inscrire aux formations?\t\t\t\t\t<\/a>\n\t\t\t\t<\/h4>\n\t\t\t<\/div>\n\t\t\t<div id=\"collapse_accordion_69e1ed5e99197_1\" class=\"panel-collapse collapse\"\n\t\t\t\t role=\"tabpanel\" aria-labelledby=\"heading_accordion_69e1ed5e99197_1\">\n\t\t\t\t<div class=\"panel-body\">\n\t\t\t\t\tNon. Nous sugg\u00e9rons fortement d\u2019avoir une exp\u00e9rience en gestion pour participer \u00e0 nos formations, mais il n\u2019y a pas de crit\u00e8res \u00e9tablis.\t\t\t\t<\/div>\n\t\t\t<\/div>\n\t\t<\/div>\n\n\t\n\t\t<div class=\"panel panel-default\">\n\t\t\t<div class=\"panel-heading\" role=\"tab\" id=\"heading_accordion_69e1ed5e99197_2\">\n\t\t\t\t<h4 class=\"panel-title\">\n\t\t\t\t\t<a role=\"button\" class=\"collapsed\" data-toggle=\"collapse\"\n\t\t\t\t\t   data-parent=\"#accordion_69e1ed5e99197\"\n\t\t\t\t\t   href=\"#collapse_accordion_69e1ed5e99197_2\" aria-expanded=\"false\"\n\t\t\t\t\t   aria-controls=\"collapse_accordion_69e1ed5e99197_2\">\n\t\t\t\t\t\tOffrez-vous des rabais sur les formations?\t\t\t\t\t<\/a>\n\t\t\t\t<\/h4>\n\t\t\t<\/div>\n\t\t\t<div id=\"collapse_accordion_69e1ed5e99197_2\" class=\"panel-collapse collapse\"\n\t\t\t\t role=\"tabpanel\" aria-labelledby=\"heading_accordion_69e1ed5e99197_2\">\n\t\t\t\t<div class=\"panel-body\">\n\t\t\t\t\tUn rabais de 15% est offert aux organismes \u00e0 but non lucratif et un rabais de 10% est offert aux organismes gouvernementaux.\t\t\t\t<\/div>\n\t\t\t<\/div>\n\t\t<\/div>\n\n\t\n\t\t<div class=\"panel panel-default\">\n\t\t\t<div class=\"panel-heading\" role=\"tab\" id=\"heading_accordion_69e1ed5e99197_3\">\n\t\t\t\t<h4 class=\"panel-title\">\n\t\t\t\t\t<a role=\"button\" class=\"collapsed\" data-toggle=\"collapse\"\n\t\t\t\t\t   data-parent=\"#accordion_69e1ed5e99197\"\n\t\t\t\t\t   href=\"#collapse_accordion_69e1ed5e99197_3\" aria-expanded=\"false\"\n\t\t\t\t\t   aria-controls=\"collapse_accordion_69e1ed5e99197_3\">\n\t\t\t\t\t\tQu\u2019arrive-t-il si je manque un des modules de la Certification?\t\t\t\t\t<\/a>\n\t\t\t\t<\/h4>\n\t\t\t<\/div>\n\t\t\t<div id=\"collapse_accordion_69e1ed5e99197_3\" class=\"panel-collapse collapse\"\n\t\t\t\t role=\"tabpanel\" aria-labelledby=\"heading_accordion_69e1ed5e99197_3\">\n\t\t\t\t<div class=\"panel-body\">\n\t\t\t\t\tSi vous devez absolument vous absenter durant la formation, nous vous offrirons l\u2019opportunit\u00e9 de reprendre le module manqu\u00e9 lors d\u2019une future cohorte. Si jamais il s'agit d'une formation en ligne, vous aurez un certain temps pour revoir la pr\u00e9sentation.\t\t\t\t<\/div>\n\t\t\t<\/div>\n\t\t<\/div>\n\n\t\n\t\t<div class=\"panel panel-default\">\n\t\t\t<div class=\"panel-heading\" role=\"tab\" id=\"heading_accordion_69e1ed5e99197_4\">\n\t\t\t\t<h4 class=\"panel-title\">\n\t\t\t\t\t<a role=\"button\" class=\"collapsed\" data-toggle=\"collapse\"\n\t\t\t\t\t   data-parent=\"#accordion_69e1ed5e99197\"\n\t\t\t\t\t   href=\"#collapse_accordion_69e1ed5e99197_4\" aria-expanded=\"false\"\n\t\t\t\t\t   aria-controls=\"collapse_accordion_69e1ed5e99197_4\">\n\t\t\t\t\t\tQuel est votre politique d&#039;annulation ?\t\t\t\t\t<\/a>\n\t\t\t\t<\/h4>\n\t\t\t<\/div>\n\t\t\t<div id=\"collapse_accordion_69e1ed5e99197_4\" class=\"panel-collapse collapse\"\n\t\t\t\t role=\"tabpanel\" aria-labelledby=\"heading_accordion_69e1ed5e99197_4\">\n\t\t\t\t<div class=\"panel-body\">\n\t\t\t\t\tRemboursement complet des frais d\u2019inscription si l\u2019annulation est signal\u00e9e \u00e0 21 jours ou plus de la tenue de l\u2019activit\u00e9.\n50 % des frais d\u2019inscription seront factur\u00e9s si l\u2019annulation est signal\u00e9e entre 7 et 20 jours avant la tenue de l\u2019activit\u00e9. \nLes frais d\u2019inscription \u00e0 une activit\u00e9 sont transf\u00e9rables \u00e0 une activit\u00e9 \u00e0 date subs\u00e9quente, \u00e0 condition de demeurer \u00e0 l\u2019int\u00e9rieur d\u2019une ann\u00e9e \u00e0 compter de la date de la premi\u00e8re activit\u00e9.\n\u00c0 moins de 7 jours d\u2019avis, 100 % des frais d\u2019inscription seront factur\u00e9s et il ne sera pas possible de transf\u00e9rer l\u2019inscription \u00e0 une prochaine cohorte.\nLa substitution d\u2019un participant par un autre est accept\u00e9e jusqu\u2019\u00e0 la date de d\u00e9but de l\u2019activit\u00e9. \nElle doit \u00eatre confirm\u00e9e le plus t\u00f4t possible et signal\u00e9e par la personne inscrite.\t\t\t\t<\/div>\n\t\t\t<\/div>\n\t\t<\/div>\n\n\t\t<!-- End: List Panel -->\n<\/div>\n<\/div>\n<\/div><\/div><\/div><div id=\"pgc-91-1-1\"  class=\"panel-grid-cell\" ><div id=\"panel-91-1-1-0\" class=\"so-panel widget widget_accordion panel-first-child panel-last-child\" data-index=\"2\" ><div class=\"thim-widget-accordion template-base\"><div class=\"thim-widget-accordion\"><div id=\"accordion_69e1ed5e99287\" class=\"panel-group\" role=\"tablist\" aria-multiselectable=\"true\">\n\t<!-- List Panel -->\n\t\n\t\t<div class=\"panel panel-default\">\n\t\t\t<div class=\"panel-heading\" role=\"tab\" id=\"heading_accordion_69e1ed5e99287_0\">\n\t\t\t\t<h4 class=\"panel-title\">\n\t\t\t\t\t<a role=\"button\" class=\"collapsed\" data-toggle=\"collapse\"\n\t\t\t\t\t   data-parent=\"#accordion_69e1ed5e99287\"\n\t\t\t\t\t   href=\"#collapse_accordion_69e1ed5e99287_0\" aria-expanded=\"false\"\n\t\t\t\t\t   aria-controls=\"collapse_accordion_69e1ed5e99287_0\">\n\t\t\t\t\t\tY a-t-il une date limite d\u2019inscription pour les formations?\t\t\t\t\t<\/a>\n\t\t\t\t<\/h4>\n\t\t\t<\/div>\n\t\t\t<div id=\"collapse_accordion_69e1ed5e99287_0\" class=\"panel-collapse collapse\"\n\t\t\t\t role=\"tabpanel\" aria-labelledby=\"heading_accordion_69e1ed5e99287_0\">\n\t\t\t\t<div class=\"panel-body\">\n\t\t\t\t\tNon, nous n\u2019avons pas de date limite pour les inscriptions. Nous acceptons des participants tant qu\u2019il y a des places de disponibles dans le groupe. Une fois le groupe complet, nous en ferons la mention dans le titre de l\u2019\u00e9v\u00e9nement.\t\t\t\t<\/div>\n\t\t\t<\/div>\n\t\t<\/div>\n\n\t\n\t\t<div class=\"panel panel-default\">\n\t\t\t<div class=\"panel-heading\" role=\"tab\" id=\"heading_accordion_69e1ed5e99287_1\">\n\t\t\t\t<h4 class=\"panel-title\">\n\t\t\t\t\t<a role=\"button\" class=\"collapsed\" data-toggle=\"collapse\"\n\t\t\t\t\t   data-parent=\"#accordion_69e1ed5e99287\"\n\t\t\t\t\t   href=\"#collapse_accordion_69e1ed5e99287_1\" aria-expanded=\"false\"\n\t\t\t\t\t   aria-controls=\"collapse_accordion_69e1ed5e99287_1\">\n\t\t\t\t\t\tSuis-je oblig\u00e9 de remettre le travail d\u2019int\u00e9gration pour obtenir le dipl\u00f4me de la Certification ?\t\t\t\t\t<\/a>\n\t\t\t\t<\/h4>\n\t\t\t<\/div>\n\t\t\t<div id=\"collapse_accordion_69e1ed5e99287_1\" class=\"panel-collapse collapse\"\n\t\t\t\t role=\"tabpanel\" aria-labelledby=\"heading_accordion_69e1ed5e99287_1\">\n\t\t\t\t<div class=\"panel-body\">\n\t\t\t\t\tOui, vous avez trois semaines pour nous envoyer le travail d'int\u00e9gration par courriel en faisant le lien avec votre r\u00e9alit\u00e9 \u00e0 titre de gestionnaire dans votre organisation et aux r\u00e9f\u00e9rences de votre cartable de formation. La mention de r\u00e9ussite (ou d'\u00e9chec) vous sera ensuite transmise et nous vous ferons parvenir votre dipl\u00f4me chez vous.\t\t\t\t<\/div>\n\t\t\t<\/div>\n\t\t<\/div>\n\n\t\n\t\t<div class=\"panel panel-default\">\n\t\t\t<div class=\"panel-heading\" role=\"tab\" id=\"heading_accordion_69e1ed5e99287_2\">\n\t\t\t\t<h4 class=\"panel-title\">\n\t\t\t\t\t<a role=\"button\" class=\"collapsed\" data-toggle=\"collapse\"\n\t\t\t\t\t   data-parent=\"#accordion_69e1ed5e99287\"\n\t\t\t\t\t   href=\"#collapse_accordion_69e1ed5e99287_2\" aria-expanded=\"false\"\n\t\t\t\t\t   aria-controls=\"collapse_accordion_69e1ed5e99287_2\">\n\t\t\t\t\t\tOffrez-vous des formations sur mesure en entreprise?\t\t\t\t\t<\/a>\n\t\t\t\t<\/h4>\n\t\t\t<\/div>\n\t\t\t<div id=\"collapse_accordion_69e1ed5e99287_2\" class=\"panel-collapse collapse\"\n\t\t\t\t role=\"tabpanel\" aria-labelledby=\"heading_accordion_69e1ed5e99287_2\">\n\t\t\t\t<div class=\"panel-body\">\n\t\t\t\t\tOui, l\u2019Institut offre des formations adapt\u00e9es \u00e0 vos besoins et \u00e0 votre r\u00e9alit\u00e9. Dans le cas d\u2019une formation sur mesure, nous travaillerons directement avec votre entreprise afin de vous offrir la formation qui sera r\u00e9pondre \u00e0 vos besoins sp\u00e9cifiques et permettra d\u2019atteindre vos objectifs. Communiquez avec nous pour de plus amples d\u00e9tails.\t\t\t\t<\/div>\n\t\t\t<\/div>\n\t\t<\/div>\n\n\t\n\t\t<div class=\"panel panel-default\">\n\t\t\t<div class=\"panel-heading\" role=\"tab\" id=\"heading_accordion_69e1ed5e99287_3\">\n\t\t\t\t<h4 class=\"panel-title\">\n\t\t\t\t\t<a role=\"button\" class=\"collapsed\" data-toggle=\"collapse\"\n\t\t\t\t\t   data-parent=\"#accordion_69e1ed5e99287\"\n\t\t\t\t\t   href=\"#collapse_accordion_69e1ed5e99287_3\" aria-expanded=\"false\"\n\t\t\t\t\t   aria-controls=\"collapse_accordion_69e1ed5e99287_3\">\n\t\t\t\t\t\tAvez-vous des tarifs pr\u00e9f\u00e9rentiels pour les inscriptions group\u00e9es ?\t\t\t\t\t<\/a>\n\t\t\t\t<\/h4>\n\t\t\t<\/div>\n\t\t\t<div id=\"collapse_accordion_69e1ed5e99287_3\" class=\"panel-collapse collapse\"\n\t\t\t\t role=\"tabpanel\" aria-labelledby=\"heading_accordion_69e1ed5e99287_3\">\n\t\t\t\t<div class=\"panel-body\">\n\t\t\t\t\tOui, nous offrons des rabais sp\u00e9ciaux \u00e0 partir de 3 inscriptions et plus. Communiquez avec nous pour connaitre les d\u00e9tails des prix.\t\t\t\t<\/div>\n\t\t\t<\/div>\n\t\t<\/div>\n\n\t\t<!-- End: List Panel -->\n<\/div>\n<\/div>\n<\/div><\/div><\/div><\/div><div id=\"pg-91-2\"  class=\"panel-grid panel-no-style\" ><div id=\"pgc-91-2-0\"  class=\"panel-grid-cell panel-grid-cell-empty\" ><\/div><\/div><\/div>","protected":false},"excerpt":{"rendered":"<p>Foire aux questions Quelle est la reconnaissance de vos programmes? L\u2019Institut de leadership en gestion est un organisme de formation reconnu officiellement par la Commission des partenaires du march\u00e9 du travail (loi du 1%). La Certification en leadership et habilet\u00e9s &hellip; <\/p>\n","protected":false},"author":1,"featured_media":0,"parent":0,"menu_order":0,"comment_status":"closed","ping_status":"closed","template":"","meta":{"content-type":"","om_disable_all_campaigns":false},"yoast_head":"<!-- This site is optimized with the Yoast SEO plugin v20.6 - https:\/\/yoast.com\/wordpress\/plugins\/seo\/ -->\n<title>F. A. Q. - Institut de Leadership<\/title>\n<meta name=\"robots\" content=\"index, follow, max-snippet:-1, max-image-preview:large, max-video-preview:-1\" \/>\n<link rel=\"canonical\" href=\"https:\/\/www.institutleadership.ca\/inscription\/f-a-q\/\" \/>\n<meta property=\"og:locale\" content=\"fr_CA\" \/>\n<meta property=\"og:type\" content=\"article\" \/>\n<meta property=\"og:title\" content=\"F. A. Q. - Institut de Leadership\" \/>\n<meta property=\"og:description\" content=\"Foire aux questions Quelle est la reconnaissance de vos programmes? L\u2019Institut de leadership en gestion est un organisme de formation reconnu officiellement par la Commission des partenaires du march\u00e9 du travail (loi du 1%). La Certification en leadership et habilet\u00e9s &hellip;\" \/>\n<meta property=\"og:url\" content=\"https:\/\/www.institutleadership.ca\/inscription\/f-a-q\/\" \/>\n<meta property=\"og:site_name\" content=\"Institut de Leadership\" \/>\n<meta property=\"article:publisher\" content=\"https:\/\/www.facebook.com\/institutleadership\/\" \/>\n<meta property=\"article:modified_time\" content=\"2024-03-20T17:27:19+00:00\" \/>\n<meta name=\"twitter:card\" content=\"summary_large_image\" \/>\n<meta name=\"twitter:label1\" content=\"Estimation du temps de lecture\" \/>\n\t<meta name=\"twitter:data1\" content=\"1 minute\" \/>\n<script type=\"application\/ld+json\" class=\"yoast-schema-graph\">{\"@context\":\"https:\/\/schema.org\",\"@graph\":[{\"@type\":\"WebPage\",\"@id\":\"https:\/\/www.institutleadership.ca\/inscription\/f-a-q\/\",\"url\":\"https:\/\/www.institutleadership.ca\/inscription\/f-a-q\/\",\"name\":\"F. A. Q. - Institut de Leadership\",\"isPartOf\":{\"@id\":\"https:\/\/www.institutleadership.ca\/inscription\/#website\"},\"datePublished\":\"2015-10-22T03:26:46+00:00\",\"dateModified\":\"2024-03-20T17:27:19+00:00\",\"breadcrumb\":{\"@id\":\"https:\/\/www.institutleadership.ca\/inscription\/f-a-q\/#breadcrumb\"},\"inLanguage\":\"fr-CA\",\"potentialAction\":[{\"@type\":\"ReadAction\",\"target\":[\"https:\/\/www.institutleadership.ca\/inscription\/f-a-q\/\"]}]},{\"@type\":\"BreadcrumbList\",\"@id\":\"https:\/\/www.institutleadership.ca\/inscription\/f-a-q\/#breadcrumb\",\"itemListElement\":[{\"@type\":\"ListItem\",\"position\":1,\"name\":\"Accueil\",\"item\":\"https:\/\/www.institutleadership.ca\/inscription\/\"},{\"@type\":\"ListItem\",\"position\":2,\"name\":\"F. A. Q.\"}]},{\"@type\":\"WebSite\",\"@id\":\"https:\/\/www.institutleadership.ca\/inscription\/#website\",\"url\":\"https:\/\/www.institutleadership.ca\/inscription\/\",\"name\":\"Institut de leadership\",\"description\":\"Formations pour cadres et dirigeants\",\"publisher\":{\"@id\":\"https:\/\/www.institutleadership.ca\/inscription\/#organization\"},\"potentialAction\":[{\"@type\":\"SearchAction\",\"target\":{\"@type\":\"EntryPoint\",\"urlTemplate\":\"https:\/\/www.institutleadership.ca\/inscription\/?s={search_term_string}\"},\"query-input\":\"required name=search_term_string\"}],\"inLanguage\":\"fr-CA\"},{\"@type\":\"Organization\",\"@id\":\"https:\/\/www.institutleadership.ca\/inscription\/#organization\",\"name\":\"Institut de leadership\",\"url\":\"https:\/\/www.institutleadership.ca\/inscription\/\",\"logo\":{\"@type\":\"ImageObject\",\"inLanguage\":\"fr-CA\",\"@id\":\"https:\/\/www.institutleadership.ca\/inscription\/#\/schema\/logo\/image\/\",\"url\":\"https:\/\/www.institutleadership.ca\/english\/wp-content\/uploads\/sites\/10\/2019\/11\/Logo_Officiel-2-1.jpg\",\"contentUrl\":\"https:\/\/www.institutleadership.ca\/english\/wp-content\/uploads\/sites\/10\/2019\/11\/Logo_Officiel-2-1.jpg\",\"width\":2048,\"height\":1024,\"caption\":\"Institut de leadership\"},\"image\":{\"@id\":\"https:\/\/www.institutleadership.ca\/inscription\/#\/schema\/logo\/image\/\"},\"sameAs\":[\"https:\/\/www.facebook.com\/institutleadership\/\",\"https:\/\/www.linkedin.com\/school\/5305840\"]}]}<\/script>\n<!-- \/ Yoast SEO plugin. -->","yoast_head_json":{"title":"F. A. Q. - Institut de Leadership","robots":{"index":"index","follow":"follow","max-snippet":"max-snippet:-1","max-image-preview":"max-image-preview:large","max-video-preview":"max-video-preview:-1"},"canonical":"https:\/\/www.institutleadership.ca\/inscription\/f-a-q\/","og_locale":"fr_CA","og_type":"article","og_title":"F. A. Q. - Institut de Leadership","og_description":"Foire aux questions Quelle est la reconnaissance de vos programmes? L\u2019Institut de leadership en gestion est un organisme de formation reconnu officiellement par la Commission des partenaires du march\u00e9 du travail (loi du 1%). La Certification en leadership et habilet\u00e9s &hellip;","og_url":"https:\/\/www.institutleadership.ca\/inscription\/f-a-q\/","og_site_name":"Institut de Leadership","article_publisher":"https:\/\/www.facebook.com\/institutleadership\/","article_modified_time":"2024-03-20T17:27:19+00:00","twitter_card":"summary_large_image","twitter_misc":{"Estimation du temps de lecture":"1 minute"},"schema":{"@context":"https:\/\/schema.org","@graph":[{"@type":"WebPage","@id":"https:\/\/www.institutleadership.ca\/inscription\/f-a-q\/","url":"https:\/\/www.institutleadership.ca\/inscription\/f-a-q\/","name":"F. A. Q. - Institut de Leadership","isPartOf":{"@id":"https:\/\/www.institutleadership.ca\/inscription\/#website"},"datePublished":"2015-10-22T03:26:46+00:00","dateModified":"2024-03-20T17:27:19+00:00","breadcrumb":{"@id":"https:\/\/www.institutleadership.ca\/inscription\/f-a-q\/#breadcrumb"},"inLanguage":"fr-CA","potentialAction":[{"@type":"ReadAction","target":["https:\/\/www.institutleadership.ca\/inscription\/f-a-q\/"]}]},{"@type":"BreadcrumbList","@id":"https:\/\/www.institutleadership.ca\/inscription\/f-a-q\/#breadcrumb","itemListElement":[{"@type":"ListItem","position":1,"name":"Accueil","item":"https:\/\/www.institutleadership.ca\/inscription\/"},{"@type":"ListItem","position":2,"name":"F. A. Q."}]},{"@type":"WebSite","@id":"https:\/\/www.institutleadership.ca\/inscription\/#website","url":"https:\/\/www.institutleadership.ca\/inscription\/","name":"Institut de leadership","description":"Formations pour cadres et dirigeants","publisher":{"@id":"https:\/\/www.institutleadership.ca\/inscription\/#organization"},"potentialAction":[{"@type":"SearchAction","target":{"@type":"EntryPoint","urlTemplate":"https:\/\/www.institutleadership.ca\/inscription\/?s={search_term_string}"},"query-input":"required name=search_term_string"}],"inLanguage":"fr-CA"},{"@type":"Organization","@id":"https:\/\/www.institutleadership.ca\/inscription\/#organization","name":"Institut de leadership","url":"https:\/\/www.institutleadership.ca\/inscription\/","logo":{"@type":"ImageObject","inLanguage":"fr-CA","@id":"https:\/\/www.institutleadership.ca\/inscription\/#\/schema\/logo\/image\/","url":"https:\/\/www.institutleadership.ca\/english\/wp-content\/uploads\/sites\/10\/2019\/11\/Logo_Officiel-2-1.jpg","contentUrl":"https:\/\/www.institutleadership.ca\/english\/wp-content\/uploads\/sites\/10\/2019\/11\/Logo_Officiel-2-1.jpg","width":2048,"height":1024,"caption":"Institut de leadership"},"image":{"@id":"https:\/\/www.institutleadership.ca\/inscription\/#\/schema\/logo\/image\/"},"sameAs":["https:\/\/www.facebook.com\/institutleadership\/","https:\/\/www.linkedin.com\/school\/5305840"]}]}},"_links":{"self":[{"href":"https:\/\/www.institutleadership.ca\/inscription\/wp-json\/wp\/v2\/pages\/91"}],"collection":[{"href":"https:\/\/www.institutleadership.ca\/inscription\/wp-json\/wp\/v2\/pages"}],"about":[{"href":"https:\/\/www.institutleadership.ca\/inscription\/wp-json\/wp\/v2\/types\/page"}],"author":[{"embeddable":true,"href":"https:\/\/www.institutleadership.ca\/inscription\/wp-json\/wp\/v2\/users\/1"}],"replies":[{"embeddable":true,"href":"https:\/\/www.institutleadership.ca\/inscription\/wp-json\/wp\/v2\/comments?post=91"}],"version-history":[{"count":71,"href":"https:\/\/www.institutleadership.ca\/inscription\/wp-json\/wp\/v2\/pages\/91\/revisions"}],"predecessor-version":[{"id":15322,"href":"https:\/\/www.institutleadership.ca\/inscription\/wp-json\/wp\/v2\/pages\/91\/revisions\/15322"}],"wp:attachment":[{"href":"https:\/\/www.institutleadership.ca\/inscription\/wp-json\/wp\/v2\/media?parent=91"}],"curies":[{"name":"wp","href":"https:\/\/api.w.org\/{rel}","templated":true}]}}