{"id":11206,"date":"2019-05-09T15:07:36","date_gmt":"2019-05-09T19:07:36","guid":{"rendered":"https:\/\/www.institutleadership.ca\/montreal\/?page_id=11206"},"modified":"2026-01-26T14:31:57","modified_gmt":"2026-01-26T19:31:57","slug":"certification-en-gestion-de-transfert-dentreprise","status":"publish","type":"page","link":"https:\/\/www.institutleadership.ca\/montreal\/certification-en-gestion-de-transfert-dentreprise\/","title":{"rendered":"Certification en gestion de transfert d\u2019entreprise"},"content":{"rendered":"<p><iframe loading=\"lazy\" title=\"Certification en gestion de transfert d\u2019entreprise\" src=\"https:\/\/player.vimeo.com\/video\/810969099?dnt=1&amp;app_id=122963\" width=\"640\" height=\"360\" frameborder=\"0\" allow=\"autoplay; fullscreen; picture-in-picture; clipboard-write; encrypted-media; web-share\" referrerpolicy=\"strict-origin-when-cross-origin\"><\/iframe><\/p>\n<p>Nous savons qu\u2019un transfert d\u2019entreprise va bien au-del\u00e0 de la transaction financi\u00e8re. C\u2019est pourquoi l\u2019Institut de leadership, de concert avec Repreneuriat Qu\u00e9bec (anciennement Centre de transfert d\u2019entreprise du Qu\u00e9bec) ont lanc\u00e9 la premi\u00e8re certification canadienne en gestion de transfert d\u2019entreprise, couvrant tout autant le processus que le volet humain d\u2019un transfert.<\/p>\n<p>Notre certification est destin\u00e9e \u00e0 toute personne qui intervient de pr\u00e8s ou de loin dans le transfert d\u2019une entreprise.\u00a0 Le but \u00e9tant de leur permettre d\u2019avoir une perspective globale et d\u2019en maximiser le succ\u00e8s.<\/p>\n<p>La mission de Repreneuriat Qu\u00e9bec repose sur une conviction forte : le transfert d\u2019entreprise est l\u2019un des leviers les plus puissants pour assurer la vitalit\u00e9 \u00e9conomique du Qu\u00e9bec et la productivit\u00e9 des entreprises d\u2019ici. Depuis plus de dix ans, Repreneuriat Qu\u00e9bec porte la cause du repreneuriat en accompagnant les entrepreneurs \u00e0 chaque \u00e9tape de leur projet de rel\u00e8ve.<\/p>\n<p>&nbsp;<\/p>\n<p><a href=\"https:\/\/www.institutleadership.ca\/montreal\/wp-content\/uploads\/sites\/7\/2025\/05\/RQ_Logotype_BleuMinuit_RVB.png\"><img decoding=\"async\" loading=\"lazy\" class=\"alignnone wp-image-17784 \" src=\"https:\/\/www.institutleadership.ca\/montreal\/wp-content\/uploads\/sites\/7\/2025\/05\/RQ_Logotype_BleuMinuit_RVB-1024x235.png\" alt=\"\" width=\"405\" height=\"93\" \/><\/a><\/p>\n<p>&nbsp;<\/p>\n<h3>\u00c0 QUI S&#8217;ADRESSE LA CERTIFICATION ?<\/h3>\n<p>Notre Certification est destin\u00e9e \u00e0 toute personne qui intervient de pr\u00e8s ou de loin dans le transfert d\u2019une entreprise, plus particuli\u00e8rement les professionnels \u2013 comptable, avocat, fiscaliste, consultant, etc.<\/p>\n<p>&nbsp;<\/p>\n<p>La certification permet de d\u00e9velopper une compr\u00e9hension plus globale des diff\u00e9rents contextes et enjeux qui influent sur la d\u00e9marche. Ces experts, dans leurs domaines respectifs, deviennent des professionnels mieux outill\u00e9s et sont amen\u00e9s \u00e0 int\u00e9grer une vision qui les sensibilisent \u00e0 toutes les \u00e9tapes de l\u2019op\u00e9ration.<\/p>\n<p>&nbsp;<\/p>\n<h3>DESCRIPTION DES MODULES DE LA CERTIFICATION<\/h3>\n<h4><strong>Module 1 :\u00a0<\/strong><em>Introduction: les diff\u00e9rents contextes, leurs enjeux et les facteurs de succ\u00e8s d\u2019un transfert<\/em><\/h4>\n<ul>\n<li>Les \u00e9tapes d\u2019un transfert;<\/li>\n<li>Plan de transfert et \u00e9ch\u00e9ancier;<\/li>\n<li>La synergie des acteurs;<\/li>\n<li>Se positionner comme conseiller aupr\u00e8s des c\u00e9dants et repreneurs;<\/li>\n<li>La planification strat\u00e9gique et la gouvernance<\/li>\n<\/ul>\n<p>&nbsp;<\/p>\n<h4><strong>Module 2<\/strong>\u00a0:\u00a0<em>L\u2019accompagnement des c\u00e9dants et des repreneurs<\/em><\/h4>\n<p><strong>La relation c\u00e9dant-repreneur :<\/strong><\/p>\n<ul>\n<li>Leurs r\u00f4les respectifs dans le transfert, leur relation;<\/li>\n<li>Organiser le transfert des connaissances (savoir-faire et savoir-\u00eatre) dans un contexte de p\u00e9rennit\u00e9;<\/li>\n<li>Le transfert des pouvoirs: plan de sortie du c\u00e9dant et la prise en charge du repreneur.<\/li>\n<\/ul>\n<p><strong>C\u00e9dants:<\/strong><\/p>\n<ul>\n<li>Parties prenantes: les 3 cercles;<\/li>\n<li>Partir pour les bonnes raisons;<\/li>\n<li>Les valeurs importantes de la transaction;<\/li>\n<li>Phases de transition du c\u00e9dant.<\/li>\n<\/ul>\n<p><strong>Repreneurs:<\/strong><\/p>\n<ul>\n<li>Une nouvelle passion : acqu\u00e9rir pour les bonnes raisons;<\/li>\n<li>\u00c9tablir la vision et les objectifs de l\u2019acquisition;<\/li>\n<li>Pr\u00e9parer son arriv\u00e9e.<\/li>\n<li>L\u2019essentiel des aspect financiers<\/li>\n<\/ul>\n<p>&nbsp;<\/p>\n<h4><strong>Module 3<\/strong>\u00a0:\u00a0<em>La gestion post-transaction<\/em><\/h4>\n<ul>\n<li>G\u00e9rer la transition<\/li>\n<li>La gestion du changement<\/li>\n<li>La cr\u00e9ation de valeur<\/li>\n<\/ul>\n<p>&nbsp;<\/p>\n<h4><b>Travail d\u2019int\u00e9gration<\/b><\/h4>\n<p><span class=\"il\">Un<\/span>\u00a0<span class=\"il\">travail<\/span>\u00a0<span class=\"il\">d<\/span>\u2019<span class=\"il\">int\u00e9gration<\/span>\u00a0est obligatoire \u00e0 l\u2019obtention de la Certification. Ce\u00a0<span class=\"il\">travail<\/span>\u00a0est \u00e0 faire \u00e0 la suite\u00a0de la formation. Vous aurez 3 semaines pour le compl\u00e9ter. Il s&#8217;agit\u00a0<span class=\"il\">d<\/span>&#8216;une r\u00e9flexion personnelle, l\u2019objectif est de faire le lien entre les apprentissages vus en formation et votre r\u00e9alit\u00e9 \u00e0 titre de gestionnaire dans votre organisation.<\/p>\n<p><a href=\"https:\/\/www.institutleadership.ca\/montreal\/wp-content\/uploads\/sites\/7\/2025\/06\/DIPLOME-CTEQ-INSTITUT-LEADERSHIP-2025.png\"><img decoding=\"async\" loading=\"lazy\" class=\"alignnone wp-image-17954 \" src=\"https:\/\/www.institutleadership.ca\/montreal\/wp-content\/uploads\/sites\/7\/2025\/06\/DIPLOME-CTEQ-INSTITUT-LEADERSHIP-2025.png\" alt=\"\" width=\"217\" height=\"217\" srcset=\"https:\/\/www.institutleadership.ca\/montreal\/wp-content\/uploads\/sites\/7\/2025\/06\/DIPLOME-CTEQ-INSTITUT-LEADERSHIP-2025.png 500w, https:\/\/www.institutleadership.ca\/montreal\/wp-content\/uploads\/sites\/7\/2025\/06\/DIPLOME-CTEQ-INSTITUT-LEADERSHIP-2025-300x300.png 300w, https:\/\/www.institutleadership.ca\/montreal\/wp-content\/uploads\/sites\/7\/2025\/06\/DIPLOME-CTEQ-INSTITUT-LEADERSHIP-2025-150x150.png 150w, https:\/\/www.institutleadership.ca\/montreal\/wp-content\/uploads\/sites\/7\/2025\/06\/DIPLOME-CTEQ-INSTITUT-LEADERSHIP-2025-270x270.png 270w, https:\/\/www.institutleadership.ca\/montreal\/wp-content\/uploads\/sites\/7\/2025\/06\/DIPLOME-CTEQ-INSTITUT-LEADERSHIP-2025-400x400.png 400w, https:\/\/www.institutleadership.ca\/montreal\/wp-content\/uploads\/sites\/7\/2025\/06\/DIPLOME-CTEQ-INSTITUT-LEADERSHIP-2025-100x100.png 100w, https:\/\/www.institutleadership.ca\/montreal\/wp-content\/uploads\/sites\/7\/2025\/06\/DIPLOME-CTEQ-INSTITUT-LEADERSHIP-2025-60x60.png 60w\" sizes=\"(max-width: 217px) 100vw, 217px\" \/><\/a><\/p>\n<h3><strong>TARIFS, DATES ET INSCRIPTION<\/strong><\/h3>\n<p>Vous trouverez, ci-apr\u00e8s, les dates des prochaines cohortes pour la Certification en gestion de transfert d&#8217;entreprise. Cliquez sur le moment de votre choix pour acc\u00e9der \u00e0 tous les d\u00e9tails et pour vous y inscrire.<\/p>\n<h4><strong>Formation en pr\u00e9sentiel \u00e0 Montr\u00e9al : 5995$ + taxes\u00a0<\/strong><\/h4>\n<ul>\n<li><a href=\"https:\/\/www.institutleadership.ca\/montreal\/formations-certifications\/presentiel-certification-en-gestion-de-transfert-dentreprise-automne-2026\/\" target=\"_blank\" rel=\"noopener\">Automne 2026 : 11, 12, 13 et 25, 26, 27 novembre de 8h30 \u00e0 17h15<\/a><\/li>\n<li><a href=\"https:\/\/www.institutleadership.ca\/montreal\/formations-certifications\/presentiel-certification-en-gestion-de-transfert-dentreprise-novembre-2027\/\">Automne 2027 : 10, 11 et 12 novembre et 1, 2 et 3 d\u00e9cembre de 8h30 \u00e0 17h15<\/a><\/li>\n<\/ul>\n<p>&nbsp;<\/p>\n<p>Les journ\u00e9es de formation sont admissibles \u00e0 la loi du 1 % pour la formation de la main d\u2019\u0153uvre. De plus, vous avez la possibilit\u00e9 d\u2019acc\u00e9der \u00e0 d\u2019autres financements. Pour cela, renseignez-vous directement aupr\u00e8s d\u2019Emploi Qu\u00e9bec de votre r\u00e9gion.<\/p>\n<p>Des rabais sont offerts aux\u00a0organismes \u00e0 but non lucratif \u00a0(15%) et gouvernementaux (10%). <a href=\"https:\/\/www.institutleadership.ca\/montreal\/contact\/\">Contactez-nous<\/a> pour plus de d\u00e9tails.<\/p>\n<div>\n<p>Des tarifs avantageux sont aussi offerts lorsque trois participants ou plus, provenant d\u2019une m\u00eame entreprise, s\u2019inscrivent aux formations. Pour plus de d\u00e9tails, veuillez\u00a0<a href=\"https:\/\/www.institutleadership.ca\/montreal\/contact\/\">communiquer<\/a> avec nous.<\/p>\n<\/div>\n<p>*Frais d\u2019administration non remboursable (350$) en cas d\u2019annulation pour une inscription provenant d\u2019un pays autre que le Canada n\u00e9cessitant un visa d\u2019entr\u00e9e.<\/p>\n<p>*Les repas sont inclus (d\u00e9jeuner et diner).<\/p>\n<h4><a href=\"https:\/\/www.institutleadership.ca\/montreal\/wp-content\/uploads\/sites\/7\/2021\/01\/T\u00e9moignages-transfert-site-web-.pdf\" target=\"_blank\" rel=\"noopener\">Cliquez ici pour lire quelques t\u00e9moignages du programme<\/a><\/h4>\n<p>&nbsp;<\/p>\n<p>&nbsp;<\/p>\n","protected":false},"excerpt":{"rendered":"<p>Nous savons qu\u2019un transfert d\u2019entreprise va bien au-del\u00e0 de la transaction financi\u00e8re. C\u2019est pourquoi l\u2019Institut de leadership, de concert avec Repreneuriat Qu\u00e9bec (anciennement Centre de transfert d\u2019entreprise du Qu\u00e9bec) ont lanc\u00e9 la premi\u00e8re certification canadienne en gestion de transfert d\u2019entreprise, &hellip; <\/p>\n","protected":false},"author":17,"featured_media":0,"parent":0,"menu_order":0,"comment_status":"closed","ping_status":"closed","template":"","meta":{"content-type":""},"yoast_head":"<!-- This site is optimized with the Yoast SEO plugin v20.6 - https:\/\/yoast.com\/wordpress\/plugins\/seo\/ -->\n<title>Certification en gestion de transfert d\u2019entreprise - Canada - Institut de Leadership<\/title>\n<meta name=\"robots\" content=\"index, follow, max-snippet:-1, max-image-preview:large, max-video-preview:-1\" \/>\n<link rel=\"canonical\" href=\"https:\/\/www.institutleadership.ca\/montreal\/certification-en-gestion-de-transfert-dentreprise\/\" \/>\n<meta property=\"og:locale\" content=\"fr_CA\" \/>\n<meta property=\"og:type\" content=\"article\" \/>\n<meta property=\"og:title\" content=\"Certification en gestion de transfert d\u2019entreprise - Canada - Institut de Leadership\" \/>\n<meta property=\"og:description\" content=\"Nous savons qu\u2019un transfert d\u2019entreprise va bien au-del\u00e0 de la transaction financi\u00e8re. C\u2019est pourquoi l\u2019Institut de leadership, de concert avec Repreneuriat Qu\u00e9bec (anciennement Centre de transfert d\u2019entreprise du Qu\u00e9bec) ont lanc\u00e9 la premi\u00e8re certification canadienne en gestion de transfert d\u2019entreprise, &hellip;\" \/>\n<meta property=\"og:url\" content=\"https:\/\/www.institutleadership.ca\/montreal\/certification-en-gestion-de-transfert-dentreprise\/\" \/>\n<meta property=\"og:site_name\" content=\"Canada - Institut de Leadership\" \/>\n<meta property=\"article:publisher\" content=\"https:\/\/www.facebook.com\/institutleadership\/\" \/>\n<meta property=\"article:modified_time\" content=\"2026-01-26T19:31:57+00:00\" \/>\n<meta property=\"og:image\" content=\"https:\/\/www.institutleadership.ca\/montreal\/wp-content\/uploads\/sites\/7\/2025\/05\/RQ_Logotype_BleuMinuit_RVB-1024x235.png\" \/>\n<meta name=\"twitter:card\" content=\"summary_large_image\" \/>\n<meta name=\"twitter:label1\" content=\"Estimation du temps de lecture\" \/>\n\t<meta name=\"twitter:data1\" content=\"4 minutes\" \/>\n<script type=\"application\/ld+json\" class=\"yoast-schema-graph\">{\"@context\":\"https:\/\/schema.org\",\"@graph\":[{\"@type\":\"WebPage\",\"@id\":\"https:\/\/www.institutleadership.ca\/montreal\/certification-en-gestion-de-transfert-dentreprise\/\",\"url\":\"https:\/\/www.institutleadership.ca\/montreal\/certification-en-gestion-de-transfert-dentreprise\/\",\"name\":\"Certification en gestion de transfert d\u2019entreprise - Canada - Institut de Leadership\",\"isPartOf\":{\"@id\":\"https:\/\/www.institutleadership.ca\/montreal\/#website\"},\"datePublished\":\"2019-05-09T19:07:36+00:00\",\"dateModified\":\"2026-01-26T19:31:57+00:00\",\"breadcrumb\":{\"@id\":\"https:\/\/www.institutleadership.ca\/montreal\/certification-en-gestion-de-transfert-dentreprise\/#breadcrumb\"},\"inLanguage\":\"fr-CA\",\"potentialAction\":[{\"@type\":\"ReadAction\",\"target\":[\"https:\/\/www.institutleadership.ca\/montreal\/certification-en-gestion-de-transfert-dentreprise\/\"]}]},{\"@type\":\"BreadcrumbList\",\"@id\":\"https:\/\/www.institutleadership.ca\/montreal\/certification-en-gestion-de-transfert-dentreprise\/#breadcrumb\",\"itemListElement\":[{\"@type\":\"ListItem\",\"position\":1,\"name\":\"Accueil\",\"item\":\"https:\/\/www.institutleadership.ca\/montreal\/\"},{\"@type\":\"ListItem\",\"position\":2,\"name\":\"Certification en gestion de transfert d\u2019entreprise\"}]},{\"@type\":\"WebSite\",\"@id\":\"https:\/\/www.institutleadership.ca\/montreal\/#website\",\"url\":\"https:\/\/www.institutleadership.ca\/montreal\/\",\"name\":\"Institut de leadership\",\"description\":\"Formations pour cadres et dirigeants\",\"publisher\":{\"@id\":\"https:\/\/www.institutleadership.ca\/montreal\/#organization\"},\"potentialAction\":[{\"@type\":\"SearchAction\",\"target\":{\"@type\":\"EntryPoint\",\"urlTemplate\":\"https:\/\/www.institutleadership.ca\/montreal\/?s={search_term_string}\"},\"query-input\":\"required name=search_term_string\"}],\"inLanguage\":\"fr-CA\"},{\"@type\":\"Organization\",\"@id\":\"https:\/\/www.institutleadership.ca\/montreal\/#organization\",\"name\":\"Institut de leadership\",\"url\":\"https:\/\/www.institutleadership.ca\/montreal\/\",\"logo\":{\"@type\":\"ImageObject\",\"inLanguage\":\"fr-CA\",\"@id\":\"https:\/\/www.institutleadership.ca\/montreal\/#\/schema\/logo\/image\/\",\"url\":\"https:\/\/www.institutleadership.ca\/montreal\/wp-content\/uploads\/sites\/7\/2019\/11\/Logo_Officiel-2-1.jpg\",\"contentUrl\":\"https:\/\/www.institutleadership.ca\/montreal\/wp-content\/uploads\/sites\/7\/2019\/11\/Logo_Officiel-2-1.jpg\",\"width\":2048,\"height\":1024,\"caption\":\"Institut de leadership\"},\"image\":{\"@id\":\"https:\/\/www.institutleadership.ca\/montreal\/#\/schema\/logo\/image\/\"},\"sameAs\":[\"https:\/\/www.facebook.com\/institutleadership\/\",\"https:\/\/www.linkedin.com\/school\/5305840\"]}]}<\/script>\n<!-- \/ Yoast SEO plugin. -->","yoast_head_json":{"title":"Certification en gestion de transfert d\u2019entreprise - Canada - Institut de Leadership","robots":{"index":"index","follow":"follow","max-snippet":"max-snippet:-1","max-image-preview":"max-image-preview:large","max-video-preview":"max-video-preview:-1"},"canonical":"https:\/\/www.institutleadership.ca\/montreal\/certification-en-gestion-de-transfert-dentreprise\/","og_locale":"fr_CA","og_type":"article","og_title":"Certification en gestion de transfert d\u2019entreprise - Canada - Institut de Leadership","og_description":"Nous savons qu\u2019un transfert d\u2019entreprise va bien au-del\u00e0 de la transaction financi\u00e8re. C\u2019est pourquoi l\u2019Institut de leadership, de concert avec Repreneuriat Qu\u00e9bec (anciennement Centre de transfert d\u2019entreprise du Qu\u00e9bec) ont lanc\u00e9 la premi\u00e8re certification canadienne en gestion de transfert d\u2019entreprise, &hellip;","og_url":"https:\/\/www.institutleadership.ca\/montreal\/certification-en-gestion-de-transfert-dentreprise\/","og_site_name":"Canada - Institut de Leadership","article_publisher":"https:\/\/www.facebook.com\/institutleadership\/","article_modified_time":"2026-01-26T19:31:57+00:00","og_image":[{"url":"https:\/\/www.institutleadership.ca\/montreal\/wp-content\/uploads\/sites\/7\/2025\/05\/RQ_Logotype_BleuMinuit_RVB-1024x235.png"}],"twitter_card":"summary_large_image","twitter_misc":{"Estimation du temps de lecture":"4 minutes"},"schema":{"@context":"https:\/\/schema.org","@graph":[{"@type":"WebPage","@id":"https:\/\/www.institutleadership.ca\/montreal\/certification-en-gestion-de-transfert-dentreprise\/","url":"https:\/\/www.institutleadership.ca\/montreal\/certification-en-gestion-de-transfert-dentreprise\/","name":"Certification en gestion de transfert d\u2019entreprise - Canada - Institut de Leadership","isPartOf":{"@id":"https:\/\/www.institutleadership.ca\/montreal\/#website"},"datePublished":"2019-05-09T19:07:36+00:00","dateModified":"2026-01-26T19:31:57+00:00","breadcrumb":{"@id":"https:\/\/www.institutleadership.ca\/montreal\/certification-en-gestion-de-transfert-dentreprise\/#breadcrumb"},"inLanguage":"fr-CA","potentialAction":[{"@type":"ReadAction","target":["https:\/\/www.institutleadership.ca\/montreal\/certification-en-gestion-de-transfert-dentreprise\/"]}]},{"@type":"BreadcrumbList","@id":"https:\/\/www.institutleadership.ca\/montreal\/certification-en-gestion-de-transfert-dentreprise\/#breadcrumb","itemListElement":[{"@type":"ListItem","position":1,"name":"Accueil","item":"https:\/\/www.institutleadership.ca\/montreal\/"},{"@type":"ListItem","position":2,"name":"Certification en gestion de transfert d\u2019entreprise"}]},{"@type":"WebSite","@id":"https:\/\/www.institutleadership.ca\/montreal\/#website","url":"https:\/\/www.institutleadership.ca\/montreal\/","name":"Institut de leadership","description":"Formations pour cadres et dirigeants","publisher":{"@id":"https:\/\/www.institutleadership.ca\/montreal\/#organization"},"potentialAction":[{"@type":"SearchAction","target":{"@type":"EntryPoint","urlTemplate":"https:\/\/www.institutleadership.ca\/montreal\/?s={search_term_string}"},"query-input":"required name=search_term_string"}],"inLanguage":"fr-CA"},{"@type":"Organization","@id":"https:\/\/www.institutleadership.ca\/montreal\/#organization","name":"Institut de leadership","url":"https:\/\/www.institutleadership.ca\/montreal\/","logo":{"@type":"ImageObject","inLanguage":"fr-CA","@id":"https:\/\/www.institutleadership.ca\/montreal\/#\/schema\/logo\/image\/","url":"https:\/\/www.institutleadership.ca\/montreal\/wp-content\/uploads\/sites\/7\/2019\/11\/Logo_Officiel-2-1.jpg","contentUrl":"https:\/\/www.institutleadership.ca\/montreal\/wp-content\/uploads\/sites\/7\/2019\/11\/Logo_Officiel-2-1.jpg","width":2048,"height":1024,"caption":"Institut de leadership"},"image":{"@id":"https:\/\/www.institutleadership.ca\/montreal\/#\/schema\/logo\/image\/"},"sameAs":["https:\/\/www.facebook.com\/institutleadership\/","https:\/\/www.linkedin.com\/school\/5305840"]}]}},"_links":{"self":[{"href":"https:\/\/www.institutleadership.ca\/montreal\/wp-json\/wp\/v2\/pages\/11206"}],"collection":[{"href":"https:\/\/www.institutleadership.ca\/montreal\/wp-json\/wp\/v2\/pages"}],"about":[{"href":"https:\/\/www.institutleadership.ca\/montreal\/wp-json\/wp\/v2\/types\/page"}],"author":[{"embeddable":true,"href":"https:\/\/www.institutleadership.ca\/montreal\/wp-json\/wp\/v2\/users\/17"}],"replies":[{"embeddable":true,"href":"https:\/\/www.institutleadership.ca\/montreal\/wp-json\/wp\/v2\/comments?post=11206"}],"version-history":[{"count":54,"href":"https:\/\/www.institutleadership.ca\/montreal\/wp-json\/wp\/v2\/pages\/11206\/revisions"}],"predecessor-version":[{"id":19236,"href":"https:\/\/www.institutleadership.ca\/montreal\/wp-json\/wp\/v2\/pages\/11206\/revisions\/19236"}],"wp:attachment":[{"href":"https:\/\/www.institutleadership.ca\/montreal\/wp-json\/wp\/v2\/media?parent=11206"}],"curies":[{"name":"wp","href":"https:\/\/api.w.org\/{rel}","templated":true}]}}