{"id":13645,"date":"2021-11-22T13:53:16","date_gmt":"2021-11-22T18:53:16","guid":{"rendered":"https:\/\/www.institutleadership.ca\/montreal\/?page_id=13645"},"modified":"2025-08-06T09:33:25","modified_gmt":"2025-08-06T13:33:25","slug":"leadership-en-entreprise","status":"publish","type":"page","link":"https:\/\/www.institutleadership.ca\/montreal\/leadership-en-entreprise\/","title":{"rendered":"LEADERSHIP"},"content":{"rendered":"<h2>Formation priv\u00e9e en entreprise<\/h2>\n<h6><b>O<\/b><b>ffrez \u00e0 vos \u00e9quipes une exp\u00e9rience de formation concr\u00e8te, inspirante et imm\u00e9diatement applicable.<\/b><\/h6>\n<p><span style=\"color: #808080;\">Nos formations en leadership ont pour objectif de d\u00e9velopper les comp\u00e9tences essentielles des gestionnaires et des dirigeants afin de les outiller pour \u00e9voluer avec agilit\u00e9 dans un environnement en constante \u00e9volution. Offertes en pr\u00e9sentiel ou \u00e0 distance, elles s\u2019appuient sur des m\u00e9thodes concr\u00e8tes et immersives, permettant aux participants d\u2019acqu\u00e9rir des outils pour mobiliser leurs \u00e9quipes, adopter une posture de coach et instaurer une culture de performance durable.<\/span><\/p>\n<p><span style=\"color: #808080;\">Nos formations sont personnalis\u00e9es pour r\u00e9pondre concr\u00e8tement \u00e0 vos enjeux et soutenir vos ambitions, gr\u00e2ce \u00e0 des approches pratiques sp\u00e9cifiquement adapt\u00e9es \u00e0 votre r\u00e9alit\u00e9.<\/span><\/p>\n<h6>Les formations propos\u00e9es :<\/h6>\n<ul>\n<li><span style=\"color: #808080;\">Mobilisation des \u00e9quipes ;<\/span><\/li>\n<li><span style=\"color: #808080;\">Les habilet\u00e9s politiques et l\u2019art de l\u2019influence ;<\/span><\/li>\n<li><span style=\"color: #808080;\">Le courage manag\u00e9rial : d\u00e9cider avec clart\u00e9 et int\u00e9grit\u00e9;<\/span><\/li>\n<li><span style=\"color: #808080;\">Le pouvoir de l\u2019attitude-coach dans le r\u00f4le du leader ;<\/span><\/li>\n<li><span style=\"color: #808080;\">G\u00e9rer les diff\u00e9rentes g\u00e9n\u00e9rations au travail ; <\/span><\/li>\n<li><span style=\"color: #808080;\">Cr\u00e9er une culture d\u2019entreprise forte et mobilisatrice ; <\/span><\/li>\n<li><span style=\"color: #808080;\">Communication d\u2019influence et n\u00e9gociation; <\/span><\/li>\n<li><span style=\"color: #808080;\">Gestion des \u00e9quipes multidisciplinaires ; <\/span><\/li>\n<li><span style=\"color: #808080;\">Intelligence \u00e9motionnelle et gestion du stress<\/span><\/li>\n<li><span style=\"color: #808080;\">&#8230;<\/span><\/li>\n<\/ul>\n<p><span style=\"color: #808080;\">Les formations ci-dessus constituent une liste non exhaustive ; nous restons \u00e0 l\u2019\u00e9coute de vos besoins pour concevoir des formations parfaitement adapt\u00e9es \u00e0 vos r\u00e9alit\u00e9s.<\/span><\/p>\n<h6><\/h6>\n<h6><b>La client\u00e8le cible :<\/b><\/h6>\n<p><span style=\"color: #808080;\">Ces formations sont destin\u00e9es aux individus qui occupent des postes \u00e0 responsabilit\u00e9s et qui souhaitent d\u00e9velopper davantage leur leadership, tel que les : professionnels cadres \u2013 gestionnaires, membres de la direction, gestionnaires, chefs d&#8217;\u00e9quipe, etc&#8230;<\/span><\/p>\n<h6><\/h6>\n<h6><b>La dur\u00e9e : <\/b><\/h6>\n<p><span style=\"color: #808080;\">La dur\u00e9e de nos formations est enti\u00e8rement modulable afin de s&#8217;adapter \u00e0 votre r\u00e9alit\u00e9, allant de 3 heures \u00e0 6 jours.<\/span><\/p>\n<h4 class=\"cvGsUA direction-ltr align-justify para-style-body\" style=\"text-align: center;\"><span class=\"OYPEnA font-feature-liga-off font-feature-clig-off font-feature-calt-off text-decoration-none text-strikethrough-none\">Nous avons d\u00e9velopp\u00e9 une offre de formation sp\u00e9cialement pens\u00e9e pour accompagner la croissance des organisations et renforcer les comp\u00e9tences de vos \u00e9quipes.<\/span><\/h4>\n<p>&nbsp;<\/p>\n<div class=\"mceTemp\"><\/div>\n<p><img decoding=\"async\" loading=\"lazy\" class=\"aligncenter wp-image-18150 size-full\" src=\"https:\/\/www.institutleadership.ca\/montreal\/wp-content\/uploads\/sites\/7\/2025\/07\/Notre-accompagnement.png\" alt=\"\" width=\"2048\" height=\"773\" srcset=\"https:\/\/www.institutleadership.ca\/montreal\/wp-content\/uploads\/sites\/7\/2025\/07\/Notre-accompagnement.png 2048w, https:\/\/www.institutleadership.ca\/montreal\/wp-content\/uploads\/sites\/7\/2025\/07\/Notre-accompagnement-300x113.png 300w, https:\/\/www.institutleadership.ca\/montreal\/wp-content\/uploads\/sites\/7\/2025\/07\/Notre-accompagnement-1024x387.png 1024w, https:\/\/www.institutleadership.ca\/montreal\/wp-content\/uploads\/sites\/7\/2025\/07\/Notre-accompagnement-768x290.png 768w, https:\/\/www.institutleadership.ca\/montreal\/wp-content\/uploads\/sites\/7\/2025\/07\/Notre-accompagnement-1536x580.png 1536w, https:\/\/www.institutleadership.ca\/montreal\/wp-content\/uploads\/sites\/7\/2025\/07\/Notre-accompagnement-600x226.png 600w\" sizes=\"(max-width: 2048px) 100vw, 2048px\" \/><\/p>\n<p>&nbsp;<\/p>\n<h4><strong>Vous souhaitez discuter de vos besoins en formation ?<\/strong><\/h4>\n\n<div class=\"wpcf7 no-js\" id=\"wpcf7-f18085-o1\" lang=\"fr-CA\" dir=\"ltr\">\n<div class=\"screen-reader-response\"><p role=\"status\" aria-live=\"polite\" aria-atomic=\"true\"><\/p> <ul><\/ul><\/div>\n<form action=\"\/montreal\/wp-json\/wp\/v2\/pages\/13645#wpcf7-f18085-o1\" method=\"post\" class=\"wpcf7-form init\" aria-label=\"Contact form\" novalidate=\"novalidate\" data-status=\"init\">\n<div style=\"display: none;\">\n<input type=\"hidden\" name=\"_wpcf7\" value=\"18085\" \/>\n<input type=\"hidden\" name=\"_wpcf7_version\" value=\"5.7.6\" \/>\n<input type=\"hidden\" name=\"_wpcf7_locale\" value=\"fr_CA\" \/>\n<input type=\"hidden\" name=\"_wpcf7_unit_tag\" value=\"wpcf7-f18085-o1\" \/>\n<input type=\"hidden\" name=\"_wpcf7_container_post\" value=\"0\" \/>\n<input type=\"hidden\" name=\"_wpcf7_posted_data_hash\" value=\"\" \/>\n<\/div>\n<p><span class=\"wpcf7-form-control-wrap\" data-name=\"your-name\"><input size=\"40\" class=\"wpcf7-form-control wpcf7-text wpcf7-validates-as-required\" aria-required=\"true\" aria-invalid=\"false\" placeholder=\"Nom*\" value=\"\" type=\"text\" name=\"your-name\" \/><\/span>\n<\/p>\n<p><span class=\"wpcf7-form-control-wrap\" data-name=\"your-email\"><input size=\"40\" class=\"wpcf7-form-control wpcf7-text wpcf7-email wpcf7-validates-as-required wpcf7-validates-as-email\" aria-required=\"true\" aria-invalid=\"false\" placeholder=\"Email*\" value=\"\" type=\"email\" name=\"your-email\" \/><\/span>\n<\/p>\n<p><span class=\"wpcf7-form-control-wrap\" data-name=\"your-subject\"><input size=\"40\" class=\"wpcf7-form-control wpcf7-text wpcf7-validates-as-required\" aria-required=\"true\" aria-invalid=\"false\" placeholder=\"Sujet de formation*\" value=\"\" type=\"text\" name=\"your-subject\" \/><\/span>\n<\/p>\n<p><span class=\"wpcf7-form-control-wrap\" data-name=\"your-message\"><textarea cols=\"40\" rows=\"10\" class=\"wpcf7-form-control wpcf7-textarea wpcf7-validates-as-required\" aria-required=\"true\" aria-invalid=\"false\" placeholder=\"Message *\" name=\"your-message\"><\/textarea><\/span>\n<\/p>\n<p><br \/>\n<input type=\"hidden\" name=\"_wpcf7_captcha_challenge_captcha-778\" value=\"2071168292\" \/><img class=\"wpcf7-form-control wpcf7-captchac wpcf7-captcha-captcha-778\" width=\"60\" height=\"20\" alt=\"captcha\" src=\"https:\/\/www.institutleadership.ca\/montreal\/wp-content\/uploads\/sites\/7\/wpcf7_captcha\/2071168292.png\" \/><br \/>\n<span class=\"wpcf7-form-control-wrap\" data-name=\"captcha-778\"><input size=\"4\" maxlength=\"4\" class=\"wpcf7-form-control wpcf7-captchar\" autocomplete=\"off\" aria-invalid=\"false\" value=\"Saisir ce code *\" type=\"text\" name=\"captcha-778\" \/><\/span>\n<\/p>\n<p><input class=\"wpcf7-form-control has-spinner wpcf7-submit\" type=\"submit\" value=\"Soumettre\" \/>\n<\/p><div class=\"wpcf7-response-output\" aria-hidden=\"true\"><\/div>\n<\/form>\n<\/div>\n\n<p>&nbsp;<\/p>\n<h4><strong>\ud83d\udce9 Vous pouvez directement communiquer avec nous : <\/strong><a href=\"mailto:formation@institutleadership.ca\">formation@institutleadership.ca<\/a><\/h4>\n<p>&nbsp;<\/p>\n","protected":false},"excerpt":{"rendered":"<p>Formation priv\u00e9e en entreprise Offrez \u00e0 vos \u00e9quipes une exp\u00e9rience de formation concr\u00e8te, inspirante et imm\u00e9diatement applicable. Nos formations en leadership ont pour objectif de d\u00e9velopper les comp\u00e9tences essentielles des gestionnaires et des dirigeants afin de les outiller pour \u00e9voluer &hellip; <\/p>\n","protected":false},"author":17,"featured_media":0,"parent":0,"menu_order":0,"comment_status":"closed","ping_status":"closed","template":"","meta":{"content-type":""},"yoast_head":"<!-- This site is optimized with the Yoast SEO plugin v20.6 - https:\/\/yoast.com\/wordpress\/plugins\/seo\/ -->\n<title>LEADERSHIP - Canada - Institut de Leadership<\/title>\n<meta name=\"robots\" content=\"index, follow, max-snippet:-1, max-image-preview:large, max-video-preview:-1\" \/>\n<link rel=\"canonical\" href=\"https:\/\/www.institutleadership.ca\/montreal\/leadership-en-entreprise\/\" \/>\n<meta property=\"og:locale\" content=\"fr_CA\" \/>\n<meta property=\"og:type\" content=\"article\" \/>\n<meta property=\"og:title\" content=\"LEADERSHIP - Canada - Institut de Leadership\" \/>\n<meta property=\"og:description\" content=\"Formation priv\u00e9e en entreprise Offrez \u00e0 vos \u00e9quipes une exp\u00e9rience de formation concr\u00e8te, inspirante et imm\u00e9diatement applicable. Nos formations en leadership ont pour objectif de d\u00e9velopper les comp\u00e9tences essentielles des gestionnaires et des dirigeants afin de les outiller pour \u00e9voluer &hellip;\" \/>\n<meta property=\"og:url\" content=\"https:\/\/www.institutleadership.ca\/montreal\/leadership-en-entreprise\/\" \/>\n<meta property=\"og:site_name\" content=\"Canada - Institut de Leadership\" \/>\n<meta property=\"article:publisher\" content=\"https:\/\/www.facebook.com\/institutleadership\/\" \/>\n<meta property=\"article:modified_time\" content=\"2025-08-06T13:33:25+00:00\" \/>\n<meta property=\"og:image\" content=\"https:\/\/www.institutleadership.ca\/montreal\/wp-content\/uploads\/sites\/7\/2025\/07\/Notre-accompagnement.png\" \/>\n<meta name=\"twitter:card\" content=\"summary_large_image\" \/>\n<meta name=\"twitter:label1\" content=\"Estimation du temps de lecture\" \/>\n\t<meta name=\"twitter:data1\" content=\"2 minutes\" \/>\n<script type=\"application\/ld+json\" class=\"yoast-schema-graph\">{\"@context\":\"https:\/\/schema.org\",\"@graph\":[{\"@type\":\"WebPage\",\"@id\":\"https:\/\/www.institutleadership.ca\/montreal\/leadership-en-entreprise\/\",\"url\":\"https:\/\/www.institutleadership.ca\/montreal\/leadership-en-entreprise\/\",\"name\":\"LEADERSHIP - Canada - Institut de Leadership\",\"isPartOf\":{\"@id\":\"https:\/\/www.institutleadership.ca\/montreal\/#website\"},\"datePublished\":\"2021-11-22T18:53:16+00:00\",\"dateModified\":\"2025-08-06T13:33:25+00:00\",\"breadcrumb\":{\"@id\":\"https:\/\/www.institutleadership.ca\/montreal\/leadership-en-entreprise\/#breadcrumb\"},\"inLanguage\":\"fr-CA\",\"potentialAction\":[{\"@type\":\"ReadAction\",\"target\":[\"https:\/\/www.institutleadership.ca\/montreal\/leadership-en-entreprise\/\"]}]},{\"@type\":\"BreadcrumbList\",\"@id\":\"https:\/\/www.institutleadership.ca\/montreal\/leadership-en-entreprise\/#breadcrumb\",\"itemListElement\":[{\"@type\":\"ListItem\",\"position\":1,\"name\":\"Accueil\",\"item\":\"https:\/\/www.institutleadership.ca\/montreal\/\"},{\"@type\":\"ListItem\",\"position\":2,\"name\":\"LEADERSHIP\"}]},{\"@type\":\"WebSite\",\"@id\":\"https:\/\/www.institutleadership.ca\/montreal\/#website\",\"url\":\"https:\/\/www.institutleadership.ca\/montreal\/\",\"name\":\"Institut de leadership\",\"description\":\"Formations pour cadres et dirigeants\",\"publisher\":{\"@id\":\"https:\/\/www.institutleadership.ca\/montreal\/#organization\"},\"potentialAction\":[{\"@type\":\"SearchAction\",\"target\":{\"@type\":\"EntryPoint\",\"urlTemplate\":\"https:\/\/www.institutleadership.ca\/montreal\/?s={search_term_string}\"},\"query-input\":\"required name=search_term_string\"}],\"inLanguage\":\"fr-CA\"},{\"@type\":\"Organization\",\"@id\":\"https:\/\/www.institutleadership.ca\/montreal\/#organization\",\"name\":\"Institut de leadership\",\"url\":\"https:\/\/www.institutleadership.ca\/montreal\/\",\"logo\":{\"@type\":\"ImageObject\",\"inLanguage\":\"fr-CA\",\"@id\":\"https:\/\/www.institutleadership.ca\/montreal\/#\/schema\/logo\/image\/\",\"url\":\"https:\/\/www.institutleadership.ca\/montreal\/wp-content\/uploads\/sites\/7\/2019\/11\/Logo_Officiel-2-1.jpg\",\"contentUrl\":\"https:\/\/www.institutleadership.ca\/montreal\/wp-content\/uploads\/sites\/7\/2019\/11\/Logo_Officiel-2-1.jpg\",\"width\":2048,\"height\":1024,\"caption\":\"Institut de leadership\"},\"image\":{\"@id\":\"https:\/\/www.institutleadership.ca\/montreal\/#\/schema\/logo\/image\/\"},\"sameAs\":[\"https:\/\/www.facebook.com\/institutleadership\/\",\"https:\/\/www.linkedin.com\/school\/5305840\"]}]}<\/script>\n<!-- \/ Yoast SEO plugin. -->","yoast_head_json":{"title":"LEADERSHIP - Canada - Institut de Leadership","robots":{"index":"index","follow":"follow","max-snippet":"max-snippet:-1","max-image-preview":"max-image-preview:large","max-video-preview":"max-video-preview:-1"},"canonical":"https:\/\/www.institutleadership.ca\/montreal\/leadership-en-entreprise\/","og_locale":"fr_CA","og_type":"article","og_title":"LEADERSHIP - Canada - Institut de Leadership","og_description":"Formation priv\u00e9e en entreprise Offrez \u00e0 vos \u00e9quipes une exp\u00e9rience de formation concr\u00e8te, inspirante et imm\u00e9diatement applicable. Nos formations en leadership ont pour objectif de d\u00e9velopper les comp\u00e9tences essentielles des gestionnaires et des dirigeants afin de les outiller pour \u00e9voluer &hellip;","og_url":"https:\/\/www.institutleadership.ca\/montreal\/leadership-en-entreprise\/","og_site_name":"Canada - Institut de Leadership","article_publisher":"https:\/\/www.facebook.com\/institutleadership\/","article_modified_time":"2025-08-06T13:33:25+00:00","og_image":[{"url":"https:\/\/www.institutleadership.ca\/montreal\/wp-content\/uploads\/sites\/7\/2025\/07\/Notre-accompagnement.png"}],"twitter_card":"summary_large_image","twitter_misc":{"Estimation du temps de lecture":"2 minutes"},"schema":{"@context":"https:\/\/schema.org","@graph":[{"@type":"WebPage","@id":"https:\/\/www.institutleadership.ca\/montreal\/leadership-en-entreprise\/","url":"https:\/\/www.institutleadership.ca\/montreal\/leadership-en-entreprise\/","name":"LEADERSHIP - Canada - Institut de Leadership","isPartOf":{"@id":"https:\/\/www.institutleadership.ca\/montreal\/#website"},"datePublished":"2021-11-22T18:53:16+00:00","dateModified":"2025-08-06T13:33:25+00:00","breadcrumb":{"@id":"https:\/\/www.institutleadership.ca\/montreal\/leadership-en-entreprise\/#breadcrumb"},"inLanguage":"fr-CA","potentialAction":[{"@type":"ReadAction","target":["https:\/\/www.institutleadership.ca\/montreal\/leadership-en-entreprise\/"]}]},{"@type":"BreadcrumbList","@id":"https:\/\/www.institutleadership.ca\/montreal\/leadership-en-entreprise\/#breadcrumb","itemListElement":[{"@type":"ListItem","position":1,"name":"Accueil","item":"https:\/\/www.institutleadership.ca\/montreal\/"},{"@type":"ListItem","position":2,"name":"LEADERSHIP"}]},{"@type":"WebSite","@id":"https:\/\/www.institutleadership.ca\/montreal\/#website","url":"https:\/\/www.institutleadership.ca\/montreal\/","name":"Institut de leadership","description":"Formations pour cadres et dirigeants","publisher":{"@id":"https:\/\/www.institutleadership.ca\/montreal\/#organization"},"potentialAction":[{"@type":"SearchAction","target":{"@type":"EntryPoint","urlTemplate":"https:\/\/www.institutleadership.ca\/montreal\/?s={search_term_string}"},"query-input":"required name=search_term_string"}],"inLanguage":"fr-CA"},{"@type":"Organization","@id":"https:\/\/www.institutleadership.ca\/montreal\/#organization","name":"Institut de leadership","url":"https:\/\/www.institutleadership.ca\/montreal\/","logo":{"@type":"ImageObject","inLanguage":"fr-CA","@id":"https:\/\/www.institutleadership.ca\/montreal\/#\/schema\/logo\/image\/","url":"https:\/\/www.institutleadership.ca\/montreal\/wp-content\/uploads\/sites\/7\/2019\/11\/Logo_Officiel-2-1.jpg","contentUrl":"https:\/\/www.institutleadership.ca\/montreal\/wp-content\/uploads\/sites\/7\/2019\/11\/Logo_Officiel-2-1.jpg","width":2048,"height":1024,"caption":"Institut de leadership"},"image":{"@id":"https:\/\/www.institutleadership.ca\/montreal\/#\/schema\/logo\/image\/"},"sameAs":["https:\/\/www.facebook.com\/institutleadership\/","https:\/\/www.linkedin.com\/school\/5305840"]}]}},"_links":{"self":[{"href":"https:\/\/www.institutleadership.ca\/montreal\/wp-json\/wp\/v2\/pages\/13645"}],"collection":[{"href":"https:\/\/www.institutleadership.ca\/montreal\/wp-json\/wp\/v2\/pages"}],"about":[{"href":"https:\/\/www.institutleadership.ca\/montreal\/wp-json\/wp\/v2\/types\/page"}],"author":[{"embeddable":true,"href":"https:\/\/www.institutleadership.ca\/montreal\/wp-json\/wp\/v2\/users\/17"}],"replies":[{"embeddable":true,"href":"https:\/\/www.institutleadership.ca\/montreal\/wp-json\/wp\/v2\/comments?post=13645"}],"version-history":[{"count":51,"href":"https:\/\/www.institutleadership.ca\/montreal\/wp-json\/wp\/v2\/pages\/13645\/revisions"}],"predecessor-version":[{"id":18185,"href":"https:\/\/www.institutleadership.ca\/montreal\/wp-json\/wp\/v2\/pages\/13645\/revisions\/18185"}],"wp:attachment":[{"href":"https:\/\/www.institutleadership.ca\/montreal\/wp-json\/wp\/v2\/media?parent=13645"}],"curies":[{"name":"wp","href":"https:\/\/api.w.org\/{rel}","templated":true}]}}