{"id":13713,"date":"2021-11-24T11:16:45","date_gmt":"2021-11-24T16:16:45","guid":{"rendered":"https:\/\/www.institutleadership.ca\/montreal\/?page_id=13713"},"modified":"2021-11-24T14:02:05","modified_gmt":"2021-11-24T19:02:05","slug":"certification-en-gestion-du-capital-humain-en-entreprise","status":"publish","type":"page","link":"https:\/\/www.institutleadership.ca\/montreal\/certification-en-gestion-du-capital-humain-en-entreprise\/","title":{"rendered":"Certification en gestion du capital humain en entreprise"},"content":{"rendered":"<div id=\"page-content\">\n<p>Les ressource humaines sont actuellement un avantage concurrentiel important pour les organisations et repr\u00e9sente un atout et une comp\u00e9tence importante. Seul dans son genre, ce programme de Certification en gestion du capital humain a \u00e9t\u00e9 \u00e9labor\u00e9 en collaboration avec des enseignants universitaires et des chefs de file dans leur milieu.\u00a0 \u00a0Chaque participant aura l\u2019opportunit\u00e9 de rencontrer et d\u2019apprendre les meilleures strat\u00e9gies provenant d\u2019au moins quinze intervenants diff\u00e9rents au cours de ce programme \u00e9lite. Cette formation permettra aux participants d&#8217;\u00e9changer entre eux dans un climat convivial afin de faire \u00e9voluer leurs pratiques et celles de leur organisation.<\/p>\n<p>&nbsp;<\/p>\n<div class=\"grid_12 \">\n<h3>DESCRIPTION DES MODULES DE LA CERTIFICATION<\/h3>\n<\/div>\n<div class=\"grid_12 \">\n<p>&nbsp;<\/p>\n<h4 class=\"p1\"><b>Module :\u00a0Cr\u00e9ation d&#8217;une culture d&#8217;entreprise et la gestion du changement<\/b><\/h4>\n<ul class=\"ul1\">\n<li>D\u00e9finir les attributs de votre culture d\u2019entreprise<\/li>\n<li>Comprendre l\u2019utilit\u00e9 et les pi\u00e8ges li\u00e9s \u00e0 votre culture d\u2019entreprise<\/li>\n<li>Transformer votre culture d\u2019entreprise pour qu\u2019elle supporte mieux votre mission<\/li>\n<li>Comprendre les mod\u00e8les et les principes en gestion du changement<\/li>\n<li>D\u00e9finir les enjeux relatifs \u00e0 la gestion du changement<\/li>\n<li>D\u00e9terminer les\u00a0conditions de succ\u00e8s des changements\u00a0en fonction de votre culture et la strat\u00e9gie de l\u2019entreprise<\/li>\n<li>\u00c9tablir une feuille de route pour piloter le changement<\/li>\n<\/ul>\n<p>&nbsp;<\/p>\n<\/div>\n<div class=\"grid_12 \">\n<h4><strong>Module<\/strong>\u00a0:\u00a0Gestion des g\u00e9n\u00e9rations<em><br \/>\n<\/em><\/h4>\n<ul>\n<li>Comprendre l\u2019importance d\u2019harmoniser notre mod\u00e8le de gestion avec les diff\u00e9rentes g\u00e9n\u00e9rations dans notre \u00e9quipe de travail.<\/li>\n<li>Identifier les forces et les d\u00e9fis de chacune des cinq g\u00e9n\u00e9rations actuellement au travail.<\/li>\n<li>Aborder les besoins particuliers de la communication.<\/li>\n<li>Comprendre les diff\u00e9rents besoins de reconnaissance et de valorisation au travail.<\/li>\n<li>Concilier les besoins de tous : la compl\u00e9mentarit\u00e9\u0301 au service de la synergie.<\/li>\n<li>Faire \u00e9voluer notre culture et nos valeurs d\u2019entreprise au rythme des besoins g\u00e9n\u00e9rationnels.<\/li>\n<\/ul>\n<p>&nbsp;<\/p>\n<\/div>\n<div class=\"grid_12 \">\n<h4><strong>Module<\/strong>\u00a0:\u00a0Gestion des employ\u00e9s difficiles<\/h4>\n<ul>\n<li>Comprendre la diff\u00e9rence entre un employ\u00e9 difficile et un employ\u00e9 en difficult\u00e9<\/li>\n<li>Conna\u00eetre les diff\u00e9rents types d\u2019employ\u00e9s difficiles<\/li>\n<li>Les causes d\u2019un employ\u00e9 difficile du point de vue de l\u2019employ\u00e9 et de son gestionnaire<\/li>\n<li>Comment ajuster son approche d\u2019encadrement selon le contexte\u202f: du coaching \u00e0 l\u2019approche directive<\/li>\n<li>Quand le reste ne fonctionne pas, le processus disciplinaire comment s\u2019y pr\u00e9parer, intervenir et effectuer le suivi n\u00e9cessaire<\/li>\n<\/ul>\n<p>&nbsp;<\/p>\n<\/div>\n<div class=\"grid_12 \">\n<h4><strong>Module<\/strong>\u00a0:\u00a0G\u00e9rer la performance et l&#8217;\u00e9nergie au travail<\/h4>\n<ul>\n<li>Les bonnes pratiques pour g\u00e9rer la performance\u00a0et la mobilisation\u00a0des employ\u00e9s, et des \u00e9quipes<\/li>\n<li>Les\u00a0strat\u00e9gies et\u00a0les\u00a0indicateurs de r\u00e9sultats et comportements pour concilier performance et mobilisation dans la nouvelle r\u00e9alit\u00e9 du travail<\/li>\n<li>Les meilleures pratiques pour stimuler l\u2019\u00e9nergie au travail, le d\u00e9passement et la performance en \u00e9quipe<\/li>\n<\/ul>\n<p>&nbsp;<\/p>\n<\/div>\n<div class=\"grid_12 \">\n<h4><strong>Module<\/strong>\u00a0: La planification des effectifs<\/h4>\n<ul>\n<li>Identifier les d\u00e9s\u00e9quilibres quantitatifs<\/li>\n<li>Identifier les obstacles \u00e0 la planification et les solutions potentielles<\/li>\n<li>Comprendre les enjeux d\u2019une restructuration<\/li>\n<li>Diagnostic et tableau de bord<\/li>\n<li>Indicateurs de performance en GRH<\/li>\n<li>Pond\u00e9ration de la GRH sur la planification strat\u00e9gique de l\u2019entreprise<\/li>\n<\/ul>\n<p>&nbsp;<\/p>\n<\/div>\n<div class=\"grid_12 \">\n<h4><strong>Module<\/strong>\u00a0: L&#8217;organisation du travail<\/h4>\n<ul>\n<li>Identifier les objectifs des nouvelles formes d\u2019organisation du travail<\/li>\n<li>Distinguer les d\u00e9terminants qui influencent l\u2019adoption des nouvelles formes d\u2019organisation<\/li>\n<li>Analyser les diff\u00e9rents am\u00e9nagements possibles bas\u00e9s sur la flexibilit\u00e9<\/li>\n<li>Performance organisationnelle et organisation du travail<\/li>\n<li>Qualit\u00e9 de vie au travail et organisation du travail<\/li>\n<\/ul>\n<\/div>\n<\/div>\n<p>&nbsp;<\/p>\n<div id=\"page-content\">\n<div class=\"grid_12 \">\n<h4><b>Travail d\u2019int\u00e9gration<\/b><\/h4>\n<p><i><span class=\"il\">Un<\/span>\u00a0<span class=\"il\">travail<\/span>\u00a0<span class=\"il\">d<\/span>\u2019<span class=\"il\">int\u00e9gration<\/span>\u00a0est obligatoire \u00e0 l\u2019obtention de la Certification. Ce\u00a0<span class=\"il\">travail<\/span>\u00a0est \u00e0 faire \u00e0 la suite\u00a0de la formation. Vous aurez 3 semaines pour le compl\u00e9ter. Il s&#8217;agit\u00a0<span class=\"il\">d<\/span>&#8216;une r\u00e9flexion personnelle, l\u2019objectif est de faire le lien entre les apprentissages vus en formation et votre r\u00e9alit\u00e9 \u00e0 titre de gestionnaire dans votre organisation.\u00a0<\/i><\/p>\n<p>L\u2019Institut de leadership est un organisme formateur agr\u00e9e par la Commission des partenaires du march\u00e9 du travail (CPMT). N\u2019h\u00e9sitez pas \u00e0 contacter votre centre local de Services-Qu\u00e9bec de votre r\u00e9gion pour valider la possibilit\u00e9 d\u2019obtenir des subventions pour les formations en entreprise.<\/p>\n<\/div>\n<div class=\"grid_6 \">\n<div class=\"sm_hr\">\n<p><a href=\"https:\/\/www.institutleadership.ca\/montreal\/contact\/\">Contactez-nous afin que nous puissions discuter des besoins sp\u00e9cifiques de votre organisation<\/a><\/p>\n<h4><strong><img decoding=\"async\" loading=\"lazy\" class=\"alignnone wp-image-13689\" src=\"https:\/\/www.institutleadership.ca\/montreal\/wp-content\/uploads\/sites\/7\/2021\/11\/Info-1.png\" alt=\"\" width=\"23\" height=\"24\" srcset=\"https:\/\/www.institutleadership.ca\/montreal\/wp-content\/uploads\/sites\/7\/2021\/11\/Info-1.png 170w, https:\/\/www.institutleadership.ca\/montreal\/wp-content\/uploads\/sites\/7\/2021\/11\/Info-1-150x150.png 150w, https:\/\/www.institutleadership.ca\/montreal\/wp-content\/uploads\/sites\/7\/2021\/11\/Info-1-100x100.png 100w\" sizes=\"(max-width: 23px) 100vw, 23px\" \/>\u00a0 \u00a0Pour plus de d\u00e9tails, veuillez\u00a0<span class=\"s1\">communiquer<\/span>\u00a0avec nous.\u00a0: <\/strong><a href=\"mailto:info@institutleadership.ca\">info@institutleadership.ca<\/a><\/h4>\n<\/div>\n<\/div>\n<\/div>\n","protected":false},"excerpt":{"rendered":"<p>Les ressource humaines sont actuellement un avantage concurrentiel important pour les organisations et repr\u00e9sente un atout et une comp\u00e9tence importante. Seul dans son genre, ce programme de Certification en gestion du capital humain a \u00e9t\u00e9 \u00e9labor\u00e9 en collaboration avec des &hellip; <\/p>\n","protected":false},"author":17,"featured_media":0,"parent":0,"menu_order":0,"comment_status":"closed","ping_status":"closed","template":"","meta":{"content-type":""},"yoast_head":"<!-- This site is optimized with the Yoast SEO plugin v20.6 - https:\/\/yoast.com\/wordpress\/plugins\/seo\/ -->\n<title>Certification en gestion du capital humain en entreprise - Canada - Institut de Leadership<\/title>\n<meta name=\"robots\" content=\"index, follow, max-snippet:-1, max-image-preview:large, max-video-preview:-1\" \/>\n<link rel=\"canonical\" href=\"https:\/\/www.institutleadership.ca\/montreal\/certification-en-gestion-du-capital-humain-en-entreprise\/\" \/>\n<meta property=\"og:locale\" content=\"fr_CA\" \/>\n<meta property=\"og:type\" content=\"article\" \/>\n<meta property=\"og:title\" content=\"Certification en gestion du capital humain en entreprise - Canada - Institut de Leadership\" \/>\n<meta property=\"og:description\" content=\"Les ressource humaines sont actuellement un avantage concurrentiel important pour les organisations et repr\u00e9sente un atout et une comp\u00e9tence importante. Seul dans son genre, ce programme de Certification en gestion du capital humain a \u00e9t\u00e9 \u00e9labor\u00e9 en collaboration avec des &hellip;\" \/>\n<meta property=\"og:url\" content=\"https:\/\/www.institutleadership.ca\/montreal\/certification-en-gestion-du-capital-humain-en-entreprise\/\" \/>\n<meta property=\"og:site_name\" content=\"Canada - Institut de Leadership\" \/>\n<meta property=\"article:publisher\" content=\"https:\/\/www.facebook.com\/institutleadership\/\" \/>\n<meta property=\"article:modified_time\" content=\"2021-11-24T19:02:05+00:00\" \/>\n<meta property=\"og:image\" content=\"https:\/\/www.institutleadership.ca\/montreal\/wp-content\/uploads\/sites\/7\/2021\/11\/Info-1.png\" \/>\n<meta name=\"twitter:card\" content=\"summary_large_image\" \/>\n<meta name=\"twitter:label1\" content=\"Estimation du temps de lecture\" \/>\n\t<meta name=\"twitter:data1\" content=\"3 minutes\" \/>\n<script type=\"application\/ld+json\" class=\"yoast-schema-graph\">{\"@context\":\"https:\/\/schema.org\",\"@graph\":[{\"@type\":\"WebPage\",\"@id\":\"https:\/\/www.institutleadership.ca\/montreal\/certification-en-gestion-du-capital-humain-en-entreprise\/\",\"url\":\"https:\/\/www.institutleadership.ca\/montreal\/certification-en-gestion-du-capital-humain-en-entreprise\/\",\"name\":\"Certification en gestion du capital humain en entreprise - Canada - Institut de Leadership\",\"isPartOf\":{\"@id\":\"https:\/\/www.institutleadership.ca\/montreal\/#website\"},\"datePublished\":\"2021-11-24T16:16:45+00:00\",\"dateModified\":\"2021-11-24T19:02:05+00:00\",\"breadcrumb\":{\"@id\":\"https:\/\/www.institutleadership.ca\/montreal\/certification-en-gestion-du-capital-humain-en-entreprise\/#breadcrumb\"},\"inLanguage\":\"fr-CA\",\"potentialAction\":[{\"@type\":\"ReadAction\",\"target\":[\"https:\/\/www.institutleadership.ca\/montreal\/certification-en-gestion-du-capital-humain-en-entreprise\/\"]}]},{\"@type\":\"BreadcrumbList\",\"@id\":\"https:\/\/www.institutleadership.ca\/montreal\/certification-en-gestion-du-capital-humain-en-entreprise\/#breadcrumb\",\"itemListElement\":[{\"@type\":\"ListItem\",\"position\":1,\"name\":\"Accueil\",\"item\":\"https:\/\/www.institutleadership.ca\/montreal\/\"},{\"@type\":\"ListItem\",\"position\":2,\"name\":\"Certification en gestion du capital humain en entreprise\"}]},{\"@type\":\"WebSite\",\"@id\":\"https:\/\/www.institutleadership.ca\/montreal\/#website\",\"url\":\"https:\/\/www.institutleadership.ca\/montreal\/\",\"name\":\"Institut de leadership\",\"description\":\"Formations pour cadres et dirigeants\",\"publisher\":{\"@id\":\"https:\/\/www.institutleadership.ca\/montreal\/#organization\"},\"potentialAction\":[{\"@type\":\"SearchAction\",\"target\":{\"@type\":\"EntryPoint\",\"urlTemplate\":\"https:\/\/www.institutleadership.ca\/montreal\/?s={search_term_string}\"},\"query-input\":\"required name=search_term_string\"}],\"inLanguage\":\"fr-CA\"},{\"@type\":\"Organization\",\"@id\":\"https:\/\/www.institutleadership.ca\/montreal\/#organization\",\"name\":\"Institut de leadership\",\"url\":\"https:\/\/www.institutleadership.ca\/montreal\/\",\"logo\":{\"@type\":\"ImageObject\",\"inLanguage\":\"fr-CA\",\"@id\":\"https:\/\/www.institutleadership.ca\/montreal\/#\/schema\/logo\/image\/\",\"url\":\"https:\/\/www.institutleadership.ca\/montreal\/wp-content\/uploads\/sites\/7\/2019\/11\/Logo_Officiel-2-1.jpg\",\"contentUrl\":\"https:\/\/www.institutleadership.ca\/montreal\/wp-content\/uploads\/sites\/7\/2019\/11\/Logo_Officiel-2-1.jpg\",\"width\":2048,\"height\":1024,\"caption\":\"Institut de leadership\"},\"image\":{\"@id\":\"https:\/\/www.institutleadership.ca\/montreal\/#\/schema\/logo\/image\/\"},\"sameAs\":[\"https:\/\/www.facebook.com\/institutleadership\/\",\"https:\/\/www.linkedin.com\/school\/5305840\"]}]}<\/script>\n<!-- \/ Yoast SEO plugin. -->","yoast_head_json":{"title":"Certification en gestion du capital humain en entreprise - Canada - Institut de Leadership","robots":{"index":"index","follow":"follow","max-snippet":"max-snippet:-1","max-image-preview":"max-image-preview:large","max-video-preview":"max-video-preview:-1"},"canonical":"https:\/\/www.institutleadership.ca\/montreal\/certification-en-gestion-du-capital-humain-en-entreprise\/","og_locale":"fr_CA","og_type":"article","og_title":"Certification en gestion du capital humain en entreprise - Canada - Institut de Leadership","og_description":"Les ressource humaines sont actuellement un avantage concurrentiel important pour les organisations et repr\u00e9sente un atout et une comp\u00e9tence importante. Seul dans son genre, ce programme de Certification en gestion du capital humain a \u00e9t\u00e9 \u00e9labor\u00e9 en collaboration avec des &hellip;","og_url":"https:\/\/www.institutleadership.ca\/montreal\/certification-en-gestion-du-capital-humain-en-entreprise\/","og_site_name":"Canada - Institut de Leadership","article_publisher":"https:\/\/www.facebook.com\/institutleadership\/","article_modified_time":"2021-11-24T19:02:05+00:00","og_image":[{"url":"https:\/\/www.institutleadership.ca\/montreal\/wp-content\/uploads\/sites\/7\/2021\/11\/Info-1.png"}],"twitter_card":"summary_large_image","twitter_misc":{"Estimation du temps de lecture":"3 minutes"},"schema":{"@context":"https:\/\/schema.org","@graph":[{"@type":"WebPage","@id":"https:\/\/www.institutleadership.ca\/montreal\/certification-en-gestion-du-capital-humain-en-entreprise\/","url":"https:\/\/www.institutleadership.ca\/montreal\/certification-en-gestion-du-capital-humain-en-entreprise\/","name":"Certification en gestion du capital humain en entreprise - Canada - Institut de Leadership","isPartOf":{"@id":"https:\/\/www.institutleadership.ca\/montreal\/#website"},"datePublished":"2021-11-24T16:16:45+00:00","dateModified":"2021-11-24T19:02:05+00:00","breadcrumb":{"@id":"https:\/\/www.institutleadership.ca\/montreal\/certification-en-gestion-du-capital-humain-en-entreprise\/#breadcrumb"},"inLanguage":"fr-CA","potentialAction":[{"@type":"ReadAction","target":["https:\/\/www.institutleadership.ca\/montreal\/certification-en-gestion-du-capital-humain-en-entreprise\/"]}]},{"@type":"BreadcrumbList","@id":"https:\/\/www.institutleadership.ca\/montreal\/certification-en-gestion-du-capital-humain-en-entreprise\/#breadcrumb","itemListElement":[{"@type":"ListItem","position":1,"name":"Accueil","item":"https:\/\/www.institutleadership.ca\/montreal\/"},{"@type":"ListItem","position":2,"name":"Certification en gestion du capital humain en entreprise"}]},{"@type":"WebSite","@id":"https:\/\/www.institutleadership.ca\/montreal\/#website","url":"https:\/\/www.institutleadership.ca\/montreal\/","name":"Institut de leadership","description":"Formations pour cadres et dirigeants","publisher":{"@id":"https:\/\/www.institutleadership.ca\/montreal\/#organization"},"potentialAction":[{"@type":"SearchAction","target":{"@type":"EntryPoint","urlTemplate":"https:\/\/www.institutleadership.ca\/montreal\/?s={search_term_string}"},"query-input":"required name=search_term_string"}],"inLanguage":"fr-CA"},{"@type":"Organization","@id":"https:\/\/www.institutleadership.ca\/montreal\/#organization","name":"Institut de leadership","url":"https:\/\/www.institutleadership.ca\/montreal\/","logo":{"@type":"ImageObject","inLanguage":"fr-CA","@id":"https:\/\/www.institutleadership.ca\/montreal\/#\/schema\/logo\/image\/","url":"https:\/\/www.institutleadership.ca\/montreal\/wp-content\/uploads\/sites\/7\/2019\/11\/Logo_Officiel-2-1.jpg","contentUrl":"https:\/\/www.institutleadership.ca\/montreal\/wp-content\/uploads\/sites\/7\/2019\/11\/Logo_Officiel-2-1.jpg","width":2048,"height":1024,"caption":"Institut de leadership"},"image":{"@id":"https:\/\/www.institutleadership.ca\/montreal\/#\/schema\/logo\/image\/"},"sameAs":["https:\/\/www.facebook.com\/institutleadership\/","https:\/\/www.linkedin.com\/school\/5305840"]}]}},"_links":{"self":[{"href":"https:\/\/www.institutleadership.ca\/montreal\/wp-json\/wp\/v2\/pages\/13713"}],"collection":[{"href":"https:\/\/www.institutleadership.ca\/montreal\/wp-json\/wp\/v2\/pages"}],"about":[{"href":"https:\/\/www.institutleadership.ca\/montreal\/wp-json\/wp\/v2\/types\/page"}],"author":[{"embeddable":true,"href":"https:\/\/www.institutleadership.ca\/montreal\/wp-json\/wp\/v2\/users\/17"}],"replies":[{"embeddable":true,"href":"https:\/\/www.institutleadership.ca\/montreal\/wp-json\/wp\/v2\/comments?post=13713"}],"version-history":[{"count":6,"href":"https:\/\/www.institutleadership.ca\/montreal\/wp-json\/wp\/v2\/pages\/13713\/revisions"}],"predecessor-version":[{"id":13733,"href":"https:\/\/www.institutleadership.ca\/montreal\/wp-json\/wp\/v2\/pages\/13713\/revisions\/13733"}],"wp:attachment":[{"href":"https:\/\/www.institutleadership.ca\/montreal\/wp-json\/wp\/v2\/media?parent=13713"}],"curies":[{"name":"wp","href":"https:\/\/api.w.org\/{rel}","templated":true}]}}