{"id":14676,"date":"2022-10-04T13:32:40","date_gmt":"2022-10-04T17:32:40","guid":{"rendered":"https:\/\/www.institutleadership.ca\/montreal\/?page_id=14676"},"modified":"2026-03-11T11:09:25","modified_gmt":"2026-03-11T15:09:25","slug":"c-lmh-certifie-en-leadership-et-en-management-humain","status":"publish","type":"page","link":"https:\/\/www.institutleadership.ca\/montreal\/c-lmh-certifie-en-leadership-et-en-management-humain\/","title":{"rendered":"C.LMH Certifi\u00e9 en leadership et en management humain"},"content":{"rendered":"<p><a href=\"https:\/\/www.institutleadership.ca\/montreal\/wp-content\/uploads\/sites\/7\/2022\/09\/C.LMH_Logo_White-on-Navy_Medium.jpg\"><img decoding=\"async\" loading=\"lazy\" class=\"alignnone size-full wp-image-14678\" src=\"https:\/\/www.institutleadership.ca\/montreal\/wp-content\/uploads\/sites\/7\/2022\/09\/C.LMH_Logo_White-on-Navy_Medium.jpg\" alt=\"\" width=\"930\" height=\"249\" srcset=\"https:\/\/www.institutleadership.ca\/montreal\/wp-content\/uploads\/sites\/7\/2022\/09\/C.LMH_Logo_White-on-Navy_Medium.jpg 930w, https:\/\/www.institutleadership.ca\/montreal\/wp-content\/uploads\/sites\/7\/2022\/09\/C.LMH_Logo_White-on-Navy_Medium-300x80.jpg 300w, https:\/\/www.institutleadership.ca\/montreal\/wp-content\/uploads\/sites\/7\/2022\/09\/C.LMH_Logo_White-on-Navy_Medium-768x206.jpg 768w, https:\/\/www.institutleadership.ca\/montreal\/wp-content\/uploads\/sites\/7\/2022\/09\/C.LMH_Logo_White-on-Navy_Medium-600x161.jpg 600w\" sizes=\"(max-width: 930px) 100vw, 930px\" \/><\/a><\/p>\n<p><iframe loading=\"lazy\" src=\"https:\/\/player.vimeo.com\/video\/917265604?autoplay=1&amp;muted=1\" width=\"640\" height=\"360\" frameborder=\"0\" allowfullscreen=\"allowfullscreen\"><\/iframe><\/p>\n<h3><b><strong>Pourquoi une accr\u00e9ditation en leadership et management humain?<\/strong> <\/b><\/h3>\n<p style=\"text-align: left;\">Face \u00e0 une \u00e9volution acc\u00e9l\u00e9r\u00e9e du march\u00e9 du travail, les habilet\u00e9s humaines sont d\u00e9sormais au c\u0153ur\u00a0 de notre gestion organisationnelle . Li\u00e9es \u00e0 la qualit\u00e9 de vie au travail elles sont \u00e9galement des sources de productivit\u00e9 et de p\u00e9rennit\u00e9.<\/p>\n<p style=\"text-align: left;\">Voil\u00e0 pourquoi l\u2019Institut r\u00e9affirme sa volont\u00e9 de mettre l\u2019accent sur le c\u00f4t\u00e9 humain de la gestion du leadership par le biais d&#8217;une toute nouvelle accr\u00e9ditation, unique au Canada.<\/p>\n<p style=\"text-align: left;\">Pour l&#8217;individu, l&#8217;accr\u00e9ditation est un gage d&#8217;engagement professionnel en plus de reconnaitre les comp\u00e9tences acquises en leadership et management humain.<\/p>\n<h4><strong><span class=\"JsGRdQ\">&#8220;Les comp\u00e9tences que l&#8217;on demandait de nos dirigeants, de nos<\/span><span class=\"JsGRdQ\"> administrateurs sont maintenant diff\u00e9rentes de ce qu\u2019elles \u00e9taient parce que maintenant nous devons avoir une pr\u00e9occupation beaucoup plus grande pour tout ce qui concerne l\u2019individu&#8221; <\/span><span class=\"JsGRdQ\">&#8211; Karl Blackburn, pr\u00e9sident et chef de la direction, Conseil du patronat du Qu\u00e9bec<\/span><\/strong><\/h4>\n<h2><b><strong>Les b\u00e9n\u00e9fices d&#8217;\u00eatre accr\u00e9dit\u00e9 C.LMH<\/strong> <\/b><\/h2>\n<p>Au-del\u00e0 d&#8217;une formation de plus de 135 heures, l&#8217;accr\u00e9ditation:<\/p>\n<ul>\n<li>Atteste que la personne ayant obtenu l&#8217;accr\u00e9ditation s&#8217;est perfectionn\u00e9e dans son r\u00f4le de leader et de manager;<\/li>\n<li>R\u00e9pond aux pr\u00e9occupations actuelles des gestionnaires face aux changements profonds du march\u00e9 du travail;<\/li>\n<li>Met en valeur les comp\u00e9tences relationnelles et \u00e9motionnelles \u00e0 titre de gestionnaire et\/ou de leader;<\/li>\n<li>D\u00e9montre que la qualit\u00e9 de vie au travail est li\u00e9e \u00e0 la productivit\u00e9 et la p\u00e9rennit\u00e9 des organisations;<\/li>\n<li>Valide la capacit\u00e9 de mettre en pratique un leadership \u00e9thique exerc\u00e9 dans l&#8217;int\u00e9r\u00eat commun;<\/li>\n<li>Permet de se d\u00e9marquer comme un leader ayant de fortes valeurs humaines.<\/li>\n<\/ul>\n<h4>&#8221; Plus que jamais l&#8217;organisation du travail demande aux gestionnaires de l&#8217;adaptation, ils doivent \u00eatre plus polyvalents et mieux outill\u00e9s qu&#8217;auparavant. Lorsque l&#8217;on g\u00e8re des \u00e9quipes, il n&#8217;est pas toujours facile d&#8217;arrimer les volont\u00e9s de tout un chacun avec les objectifs de l&#8217;organisation.\u00a0 \u00c0 mon avis, le d\u00e9veloppement des habilet\u00e9s relationnelles \u00e0 tous les niveaux de gestionnaires est une n\u00e9cessit\u00e9.\u00a0 En ce sens, par cette nouvelle accr\u00e9ditation, je salue l&#8217;initiative de l&#8217;Institut de leadership de mettre de l&#8217;avant le facteur humain de la gestion.&#8221;\u00a0&#8211; Daniel Beaupr\u00e9, professeur titulaire \u00e0 l\u2019ESG-UQAM<\/h4>\n<p>&nbsp;<\/p>\n<h2>Pour obtenir l&#8217;accr\u00e9ditation, le ou la candidat(e) devra se conformer aux conditions suivantes :<\/h2>\n<ul>\n<li>Participer et obtenir le dipl\u00f4me de la Certification en leadership et habilet\u00e9s de direction (45h de formation + r\u00e9ussite du travail d\u2019int\u00e9gration);<\/li>\n<li>Compl\u00e9ter, en plus, 90 heures de formations; dans les autres programmes offerts par l\u2019Institut de leadership parmi ceux-ci:\n<ul>\n<li>Certification en gestion et mobilisation des \u00e9quipes<\/li>\n<li>Certification en strat\u00e9gie<\/li>\n<li>Certification en gouvernance<\/li>\n<li>Certification en coaching d&#8217;\u00e9quipe<\/li>\n<li>Programme court en leadership<\/li>\n<li>Programme femmes leaders<\/li>\n<li>Programme en gouvernance et transformation continue<\/li>\n<li>Certification en n\u00e9gociation<\/li>\n<li>Certification en gestion de projets num\u00e9riques<\/li>\n<li>Certification en IA et leadership num\u00e9rique<\/li>\n<li>Certification en leadership et habilet\u00e9s de direction II<\/li>\n<li>Programme sur l&#8217;art de communiquer<\/li>\n<li>Formations signatures<\/li>\n<\/ul>\n<\/li>\n<li>Valider trois travaux d\u2019int\u00e9gration (1 travail par certification ou 1 travail pour 2 programmes courts);<\/li>\n<li>Participer \u00e0 une mise \u00e0 jour des comp\u00e9tences au moins \u00e0 tous les deux ans;<\/li>\n<li>Signer et adh\u00e9rer au code de valeurs associ\u00e9 \u00e0 l&#8217;accr\u00e9ditation.<\/li>\n<\/ul>\n<h4><strong><span class=\"JsGRdQ\">&#8220;Les habilet\u00e9s humaines sont plus importantes que jamais dans cette \u00e8re post pand\u00e9mique et de p\u00e9nurie de main-d&#8217;\u0153uvre o\u00f9 l&#8217;on a r\u00e9invent\u00e9 le fonctionnement de nos organisations. Au-del\u00e0 du raisonnement purement rationnel, ce sont ces habilet\u00e9s \u00e0 se comprendre et \u00e0 partager des objectifs communs qui feront la diff\u00e9rence dans nos organisations&#8221; <\/span><span class=\"JsGRdQ\">&#8211; Fran\u00e7oise Bertrand, <\/span><span class=\"JsGRdQ\">administratrice de soci\u00e9t\u00e9s.<\/span><\/strong><\/h4>\n<p>En plus des crit\u00e8res d&#8217;obtention, les certifi\u00e9s en Leadership et management humain partagent un certain nombre de valeurs auxquelles ils, ou elles, s\u2019engagent formellement \u00e0 respecter et \u00e0 partager, et cela tout au long de leur vie professionnelle.\u00a0 <span data-ccp-props=\"{&quot;201341983&quot;:0,&quot;335559739&quot;:160,&quot;335559740&quot;:259}\">\u00a0<\/span><\/p>\n<h2><b><i><span data-contrast=\"auto\">Code de valeurs<\/span><\/i><\/b><span data-ccp-props=\"{&quot;201341983&quot;:0,&quot;335559739&quot;:160,&quot;335559740&quot;:259}\">\u00a0<strong>de l&#8217;accr\u00e9ditation C.LMH :<\/strong><\/span><\/h2>\n<ul>\n<li><span style=\"color: #000000;\"><em><b>Respect<\/b>:<\/em><\/span> Le respect doit \u00eatre \u00e0 la base de toutes interactions avec les autres. Le respect, c\u2019est aussi d\u2019\u00e9couter et d\u2019accueillir les diff\u00e9rences de points de vue.<\/li>\n<li><b><span data-contrast=\"auto\"><em><span style=\"color: #000000;\">Connaissance de soi et des autres<\/span>\u202f<\/em>: <\/span><\/b><span data-contrast=\"auto\">Cultiver son intelligence \u00e9motionnelle et relationnelle, d\u2019<\/span><span data-contrast=\"auto\">\u00eatre curieux et int\u00e9ress\u00e9 par les autres.\u00a0\u00a0<\/span><span data-ccp-props=\"{&quot;201341983&quot;:0,&quot;335559739&quot;:160,&quot;335559740&quot;:259}\">\u00a0<\/span><\/li>\n<li><span style=\"color: #000000;\"><b><em>Humilit\u00e9<\/em>\u202f<\/b><\/span><span data-contrast=\"auto\">: Avoir l\u2019humilit\u00e9 de croire au besoin<\/span> <span data-contrast=\"auto\">d\u2019\u00eatre bien entour\u00e9 par des pairs, de mettre en lumi\u00e8re l\u2019apport des autres. Reconnaitre le besoin de se mettre \u00e0 jour en termes de connaissances et de perfectionnement et d\u2019agir en cons\u00e9quence.\u00a0<\/span><span data-ccp-props=\"{&quot;201341983&quot;:0,&quot;335559739&quot;:160,&quot;335559740&quot;:259}\">\u00a0<\/span><\/li>\n<li><em><b><span style=\"color: #000000;\">Courag<\/span>e <\/b><\/em><span data-contrast=\"auto\">: Avoir la capacit\u00e9 \u00e0 prendre des d\u00e9cisions raisonn\u00e9es tout en \u00e9tant en mesure, d\u2019oser et de tenter des actions difficiles s\u2019il en juge dans le meilleur int\u00e9r\u00eat de l\u2019organisation et de ses parties prenantes.\u00a0<\/span><span data-ccp-props=\"{&quot;201341983&quot;:0,&quot;335559739&quot;:160,&quot;335559740&quot;:259}\">\u00a0<\/span><\/li>\n<li><span style=\"color: #000000;\"><em><b>Diversit\u00e9<\/b><\/em><\/span><span data-contrast=\"auto\">\u202f: Accueillir positivement la diversit\u00e9 d\u2019opinion, d\u2019exp\u00e9riences et de culture. S\u2019engager<\/span><span data-contrast=\"auto\"> \u00e0 s\u2019informer et \u00e0 <\/span>se sensibiliser aux diff\u00e9rences sous toutes ses formes afin d\u2019agir contre toutes discriminations.<span data-ccp-props=\"{&quot;201341983&quot;:0,&quot;335559739&quot;:160,&quot;335559740&quot;:259}\">\u00a0<\/span><\/li>\n<\/ul>\n<h4><strong>Lesaffaires.com :<\/strong> <a href=\"https:\/\/www.lesaffaires.com\/strategie-d-entreprise\/management\/accreditation-creee-pour-attester-que-vous-savez-fideliser-vos-employes\/637864\" target=\"_blank\" rel=\"noopener\">Accr\u00e9ditation cr\u00e9\u00e9e pour attester que vous savez fid\u00e9liser vos employ\u00e9s<\/a><\/h4>\n<h4><strong>Grenier aux nouvelles &#8211; communiqu\u00e9 de presse : <a href=\"https:\/\/www.grenier.qc.ca\/nouvelles\/31357\/linstitut-de-leadership-lance-une-nouvelle-accreditation\" target=\"_blank\" rel=\"noopener\">L&#8217;Institut de leadership lance une nouvelle accr\u00e9ditation<\/a><\/strong><\/h4>\n<h4>Lapresse.ca : <a href=\"https:\/\/www.lapresse.ca\/xtra\/2022-12-12\/institut-de-leadership\/nouvelle-accreditation-certifie-en-leadership-et-management-humain-c-lmh.php\"><span class=\"title titleModule__main\">Nouvelle\u00a0accr\u00e9ditation\u00a0: Certifi\u00e9 en leadership et management humain \u2014 C.LMH<\/span><\/a><\/h4>\n<p>Contactez-nous pour de plus amples informations: 514-702-2991<\/p>\n<p>&nbsp;<\/p>\n","protected":false},"excerpt":{"rendered":"<p>Pourquoi une accr\u00e9ditation en leadership et management humain? Face \u00e0 une \u00e9volution acc\u00e9l\u00e9r\u00e9e du march\u00e9 du travail, les habilet\u00e9s humaines sont d\u00e9sormais au c\u0153ur\u00a0 de notre gestion organisationnelle . Li\u00e9es \u00e0 la qualit\u00e9 de vie au travail elles sont \u00e9galement &hellip; <\/p>\n","protected":false},"author":17,"featured_media":0,"parent":0,"menu_order":0,"comment_status":"closed","ping_status":"closed","template":"","meta":{"content-type":""},"yoast_head":"<!-- This site is optimized with the Yoast SEO plugin v20.6 - https:\/\/yoast.com\/wordpress\/plugins\/seo\/ -->\n<title>C.LMH Certifi\u00e9 en leadership et en management humain - Canada - Institut de Leadership<\/title>\n<meta name=\"robots\" content=\"index, follow, max-snippet:-1, max-image-preview:large, max-video-preview:-1\" \/>\n<link rel=\"canonical\" href=\"https:\/\/www.institutleadership.ca\/montreal\/c-lmh-certifie-en-leadership-et-en-management-humain\/\" \/>\n<meta property=\"og:locale\" content=\"fr_CA\" \/>\n<meta property=\"og:type\" content=\"article\" \/>\n<meta property=\"og:title\" content=\"C.LMH Certifi\u00e9 en leadership et en management humain - Canada - Institut de Leadership\" \/>\n<meta property=\"og:description\" content=\"Pourquoi une accr\u00e9ditation en leadership et management humain? Face \u00e0 une \u00e9volution acc\u00e9l\u00e9r\u00e9e du march\u00e9 du travail, les habilet\u00e9s humaines sont d\u00e9sormais au c\u0153ur\u00a0 de notre gestion organisationnelle . Li\u00e9es \u00e0 la qualit\u00e9 de vie au travail elles sont \u00e9galement &hellip;\" \/>\n<meta property=\"og:url\" content=\"https:\/\/www.institutleadership.ca\/montreal\/c-lmh-certifie-en-leadership-et-en-management-humain\/\" \/>\n<meta property=\"og:site_name\" content=\"Canada - Institut de Leadership\" \/>\n<meta property=\"article:publisher\" content=\"https:\/\/www.facebook.com\/institutleadership\/\" \/>\n<meta property=\"article:modified_time\" content=\"2026-03-11T15:09:25+00:00\" \/>\n<meta property=\"og:image\" content=\"https:\/\/www.institutleadership.ca\/montreal\/wp-content\/uploads\/sites\/7\/2022\/09\/C.LMH_Logo_White-on-Navy_Medium.jpg\" \/>\n<meta name=\"twitter:card\" content=\"summary_large_image\" \/>\n<meta name=\"twitter:label1\" content=\"Estimation du temps de lecture\" \/>\n\t<meta name=\"twitter:data1\" content=\"5 minutes\" \/>\n<script type=\"application\/ld+json\" class=\"yoast-schema-graph\">{\"@context\":\"https:\/\/schema.org\",\"@graph\":[{\"@type\":\"WebPage\",\"@id\":\"https:\/\/www.institutleadership.ca\/montreal\/c-lmh-certifie-en-leadership-et-en-management-humain\/\",\"url\":\"https:\/\/www.institutleadership.ca\/montreal\/c-lmh-certifie-en-leadership-et-en-management-humain\/\",\"name\":\"C.LMH Certifi\u00e9 en leadership et en management humain - Canada - Institut de Leadership\",\"isPartOf\":{\"@id\":\"https:\/\/www.institutleadership.ca\/montreal\/#website\"},\"datePublished\":\"2022-10-04T17:32:40+00:00\",\"dateModified\":\"2026-03-11T15:09:25+00:00\",\"breadcrumb\":{\"@id\":\"https:\/\/www.institutleadership.ca\/montreal\/c-lmh-certifie-en-leadership-et-en-management-humain\/#breadcrumb\"},\"inLanguage\":\"fr-CA\",\"potentialAction\":[{\"@type\":\"ReadAction\",\"target\":[\"https:\/\/www.institutleadership.ca\/montreal\/c-lmh-certifie-en-leadership-et-en-management-humain\/\"]}]},{\"@type\":\"BreadcrumbList\",\"@id\":\"https:\/\/www.institutleadership.ca\/montreal\/c-lmh-certifie-en-leadership-et-en-management-humain\/#breadcrumb\",\"itemListElement\":[{\"@type\":\"ListItem\",\"position\":1,\"name\":\"Accueil\",\"item\":\"https:\/\/www.institutleadership.ca\/montreal\/\"},{\"@type\":\"ListItem\",\"position\":2,\"name\":\"C.LMH Certifi\u00e9 en leadership et en management humain\"}]},{\"@type\":\"WebSite\",\"@id\":\"https:\/\/www.institutleadership.ca\/montreal\/#website\",\"url\":\"https:\/\/www.institutleadership.ca\/montreal\/\",\"name\":\"Institut de leadership\",\"description\":\"Formations pour cadres et dirigeants\",\"publisher\":{\"@id\":\"https:\/\/www.institutleadership.ca\/montreal\/#organization\"},\"potentialAction\":[{\"@type\":\"SearchAction\",\"target\":{\"@type\":\"EntryPoint\",\"urlTemplate\":\"https:\/\/www.institutleadership.ca\/montreal\/?s={search_term_string}\"},\"query-input\":\"required name=search_term_string\"}],\"inLanguage\":\"fr-CA\"},{\"@type\":\"Organization\",\"@id\":\"https:\/\/www.institutleadership.ca\/montreal\/#organization\",\"name\":\"Institut de leadership\",\"url\":\"https:\/\/www.institutleadership.ca\/montreal\/\",\"logo\":{\"@type\":\"ImageObject\",\"inLanguage\":\"fr-CA\",\"@id\":\"https:\/\/www.institutleadership.ca\/montreal\/#\/schema\/logo\/image\/\",\"url\":\"https:\/\/www.institutleadership.ca\/montreal\/wp-content\/uploads\/sites\/7\/2019\/11\/Logo_Officiel-2-1.jpg\",\"contentUrl\":\"https:\/\/www.institutleadership.ca\/montreal\/wp-content\/uploads\/sites\/7\/2019\/11\/Logo_Officiel-2-1.jpg\",\"width\":2048,\"height\":1024,\"caption\":\"Institut de leadership\"},\"image\":{\"@id\":\"https:\/\/www.institutleadership.ca\/montreal\/#\/schema\/logo\/image\/\"},\"sameAs\":[\"https:\/\/www.facebook.com\/institutleadership\/\",\"https:\/\/www.linkedin.com\/school\/5305840\"]}]}<\/script>\n<!-- \/ Yoast SEO plugin. -->","yoast_head_json":{"title":"C.LMH Certifi\u00e9 en leadership et en management humain - Canada - Institut de Leadership","robots":{"index":"index","follow":"follow","max-snippet":"max-snippet:-1","max-image-preview":"max-image-preview:large","max-video-preview":"max-video-preview:-1"},"canonical":"https:\/\/www.institutleadership.ca\/montreal\/c-lmh-certifie-en-leadership-et-en-management-humain\/","og_locale":"fr_CA","og_type":"article","og_title":"C.LMH Certifi\u00e9 en leadership et en management humain - Canada - Institut de Leadership","og_description":"Pourquoi une accr\u00e9ditation en leadership et management humain? Face \u00e0 une \u00e9volution acc\u00e9l\u00e9r\u00e9e du march\u00e9 du travail, les habilet\u00e9s humaines sont d\u00e9sormais au c\u0153ur\u00a0 de notre gestion organisationnelle . Li\u00e9es \u00e0 la qualit\u00e9 de vie au travail elles sont \u00e9galement &hellip;","og_url":"https:\/\/www.institutleadership.ca\/montreal\/c-lmh-certifie-en-leadership-et-en-management-humain\/","og_site_name":"Canada - Institut de Leadership","article_publisher":"https:\/\/www.facebook.com\/institutleadership\/","article_modified_time":"2026-03-11T15:09:25+00:00","og_image":[{"url":"https:\/\/www.institutleadership.ca\/montreal\/wp-content\/uploads\/sites\/7\/2022\/09\/C.LMH_Logo_White-on-Navy_Medium.jpg"}],"twitter_card":"summary_large_image","twitter_misc":{"Estimation du temps de lecture":"5 minutes"},"schema":{"@context":"https:\/\/schema.org","@graph":[{"@type":"WebPage","@id":"https:\/\/www.institutleadership.ca\/montreal\/c-lmh-certifie-en-leadership-et-en-management-humain\/","url":"https:\/\/www.institutleadership.ca\/montreal\/c-lmh-certifie-en-leadership-et-en-management-humain\/","name":"C.LMH Certifi\u00e9 en leadership et en management humain - Canada - Institut de Leadership","isPartOf":{"@id":"https:\/\/www.institutleadership.ca\/montreal\/#website"},"datePublished":"2022-10-04T17:32:40+00:00","dateModified":"2026-03-11T15:09:25+00:00","breadcrumb":{"@id":"https:\/\/www.institutleadership.ca\/montreal\/c-lmh-certifie-en-leadership-et-en-management-humain\/#breadcrumb"},"inLanguage":"fr-CA","potentialAction":[{"@type":"ReadAction","target":["https:\/\/www.institutleadership.ca\/montreal\/c-lmh-certifie-en-leadership-et-en-management-humain\/"]}]},{"@type":"BreadcrumbList","@id":"https:\/\/www.institutleadership.ca\/montreal\/c-lmh-certifie-en-leadership-et-en-management-humain\/#breadcrumb","itemListElement":[{"@type":"ListItem","position":1,"name":"Accueil","item":"https:\/\/www.institutleadership.ca\/montreal\/"},{"@type":"ListItem","position":2,"name":"C.LMH Certifi\u00e9 en leadership et en management humain"}]},{"@type":"WebSite","@id":"https:\/\/www.institutleadership.ca\/montreal\/#website","url":"https:\/\/www.institutleadership.ca\/montreal\/","name":"Institut de leadership","description":"Formations pour cadres et dirigeants","publisher":{"@id":"https:\/\/www.institutleadership.ca\/montreal\/#organization"},"potentialAction":[{"@type":"SearchAction","target":{"@type":"EntryPoint","urlTemplate":"https:\/\/www.institutleadership.ca\/montreal\/?s={search_term_string}"},"query-input":"required name=search_term_string"}],"inLanguage":"fr-CA"},{"@type":"Organization","@id":"https:\/\/www.institutleadership.ca\/montreal\/#organization","name":"Institut de leadership","url":"https:\/\/www.institutleadership.ca\/montreal\/","logo":{"@type":"ImageObject","inLanguage":"fr-CA","@id":"https:\/\/www.institutleadership.ca\/montreal\/#\/schema\/logo\/image\/","url":"https:\/\/www.institutleadership.ca\/montreal\/wp-content\/uploads\/sites\/7\/2019\/11\/Logo_Officiel-2-1.jpg","contentUrl":"https:\/\/www.institutleadership.ca\/montreal\/wp-content\/uploads\/sites\/7\/2019\/11\/Logo_Officiel-2-1.jpg","width":2048,"height":1024,"caption":"Institut de leadership"},"image":{"@id":"https:\/\/www.institutleadership.ca\/montreal\/#\/schema\/logo\/image\/"},"sameAs":["https:\/\/www.facebook.com\/institutleadership\/","https:\/\/www.linkedin.com\/school\/5305840"]}]}},"_links":{"self":[{"href":"https:\/\/www.institutleadership.ca\/montreal\/wp-json\/wp\/v2\/pages\/14676"}],"collection":[{"href":"https:\/\/www.institutleadership.ca\/montreal\/wp-json\/wp\/v2\/pages"}],"about":[{"href":"https:\/\/www.institutleadership.ca\/montreal\/wp-json\/wp\/v2\/types\/page"}],"author":[{"embeddable":true,"href":"https:\/\/www.institutleadership.ca\/montreal\/wp-json\/wp\/v2\/users\/17"}],"replies":[{"embeddable":true,"href":"https:\/\/www.institutleadership.ca\/montreal\/wp-json\/wp\/v2\/comments?post=14676"}],"version-history":[{"count":86,"href":"https:\/\/www.institutleadership.ca\/montreal\/wp-json\/wp\/v2\/pages\/14676\/revisions"}],"predecessor-version":[{"id":19429,"href":"https:\/\/www.institutleadership.ca\/montreal\/wp-json\/wp\/v2\/pages\/14676\/revisions\/19429"}],"wp:attachment":[{"href":"https:\/\/www.institutleadership.ca\/montreal\/wp-json\/wp\/v2\/media?parent=14676"}],"curies":[{"name":"wp","href":"https:\/\/api.w.org\/{rel}","templated":true}]}}