{"id":16860,"date":"2024-11-08T11:07:30","date_gmt":"2024-11-08T16:07:30","guid":{"rendered":"https:\/\/www.institutleadership.ca\/montreal\/?page_id=16860"},"modified":"2026-04-09T15:02:02","modified_gmt":"2026-04-09T19:02:02","slug":"formations-signatures","status":"publish","type":"page","link":"https:\/\/www.institutleadership.ca\/montreal\/formations-signatures\/","title":{"rendered":"Formations Signatures"},"content":{"rendered":"<p>&nbsp;<\/p>\n<p><img decoding=\"async\" loading=\"lazy\" class=\"alignnone wp-image-19252 size-large\" src=\"https:\/\/www.institutleadership.ca\/montreal\/wp-content\/uploads\/sites\/7\/2026\/01\/Intelligence-artificielle-1-1-scaled-1024x512.jpg\" alt=\"\" width=\"640\" height=\"320\" srcset=\"https:\/\/www.institutleadership.ca\/montreal\/wp-content\/uploads\/sites\/7\/2026\/01\/Intelligence-artificielle-1-1-scaled-1024x512.jpg 1024w, https:\/\/www.institutleadership.ca\/montreal\/wp-content\/uploads\/sites\/7\/2026\/01\/Intelligence-artificielle-1-1-scaled-300x150.jpg 300w, https:\/\/www.institutleadership.ca\/montreal\/wp-content\/uploads\/sites\/7\/2026\/01\/Intelligence-artificielle-1-1-768x384.jpg 768w, https:\/\/www.institutleadership.ca\/montreal\/wp-content\/uploads\/sites\/7\/2026\/01\/Intelligence-artificielle-1-1-1536x768.jpg 1536w, https:\/\/www.institutleadership.ca\/montreal\/wp-content\/uploads\/sites\/7\/2026\/01\/Intelligence-artificielle-1-1-scaled.jpg 2048w, https:\/\/www.institutleadership.ca\/montreal\/wp-content\/uploads\/sites\/7\/2026\/01\/Intelligence-artificielle-1-1-600x300.jpg 600w\" sizes=\"(max-width: 640px) 100vw, 640px\" \/><\/p>\n<h3><span class=\"TextRun SCXW46995505 BCX0\" lang=\"FR-CA\" xml:lang=\"FR-CA\" data-contrast=\"auto\"><span class=\"NormalTextRun SCXW46995505 BCX0\">Intelligence artificielle : Mardi 14 avril 2026<\/span><\/span> de 8h30 \u00e0 13h<\/h3>\n<p data-start=\"174\" data-end=\"586\"><strong>L\u2019intelligence artificielle transforme en profondeur les organisations, les mod\u00e8les d\u2019affaires et les pratiques professionnelles. Au-del\u00e0 des effets de mode, elle repr\u00e9sente un levier strat\u00e9gique puissant pour optimiser les processus, stimuler l\u2019innovation et soutenir une prise de d\u00e9cision plus \u00e9clair\u00e9e. Encore faut-il comprendre ses usages concrets, ses limites et les conditions de succ\u00e8s de son int\u00e9gration.<\/strong><\/p>\n<p data-start=\"588\" data-end=\"902\">Cette formation vous permettra de d\u00e9velopper une compr\u00e9hension claire et accessible de l\u2019intelligence artificielle, d\u2019identifier les opportunit\u00e9s pertinentes pour votre organisation et d\u2019acqu\u00e9rir des rep\u00e8res strat\u00e9giques pour int\u00e9grer l\u2019IA de fa\u00e7on responsable, efficace et adapt\u00e9e \u00e0 votre r\u00e9alit\u00e9 professionnelle.<\/p>\n<p data-start=\"904\" data-end=\"1464\">Anim\u00e9e par<strong> <a href=\"https:\/\/www.institutleadership.ca\/montreal\/experts\/gabriel-tasse-cofondateur-de-click-mortar\/\"><span class=\"hover:entity-accent entity-underline inline cursor-pointer align-baseline\"><span class=\"whitespace-normal\">Gabriel Tass\u00e9<\/span><\/span><\/a><\/strong>, Vice-pr\u00e9sident, Strat\u00e9gie, Innovation et Rayonnement chez Tink, cette session propose une approche concr\u00e8te et orient\u00e9e vers les applications d\u2019affaires de l\u2019IA. Vous entendrez \u00e9galement le t\u00e9moignage de <strong><a href=\"https:\/\/www.institutleadership.ca\/montreal\/experts\/anne-martel-cofondatrice-de-element-ai\/\"><span class=\"hover:entity-accent entity-underline inline cursor-pointer align-baseline\"><span class=\"whitespace-normal\">Anne Martel<\/span><\/span><\/a><\/strong>, cofondatrice de <span class=\"hover:entity-accent entity-underline inline cursor-pointer align-baseline\"><span class=\"whitespace-normal\">Element AI<\/span><\/span>, qui partagera des cas concrets d\u2019utilisation de l\u2019intelligence artificielle au sein d\u2019organisations innovantes, \u00e0 l\u2019intersection de la technologie, de la strat\u00e9gie et de la transformation organisationnelle.<\/p>\n<h4 data-start=\"809\" data-end=\"1156\">Objectifs de la formation :<\/h4>\n<ul>\n<li>Comprendre les principes fondamentaux de l\u2019intelligence artificielle et ses principaux usages<\/li>\n<li>Identifier les opportunit\u00e9s d\u2019application de l\u2019IA dans son environnement professionnel<\/li>\n<li>Anticiper les d\u00e9fis organisationnels, humains et strat\u00e9giques li\u00e9s \u00e0 son int\u00e9gration<\/li>\n<li>D\u00e9couvrir des cas concrets d\u2019utilisation de l\u2019IA cr\u00e9ant de la valeur<\/li>\n<li>D\u00e9velopper des rep\u00e8res pour une adoption responsable et align\u00e9e sur les objectifs d\u2019affaires<\/li>\n<li>Repartir avec des pistes concr\u00e8tes pour int\u00e9grer l\u2019IA dans ses pratiques<\/li>\n<\/ul>\n<h4><strong>Tarif : <\/strong><\/h4>\n<p>Tarif : 595$ + taxes<br \/>\nTarif pour 5 personnes (valable en tout temps et applicable \u00e0 l\u2019inscription \u00e0 diff\u00e9rentes formations signatures*) : 1 975$ + taxes<br \/>\n<em>*Si vous souhaitez acheter 5 inscriptions pour diff\u00e9rentes formations signatures, merci de nous contacter \u00e0 info@institutleadership.ca<\/em><\/p>\n<h5>Pour vous inscrire \u00e0 cette formation, <span style=\"color: #ff0000;\">cliquez <a href=\"https:\/\/www.eventbrite.ca\/e\/billets-formation-signature-intelligence-artificielle-1977543998333?aff=oddtdtcreator\">ici<\/a><\/span>.<\/h5>\n<p><em>* Les rediffusions des formations seront disponibles pendant 7 jours sur demande. Les conf\u00e9rences ne seront pas enregistr\u00e9es.<\/em><\/p>\n<hr \/>\n<p><a href=\"https:\/\/www.eventbrite.ca\/e\/billets-formation-signature-coaching-dequipe-1977623501128?aff=oddtdtcreator\"><img decoding=\"async\" loading=\"lazy\" class=\"alignnone wp-image-19089 size-large\" src=\"https:\/\/www.institutleadership.ca\/montreal\/wp-content\/uploads\/sites\/7\/2026\/01\/Coaching-dequipe--scaled-1024x512.jpg\" alt=\"\" width=\"640\" height=\"320\" srcset=\"https:\/\/www.institutleadership.ca\/montreal\/wp-content\/uploads\/sites\/7\/2026\/01\/Coaching-dequipe--scaled-1024x512.jpg 1024w, https:\/\/www.institutleadership.ca\/montreal\/wp-content\/uploads\/sites\/7\/2026\/01\/Coaching-dequipe--scaled-300x150.jpg 300w, https:\/\/www.institutleadership.ca\/montreal\/wp-content\/uploads\/sites\/7\/2026\/01\/Coaching-dequipe--768x384.jpg 768w, https:\/\/www.institutleadership.ca\/montreal\/wp-content\/uploads\/sites\/7\/2026\/01\/Coaching-dequipe--1536x768.jpg 1536w, https:\/\/www.institutleadership.ca\/montreal\/wp-content\/uploads\/sites\/7\/2026\/01\/Coaching-dequipe--scaled.jpg 2048w, https:\/\/www.institutleadership.ca\/montreal\/wp-content\/uploads\/sites\/7\/2026\/01\/Coaching-dequipe--600x300.jpg 600w\" sizes=\"(max-width: 640px) 100vw, 640px\" \/><\/a><\/p>\n<h3><span class=\"TextRun SCXW46995505 BCX0\" lang=\"FR-CA\" xml:lang=\"FR-CA\" data-contrast=\"auto\"><span class=\"NormalTextRun SCXW46995505 BCX0\">Coaching d&#8217;\u00e9quipe : Jeudi 21 mai 2026<\/span><\/span> de 8h30 \u00e0 13h<\/h3>\n<p data-start=\"134\" data-end=\"503\"><strong>Le coaching d\u2019\u00e9quipe est un levier puissant pour renforcer la coh\u00e9sion, clarifier les objectifs collectifs et soutenir une performance durable. Dans des environnements de travail en constante \u00e9volution, la capacit\u00e9 \u00e0 mobiliser les talents, \u00e0 favoriser la collaboration et \u00e0 d\u00e9velopper un esprit d\u2019\u00e9quipe solide devient essentielle pour les gestionnaires et les leaders.<\/strong><\/p>\n<p data-start=\"505\" data-end=\"743\">Cette formation vous permettra de mieux comprendre les fondements du coaching d\u2019\u00e9quipe, d\u2019adopter une posture mobilisatrice et d\u2019utiliser des outils concrets pour soutenir le d\u00e9veloppement collectif et l\u2019engagement au sein de vos \u00e9quipes.<\/p>\n<p data-start=\"745\" data-end=\"1279\">Anim\u00e9e par <a href=\"https:\/\/www.institutleadership.ca\/inscription\/experts\/pierre-lescarbeau-coach-formateur-en-entreprises-et-conferencier\/\"><strong data-start=\"756\" data-end=\"797\"><span class=\"hover:entity-accent entity-underline inline cursor-pointer align-baseline\"><span class=\"whitespace-normal\">Pierre Lescarbeau<\/span><\/span><\/strong><\/a>, coach et formateur reconnu pour son approche humaine et strat\u00e9gique, cette s\u00e9ance propose des outils pratiques pour am\u00e9liorer le fonctionnement des \u00e9quipes et renforcer la collaboration. Vous b\u00e9n\u00e9ficierez \u00e9galement du t\u00e9moignage de <a href=\"https:\/\/www.institutleadership.ca\/montreal\/experts\/dany-dube-chroniqueur-sportif-et-animateur-de-radio\/\"><strong data-start=\"1031\" data-end=\"1072\"><span class=\"hover:entity-accent entity-underline inline cursor-pointer align-baseline\"><span class=\"whitespace-normal\">Dany Dub\u00e9<\/span><\/span><\/strong><\/a>, chroniqueur sportif et animateur de radio, qui partagera un regard inspirant sur la dynamique de groupe et les leviers de motivation, issus du sport de haut niveau et du leadership en milieu professionnel.<\/p>\n<h4 data-start=\"809\" data-end=\"1156\">Objectifs de la formation :<\/h4>\n<ul>\n<li>Comprendre les principes cl\u00e9s du coaching d\u2019\u00e9quipe<\/li>\n<li>Adopter une posture favorisant la mobilisation et l\u2019engagement collectif<\/li>\n<li>Clarifier les objectifs et les r\u00f4les au sein d\u2019une \u00e9quipe<\/li>\n<li>Stimuler la collaboration et la confiance entre les membres<\/li>\n<li>Identifier les leviers de motivation et de performance durable<\/li>\n<li>Repartir avec des outils concrets applicables imm\u00e9diatement<\/li>\n<\/ul>\n<p><strong>Tarif :<\/strong><\/p>\n<p>Tarif : 595$ + taxes<\/p>\n<p>Tarif pour 5 personnes (valable en tout temps et applicable \u00e0 l\u2019inscription \u00e0 diff\u00e9rentes formations signatures*) : 1 975$ + taxes<br \/>\n<em>*Si vous souhaitez acheter 5 inscriptions pour diff\u00e9rentes formations signatures, merci de nous contacter \u00e0 info@institutleadership.ca<\/em><\/p>\n<h5>Pour vous inscrire \u00e0 cette formation, <span style=\"color: #ff0000;\">cliquez <a href=\"https:\/\/www.eventbrite.ca\/e\/billets-formation-signature-coaching-dequipe-1977623501128?aff=oddtdtcreator\">ici<\/a><\/span>.<\/h5>\n<p><em>* Les rediffusions des formations seront disponibles pendant 7 jours sur demande. Les conf\u00e9rences ne seront pas enregistr\u00e9es.<\/em><\/p>\n<hr \/>\n<p><img decoding=\"async\" loading=\"lazy\" class=\"alignnone wp-image-19136 \" src=\"https:\/\/www.institutleadership.ca\/montreal\/wp-content\/uploads\/sites\/7\/2026\/01\/Prise-de-decision-scaled-1024x512.jpg\" alt=\"\" width=\"642\" height=\"321\" srcset=\"https:\/\/www.institutleadership.ca\/montreal\/wp-content\/uploads\/sites\/7\/2026\/01\/Prise-de-decision-scaled-1024x512.jpg 1024w, https:\/\/www.institutleadership.ca\/montreal\/wp-content\/uploads\/sites\/7\/2026\/01\/Prise-de-decision-scaled-300x150.jpg 300w, https:\/\/www.institutleadership.ca\/montreal\/wp-content\/uploads\/sites\/7\/2026\/01\/Prise-de-decision-768x384.jpg 768w, https:\/\/www.institutleadership.ca\/montreal\/wp-content\/uploads\/sites\/7\/2026\/01\/Prise-de-decision-1536x768.jpg 1536w, https:\/\/www.institutleadership.ca\/montreal\/wp-content\/uploads\/sites\/7\/2026\/01\/Prise-de-decision-scaled.jpg 2048w, https:\/\/www.institutleadership.ca\/montreal\/wp-content\/uploads\/sites\/7\/2026\/01\/Prise-de-decision-600x300.jpg 600w\" sizes=\"(max-width: 642px) 100vw, 642px\" \/><\/p>\n<h3><span class=\"TextRun SCXW46995505 BCX0\" lang=\"FR-CA\" xml:lang=\"FR-CA\" data-contrast=\"auto\"><span class=\"NormalTextRun SCXW46995505 BCX0\">Prise de d\u00e9cision : Mercredi 3 juin 2026<\/span><\/span> de 8h30 \u00e0 13h<\/h3>\n<p data-start=\"158\" data-end=\"473\"><strong>La prise de d\u00e9cision est au c\u0153ur du r\u00f4le de tout gestionnaire et dirigeant. Dans des contextes marqu\u00e9s par l\u2019incertitude, la complexit\u00e9 et la pression, savoir structurer ses choix, reconna\u00eetre ses biais et agir avec discernement constitue un levier essentiel pour exercer un leadership plus strat\u00e9gique et efficace.<\/strong><\/p>\n<p data-start=\"475\" data-end=\"677\">Cette formation vous permettra de mieux comprendre vos r\u00e9flexes d\u00e9cisionnels, de structurer votre processus de d\u00e9cision et d\u2019am\u00e9liorer la qualit\u00e9 de vos choix, tant sur le plan individuel que collectif.<\/p>\n<p data-start=\"679\" data-end=\"1306\">Anim\u00e9e par <a href=\"https:\/\/www.institutleadership.ca\/montreal\/experts\/pierre-lainey\/\"><strong data-start=\"690\" data-end=\"731\"><span class=\"hover:entity-accent entity-underline inline cursor-pointer align-baseline\"><span class=\"whitespace-normal\">Pierre Lainey<\/span><\/span><\/strong><\/a>, ma\u00eetre d\u2019enseignement senior \u00e0 <span class=\"hover:entity-accent entity-underline inline cursor-pointer align-baseline\"><span class=\"whitespace-normal\">HEC Montr\u00e9al<\/span><\/span> et expert reconnu en comportement d\u00e9cisionnel, cette s\u00e9ance propose des outils concrets et des exemples issus de situations r\u00e9elles. Vous entendrez \u00e9galement le t\u00e9moignage de <a href=\"https:\/\/www.institutleadership.ca\/montreal\/experts\/pierre-gabriel-cote-ex-delegue-general-du-quebec-a-londres-et-pdg-dinvestissement-quebec\/\"><strong data-start=\"981\" data-end=\"1022\"><span class=\"hover:entity-accent entity-underline inline cursor-pointer align-baseline\"><span class=\"whitespace-normal\">Pierre Gabriel C\u00f4t\u00e9<\/span><\/span><\/strong><\/a>, ex-d\u00e9l\u00e9gu\u00e9 g\u00e9n\u00e9ral du Qu\u00e9bec \u00e0 Londres et PDG d\u2019<span class=\"hover:entity-accent entity-underline inline cursor-pointer align-baseline\"><span class=\"whitespace-normal\">Investissement Qu\u00e9bec<\/span><\/span>, qui partagera des situations v\u00e9cues o\u00f9 la prise de d\u00e9cision strat\u00e9gique et la gestion du changement ont permis de surmonter des contextes complexes et d\u2019atteindre des r\u00e9sultats significatifs.<\/p>\n<h4 data-start=\"809\" data-end=\"1156\">Objectifs de la formation :<\/h4>\n<ul>\n<li>Comprendre les principes cl\u00e9s d\u2019un processus d\u00e9cisionnel efficace<\/li>\n<li>Reconna\u00eetre ses biais et les pi\u00e8ges courants dans la prise de d\u00e9cision<\/li>\n<li>Structurer ses d\u00e9cisions dans des contextes complexes ou incertains<\/li>\n<li>Distinguer quand d\u00e9cider seul et quand favoriser une d\u00e9cision collective<\/li>\n<li>Am\u00e9liorer la qualit\u00e9 et la coh\u00e9rence de ses choix strat\u00e9giques<\/li>\n<li>Repartir avec des outils concrets applicables imm\u00e9diatement<\/li>\n<\/ul>\n<h4 data-start=\"809\" data-end=\"1156\"><strong>Tarif :<\/strong><\/h4>\n<p>Tarif : 595$ + taxes<br \/>\nTarif pour 5 personnes (valable en tout temps et applicable \u00e0 l\u2019inscription \u00e0 diff\u00e9rentes formations signatures*) : 1 975$ + taxes<br \/>\n<em>*Si vous souhaitez acheter 5 inscriptions pour diff\u00e9rentes formations signatures, merci de nous contacter \u00e0 info@institutleadership.ca<\/em><\/p>\n<h5>Pour vous inscrire \u00e0 cette formation, <span style=\"color: #ff0000;\">cliquez <a href=\"https:\/\/www.eventbrite.ca\/e\/billets-formation-signature-prise-de-decision-1977624284471?aff=oddtdtcreator\">ici<\/a><\/span>.<\/h5>\n<p><em>* Les rediffusions des formations seront disponibles pendant 7 jours sur demande. Les conf\u00e9rences ne seront pas enregistr\u00e9es.<\/em><\/p>\n","protected":false},"excerpt":{"rendered":"<p>&nbsp; Intelligence artificielle : Mardi 14 avril 2026 de 8h30 \u00e0 13h L\u2019intelligence artificielle transforme en profondeur les organisations, les mod\u00e8les d\u2019affaires et les pratiques professionnelles. Au-del\u00e0 des effets de mode, elle repr\u00e9sente un levier strat\u00e9gique puissant pour optimiser les &hellip; <\/p>\n","protected":false},"author":17,"featured_media":0,"parent":0,"menu_order":0,"comment_status":"closed","ping_status":"closed","template":"","meta":{"content-type":""},"yoast_head":"<!-- This site is optimized with the Yoast SEO plugin v20.6 - https:\/\/yoast.com\/wordpress\/plugins\/seo\/ -->\n<title>Formations Signatures - Canada - Institut de Leadership<\/title>\n<meta name=\"robots\" content=\"index, follow, max-snippet:-1, max-image-preview:large, max-video-preview:-1\" \/>\n<link rel=\"canonical\" href=\"https:\/\/www.institutleadership.ca\/montreal\/formations-signatures\/\" \/>\n<meta property=\"og:locale\" content=\"fr_CA\" \/>\n<meta property=\"og:type\" content=\"article\" \/>\n<meta property=\"og:title\" content=\"Formations Signatures - Canada - Institut de Leadership\" \/>\n<meta property=\"og:description\" content=\"&nbsp; Intelligence artificielle : Mardi 14 avril 2026 de 8h30 \u00e0 13h L\u2019intelligence artificielle transforme en profondeur les organisations, les mod\u00e8les d\u2019affaires et les pratiques professionnelles. Au-del\u00e0 des effets de mode, elle repr\u00e9sente un levier strat\u00e9gique puissant pour optimiser les &hellip;\" \/>\n<meta property=\"og:url\" content=\"https:\/\/www.institutleadership.ca\/montreal\/formations-signatures\/\" \/>\n<meta property=\"og:site_name\" content=\"Canada - Institut de Leadership\" \/>\n<meta property=\"article:publisher\" content=\"https:\/\/www.facebook.com\/institutleadership\/\" \/>\n<meta property=\"article:modified_time\" content=\"2026-04-09T19:02:02+00:00\" \/>\n<meta property=\"og:image\" content=\"https:\/\/www.institutleadership.ca\/montreal\/wp-content\/uploads\/sites\/7\/2026\/01\/Intelligence-artificielle-1-1-scaled-1024x512.jpg\" \/>\n<meta name=\"twitter:card\" content=\"summary_large_image\" \/>\n<meta name=\"twitter:label1\" content=\"Estimation du temps de lecture\" \/>\n\t<meta name=\"twitter:data1\" content=\"6 minutes\" \/>\n<script type=\"application\/ld+json\" class=\"yoast-schema-graph\">{\"@context\":\"https:\/\/schema.org\",\"@graph\":[{\"@type\":\"WebPage\",\"@id\":\"https:\/\/www.institutleadership.ca\/montreal\/formations-signatures\/\",\"url\":\"https:\/\/www.institutleadership.ca\/montreal\/formations-signatures\/\",\"name\":\"Formations Signatures - Canada - Institut de Leadership\",\"isPartOf\":{\"@id\":\"https:\/\/www.institutleadership.ca\/montreal\/#website\"},\"datePublished\":\"2024-11-08T16:07:30+00:00\",\"dateModified\":\"2026-04-09T19:02:02+00:00\",\"breadcrumb\":{\"@id\":\"https:\/\/www.institutleadership.ca\/montreal\/formations-signatures\/#breadcrumb\"},\"inLanguage\":\"fr-CA\",\"potentialAction\":[{\"@type\":\"ReadAction\",\"target\":[\"https:\/\/www.institutleadership.ca\/montreal\/formations-signatures\/\"]}]},{\"@type\":\"BreadcrumbList\",\"@id\":\"https:\/\/www.institutleadership.ca\/montreal\/formations-signatures\/#breadcrumb\",\"itemListElement\":[{\"@type\":\"ListItem\",\"position\":1,\"name\":\"Accueil\",\"item\":\"https:\/\/www.institutleadership.ca\/montreal\/\"},{\"@type\":\"ListItem\",\"position\":2,\"name\":\"Formations Signatures\"}]},{\"@type\":\"WebSite\",\"@id\":\"https:\/\/www.institutleadership.ca\/montreal\/#website\",\"url\":\"https:\/\/www.institutleadership.ca\/montreal\/\",\"name\":\"Institut de leadership\",\"description\":\"Formations pour cadres et dirigeants\",\"publisher\":{\"@id\":\"https:\/\/www.institutleadership.ca\/montreal\/#organization\"},\"potentialAction\":[{\"@type\":\"SearchAction\",\"target\":{\"@type\":\"EntryPoint\",\"urlTemplate\":\"https:\/\/www.institutleadership.ca\/montreal\/?s={search_term_string}\"},\"query-input\":\"required name=search_term_string\"}],\"inLanguage\":\"fr-CA\"},{\"@type\":\"Organization\",\"@id\":\"https:\/\/www.institutleadership.ca\/montreal\/#organization\",\"name\":\"Institut de leadership\",\"url\":\"https:\/\/www.institutleadership.ca\/montreal\/\",\"logo\":{\"@type\":\"ImageObject\",\"inLanguage\":\"fr-CA\",\"@id\":\"https:\/\/www.institutleadership.ca\/montreal\/#\/schema\/logo\/image\/\",\"url\":\"https:\/\/www.institutleadership.ca\/montreal\/wp-content\/uploads\/sites\/7\/2019\/11\/Logo_Officiel-2-1.jpg\",\"contentUrl\":\"https:\/\/www.institutleadership.ca\/montreal\/wp-content\/uploads\/sites\/7\/2019\/11\/Logo_Officiel-2-1.jpg\",\"width\":2048,\"height\":1024,\"caption\":\"Institut de leadership\"},\"image\":{\"@id\":\"https:\/\/www.institutleadership.ca\/montreal\/#\/schema\/logo\/image\/\"},\"sameAs\":[\"https:\/\/www.facebook.com\/institutleadership\/\",\"https:\/\/www.linkedin.com\/school\/5305840\"]}]}<\/script>\n<!-- \/ Yoast SEO plugin. -->","yoast_head_json":{"title":"Formations Signatures - Canada - Institut de Leadership","robots":{"index":"index","follow":"follow","max-snippet":"max-snippet:-1","max-image-preview":"max-image-preview:large","max-video-preview":"max-video-preview:-1"},"canonical":"https:\/\/www.institutleadership.ca\/montreal\/formations-signatures\/","og_locale":"fr_CA","og_type":"article","og_title":"Formations Signatures - Canada - Institut de Leadership","og_description":"&nbsp; Intelligence artificielle : Mardi 14 avril 2026 de 8h30 \u00e0 13h L\u2019intelligence artificielle transforme en profondeur les organisations, les mod\u00e8les d\u2019affaires et les pratiques professionnelles. Au-del\u00e0 des effets de mode, elle repr\u00e9sente un levier strat\u00e9gique puissant pour optimiser les &hellip;","og_url":"https:\/\/www.institutleadership.ca\/montreal\/formations-signatures\/","og_site_name":"Canada - Institut de Leadership","article_publisher":"https:\/\/www.facebook.com\/institutleadership\/","article_modified_time":"2026-04-09T19:02:02+00:00","og_image":[{"url":"https:\/\/www.institutleadership.ca\/montreal\/wp-content\/uploads\/sites\/7\/2026\/01\/Intelligence-artificielle-1-1-scaled-1024x512.jpg"}],"twitter_card":"summary_large_image","twitter_misc":{"Estimation du temps de lecture":"6 minutes"},"schema":{"@context":"https:\/\/schema.org","@graph":[{"@type":"WebPage","@id":"https:\/\/www.institutleadership.ca\/montreal\/formations-signatures\/","url":"https:\/\/www.institutleadership.ca\/montreal\/formations-signatures\/","name":"Formations Signatures - Canada - Institut de Leadership","isPartOf":{"@id":"https:\/\/www.institutleadership.ca\/montreal\/#website"},"datePublished":"2024-11-08T16:07:30+00:00","dateModified":"2026-04-09T19:02:02+00:00","breadcrumb":{"@id":"https:\/\/www.institutleadership.ca\/montreal\/formations-signatures\/#breadcrumb"},"inLanguage":"fr-CA","potentialAction":[{"@type":"ReadAction","target":["https:\/\/www.institutleadership.ca\/montreal\/formations-signatures\/"]}]},{"@type":"BreadcrumbList","@id":"https:\/\/www.institutleadership.ca\/montreal\/formations-signatures\/#breadcrumb","itemListElement":[{"@type":"ListItem","position":1,"name":"Accueil","item":"https:\/\/www.institutleadership.ca\/montreal\/"},{"@type":"ListItem","position":2,"name":"Formations Signatures"}]},{"@type":"WebSite","@id":"https:\/\/www.institutleadership.ca\/montreal\/#website","url":"https:\/\/www.institutleadership.ca\/montreal\/","name":"Institut de leadership","description":"Formations pour cadres et dirigeants","publisher":{"@id":"https:\/\/www.institutleadership.ca\/montreal\/#organization"},"potentialAction":[{"@type":"SearchAction","target":{"@type":"EntryPoint","urlTemplate":"https:\/\/www.institutleadership.ca\/montreal\/?s={search_term_string}"},"query-input":"required name=search_term_string"}],"inLanguage":"fr-CA"},{"@type":"Organization","@id":"https:\/\/www.institutleadership.ca\/montreal\/#organization","name":"Institut de leadership","url":"https:\/\/www.institutleadership.ca\/montreal\/","logo":{"@type":"ImageObject","inLanguage":"fr-CA","@id":"https:\/\/www.institutleadership.ca\/montreal\/#\/schema\/logo\/image\/","url":"https:\/\/www.institutleadership.ca\/montreal\/wp-content\/uploads\/sites\/7\/2019\/11\/Logo_Officiel-2-1.jpg","contentUrl":"https:\/\/www.institutleadership.ca\/montreal\/wp-content\/uploads\/sites\/7\/2019\/11\/Logo_Officiel-2-1.jpg","width":2048,"height":1024,"caption":"Institut de leadership"},"image":{"@id":"https:\/\/www.institutleadership.ca\/montreal\/#\/schema\/logo\/image\/"},"sameAs":["https:\/\/www.facebook.com\/institutleadership\/","https:\/\/www.linkedin.com\/school\/5305840"]}]}},"_links":{"self":[{"href":"https:\/\/www.institutleadership.ca\/montreal\/wp-json\/wp\/v2\/pages\/16860"}],"collection":[{"href":"https:\/\/www.institutleadership.ca\/montreal\/wp-json\/wp\/v2\/pages"}],"about":[{"href":"https:\/\/www.institutleadership.ca\/montreal\/wp-json\/wp\/v2\/types\/page"}],"author":[{"embeddable":true,"href":"https:\/\/www.institutleadership.ca\/montreal\/wp-json\/wp\/v2\/users\/17"}],"replies":[{"embeddable":true,"href":"https:\/\/www.institutleadership.ca\/montreal\/wp-json\/wp\/v2\/comments?post=16860"}],"version-history":[{"count":129,"href":"https:\/\/www.institutleadership.ca\/montreal\/wp-json\/wp\/v2\/pages\/16860\/revisions"}],"predecessor-version":[{"id":19784,"href":"https:\/\/www.institutleadership.ca\/montreal\/wp-json\/wp\/v2\/pages\/16860\/revisions\/19784"}],"wp:attachment":[{"href":"https:\/\/www.institutleadership.ca\/montreal\/wp-json\/wp\/v2\/media?parent=16860"}],"curies":[{"name":"wp","href":"https:\/\/api.w.org\/{rel}","templated":true}]}}