{"id":18707,"date":"2025-10-23T19:30:54","date_gmt":"2025-10-23T23:30:54","guid":{"rendered":"https:\/\/www.institutleadership.ca\/montreal\/?page_id=18707"},"modified":"2026-04-21T14:54:21","modified_gmt":"2026-04-21T18:54:21","slug":"certification-en-ia-et-leadership-numerique","status":"publish","type":"page","link":"https:\/\/www.institutleadership.ca\/montreal\/certification-en-ia-et-leadership-numerique\/","title":{"rendered":"Certification en IA et leadership num\u00e9rique"},"content":{"rendered":"<h3>CERTIFICATION EN IA ET LEADERSHIP NUM\u00c9RIQUE<\/h3>\n<p>Dans le paysage m\u00e9diatique actuel, l\u2019intelligence artificielle occupe une place pr\u00e9pond\u00e9rante. Chaque jour, de nouvelles avanc\u00e9es technologiques, analyses et pr\u00e9occupations viennent alimenter les discussions et fa\u00e7onner les perceptions. Cependant, une telle focalisation sur l\u2019IA tend \u00e0 occulter une r\u00e9alit\u00e9 essentielle : cette technologie ne constitue pas une finalit\u00e9 en soi, mais un levier strat\u00e9gique qui ne r\u00e9v\u00e8le tout son potentiel que lorsqu\u2019elle s\u2019inscrit dans un environnement num\u00e9rique structur\u00e9 et soutenu par des donn\u00e9es fiables.<\/p>\n<p data-start=\"704\" data-end=\"1241\">La pr\u00e9sente formation a \u00e9t\u00e9 con\u00e7ue pour accompagner les dirigeants et gestionnaires dans l\u2019int\u00e9gration de l\u2019intelligence artificielle au sein d\u2019une vision plus large de transformation num\u00e9rique. Elle met l\u2019accent sur la ma\u00eetrise des plateformes, des technologies et de la donn\u00e9e, afin d\u2019en faire de v\u00e9ritables vecteurs de performance et de comp\u00e9titivit\u00e9. L\u2019objectif est d\u2019aller au-del\u00e0 de la simple adoption de l\u2019IA pour permettre aux organisations d\u2019en tirer un avantage concret, durable et align\u00e9 avec leurs priorit\u00e9s strat\u00e9giques. Le programme est offert en collaboration avec TINK, une firme num\u00e9rique ind\u00e9pendante qu\u00e9b\u00e9coise qui accompagne depuis plus de 30 ans les grandes organisations dans leur transformation num\u00e9rique.<\/p>\n<p>&nbsp;<\/p>\n<h4><strong>Concr\u00e8tement, ce programme de Certification en IA et leadership num\u00e9rique va vous permettre de :<\/strong><\/h4>\n<p><span style=\"color: #003366;\"><strong>Prendre de meilleures d\u00e9cisions plus rapidement<\/strong><\/span><br \/>\nUtiliser l\u2019IA pour analyser des donn\u00e9es, rep\u00e9rer des tendances et appuyer vos d\u00e9cisions avec des faits concrets plut\u00f4t que des intuitions.<\/p>\n<p><span style=\"color: #003366;\"><strong>Accro\u00eetre l\u2019efficacit\u00e9 de vos op\u00e9rations<\/strong><\/span><br \/>\nD\u00e9couvrir comment automatiser des t\u00e2ches, optimiser les processus internes et r\u00e9duire les co\u00fbts gr\u00e2ce \u00e0 l\u2019IA.<\/p>\n<p><span style=\"color: #003366;\"><strong>Piloter le changement et mobiliser vos \u00e9quipes<\/strong><\/span><br \/>\nApprendre \u00e0 introduire l\u2019IA de mani\u00e8re fluide, sans r\u00e9sistance, en cr\u00e9ant de l\u2019adh\u00e9sion et de la confiance \u00e0 travers vos \u00e9quipes.<\/p>\n<p><span style=\"color: #003366;\"><strong>Personnaliser l\u2019exp\u00e9rience client et am\u00e9liorer les ventes<\/strong><\/span><br \/>\nComprendre comment les donn\u00e9es et l\u2019intelligence artificielle peuvent vous aider \u00e0 mieux cibler, fid\u00e9liser et satisfaire vos clients.<\/p>\n<p><span style=\"color: #003366;\"><strong>D\u00e9velopper votre leadership \u00e0 l\u2019\u00e8re num\u00e9rique<\/strong><\/span><br \/>\nDevenir un leader capable de comprendre la technologie tout en gardant une approche humaine, strat\u00e9gique et inspirante.<\/p>\n<p><span style=\"color: #003366;\"><strong>Rester en contr\u00f4le malgr\u00e9 la complexit\u00e9 technologique<\/strong><\/span><br \/>\nAcqu\u00e9rir les rep\u00e8res essentiels pour naviguer dans un monde en rapide transformation sans d\u00e9pendre totalement des experts techniques.<\/p>\n<h4><strong>\u00a0<\/strong><\/h4>\n<h3><strong>DESCRIPTION DES MODULES DE LA FORMATION\u00a0<\/strong><\/h3>\n<h4><strong>Comprendre l\u2019IA et son \u00e9cosyst\u00e8me <\/strong><\/h4>\n<p>Objectif : saisir ce que l\u2019IA peut r\u00e9ellement apporter \u00e0 votre organisation et apprendre \u00e0 prendre de meilleures d\u00e9cisions fond\u00e9es sur les donn\u00e9es plut\u00f4t que sur les intuitions.<\/p>\n<ul>\n<li>D\u00e9mystifier les diff\u00e9rents types d\u2019IA et leurs usages concrets en entreprise.<\/li>\n<li>Comprendre comment les donn\u00e9es et les technologies soutiennent la performance.<\/li>\n<li>Identifier les principales opportunit\u00e9s d\u2019IA dans vos activit\u00e9s : ventes, marketing, op\u00e9rations, RH, etc.<\/li>\n<li>Apprendre \u00e0 \u00e9valuer la valeur d\u2019un projet IA selon les besoins d\u2019affaires.<\/li>\n<li>Comprendre les limites, les risques et les biais pour une utilisation \u00e9clair\u00e9e.<\/li>\n<\/ul>\n<p>Ce module vous permettra de clarifier o\u00f9 et comment l\u2019IA peut g\u00e9n\u00e9rer une vraie diff\u00e9rence dans vos d\u00e9cisions quotidiennes.<\/p>\n<h4><strong>Passer de l\u2019id\u00e9e \u00e0 l\u2019action : b\u00e2tir votre plan IA <\/strong><\/h4>\n<p>Objectif : apprendre \u00e0 transformer une id\u00e9e en projet concret et accro\u00eetre l\u2019efficacit\u00e9 de vos op\u00e9rations gr\u00e2ce \u00e0 une planification claire et mesurable.<\/p>\n<ul>\n<li>\u00c9valuer la maturit\u00e9 num\u00e9rique de votre organisation : forces, faiblesses et priorit\u00e9s.<\/li>\n<li>Identifier les initiatives IA qui ont le plus de potentiel.<\/li>\n<li>Comprendre pourquoi certains projets pilotes \u00e9chouent et comment \u00e9viter ces pi\u00e8ges.<\/li>\n<li>Construire une feuille de route simple et claire sur 12 \u00e0 24 mois.<\/li>\n<li>D\u00e9finir les indicateurs de succ\u00e8s (financiers, humains, strat\u00e9giques) pour suivre vos progr\u00e8s.<\/li>\n<\/ul>\n<p>Vous saurez comment passer du concept \u00e0 l\u2019action avec confiance et structure, en maximisant l\u2019impact de chaque initiative.<\/p>\n<h4><strong>Donn\u00e9es, s\u00e9curit\u00e9 et gouvernance <\/strong><\/h4>\n<p>Objectif : ma\u00eetriser les bases pour utiliser vos donn\u00e9es de mani\u00e8re s\u00fbre et efficace et rester en contr\u00f4le malgr\u00e9 la complexit\u00e9 technologique.<\/p>\n<ul>\n<li>Mettre de l\u2019ordre dans vos donn\u00e9es : qualit\u00e9, coh\u00e9rence et responsabilit\u00e9.<\/li>\n<li>D\u00e9finir les r\u00f4les et responsabilit\u00e9s li\u00e9s \u00e0 la donn\u00e9e (qui fait quoi ?).<\/li>\n<li>Comprendre les obligations l\u00e9gales (loi 25, confidentialit\u00e9, RGPD).<\/li>\n<li>Identifier les principaux risques li\u00e9s \u00e0 l\u2019IA et comment les contr\u00f4ler.<\/li>\n<li>Mobiliser vos \u00e9quipes autour d\u2019une culture de la donn\u00e9e partag\u00e9e et s\u00e9curitaire.<\/li>\n<\/ul>\n<p>Ce module vous aidera \u00e0 b\u00e2tir une fondation solide pour que la donn\u00e9e devienne un v\u00e9ritable actif strat\u00e9gique plut\u00f4t qu\u2019une contrainte.<strong><em>\u00a0<\/em><\/strong><\/p>\n<h4><strong>Appliquer l\u2019IA aux r\u00e9alit\u00e9s de votre organisation <\/strong><\/h4>\n<p>Objectif : d\u00e9couvrir comment l\u2019IA peut am\u00e9liorer vos op\u00e9rations et votre exp\u00e9rience client <strong>tout en contribuant \u00e0 la croissance et \u00e0 la satisfaction de vos clients.<\/strong><\/p>\n<p>Efficacit\u00e9 op\u00e9rationnelle<\/p>\n<ul>\n<li>Automatiser des processus internes pour gagner du temps et r\u00e9duire les co\u00fbts et concentrer vos \u00e9quipes sur des t\u00e2ches \u00e0 plus forte valeur ajout\u00e9e.<\/li>\n<li>Utiliser des donn\u00e9es pour mieux pr\u00e9voir, planifier et g\u00e9rer vos ressources.<\/li>\n<\/ul>\n<p>Relation client<\/p>\n<ul>\n<li>Personnaliser l\u2019exp\u00e9rience client gr\u00e2ce \u00e0 des outils intelligents (chatbots, segmentation, recommandations).<\/li>\n<li>Mesurer l\u2019impact concret de l\u2019IA sur la satisfaction et la fid\u00e9lisation.<\/li>\n<\/ul>\n<p>Vous repartirez avec des pistes concr\u00e8tes pour cr\u00e9er de la valeur mesurable, \u00e0 la fois dans vos op\u00e9rations et dans vos relations clients.<\/p>\n<h4><\/h4>\n<h4><em><strong>\u00a0<\/strong><\/em><\/h4>\n<h4><strong>D\u00e9velopper un leadership humain \u00e0 l\u2019\u00e8re de l\u2019IA<\/strong><\/h4>\n<p>Objectif : adopter les comp\u00e9tences cl\u00e9s pour diriger \u00e0 l\u2019\u00e8re de l\u2019IA et piloter le changement avec vision, confiance et agilit\u00e9.<\/p>\n<ul>\n<li>D\u00e9velopper la pens\u00e9e critique, l\u2019agilit\u00e9 et la culture num\u00e9rique.<\/li>\n<li>Comprendre comment inspirer et accompagner ses \u00e9quipes dans le changement.<\/li>\n<li>Int\u00e9grer les principes d\u2019une IA \u00e9thique, transparente et responsable.<\/li>\n<li>Trouver l\u2019\u00e9quilibre entre performance et valeurs humaines.<\/li>\n<li>\u00c9laborer un plan d\u2019action personnel pour votre leadership augment\u00e9.<\/li>\n<\/ul>\n<p>Ce module vous am\u00e8nera \u00e0 renforcer votre influence, votre lucidit\u00e9 et votre capacit\u00e9 \u00e0 guider vos \u00e9quipes dans un contexte de transformation continue.<\/p>\n<h3><\/h3>\n<h3><strong>TRAVAIL D\u2019INT\u00c9GRATION\u00a0\u00a0<\/strong><\/h3>\n<p>Dans une logique d\u2019\u00e9valuation authentique, chaque participant devra r\u00e9aliser une \u00e9tude de cas li\u00e9e \u00e0 sa propre r\u00e9alit\u00e9 professionnelle. Cet exercice consistera \u00e0 analyser un enjeu concret de son organisation et \u00e0 \u00e9laborer une note strat\u00e9gique. Le travail comprendra l\u2019identification d\u2019un cas d\u2019usage potentiel de l\u2019intelligence artificielle ou de la donn\u00e9e, l\u2019analyse de sa faisabilit\u00e9 (disponibilit\u00e9 et qualit\u00e9 des donn\u00e9es, gouvernance, risques), ainsi que la proposition d\u2019une feuille de route sommaire mettant en lumi\u00e8re les retomb\u00e9es attendues. Cette approche permettra de valider non seulement la compr\u00e9hension des concepts abord\u00e9s, mais surtout la capacit\u00e9 \u00e0 les mobiliser de fa\u00e7on strat\u00e9gique dans un contexte r\u00e9el.<\/p>\n<p>&nbsp;<\/p>\n<h3><strong>TARIFS, DATES ET INSCRIPTION\u00a0<\/strong><\/h3>\n<p><strong>Formation en mode virtuel : 5 595 $ + taxes. Programme de 40 heures (10 x 4 heures) \u00e0 raison d&#8217;une demi-journ\u00e9e par semaine pendant dix semaines. <em>\u00a0<\/em><\/strong><\/p>\n<p>Octobre \u00e0 d\u00e9cembre 2026 :<\/p>\n<p><a href=\"https:\/\/www.institutleadership.ca\/montreal\/formations-certifications\/en-ligne-certification-en-ia-et-leadership-numerique-mardi-am-octobre-2026\/\">Groupe : Les mardis AM du mardi\u00a06 octobre au mardi 8 d\u00e9cembre 2026<\/a><\/p>\n<p><a href=\"https:\/\/www.institutleadership.ca\/montreal\/formations-certifications\/en-ligne-certification-en-ia-et-leadership-numerique-jeudi-am-octobre-2026\/\">Groupe : Les jeudis AM du jeudi 8 octobre au jeudi 10 d\u00e9cembre 2026<\/a><\/p>\n<p><a href=\"https:\/\/www.institutleadership.ca\/montreal\/formations-certifications\/en-ligne-certification-en-ia-et-leadership-numerique-vendredi-am-octobre-2026\/\">Groupe : Les vendredis AM du vendredi 9 octobre au vendredi 11 d\u00e9cembre 2026<\/a><\/p>\n<p>&nbsp;<\/p>\n<p>Novembre 2026 \u00e0 f\u00e9vrier 2027 :<\/p>\n<p><a href=\"https:\/\/www.institutleadership.ca\/montreal\/formations-certifications\/en-ligne-certification-en-ia-et-leadership-numerique-lundi-pm-novembre-2026\/\">Groupe : Les lundis PM lundi 2 novembre au lundi 01 f\u00e9vrier 2027<\/a><\/p>\n<p>&nbsp;<\/p>\n<p>Mars \u00e0 mai 2027 :<\/p>\n<p><a href=\"https:\/\/www.institutleadership.ca\/montreal\/formations-certifications\/en-ligne-certification-en-ia-et-leadership-numerique-lundi-pm-mars-2027\/\">Groupe : Les jeudis AM du jeudi 19 mars au jeudi 20 mai 2027<\/a><\/p>\n<p>&nbsp;<\/p>\n<p>Les journ\u00e9es de formation sont admissibles \u00e0 la loi du 1 % pour la formation de la main d\u2019\u0153uvre. De plus, vous avez la possibilit\u00e9 d\u2019acc\u00e9der \u00e0 d\u2019autres financements. Pour cela, renseignez-vous directement aupr\u00e8s d\u2019Emploi Qu\u00e9bec de votre r\u00e9gion.<\/p>\n<p>Des rabais sont offerts aux\u00a0organismes \u00e0 but non lucratif \u00a0(15%) et gouvernementaux (10%).\u00a0<a href=\"https:\/\/www.institutleadership.ca\/montreal\/contact\/\">Contactez-nous<\/a>\u00a0pour plus de d\u00e9tails.<\/p>\n<p>Des tarifs avantageux sont aussi offerts lorsque trois participants ou plus, provenant d\u2019une m\u00eame entreprise, s\u2019inscrivent aux formations. Pour plus de d\u00e9tails, veuillez\u00a0<a href=\"https:\/\/www.institutleadership.ca\/montreal\/contact\/\">communiquer<\/a>\u00a0avec nous.<\/p>\n<p>*Frais d\u2019administration non remboursable (350$) en cas d\u2019annulation.<\/p>\n<p>Partenaire :<\/p>\n<p><img decoding=\"async\" loading=\"lazy\" class=\"alignnone wp-image-19575\" src=\"https:\/\/www.institutleadership.ca\/montreal\/wp-content\/uploads\/sites\/7\/2026\/03\/logo-tink-solid.png\" alt=\"\" width=\"305\" height=\"117\" srcset=\"https:\/\/www.institutleadership.ca\/montreal\/wp-content\/uploads\/sites\/7\/2026\/03\/logo-tink-solid.png 960w, https:\/\/www.institutleadership.ca\/montreal\/wp-content\/uploads\/sites\/7\/2026\/03\/logo-tink-solid-300x115.png 300w, https:\/\/www.institutleadership.ca\/montreal\/wp-content\/uploads\/sites\/7\/2026\/03\/logo-tink-solid-768x294.png 768w, https:\/\/www.institutleadership.ca\/montreal\/wp-content\/uploads\/sites\/7\/2026\/03\/logo-tink-solid-600x230.png 600w\" sizes=\"(max-width: 305px) 100vw, 305px\" \/><\/p>\n","protected":false},"excerpt":{"rendered":"<p>CERTIFICATION EN IA ET LEADERSHIP NUM\u00c9RIQUE Dans le paysage m\u00e9diatique actuel, l\u2019intelligence artificielle occupe une place pr\u00e9pond\u00e9rante. Chaque jour, de nouvelles avanc\u00e9es technologiques, analyses et pr\u00e9occupations viennent alimenter les discussions et fa\u00e7onner les perceptions. Cependant, une telle focalisation sur l\u2019IA &hellip; <\/p>\n","protected":false},"author":17,"featured_media":9283,"parent":0,"menu_order":0,"comment_status":"closed","ping_status":"closed","template":"","meta":{"content-type":""},"yoast_head":"<!-- This site is optimized with the Yoast SEO plugin v20.6 - https:\/\/yoast.com\/wordpress\/plugins\/seo\/ -->\n<title>Certification en IA et leadership num\u00e9rique - Canada - Institut de Leadership<\/title>\n<meta name=\"robots\" content=\"index, follow, max-snippet:-1, max-image-preview:large, max-video-preview:-1\" \/>\n<link rel=\"canonical\" href=\"https:\/\/www.institutleadership.ca\/montreal\/certification-en-ia-et-leadership-numerique\/\" \/>\n<meta property=\"og:locale\" content=\"fr_CA\" \/>\n<meta property=\"og:type\" content=\"article\" \/>\n<meta property=\"og:title\" content=\"Certification en IA et leadership num\u00e9rique - Canada - Institut de Leadership\" \/>\n<meta property=\"og:description\" content=\"CERTIFICATION EN IA ET LEADERSHIP NUM\u00c9RIQUE Dans le paysage m\u00e9diatique actuel, l\u2019intelligence artificielle occupe une place pr\u00e9pond\u00e9rante. Chaque jour, de nouvelles avanc\u00e9es technologiques, analyses et pr\u00e9occupations viennent alimenter les discussions et fa\u00e7onner les perceptions. Cependant, une telle focalisation sur l\u2019IA &hellip;\" \/>\n<meta property=\"og:url\" content=\"https:\/\/www.institutleadership.ca\/montreal\/certification-en-ia-et-leadership-numerique\/\" \/>\n<meta property=\"og:site_name\" content=\"Canada - Institut de Leadership\" \/>\n<meta property=\"article:publisher\" content=\"https:\/\/www.facebook.com\/institutleadership\/\" \/>\n<meta property=\"article:modified_time\" content=\"2026-04-21T18:54:21+00:00\" \/>\n<meta property=\"og:image\" content=\"https:\/\/www.institutleadership.ca\/montreal\/wp-content\/uploads\/sites\/7\/2018\/12\/w1wFnL9qPgSGNtaYqAdRWn61Nay9C2aGrc4zRq3yKyaDwEDkcytmOs3OQSdRGxEsy.jpg\" \/>\n\t<meta property=\"og:image:width\" content=\"1024\" \/>\n\t<meta property=\"og:image:height\" content=\"682\" \/>\n\t<meta property=\"og:image:type\" content=\"image\/jpeg\" \/>\n<meta name=\"twitter:card\" content=\"summary_large_image\" \/>\n<meta name=\"twitter:label1\" content=\"Estimation du temps de lecture\" \/>\n\t<meta name=\"twitter:data1\" content=\"7 minutes\" \/>\n<script type=\"application\/ld+json\" class=\"yoast-schema-graph\">{\"@context\":\"https:\/\/schema.org\",\"@graph\":[{\"@type\":\"WebPage\",\"@id\":\"https:\/\/www.institutleadership.ca\/montreal\/certification-en-ia-et-leadership-numerique\/\",\"url\":\"https:\/\/www.institutleadership.ca\/montreal\/certification-en-ia-et-leadership-numerique\/\",\"name\":\"Certification en IA et leadership num\u00e9rique - Canada - Institut de Leadership\",\"isPartOf\":{\"@id\":\"https:\/\/www.institutleadership.ca\/montreal\/#website\"},\"datePublished\":\"2025-10-23T23:30:54+00:00\",\"dateModified\":\"2026-04-21T18:54:21+00:00\",\"breadcrumb\":{\"@id\":\"https:\/\/www.institutleadership.ca\/montreal\/certification-en-ia-et-leadership-numerique\/#breadcrumb\"},\"inLanguage\":\"fr-CA\",\"potentialAction\":[{\"@type\":\"ReadAction\",\"target\":[\"https:\/\/www.institutleadership.ca\/montreal\/certification-en-ia-et-leadership-numerique\/\"]}]},{\"@type\":\"BreadcrumbList\",\"@id\":\"https:\/\/www.institutleadership.ca\/montreal\/certification-en-ia-et-leadership-numerique\/#breadcrumb\",\"itemListElement\":[{\"@type\":\"ListItem\",\"position\":1,\"name\":\"Accueil\",\"item\":\"https:\/\/www.institutleadership.ca\/montreal\/\"},{\"@type\":\"ListItem\",\"position\":2,\"name\":\"Certification en IA et leadership num\u00e9rique\"}]},{\"@type\":\"WebSite\",\"@id\":\"https:\/\/www.institutleadership.ca\/montreal\/#website\",\"url\":\"https:\/\/www.institutleadership.ca\/montreal\/\",\"name\":\"Institut de leadership\",\"description\":\"Formations pour cadres et dirigeants\",\"publisher\":{\"@id\":\"https:\/\/www.institutleadership.ca\/montreal\/#organization\"},\"potentialAction\":[{\"@type\":\"SearchAction\",\"target\":{\"@type\":\"EntryPoint\",\"urlTemplate\":\"https:\/\/www.institutleadership.ca\/montreal\/?s={search_term_string}\"},\"query-input\":\"required name=search_term_string\"}],\"inLanguage\":\"fr-CA\"},{\"@type\":\"Organization\",\"@id\":\"https:\/\/www.institutleadership.ca\/montreal\/#organization\",\"name\":\"Institut de leadership\",\"url\":\"https:\/\/www.institutleadership.ca\/montreal\/\",\"logo\":{\"@type\":\"ImageObject\",\"inLanguage\":\"fr-CA\",\"@id\":\"https:\/\/www.institutleadership.ca\/montreal\/#\/schema\/logo\/image\/\",\"url\":\"https:\/\/www.institutleadership.ca\/montreal\/wp-content\/uploads\/sites\/7\/2019\/11\/Logo_Officiel-2-1.jpg\",\"contentUrl\":\"https:\/\/www.institutleadership.ca\/montreal\/wp-content\/uploads\/sites\/7\/2019\/11\/Logo_Officiel-2-1.jpg\",\"width\":2048,\"height\":1024,\"caption\":\"Institut de leadership\"},\"image\":{\"@id\":\"https:\/\/www.institutleadership.ca\/montreal\/#\/schema\/logo\/image\/\"},\"sameAs\":[\"https:\/\/www.facebook.com\/institutleadership\/\",\"https:\/\/www.linkedin.com\/school\/5305840\"]}]}<\/script>\n<!-- \/ Yoast SEO plugin. -->","yoast_head_json":{"title":"Certification en IA et leadership num\u00e9rique - Canada - Institut de Leadership","robots":{"index":"index","follow":"follow","max-snippet":"max-snippet:-1","max-image-preview":"max-image-preview:large","max-video-preview":"max-video-preview:-1"},"canonical":"https:\/\/www.institutleadership.ca\/montreal\/certification-en-ia-et-leadership-numerique\/","og_locale":"fr_CA","og_type":"article","og_title":"Certification en IA et leadership num\u00e9rique - Canada - Institut de Leadership","og_description":"CERTIFICATION EN IA ET LEADERSHIP NUM\u00c9RIQUE Dans le paysage m\u00e9diatique actuel, l\u2019intelligence artificielle occupe une place pr\u00e9pond\u00e9rante. Chaque jour, de nouvelles avanc\u00e9es technologiques, analyses et pr\u00e9occupations viennent alimenter les discussions et fa\u00e7onner les perceptions. Cependant, une telle focalisation sur l\u2019IA &hellip;","og_url":"https:\/\/www.institutleadership.ca\/montreal\/certification-en-ia-et-leadership-numerique\/","og_site_name":"Canada - Institut de Leadership","article_publisher":"https:\/\/www.facebook.com\/institutleadership\/","article_modified_time":"2026-04-21T18:54:21+00:00","og_image":[{"width":1024,"height":682,"url":"https:\/\/www.institutleadership.ca\/montreal\/wp-content\/uploads\/sites\/7\/2018\/12\/w1wFnL9qPgSGNtaYqAdRWn61Nay9C2aGrc4zRq3yKyaDwEDkcytmOs3OQSdRGxEsy.jpg","type":"image\/jpeg"}],"twitter_card":"summary_large_image","twitter_misc":{"Estimation du temps de lecture":"7 minutes"},"schema":{"@context":"https:\/\/schema.org","@graph":[{"@type":"WebPage","@id":"https:\/\/www.institutleadership.ca\/montreal\/certification-en-ia-et-leadership-numerique\/","url":"https:\/\/www.institutleadership.ca\/montreal\/certification-en-ia-et-leadership-numerique\/","name":"Certification en IA et leadership num\u00e9rique - Canada - Institut de Leadership","isPartOf":{"@id":"https:\/\/www.institutleadership.ca\/montreal\/#website"},"datePublished":"2025-10-23T23:30:54+00:00","dateModified":"2026-04-21T18:54:21+00:00","breadcrumb":{"@id":"https:\/\/www.institutleadership.ca\/montreal\/certification-en-ia-et-leadership-numerique\/#breadcrumb"},"inLanguage":"fr-CA","potentialAction":[{"@type":"ReadAction","target":["https:\/\/www.institutleadership.ca\/montreal\/certification-en-ia-et-leadership-numerique\/"]}]},{"@type":"BreadcrumbList","@id":"https:\/\/www.institutleadership.ca\/montreal\/certification-en-ia-et-leadership-numerique\/#breadcrumb","itemListElement":[{"@type":"ListItem","position":1,"name":"Accueil","item":"https:\/\/www.institutleadership.ca\/montreal\/"},{"@type":"ListItem","position":2,"name":"Certification en IA et leadership num\u00e9rique"}]},{"@type":"WebSite","@id":"https:\/\/www.institutleadership.ca\/montreal\/#website","url":"https:\/\/www.institutleadership.ca\/montreal\/","name":"Institut de leadership","description":"Formations pour cadres et dirigeants","publisher":{"@id":"https:\/\/www.institutleadership.ca\/montreal\/#organization"},"potentialAction":[{"@type":"SearchAction","target":{"@type":"EntryPoint","urlTemplate":"https:\/\/www.institutleadership.ca\/montreal\/?s={search_term_string}"},"query-input":"required name=search_term_string"}],"inLanguage":"fr-CA"},{"@type":"Organization","@id":"https:\/\/www.institutleadership.ca\/montreal\/#organization","name":"Institut de leadership","url":"https:\/\/www.institutleadership.ca\/montreal\/","logo":{"@type":"ImageObject","inLanguage":"fr-CA","@id":"https:\/\/www.institutleadership.ca\/montreal\/#\/schema\/logo\/image\/","url":"https:\/\/www.institutleadership.ca\/montreal\/wp-content\/uploads\/sites\/7\/2019\/11\/Logo_Officiel-2-1.jpg","contentUrl":"https:\/\/www.institutleadership.ca\/montreal\/wp-content\/uploads\/sites\/7\/2019\/11\/Logo_Officiel-2-1.jpg","width":2048,"height":1024,"caption":"Institut de leadership"},"image":{"@id":"https:\/\/www.institutleadership.ca\/montreal\/#\/schema\/logo\/image\/"},"sameAs":["https:\/\/www.facebook.com\/institutleadership\/","https:\/\/www.linkedin.com\/school\/5305840"]}]}},"_links":{"self":[{"href":"https:\/\/www.institutleadership.ca\/montreal\/wp-json\/wp\/v2\/pages\/18707"}],"collection":[{"href":"https:\/\/www.institutleadership.ca\/montreal\/wp-json\/wp\/v2\/pages"}],"about":[{"href":"https:\/\/www.institutleadership.ca\/montreal\/wp-json\/wp\/v2\/types\/page"}],"author":[{"embeddable":true,"href":"https:\/\/www.institutleadership.ca\/montreal\/wp-json\/wp\/v2\/users\/17"}],"replies":[{"embeddable":true,"href":"https:\/\/www.institutleadership.ca\/montreal\/wp-json\/wp\/v2\/comments?post=18707"}],"version-history":[{"count":53,"href":"https:\/\/www.institutleadership.ca\/montreal\/wp-json\/wp\/v2\/pages\/18707\/revisions"}],"predecessor-version":[{"id":19889,"href":"https:\/\/www.institutleadership.ca\/montreal\/wp-json\/wp\/v2\/pages\/18707\/revisions\/19889"}],"wp:featuredmedia":[{"embeddable":true,"href":"https:\/\/www.institutleadership.ca\/montreal\/wp-json\/wp\/v2\/media\/9283"}],"wp:attachment":[{"href":"https:\/\/www.institutleadership.ca\/montreal\/wp-json\/wp\/v2\/media?parent=18707"}],"curies":[{"name":"wp","href":"https:\/\/api.w.org\/{rel}","templated":true}]}}