{"id":19330,"date":"2026-02-26T16:46:35","date_gmt":"2026-02-26T21:46:35","guid":{"rendered":"https:\/\/www.institutleadership.ca\/montreal\/?page_id=19330"},"modified":"2026-04-13T15:44:44","modified_gmt":"2026-04-13T19:44:44","slug":"certification-en-leadership-et-habiletes-de-direction-2","status":"publish","type":"page","link":"https:\/\/www.institutleadership.ca\/montreal\/certification-en-leadership-et-habiletes-de-direction-2\/","title":{"rendered":"Certification en leadership et habilet\u00e9s de direction II"},"content":{"rendered":"<p><span data-contrast=\"auto\">Cette certification constitue la suite logique de la Certification en leadership et habilet\u00e9s de direction. Elle a \u00e9t\u00e9 con\u00e7ue pour permettre aux leaders d\u2019approfondir leur posture, de renforcer leur capacit\u00e9 d\u2019influence et d\u2019accro\u00eetre leur impact dans un environnement en pleine \u00e9volution. <\/span><span data-contrast=\"auto\">\u00c0 travers diff\u00e9rentes th\u00e9matiques telles que la gestion strat\u00e9gique des priorit\u00e9s, la d\u00e9l\u00e9gation structur\u00e9e, le leadership \u00e0 l\u2019\u00e8re du travail hybride, les habilet\u00e9s politiques en pratique et le coaching d\u2019\u00e9quipe, ce parcours propose une approche int\u00e9gr\u00e9e et r\u00e9solument orient\u00e9e vers l\u2019action.<\/span><span data-ccp-props=\"{&quot;201341983&quot;:0,&quot;335551550&quot;:6,&quot;335551620&quot;:6,&quot;335559739&quot;:0,&quot;335559740&quot;:240}\">\u00a0<\/span><\/p>\n<p><span data-contrast=\"auto\">L\u2019objectif est d\u2019accompagner des gestionnaires et dirigeants dans l\u2019exercice d\u2019un leadership plus mobilisateur, structur\u00e9 et influent, en favorisant une mise en application concr\u00e8te et imm\u00e9diate des apprentissages dans leur r\u00e9alit\u00e9 professionnelle.<\/span><span data-ccp-props=\"{&quot;201341983&quot;:0,&quot;335551550&quot;:6,&quot;335551620&quot;:6,&quot;335559739&quot;:0,&quot;335559740&quot;:240}\">\u00a0<\/span><span data-ccp-props=\"{&quot;201341983&quot;:0,&quot;335551550&quot;:6,&quot;335551620&quot;:6,&quot;335559739&quot;:0,&quot;335559740&quot;:240}\">\u00a0<\/span><\/p>\n<p><span data-contrast=\"auto\">Le programme s\u2019appuie sur des experts reconnus et privil\u00e9gie une p\u00e9dagogie interactive ax\u00e9e sur des mises en situation, des outils, des \u00e9changes entre pairs et des plans d\u2019action directement transf\u00e9rables en organisation.<\/span><span data-ccp-props=\"{&quot;201341983&quot;:0,&quot;335551550&quot;:6,&quot;335551620&quot;:6,&quot;335559739&quot;:0,&quot;335559740&quot;:240}\">\u00a0<\/span><\/p>\n<p>Formations pertinentes et reconnues (\u00e9tudes de cas, tendances, meilleures pratiques, etc.), et opportunit\u00e9 d\u2019agrandir son r\u00e9seau de fa\u00e7on importante.<\/p>\n<h3><b>\u00c0 QUI S&#8217;ADRESSE LA CERTIFICATION ?<\/b><\/h3>\n<p data-start=\"235\" data-end=\"504\">Cette certification s\u2019adresse <strong>exclusivement<\/strong> aux personnes ayant compl\u00e9t\u00e9 la <strong data-start=\"329\" data-end=\"401\">Certification en leadership et habilet\u00e9s de direction <\/strong>et d\u00e9sirant renforcer leur d\u00e9veloppement de comp\u00e9tences.<\/p>\n<p data-start=\"661\" data-end=\"820\">Les participants proviennent d\u2019une grande diversit\u00e9 d\u2019industries et de contextes organisationnels, et pr\u00e9sentent des profils professionnels vari\u00e9s, notamment :<\/p>\n<ul>\n<li data-start=\"824\" data-end=\"917\">Professionnels cadres \u2013 gestionnaires (entreprises et organisations publiques, OBNL, etc.)<\/li>\n<li data-start=\"824\" data-end=\"917\">Membres de la direction de PME<\/li>\n<li data-start=\"824\" data-end=\"917\">Entrepreneurs et propri\u00e9taires de petites et moyennes entreprises<\/li>\n<li data-start=\"824\" data-end=\"917\">Rel\u00e8ve entrepreneuriale<\/li>\n<li data-start=\"824\" data-end=\"917\">Etc.<\/li>\n<\/ul>\n<h3>DESCRIPTION DES MODULES DE LA CERTIFICATION<\/h3>\n<h4 class=\"p1\"><em><b>Module : Les habilet\u00e9s politiques en pratique\u00a0<\/b><\/em><\/h4>\n<p>Appliquer de mani\u00e8re structur\u00e9e et strat\u00e9gique les habilet\u00e9s politiques \u00e0 une situation r\u00e9elle afin d\u2019accro\u00eetre la capacit\u00e9 d\u2019influence en contexte organisationnel.<\/p>\n<ul>\n<li>Analyser une situation d\u2019influence en identifiant clairement les enjeux des parties prenantes<\/li>\n<li>D\u00e9velopper une strat\u00e9gie d\u2019alliances adapt\u00e9e au contexte organisationnel<\/li>\n<li>Renforcer sa cr\u00e9dibilit\u00e9 et son impact<\/li>\n<\/ul>\n<h4 class=\"p1\"><em><b>Module : La gestion des priorit\u00e9s<\/b><\/em><\/h4>\n<p><span data-ccp-props=\"{&quot;201341983&quot;:0,&quot;335559739&quot;:0,&quot;335559740&quot;:240}\">Permettre aux gestionnaires de structurer leurs priorit\u00e9s de mani\u00e8re strat\u00e9gique afin d\u2019optimiser leur impact et leur performance.\u00a0<\/span><\/p>\n<ul>\n<li><span data-contrast=\"none\">Identifier les activit\u00e9s \u00e0 haute valeur ajout\u00e9e associ\u00e9es \u00e0 leur r\u00f4le<\/span><span data-ccp-props=\"{&quot;201341983&quot;:0,&quot;335551550&quot;:6,&quot;335551620&quot;:6,&quot;335559739&quot;:0,&quot;335559740&quot;:240}\">\u00a0<\/span><\/li>\n<li><span data-contrast=\"none\">Distinguer les urgences op\u00e9rationnelles des priorit\u00e9s strat\u00e9giques<\/span><span data-ccp-props=\"{&quot;201341983&quot;:0,&quot;335551550&quot;:6,&quot;335551620&quot;:6,&quot;335559739&quot;:0,&quot;335559740&quot;:240}\">\u00a0<\/span><\/li>\n<li><span data-contrast=\"none\">Structurer un processus simple et efficace de gestion des priorit\u00e9s<\/span><\/li>\n<\/ul>\n<h4 class=\"p1\"><em><b>Module : L\u2019art de d\u00e9l\u00e9guer : Structure, clart\u00e9 et performance<br \/>\n<\/b><\/em><\/h4>\n<p>Savoir structurer son approche leur approche de la d\u00e9l\u00e9gation afin de clarifier les responsabilit\u00e9s, renforcer l\u2019imputabilit\u00e9 et optimiser la performance d\u2019\u00e9quipe dans une perspective durable.<\/p>\n<ul>\n<li>Clarifier les r\u00f4les et responsabilit\u00e9s au sein de leur \u00e9quipe<\/li>\n<li>Optimiser l\u2019utilisation des ressources humaines en d\u00e9l\u00e9gant de mani\u00e8re strat\u00e9gique<\/li>\n<li>Utiliser et mettre en place des outils concrets pour assurer un suivi clair et performant<\/li>\n<\/ul>\n<h4 class=\"p1\"><em><b>Module : Leadership en transformation : s\u2019adapter au travail hybride et \u00e0 l\u2019IA<br \/>\n<\/b><\/em><\/h4>\n<p>Accompagner les gestionnaires dans l\u2019ajustement de leur posture afin de soutenir la performance collective, l\u2019engagement et l\u2019apprentissage continu dans un monde hybride et augment\u00e9 par l\u2019IA.<\/p>\n<ul>\n<li>Analyser l\u2019impact du travail hybride et de l\u2019IA sur le r\u00f4le du leader et la dynamique d\u2019\u00e9quipe<\/li>\n<li>Ajuster sa posture et ses pratiques pour maintenir clart\u00e9, coh\u00e9sion et engagement<\/li>\n<li>D\u00e9velopper un plan d\u2019action strat\u00e9gique et \u00e9thique pour renforcer son impact en contexte technologique<\/li>\n<\/ul>\n<h4 class=\"p1\"><em><b>Module : Coaching d\u2019\u00e9quipe ax\u00e9 sur la pratique<br \/>\n<\/b><\/em><\/h4>\n<p>D\u00e9velopper une posture de coach d\u2019\u00e9quipe afin de renforcer la confiance, l\u2019imputabilit\u00e9 et la performance collective.<\/p>\n<ul>\n<li>Diagnostiquer les forces et zones de fragilit\u00e9 de leur \u00e9quipe \u00e0 partir du mod\u00e8le des dysfonctions<\/li>\n<li>Identifier des interventions concr\u00e8tes pour am\u00e9liorer les dynamiques d\u2019\u00e9quipe<\/li>\n<li>Adopter des comportements de coach-leader favorisant la coh\u00e9sion et l\u2019atteinte des r\u00e9sultats<\/li>\n<\/ul>\n<h4><b>TRAVAIL D&#8217;INT\u00c9GRATION\u00a0<\/b><\/h4>\n<p><i><span class=\"il\">Un<\/span>\u00a0<span class=\"il\">travail<\/span>\u00a0<span class=\"il\">d<\/span>\u2019<span class=\"il\">int\u00e9gration<\/span>\u00a0est obligatoire \u00e0 l\u2019obtention de la Certification. Ce\u00a0<span class=\"il\">travail<\/span>\u00a0est \u00e0 faire \u00e0 la suite\u00a0de la formation. Vous aurez 3 semaines pour le compl\u00e9ter. Il s&#8217;agit\u00a0<span class=\"il\">d<\/span>&#8216;une r\u00e9flexion personnelle, l\u2019objectif est de faire le lien entre les apprentissages vus en formation et votre r\u00e9alit\u00e9 \u00e0 titre de gestionnaire dans votre organisation.\u00a0<\/i><\/p>\n<h3>TARIFS, DATES ET INSCRIPTION<\/h3>\n<p>Vous trouverez, ci-apr\u00e8s, les dates des prochaines cohortes pour la Certification en leadership et habilet\u00e9s de direction. Cliquez sur le moment de votre choix pour acc\u00e9der \u00e0 tous les d\u00e9tails et pour vous y inscrire.<\/p>\n<p><strong>Formation EN PR\u00c9SENTIEL \u00e0 Montr\u00e9al : 3 595$ + taxes\u00a0<\/strong><\/p>\n<p>2026<\/p>\n<p><a href=\"https:\/\/www.institutleadership.ca\/montreal\/formations-certifications\/presentiel-programme-court-en-leadership-fevrier-2026copy\/\">Printemps 2026 &#8211;\u00a08, 9, 10 juin 2026 de 8h30 \u00e0 17h15<\/a><\/p>\n<p><a href=\"https:\/\/www.institutleadership.ca\/montreal\/formations-certifications\/presentiel-certification-en-leadership-et-habiletes-de-direction-ii-novembre-2026\/\">Automne 2026 : 30 novembre, 1er et 2 d\u00e9cembre de 8h30 \u00e0 17h15<\/a><\/p>\n<p>&nbsp;<\/p>\n<p>Les journ\u00e9es de formation sont admissibles \u00e0 la loi du 1 % pour la formation de la main-d\u2019\u0153uvre. De plus, vous avez la possibilit\u00e9 d\u2019acc\u00e9der \u00e0 d\u2019autres financements. Pour cela, renseignez-vous directement aupr\u00e8s d\u2019Emploi-Qu\u00e9bec de votre r\u00e9gion.<\/p>\n<p>Des rabais sont offerts aux\u00a0organismes \u00e0 but non lucratif \u00a0(15%) et gouvernementaux (10%).\u00a0<a href=\"https:\/\/www.institutleadership.ca\/montreal\/contact\/\">Contactez-nous<\/a>\u00a0pour plus de d\u00e9tails.<\/p>\n<p>Des tarifs avantageux sont aussi offerts lorsque trois participants ou plus, provenant d\u2019une m\u00eame entreprise, s\u2019inscrivent aux formations. Pour plus de d\u00e9tails, veuillez\u00a0<a href=\"https:\/\/www.institutleadership.ca\/montreal\/contact\/\">communiquer<\/a>\u00a0avec nous.<\/p>\n<p>*Frais d&#8217;administration non remboursables (350$) en cas d&#8217;annulation pour une inscription provenant d&#8217;un pays autre que le Canada n\u00e9cessitant un visa d\u2019entr\u00e9e.<\/p>\n<p>*Les repas sont inclus (d\u00e9jeuner et d\u00eener).<\/p>\n","protected":false},"excerpt":{"rendered":"<p>Cette certification constitue la suite logique de la Certification en leadership et habilet\u00e9s de direction. Elle a \u00e9t\u00e9 con\u00e7ue pour permettre aux leaders d\u2019approfondir leur posture, de renforcer leur capacit\u00e9 d\u2019influence et d\u2019accro\u00eetre leur impact dans un environnement en pleine &hellip; <\/p>\n","protected":false},"author":17,"featured_media":0,"parent":0,"menu_order":0,"comment_status":"closed","ping_status":"closed","template":"","meta":{"content-type":""},"yoast_head":"<!-- This site is optimized with the Yoast SEO plugin v20.6 - https:\/\/yoast.com\/wordpress\/plugins\/seo\/ -->\n<title>Certification en leadership et habilet\u00e9s de direction II - Canada - Institut de Leadership<\/title>\n<meta name=\"robots\" content=\"index, follow, max-snippet:-1, max-image-preview:large, max-video-preview:-1\" \/>\n<link rel=\"canonical\" href=\"https:\/\/www.institutleadership.ca\/montreal\/certification-en-leadership-et-habiletes-de-direction-2\/\" \/>\n<meta property=\"og:locale\" content=\"fr_CA\" \/>\n<meta property=\"og:type\" content=\"article\" \/>\n<meta property=\"og:title\" content=\"Certification en leadership et habilet\u00e9s de direction II - Canada - Institut de Leadership\" \/>\n<meta property=\"og:description\" content=\"Cette certification constitue la suite logique de la Certification en leadership et habilet\u00e9s de direction. Elle a \u00e9t\u00e9 con\u00e7ue pour permettre aux leaders d\u2019approfondir leur posture, de renforcer leur capacit\u00e9 d\u2019influence et d\u2019accro\u00eetre leur impact dans un environnement en pleine &hellip;\" \/>\n<meta property=\"og:url\" content=\"https:\/\/www.institutleadership.ca\/montreal\/certification-en-leadership-et-habiletes-de-direction-2\/\" \/>\n<meta property=\"og:site_name\" content=\"Canada - Institut de Leadership\" \/>\n<meta property=\"article:publisher\" content=\"https:\/\/www.facebook.com\/institutleadership\/\" \/>\n<meta property=\"article:modified_time\" content=\"2026-04-13T19:44:44+00:00\" \/>\n<meta name=\"twitter:card\" content=\"summary_large_image\" \/>\n<meta name=\"twitter:label1\" content=\"Estimation du temps de lecture\" \/>\n\t<meta name=\"twitter:data1\" content=\"5 minutes\" \/>\n<script type=\"application\/ld+json\" class=\"yoast-schema-graph\">{\"@context\":\"https:\/\/schema.org\",\"@graph\":[{\"@type\":\"WebPage\",\"@id\":\"https:\/\/www.institutleadership.ca\/montreal\/certification-en-leadership-et-habiletes-de-direction-2\/\",\"url\":\"https:\/\/www.institutleadership.ca\/montreal\/certification-en-leadership-et-habiletes-de-direction-2\/\",\"name\":\"Certification en leadership et habilet\u00e9s de direction II - Canada - Institut de Leadership\",\"isPartOf\":{\"@id\":\"https:\/\/www.institutleadership.ca\/montreal\/#website\"},\"datePublished\":\"2026-02-26T21:46:35+00:00\",\"dateModified\":\"2026-04-13T19:44:44+00:00\",\"breadcrumb\":{\"@id\":\"https:\/\/www.institutleadership.ca\/montreal\/certification-en-leadership-et-habiletes-de-direction-2\/#breadcrumb\"},\"inLanguage\":\"fr-CA\",\"potentialAction\":[{\"@type\":\"ReadAction\",\"target\":[\"https:\/\/www.institutleadership.ca\/montreal\/certification-en-leadership-et-habiletes-de-direction-2\/\"]}]},{\"@type\":\"BreadcrumbList\",\"@id\":\"https:\/\/www.institutleadership.ca\/montreal\/certification-en-leadership-et-habiletes-de-direction-2\/#breadcrumb\",\"itemListElement\":[{\"@type\":\"ListItem\",\"position\":1,\"name\":\"Accueil\",\"item\":\"https:\/\/www.institutleadership.ca\/montreal\/\"},{\"@type\":\"ListItem\",\"position\":2,\"name\":\"Certification en leadership et habilet\u00e9s de direction II\"}]},{\"@type\":\"WebSite\",\"@id\":\"https:\/\/www.institutleadership.ca\/montreal\/#website\",\"url\":\"https:\/\/www.institutleadership.ca\/montreal\/\",\"name\":\"Institut de leadership\",\"description\":\"Formations pour cadres et dirigeants\",\"publisher\":{\"@id\":\"https:\/\/www.institutleadership.ca\/montreal\/#organization\"},\"potentialAction\":[{\"@type\":\"SearchAction\",\"target\":{\"@type\":\"EntryPoint\",\"urlTemplate\":\"https:\/\/www.institutleadership.ca\/montreal\/?s={search_term_string}\"},\"query-input\":\"required name=search_term_string\"}],\"inLanguage\":\"fr-CA\"},{\"@type\":\"Organization\",\"@id\":\"https:\/\/www.institutleadership.ca\/montreal\/#organization\",\"name\":\"Institut de leadership\",\"url\":\"https:\/\/www.institutleadership.ca\/montreal\/\",\"logo\":{\"@type\":\"ImageObject\",\"inLanguage\":\"fr-CA\",\"@id\":\"https:\/\/www.institutleadership.ca\/montreal\/#\/schema\/logo\/image\/\",\"url\":\"https:\/\/www.institutleadership.ca\/montreal\/wp-content\/uploads\/sites\/7\/2019\/11\/Logo_Officiel-2-1.jpg\",\"contentUrl\":\"https:\/\/www.institutleadership.ca\/montreal\/wp-content\/uploads\/sites\/7\/2019\/11\/Logo_Officiel-2-1.jpg\",\"width\":2048,\"height\":1024,\"caption\":\"Institut de leadership\"},\"image\":{\"@id\":\"https:\/\/www.institutleadership.ca\/montreal\/#\/schema\/logo\/image\/\"},\"sameAs\":[\"https:\/\/www.facebook.com\/institutleadership\/\",\"https:\/\/www.linkedin.com\/school\/5305840\"]}]}<\/script>\n<!-- \/ Yoast SEO plugin. -->","yoast_head_json":{"title":"Certification en leadership et habilet\u00e9s de direction II - Canada - Institut de Leadership","robots":{"index":"index","follow":"follow","max-snippet":"max-snippet:-1","max-image-preview":"max-image-preview:large","max-video-preview":"max-video-preview:-1"},"canonical":"https:\/\/www.institutleadership.ca\/montreal\/certification-en-leadership-et-habiletes-de-direction-2\/","og_locale":"fr_CA","og_type":"article","og_title":"Certification en leadership et habilet\u00e9s de direction II - Canada - Institut de Leadership","og_description":"Cette certification constitue la suite logique de la Certification en leadership et habilet\u00e9s de direction. Elle a \u00e9t\u00e9 con\u00e7ue pour permettre aux leaders d\u2019approfondir leur posture, de renforcer leur capacit\u00e9 d\u2019influence et d\u2019accro\u00eetre leur impact dans un environnement en pleine &hellip;","og_url":"https:\/\/www.institutleadership.ca\/montreal\/certification-en-leadership-et-habiletes-de-direction-2\/","og_site_name":"Canada - Institut de Leadership","article_publisher":"https:\/\/www.facebook.com\/institutleadership\/","article_modified_time":"2026-04-13T19:44:44+00:00","twitter_card":"summary_large_image","twitter_misc":{"Estimation du temps de lecture":"5 minutes"},"schema":{"@context":"https:\/\/schema.org","@graph":[{"@type":"WebPage","@id":"https:\/\/www.institutleadership.ca\/montreal\/certification-en-leadership-et-habiletes-de-direction-2\/","url":"https:\/\/www.institutleadership.ca\/montreal\/certification-en-leadership-et-habiletes-de-direction-2\/","name":"Certification en leadership et habilet\u00e9s de direction II - Canada - Institut de Leadership","isPartOf":{"@id":"https:\/\/www.institutleadership.ca\/montreal\/#website"},"datePublished":"2026-02-26T21:46:35+00:00","dateModified":"2026-04-13T19:44:44+00:00","breadcrumb":{"@id":"https:\/\/www.institutleadership.ca\/montreal\/certification-en-leadership-et-habiletes-de-direction-2\/#breadcrumb"},"inLanguage":"fr-CA","potentialAction":[{"@type":"ReadAction","target":["https:\/\/www.institutleadership.ca\/montreal\/certification-en-leadership-et-habiletes-de-direction-2\/"]}]},{"@type":"BreadcrumbList","@id":"https:\/\/www.institutleadership.ca\/montreal\/certification-en-leadership-et-habiletes-de-direction-2\/#breadcrumb","itemListElement":[{"@type":"ListItem","position":1,"name":"Accueil","item":"https:\/\/www.institutleadership.ca\/montreal\/"},{"@type":"ListItem","position":2,"name":"Certification en leadership et habilet\u00e9s de direction II"}]},{"@type":"WebSite","@id":"https:\/\/www.institutleadership.ca\/montreal\/#website","url":"https:\/\/www.institutleadership.ca\/montreal\/","name":"Institut de leadership","description":"Formations pour cadres et dirigeants","publisher":{"@id":"https:\/\/www.institutleadership.ca\/montreal\/#organization"},"potentialAction":[{"@type":"SearchAction","target":{"@type":"EntryPoint","urlTemplate":"https:\/\/www.institutleadership.ca\/montreal\/?s={search_term_string}"},"query-input":"required name=search_term_string"}],"inLanguage":"fr-CA"},{"@type":"Organization","@id":"https:\/\/www.institutleadership.ca\/montreal\/#organization","name":"Institut de leadership","url":"https:\/\/www.institutleadership.ca\/montreal\/","logo":{"@type":"ImageObject","inLanguage":"fr-CA","@id":"https:\/\/www.institutleadership.ca\/montreal\/#\/schema\/logo\/image\/","url":"https:\/\/www.institutleadership.ca\/montreal\/wp-content\/uploads\/sites\/7\/2019\/11\/Logo_Officiel-2-1.jpg","contentUrl":"https:\/\/www.institutleadership.ca\/montreal\/wp-content\/uploads\/sites\/7\/2019\/11\/Logo_Officiel-2-1.jpg","width":2048,"height":1024,"caption":"Institut de leadership"},"image":{"@id":"https:\/\/www.institutleadership.ca\/montreal\/#\/schema\/logo\/image\/"},"sameAs":["https:\/\/www.facebook.com\/institutleadership\/","https:\/\/www.linkedin.com\/school\/5305840"]}]}},"_links":{"self":[{"href":"https:\/\/www.institutleadership.ca\/montreal\/wp-json\/wp\/v2\/pages\/19330"}],"collection":[{"href":"https:\/\/www.institutleadership.ca\/montreal\/wp-json\/wp\/v2\/pages"}],"about":[{"href":"https:\/\/www.institutleadership.ca\/montreal\/wp-json\/wp\/v2\/types\/page"}],"author":[{"embeddable":true,"href":"https:\/\/www.institutleadership.ca\/montreal\/wp-json\/wp\/v2\/users\/17"}],"replies":[{"embeddable":true,"href":"https:\/\/www.institutleadership.ca\/montreal\/wp-json\/wp\/v2\/comments?post=19330"}],"version-history":[{"count":21,"href":"https:\/\/www.institutleadership.ca\/montreal\/wp-json\/wp\/v2\/pages\/19330\/revisions"}],"predecessor-version":[{"id":19794,"href":"https:\/\/www.institutleadership.ca\/montreal\/wp-json\/wp\/v2\/pages\/19330\/revisions\/19794"}],"wp:attachment":[{"href":"https:\/\/www.institutleadership.ca\/montreal\/wp-json\/wp\/v2\/media?parent=19330"}],"curies":[{"name":"wp","href":"https:\/\/api.w.org\/{rel}","templated":true}]}}