{"id":19358,"date":"2026-03-05T13:45:34","date_gmt":"2026-03-05T18:45:34","guid":{"rendered":"https:\/\/www.institutleadership.ca\/montreal\/?page_id=19358"},"modified":"2026-04-09T13:09:49","modified_gmt":"2026-04-09T17:09:49","slug":"programme-sur-lart-de-communiquer","status":"publish","type":"page","link":"https:\/\/www.institutleadership.ca\/montreal\/programme-sur-lart-de-communiquer\/","title":{"rendered":"Programme sur l&#8217;art de communiquer"},"content":{"rendered":"<h3 data-start=\"337\" data-end=\"533\">PROGRAMME SUR L&#8217;ART DE COMMUNIQUER<\/h3>\n<p data-start=\"337\" data-end=\"533\">Dans un environnement professionnel o\u00f9 les interactions sont nombreuses et les enjeux souvent complexes, la capacit\u00e9 \u00e0 communiquer avec justesse constitue une comp\u00e9tence essentielle du leadership.<\/p>\n<p data-start=\"535\" data-end=\"907\">Le programme sur l\u2019art de communiquer vise \u00e0 renforcer la qualit\u00e9 de la communication des gestionnaires et des leaders dans leur pratique professionnelle. Il permet aux participants de mieux structurer leurs messages, d\u2019incarner leur communication avec confiance et de d\u00e9velopper des relations professionnelles fond\u00e9es sur la compr\u00e9hension, la cr\u00e9dibilit\u00e9 et la confiance.<\/p>\n<p data-start=\"909\" data-end=\"1232\">Le parcours propose une combinaison \u00e9quilibr\u00e9e d\u2019apports conceptuels, d\u2019exercices pratiques et de mises en situation. Les participants sont amen\u00e9s \u00e0 r\u00e9fl\u00e9chir \u00e0 leurs propres pratiques de communication et \u00e0 exp\u00e9rimenter des outils concrets directement transf\u00e9rables dans leur contexte professionnel.<\/p>\n<p data-start=\"909\" data-end=\"1232\">Le programme constitue \u00e9galement une occasion privil\u00e9gi\u00e9e d\u2019\u00e9largir son r\u00e9seau professionnel et d\u2019\u00e9changer avec des gestionnaires et des leaders provenant de diff\u00e9rents secteurs d\u2019activit\u00e9.<\/p>\n<h3><b>\u00c0 QUI S&#8217;ADRESSE LE PROGRAMME ?<\/b><\/h3>\n<p data-start=\"1273\" data-end=\"1448\">Ce programme de formation s\u2019adresse aux professionnels qui occupent des postes de gestion ou qui souhaitent renforcer leur capacit\u00e9 \u00e0 communiquer avec efficacit\u00e9 dans leur organisation.<\/p>\n<p data-start=\"1450\" data-end=\"1625\">Les participants proviennent de secteurs d\u2019activit\u00e9 vari\u00e9s et souhaitent d\u00e9velopper une communication plus claire, plus structur\u00e9e et mieux adapt\u00e9e aux r\u00e9alit\u00e9s du leadership.<\/p>\n<ul>\n<li data-start=\"824\" data-end=\"917\">Professionnels cadres \u2013 gestionnaires (entreprises et organisations publiques, OBNL, etc.)<\/li>\n<li data-start=\"824\" data-end=\"917\">Membres de la direction de PME<\/li>\n<li data-start=\"824\" data-end=\"917\">Entrepreneurs et propri\u00e9taires de petites et moyennes entreprises<\/li>\n<li data-start=\"824\" data-end=\"917\">Rel\u00e8ve entrepreneuriale<\/li>\n<li data-start=\"824\" data-end=\"917\">Etc.<\/li>\n<\/ul>\n<h3>DESCRIPTION DES MODULES DU PROGRAMME<\/h3>\n<h4><em><strong>Module \u2013 La rh\u00e9torique<\/strong><\/em><\/h4>\n<p>Comprendre les m\u00e9canismes de la rh\u00e9torique afin de structurer des messages clairs, coh\u00e9rents et convaincants.<\/p>\n<ul>\n<li>D\u00e9couvrir les fondements de la rh\u00e9torique et comprendre son influence dans la communication<\/li>\n<li>Identifier les m\u00e9canismes d\u2019argumentation et leur impact dans un discours<\/li>\n<li>D\u00e9velopper une capacit\u00e9 critique face aux strat\u00e9gies d\u2019influence<\/li>\n<\/ul>\n<h4><em><strong>Module \u2013 L\u2019\u00e9coute, le grand oubli\u00e9 de la communication<\/strong><\/em><\/h4>\n<p>Renforcer sa capacit\u00e9 d\u2019\u00e9coute qui favorise la compr\u00e9hension, la qualit\u00e9 des \u00e9changes et la confiance dans les relations professionnelles.<\/p>\n<ul>\n<li>\n<div class=\"ewa-rteLine\">\u00c9valuer et am\u00e9liorer vos capacit\u00e9s d&#8217;\u00e9coute<\/div>\n<\/li>\n<li>\n<div class=\"ewa-rteLine\">Comprendre les \u00e9l\u00e9ments critiques requis pour \u00eatre un auditeur efficace<\/div>\n<\/li>\n<li>\n<div class=\"ewa-rteLine\">Identifier les bons comportements \u00e0 adopter pour \u00eatre un auditeur actif et efficace.<\/div>\n<\/li>\n<\/ul>\n<h4><strong><em>Module \u2013 Communication transparente et authentiqu<\/em>e<\/strong><\/h4>\n<p>Maitriser les principes d&#8217;une communication fond\u00e9e sur la transparence, la confiance et l\u2019authenticit\u00e9.<\/p>\n<ul>\n<li>Comprendre la transparence comme levier de leadership et de cr\u00e9dibilit\u00e9<\/li>\n<li>\u00c9viter les pi\u00e8ges d\u2019une transparence mal calibr\u00e9e<\/li>\n<li>Favoriser des relations professionnelles bas\u00e9es sur la confiance et la clart\u00e9<\/li>\n<\/ul>\n<h4><em><strong>Module \u2013 La persuasion<\/strong><\/em><\/h4>\n<p>D\u00e9velopper la capacit\u00e9 d\u2019influencer et de faire adh\u00e9rer ses interlocuteurs \u00e0 une id\u00e9e, une d\u00e9cision ou un changement en utilisant des strat\u00e9gies de persuasion \u00e9thiques, adapt\u00e9es aux motivations et aux pr\u00e9occupations des parties prenantes.<\/p>\n<ul>\n<li>D\u00e9couvrir les principaux principes de persuasion et reconna\u00eetre comment ils op\u00e8rent dans les interactions quotidiennes<\/li>\n<li>Identifier les motivations, pr\u00e9occupations et r\u00e9sistances possibles chez ses interlocuteurs afin d\u2019adapter son approche<\/li>\n<li>Exp\u00e9rimenter diff\u00e9rentes strat\u00e9gies de persuasion \u00e0 travers des mises en situation inspir\u00e9es de contextes r\u00e9els de gestion<\/li>\n<\/ul>\n<h4><em><strong>Module \u2013 L\u2019art de parler en public avec confiance et impact<\/strong><\/em><\/h4>\n<p>Structurer et incarner une prise de parole claire, structur\u00e9e et incarn\u00e9e afin de communiquer avec confiance et mobiliser son auditoire.<\/p>\n<ul>\n<li>Comprendre les m\u00e9canismes de l\u2019anxi\u00e9t\u00e9 li\u00e9s \u00e0 la prise de parole et d\u00e9velopper des strat\u00e9gies pour la r\u00e9guler<\/li>\n<li>Structurer un message clair avec une introduction engageante, un d\u00e9veloppement coh\u00e9rent et une conclusion marquante<\/li>\n<li>D\u00e9velopper une pr\u00e9sence \u00e0 travers la posture, la gestuelle et le regard<\/li>\n<\/ul>\n<p>&nbsp;<\/p>\n<div class=\"grid_12 \">\n<h3>TARIFS, DATES ET INSCRIPTION<\/h3>\n<\/div>\n<div><strong>Formation EN PR\u00c9SENTIEL \u00e0 Montr\u00e9al : 2 995$ + taxes\u00a0<\/strong><\/div>\n<div><\/div>\n<hr \/>\n<div id=\"page-content\">\n<div class=\"grid_12 \">\n<p>2026<\/p>\n<\/div>\n<p><a href=\"https:\/\/www.institutleadership.ca\/montreal\/formations-certifications\/programme-sur-l-art-de-communiquer\/\">Printemps 2026 : 3, 4 et 5 juin de 8h30 \u00e0 17h15<\/a><\/p>\n<p><a href=\"https:\/\/www.institutleadership.ca\/montreal\/formations-certifications\/presentiel-programme-sur-lart-de-communiquer-octobre-2026\/\">Automne 2026 : 21, 22 et 23 octobre 2026 de 8h30 \u00e0 17h15<\/a><\/p>\n<\/div>\n<p>Les journ\u00e9es de formation sont admissibles \u00e0 la loi du 1 % pour la formation de la main d\u2019\u0153uvre. De plus, vous avez la possibilit\u00e9 d\u2019acc\u00e9der \u00e0 d\u2019autres financements. Pour cela, renseignez-vous directement aupr\u00e8s d\u2019Emploi Qu\u00e9bec de votre r\u00e9gion.<\/p>\n<p>Des rabais sont offerts aux\u00a0organismes \u00e0 but non lucratif \u00a0(15%) et gouvernementaux (10%).\u00a0<a href=\"https:\/\/www.institutleadership.ca\/montreal\/contact\/\">Contactez-nous<\/a>\u00a0pour plus de d\u00e9tails.<\/p>\n<p>Des tarifs avantageux sont aussi offerts lorsque trois participants ou plus, provenant d\u2019une m\u00eame entreprise, s\u2019inscrivent aux formations. Pour plus de d\u00e9tails, veuillez\u00a0<a href=\"https:\/\/www.institutleadership.ca\/montreal\/contact\/\">communiquer<\/a>\u00a0avec nous.<\/p>\n<p>*Frais d&#8217;administration non remboursable (350$) en cas d&#8217;annulation pour une inscription provenant d&#8217;un pays autre que le Canada n\u00e9cessitant un visa d\u2019entr\u00e9e.<\/p>\n<p>*Les repas sont inclus (d\u00e9jeuner et diner).<\/p>\n","protected":false},"excerpt":{"rendered":"<p>PROGRAMME SUR L&#8217;ART DE COMMUNIQUER Dans un environnement professionnel o\u00f9 les interactions sont nombreuses et les enjeux souvent complexes, la capacit\u00e9 \u00e0 communiquer avec justesse constitue une comp\u00e9tence essentielle du leadership. Le programme sur l\u2019art de communiquer vise \u00e0 renforcer &hellip; <\/p>\n","protected":false},"author":17,"featured_media":0,"parent":0,"menu_order":0,"comment_status":"closed","ping_status":"closed","template":"","meta":{"content-type":""},"yoast_head":"<!-- This site is optimized with the Yoast SEO plugin v20.6 - https:\/\/yoast.com\/wordpress\/plugins\/seo\/ -->\n<title>Programme sur l&#039;art de communiquer - Canada - Institut de Leadership<\/title>\n<meta name=\"robots\" content=\"index, follow, max-snippet:-1, max-image-preview:large, max-video-preview:-1\" \/>\n<link rel=\"canonical\" href=\"https:\/\/www.institutleadership.ca\/montreal\/programme-sur-lart-de-communiquer\/\" \/>\n<meta property=\"og:locale\" content=\"fr_CA\" \/>\n<meta property=\"og:type\" content=\"article\" \/>\n<meta property=\"og:title\" content=\"Programme sur l&#039;art de communiquer - Canada - Institut de Leadership\" \/>\n<meta property=\"og:description\" content=\"PROGRAMME SUR L&#8217;ART DE COMMUNIQUER Dans un environnement professionnel o\u00f9 les interactions sont nombreuses et les enjeux souvent complexes, la capacit\u00e9 \u00e0 communiquer avec justesse constitue une comp\u00e9tence essentielle du leadership. Le programme sur l\u2019art de communiquer vise \u00e0 renforcer &hellip;\" \/>\n<meta property=\"og:url\" content=\"https:\/\/www.institutleadership.ca\/montreal\/programme-sur-lart-de-communiquer\/\" \/>\n<meta property=\"og:site_name\" content=\"Canada - Institut de Leadership\" \/>\n<meta property=\"article:publisher\" content=\"https:\/\/www.facebook.com\/institutleadership\/\" \/>\n<meta property=\"article:modified_time\" content=\"2026-04-09T17:09:49+00:00\" \/>\n<meta name=\"twitter:card\" content=\"summary_large_image\" \/>\n<meta name=\"twitter:label1\" content=\"Estimation du temps de lecture\" \/>\n\t<meta name=\"twitter:data1\" content=\"4 minutes\" \/>\n<script type=\"application\/ld+json\" class=\"yoast-schema-graph\">{\"@context\":\"https:\/\/schema.org\",\"@graph\":[{\"@type\":\"WebPage\",\"@id\":\"https:\/\/www.institutleadership.ca\/montreal\/programme-sur-lart-de-communiquer\/\",\"url\":\"https:\/\/www.institutleadership.ca\/montreal\/programme-sur-lart-de-communiquer\/\",\"name\":\"Programme sur l'art de communiquer - Canada - Institut de Leadership\",\"isPartOf\":{\"@id\":\"https:\/\/www.institutleadership.ca\/montreal\/#website\"},\"datePublished\":\"2026-03-05T18:45:34+00:00\",\"dateModified\":\"2026-04-09T17:09:49+00:00\",\"breadcrumb\":{\"@id\":\"https:\/\/www.institutleadership.ca\/montreal\/programme-sur-lart-de-communiquer\/#breadcrumb\"},\"inLanguage\":\"fr-CA\",\"potentialAction\":[{\"@type\":\"ReadAction\",\"target\":[\"https:\/\/www.institutleadership.ca\/montreal\/programme-sur-lart-de-communiquer\/\"]}]},{\"@type\":\"BreadcrumbList\",\"@id\":\"https:\/\/www.institutleadership.ca\/montreal\/programme-sur-lart-de-communiquer\/#breadcrumb\",\"itemListElement\":[{\"@type\":\"ListItem\",\"position\":1,\"name\":\"Accueil\",\"item\":\"https:\/\/www.institutleadership.ca\/montreal\/\"},{\"@type\":\"ListItem\",\"position\":2,\"name\":\"Programme sur l&#8217;art de communiquer\"}]},{\"@type\":\"WebSite\",\"@id\":\"https:\/\/www.institutleadership.ca\/montreal\/#website\",\"url\":\"https:\/\/www.institutleadership.ca\/montreal\/\",\"name\":\"Institut de leadership\",\"description\":\"Formations pour cadres et dirigeants\",\"publisher\":{\"@id\":\"https:\/\/www.institutleadership.ca\/montreal\/#organization\"},\"potentialAction\":[{\"@type\":\"SearchAction\",\"target\":{\"@type\":\"EntryPoint\",\"urlTemplate\":\"https:\/\/www.institutleadership.ca\/montreal\/?s={search_term_string}\"},\"query-input\":\"required name=search_term_string\"}],\"inLanguage\":\"fr-CA\"},{\"@type\":\"Organization\",\"@id\":\"https:\/\/www.institutleadership.ca\/montreal\/#organization\",\"name\":\"Institut de leadership\",\"url\":\"https:\/\/www.institutleadership.ca\/montreal\/\",\"logo\":{\"@type\":\"ImageObject\",\"inLanguage\":\"fr-CA\",\"@id\":\"https:\/\/www.institutleadership.ca\/montreal\/#\/schema\/logo\/image\/\",\"url\":\"https:\/\/www.institutleadership.ca\/montreal\/wp-content\/uploads\/sites\/7\/2019\/11\/Logo_Officiel-2-1.jpg\",\"contentUrl\":\"https:\/\/www.institutleadership.ca\/montreal\/wp-content\/uploads\/sites\/7\/2019\/11\/Logo_Officiel-2-1.jpg\",\"width\":2048,\"height\":1024,\"caption\":\"Institut de leadership\"},\"image\":{\"@id\":\"https:\/\/www.institutleadership.ca\/montreal\/#\/schema\/logo\/image\/\"},\"sameAs\":[\"https:\/\/www.facebook.com\/institutleadership\/\",\"https:\/\/www.linkedin.com\/school\/5305840\"]}]}<\/script>\n<!-- \/ Yoast SEO plugin. -->","yoast_head_json":{"title":"Programme sur l'art de communiquer - Canada - Institut de Leadership","robots":{"index":"index","follow":"follow","max-snippet":"max-snippet:-1","max-image-preview":"max-image-preview:large","max-video-preview":"max-video-preview:-1"},"canonical":"https:\/\/www.institutleadership.ca\/montreal\/programme-sur-lart-de-communiquer\/","og_locale":"fr_CA","og_type":"article","og_title":"Programme sur l'art de communiquer - Canada - Institut de Leadership","og_description":"PROGRAMME SUR L&#8217;ART DE COMMUNIQUER Dans un environnement professionnel o\u00f9 les interactions sont nombreuses et les enjeux souvent complexes, la capacit\u00e9 \u00e0 communiquer avec justesse constitue une comp\u00e9tence essentielle du leadership. Le programme sur l\u2019art de communiquer vise \u00e0 renforcer &hellip;","og_url":"https:\/\/www.institutleadership.ca\/montreal\/programme-sur-lart-de-communiquer\/","og_site_name":"Canada - Institut de Leadership","article_publisher":"https:\/\/www.facebook.com\/institutleadership\/","article_modified_time":"2026-04-09T17:09:49+00:00","twitter_card":"summary_large_image","twitter_misc":{"Estimation du temps de lecture":"4 minutes"},"schema":{"@context":"https:\/\/schema.org","@graph":[{"@type":"WebPage","@id":"https:\/\/www.institutleadership.ca\/montreal\/programme-sur-lart-de-communiquer\/","url":"https:\/\/www.institutleadership.ca\/montreal\/programme-sur-lart-de-communiquer\/","name":"Programme sur l'art de communiquer - Canada - Institut de Leadership","isPartOf":{"@id":"https:\/\/www.institutleadership.ca\/montreal\/#website"},"datePublished":"2026-03-05T18:45:34+00:00","dateModified":"2026-04-09T17:09:49+00:00","breadcrumb":{"@id":"https:\/\/www.institutleadership.ca\/montreal\/programme-sur-lart-de-communiquer\/#breadcrumb"},"inLanguage":"fr-CA","potentialAction":[{"@type":"ReadAction","target":["https:\/\/www.institutleadership.ca\/montreal\/programme-sur-lart-de-communiquer\/"]}]},{"@type":"BreadcrumbList","@id":"https:\/\/www.institutleadership.ca\/montreal\/programme-sur-lart-de-communiquer\/#breadcrumb","itemListElement":[{"@type":"ListItem","position":1,"name":"Accueil","item":"https:\/\/www.institutleadership.ca\/montreal\/"},{"@type":"ListItem","position":2,"name":"Programme sur l&#8217;art de communiquer"}]},{"@type":"WebSite","@id":"https:\/\/www.institutleadership.ca\/montreal\/#website","url":"https:\/\/www.institutleadership.ca\/montreal\/","name":"Institut de leadership","description":"Formations pour cadres et dirigeants","publisher":{"@id":"https:\/\/www.institutleadership.ca\/montreal\/#organization"},"potentialAction":[{"@type":"SearchAction","target":{"@type":"EntryPoint","urlTemplate":"https:\/\/www.institutleadership.ca\/montreal\/?s={search_term_string}"},"query-input":"required name=search_term_string"}],"inLanguage":"fr-CA"},{"@type":"Organization","@id":"https:\/\/www.institutleadership.ca\/montreal\/#organization","name":"Institut de leadership","url":"https:\/\/www.institutleadership.ca\/montreal\/","logo":{"@type":"ImageObject","inLanguage":"fr-CA","@id":"https:\/\/www.institutleadership.ca\/montreal\/#\/schema\/logo\/image\/","url":"https:\/\/www.institutleadership.ca\/montreal\/wp-content\/uploads\/sites\/7\/2019\/11\/Logo_Officiel-2-1.jpg","contentUrl":"https:\/\/www.institutleadership.ca\/montreal\/wp-content\/uploads\/sites\/7\/2019\/11\/Logo_Officiel-2-1.jpg","width":2048,"height":1024,"caption":"Institut de leadership"},"image":{"@id":"https:\/\/www.institutleadership.ca\/montreal\/#\/schema\/logo\/image\/"},"sameAs":["https:\/\/www.facebook.com\/institutleadership\/","https:\/\/www.linkedin.com\/school\/5305840"]}]}},"_links":{"self":[{"href":"https:\/\/www.institutleadership.ca\/montreal\/wp-json\/wp\/v2\/pages\/19358"}],"collection":[{"href":"https:\/\/www.institutleadership.ca\/montreal\/wp-json\/wp\/v2\/pages"}],"about":[{"href":"https:\/\/www.institutleadership.ca\/montreal\/wp-json\/wp\/v2\/types\/page"}],"author":[{"embeddable":true,"href":"https:\/\/www.institutleadership.ca\/montreal\/wp-json\/wp\/v2\/users\/17"}],"replies":[{"embeddable":true,"href":"https:\/\/www.institutleadership.ca\/montreal\/wp-json\/wp\/v2\/comments?post=19358"}],"version-history":[{"count":25,"href":"https:\/\/www.institutleadership.ca\/montreal\/wp-json\/wp\/v2\/pages\/19358\/revisions"}],"predecessor-version":[{"id":19783,"href":"https:\/\/www.institutleadership.ca\/montreal\/wp-json\/wp\/v2\/pages\/19358\/revisions\/19783"}],"wp:attachment":[{"href":"https:\/\/www.institutleadership.ca\/montreal\/wp-json\/wp\/v2\/media?parent=19358"}],"curies":[{"name":"wp","href":"https:\/\/api.w.org\/{rel}","templated":true}]}}