{"id":20014,"date":"2026-05-11T09:21:02","date_gmt":"2026-05-11T13:21:02","guid":{"rendered":"https:\/\/www.institutleadership.ca\/montreal\/?page_id=20014"},"modified":"2026-05-11T10:04:16","modified_gmt":"2026-05-11T14:04:16","slug":"programme-sur-la-finance-pour-les-decideurs-non-financiers","status":"publish","type":"page","link":"https:\/\/www.institutleadership.ca\/montreal\/programme-sur-la-finance-pour-les-decideurs-non-financiers\/","title":{"rendered":"Programme sur la finance pour les d\u00e9cideurs non financiers"},"content":{"rendered":"<h3 data-start=\"337\" data-end=\"533\">PROGRAMME SUR LA FINANCE POUR LES D\u00c9CIDEURS NON FINANCIERS<\/h3>\n<p data-start=\"326\" data-end=\"610\">Dans un environnement o\u00f9 les d\u00e9cisions doivent \u00eatre prises rapidement et o\u00f9 les enjeux financiers influencent de plus en plus les organisations, la capacit\u00e9 \u00e0 comprendre et utiliser l\u2019information financi\u00e8re constitue une comp\u00e9tence essentielle pour les gestionnaires et les d\u00e9cideurs.<\/p>\n<p data-start=\"612\" data-end=\"965\">Le programme <em data-start=\"625\" data-end=\"664\">Finance pour d\u00e9cideurs non-financiers<\/em> vise \u00e0 rendre la finance accessible, concr\u00e8te et directement applicable dans la r\u00e9alit\u00e9 professionnelle des participants. Il permet de mieux comprendre les m\u00e9canismes financiers, d\u2019interpr\u00e9ter les \u00e9tats financiers avec confiance et d\u2019int\u00e9grer les dimensions financi\u00e8res dans les d\u00e9cisions d\u2019affaires.<\/p>\n<p data-start=\"967\" data-end=\"1267\">Le parcours propose une combinaison \u00e9quilibr\u00e9e d\u2019apports conceptuels, d\u2019exercices pratiques, d\u2019\u00e9tudes de cas et de mises en situation. Chaque participant est amen\u00e9 \u00e0 d\u00e9velopper des rep\u00e8res financiers utiles pour mieux piloter ses activit\u00e9s, \u00e9valuer la performance et soutenir des d\u00e9cisions \u00e9clair\u00e9es.<\/p>\n<p data-start=\"1269\" data-end=\"1503\">Le programme constitue \u00e9galement une occasion privil\u00e9gi\u00e9e d\u2019\u00e9changer avec des gestionnaires et des dirigeants provenant de diff\u00e9rents secteurs d\u2019activit\u00e9 et de b\u00e9n\u00e9ficier du partage d\u2019exp\u00e9rience de professionnels du domaine financier.<\/p>\n<h3 data-section-id=\"1l3a95o\" data-start=\"2107\" data-end=\"2139\">OBJECTIFS DU PROGRAMME<\/h3>\n<ul>\n<li data-section-id=\"2e31ch\" data-start=\"2635\" data-end=\"2698\">Comprendre les principaux concepts et m\u00e9canismes financiers<\/li>\n<li data-section-id=\"1b09qq3\" data-start=\"2699\" data-end=\"2758\">Interpr\u00e9ter les \u00e9tats financiers avec plus de confiance<\/li>\n<li data-section-id=\"jia6t4\" data-start=\"2759\" data-end=\"2818\">Relier les donn\u00e9es financi\u00e8res aux d\u00e9cisions d\u2019affaires<\/li>\n<li data-section-id=\"1398liw\" data-start=\"2819\" data-end=\"2898\">\u00c9valuer la performance d\u2019une organisation \u00e0 partir d\u2019indicateurs pertinents<\/li>\n<li data-section-id=\"13bz5uv\" data-start=\"2899\" data-end=\"2971\">Utiliser la finance comme outil de pilotage et de cr\u00e9ation de valeur<\/li>\n<\/ul>\n<h3 data-section-id=\"1l3a95o\" data-start=\"2107\" data-end=\"2139\">\u00c0 QUI S\u2019ADRESSE LE PROGRAMME ?<\/h3>\n<p data-start=\"2141\" data-end=\"2165\">Ce programme s\u2019adresse :<\/p>\n<ul data-start=\"2166\" data-end=\"2379\">\n<li data-section-id=\"1xqkl4s\" data-start=\"2166\" data-end=\"2220\">aux gestionnaires et professionnels non financiers ;<\/li>\n<li data-section-id=\"198b54r\" data-start=\"2221\" data-end=\"2301\">aux cadres et dirigeants souhaitant d\u00e9velopper leur compr\u00e9hension financi\u00e8re ;<\/li>\n<\/ul>\n<p data-start=\"2381\" data-end=\"2576\">Les participants proviennent de secteurs d\u2019activit\u00e9 vari\u00e9s et souhaitent d\u00e9velopper une meilleure aisance avec les donn\u00e9es financi\u00e8res afin de soutenir leur prise de d\u00e9cision et leur performance.<\/p>\n<h3 data-section-id=\"1muac66\" data-start=\"2978\" data-end=\"3002\">STRUCTURE DU PROGRAMME<\/h3>\n<h4 data-section-id=\"7xhfqa\" data-start=\"3004\" data-end=\"3057\"><em>Module: Comprendre la logique financi\u00e8re de l\u2019organisation<\/em><\/h4>\n<ul data-start=\"3058\" data-end=\"3449\">\n<li data-section-id=\"c7mny1\" data-start=\"3058\" data-end=\"3121\">Comprendre le r\u00f4le de la finance dans la cr\u00e9ation de valeur<\/li>\n<li data-section-id=\"h7v3c9\" data-start=\"3122\" data-end=\"3190\">Ma\u00eetriser les notions cl\u00e9s : rentabilit\u00e9, liquidit\u00e9, solvabilit\u00e9<\/li>\n<li data-section-id=\"1a4g8s5\" data-start=\"3191\" data-end=\"3262\">Faire le lien entre d\u00e9cisions op\u00e9rationnelles et impacts financiers<\/li>\n<li data-section-id=\"rxejhr\" data-start=\"3263\" data-end=\"3340\">Identifier les principaux leviers financiers li\u00e9s \u00e0 sa r\u00e9alit\u00e9 d\u2019affaires<\/li>\n<\/ul>\n<h4 data-section-id=\"xtc53f\" data-start=\"3456\" data-end=\"3499\"><em>Module : Lire et interpr\u00e9ter les \u00e9tats financiers<\/em><\/h4>\n<ul data-start=\"3500\" data-end=\"3827\">\n<li data-section-id=\"1n7jjfq\" data-start=\"3500\" data-end=\"3544\">D\u00e9coder le bilan et l\u2019\u00e9tat des r\u00e9sultats<\/li>\n<li data-section-id=\"1itjxha\" data-start=\"3545\" data-end=\"3595\">Comprendre les marges et la structure de co\u00fbts<\/li>\n<li data-section-id=\"1ulund4\" data-start=\"3596\" data-end=\"3663\">Porter un diagnostic sur la sant\u00e9 financi\u00e8re d\u2019une organisation<\/li>\n<li data-section-id=\"73dq5p\" data-start=\"3664\" data-end=\"3745\">D\u00e9velopper des r\u00e9flexes pour poser les bonnes questions \u00e0 partir des chiffres<\/li>\n<\/ul>\n<h4 data-section-id=\"1fri21\" data-start=\"3834\" data-end=\"3888\"><em>Module : Int\u00e9grer la dimension financi\u00e8re dans ses d\u00e9cisions<\/em><\/h4>\n<ul data-start=\"3889\" data-end=\"4248\">\n<li data-section-id=\"1aybthw\" data-start=\"3889\" data-end=\"3960\">\u00c9valuer la rentabilit\u00e9 d\u2019une initiative (ROI, seuil de rentabilit\u00e9)<\/li>\n<li data-section-id=\"17978z9\" data-start=\"3961\" data-end=\"4023\">Comprendre les impacts financiers des d\u00e9cisions d\u2019affaires<\/li>\n<li data-section-id=\"1ynl76f\" data-start=\"4024\" data-end=\"4094\">Arbitrer entre diff\u00e9rentes options \u00e0 partir de donn\u00e9es financi\u00e8res<\/li>\n<li data-section-id=\"17zykfk\" data-start=\"4095\" data-end=\"4155\">Prioriser les d\u00e9cisions selon leur impact financier r\u00e9el<\/li>\n<\/ul>\n<h4 data-section-id=\"12g7w5b\" data-start=\"4255\" data-end=\"4312\"><em>Module : Piloter la performance avec des indicateurs pertinents<\/em><\/h4>\n<ul data-start=\"4313\" data-end=\"4619\">\n<li data-section-id=\"18o4a4a\" data-start=\"4313\" data-end=\"4365\">Identifier les indicateurs financiers cl\u00e9s (KPI)<\/li>\n<li data-section-id=\"toexoh\" data-start=\"4366\" data-end=\"4415\">Construire un tableau de bord simple et utile<\/li>\n<li data-section-id=\"1m60t1f\" data-start=\"4416\" data-end=\"4463\">Suivre et ajuster la performance en continu<\/li>\n<li data-section-id=\"134cqni\" data-start=\"4464\" data-end=\"4538\">Mettre en place des indicateurs directement actionnables dans son r\u00f4le<\/li>\n<\/ul>\n<p>&nbsp;<\/p>\n<div class=\"grid_12 \">\n<h3>TARIFS, DATES ET INSCRIPTION<\/h3>\n<\/div>\n<div><strong>Formation EN PR\u00c9SENTIEL \u00e0 Montr\u00e9al : 1 995$ + taxes\u00a0<\/strong><\/div>\n<div id=\"page-content\">\n<p><strong>Formation EN LIGNE : 1695$ + taxes<\/strong><\/p>\n<\/div>\n<p>Les journ\u00e9es de formation sont admissibles \u00e0 la loi du 1 % pour la formation de la main d\u2019\u0153uvre. De plus, vous avez la possibilit\u00e9 d\u2019acc\u00e9der \u00e0 d\u2019autres financements. Pour cela, renseignez-vous directement aupr\u00e8s d\u2019Emploi Qu\u00e9bec de votre r\u00e9gion.<\/p>\n<p>Des rabais sont offerts aux\u00a0organismes \u00e0 but non lucratif \u00a0(15%) et gouvernementaux (10%).\u00a0<a href=\"https:\/\/www.institutleadership.ca\/montreal\/contact\/\">Contactez-nous<\/a>\u00a0pour plus de d\u00e9tails.<\/p>\n<p>Des tarifs avantageux sont aussi offerts lorsque trois participants ou plus, provenant d\u2019une m\u00eame entreprise, s\u2019inscrivent aux formations. Pour plus de d\u00e9tails, veuillez\u00a0<a href=\"https:\/\/www.institutleadership.ca\/montreal\/contact\/\">communiquer<\/a>\u00a0avec nous.<\/p>\n<p>*Frais d&#8217;administration non remboursable (350$) en cas d&#8217;annulation pour une inscription provenant d&#8217;un pays autre que le Canada n\u00e9cessitant un visa d\u2019entr\u00e9e.<\/p>\n<p>*Les repas sont inclus (d\u00e9jeuner et diner).<\/p>\n<p>&nbsp;<\/p>\n","protected":false},"excerpt":{"rendered":"<p>PROGRAMME SUR LA FINANCE POUR LES D\u00c9CIDEURS NON FINANCIERS Dans un environnement o\u00f9 les d\u00e9cisions doivent \u00eatre prises rapidement et o\u00f9 les enjeux financiers influencent de plus en plus les organisations, la capacit\u00e9 \u00e0 comprendre et utiliser l\u2019information financi\u00e8re constitue &hellip; <\/p>\n","protected":false},"author":17,"featured_media":11304,"parent":0,"menu_order":0,"comment_status":"closed","ping_status":"closed","template":"","meta":{"content-type":""},"yoast_head":"<!-- This site is optimized with the Yoast SEO plugin v20.6 - https:\/\/yoast.com\/wordpress\/plugins\/seo\/ -->\n<title>Programme sur la finance pour les d\u00e9cideurs non financiers - Canada - Institut de Leadership<\/title>\n<meta name=\"robots\" content=\"index, follow, max-snippet:-1, max-image-preview:large, max-video-preview:-1\" \/>\n<link rel=\"canonical\" href=\"https:\/\/www.institutleadership.ca\/montreal\/programme-sur-la-finance-pour-les-decideurs-non-financiers\/\" \/>\n<meta property=\"og:locale\" content=\"fr_CA\" \/>\n<meta property=\"og:type\" content=\"article\" \/>\n<meta property=\"og:title\" content=\"Programme sur la finance pour les d\u00e9cideurs non financiers - Canada - Institut de Leadership\" \/>\n<meta property=\"og:description\" content=\"PROGRAMME SUR LA FINANCE POUR LES D\u00c9CIDEURS NON FINANCIERS Dans un environnement o\u00f9 les d\u00e9cisions doivent \u00eatre prises rapidement et o\u00f9 les enjeux financiers influencent de plus en plus les organisations, la capacit\u00e9 \u00e0 comprendre et utiliser l\u2019information financi\u00e8re constitue &hellip;\" \/>\n<meta property=\"og:url\" content=\"https:\/\/www.institutleadership.ca\/montreal\/programme-sur-la-finance-pour-les-decideurs-non-financiers\/\" \/>\n<meta property=\"og:site_name\" content=\"Canada - Institut de Leadership\" \/>\n<meta property=\"article:publisher\" content=\"https:\/\/www.facebook.com\/institutleadership\/\" \/>\n<meta property=\"article:modified_time\" content=\"2026-05-11T14:04:16+00:00\" \/>\n<meta property=\"og:image\" content=\"https:\/\/www.institutleadership.ca\/montreal\/wp-content\/uploads\/sites\/7\/2019\/05\/Untitled-7-1.png\" \/>\n\t<meta property=\"og:image:width\" content=\"1199\" \/>\n\t<meta property=\"og:image:height\" content=\"745\" \/>\n\t<meta property=\"og:image:type\" content=\"image\/png\" \/>\n<meta name=\"twitter:card\" content=\"summary_large_image\" \/>\n<meta name=\"twitter:label1\" content=\"Estimation du temps de lecture\" \/>\n\t<meta name=\"twitter:data1\" content=\"3 minutes\" \/>\n<script type=\"application\/ld+json\" class=\"yoast-schema-graph\">{\"@context\":\"https:\/\/schema.org\",\"@graph\":[{\"@type\":\"WebPage\",\"@id\":\"https:\/\/www.institutleadership.ca\/montreal\/programme-sur-la-finance-pour-les-decideurs-non-financiers\/\",\"url\":\"https:\/\/www.institutleadership.ca\/montreal\/programme-sur-la-finance-pour-les-decideurs-non-financiers\/\",\"name\":\"Programme sur la finance pour les d\u00e9cideurs non financiers - Canada - Institut de Leadership\",\"isPartOf\":{\"@id\":\"https:\/\/www.institutleadership.ca\/montreal\/#website\"},\"datePublished\":\"2026-05-11T13:21:02+00:00\",\"dateModified\":\"2026-05-11T14:04:16+00:00\",\"breadcrumb\":{\"@id\":\"https:\/\/www.institutleadership.ca\/montreal\/programme-sur-la-finance-pour-les-decideurs-non-financiers\/#breadcrumb\"},\"inLanguage\":\"fr-CA\",\"potentialAction\":[{\"@type\":\"ReadAction\",\"target\":[\"https:\/\/www.institutleadership.ca\/montreal\/programme-sur-la-finance-pour-les-decideurs-non-financiers\/\"]}]},{\"@type\":\"BreadcrumbList\",\"@id\":\"https:\/\/www.institutleadership.ca\/montreal\/programme-sur-la-finance-pour-les-decideurs-non-financiers\/#breadcrumb\",\"itemListElement\":[{\"@type\":\"ListItem\",\"position\":1,\"name\":\"Accueil\",\"item\":\"https:\/\/www.institutleadership.ca\/montreal\/\"},{\"@type\":\"ListItem\",\"position\":2,\"name\":\"Programme sur la finance pour les d\u00e9cideurs non financiers\"}]},{\"@type\":\"WebSite\",\"@id\":\"https:\/\/www.institutleadership.ca\/montreal\/#website\",\"url\":\"https:\/\/www.institutleadership.ca\/montreal\/\",\"name\":\"Institut de leadership\",\"description\":\"Formations pour cadres et dirigeants\",\"publisher\":{\"@id\":\"https:\/\/www.institutleadership.ca\/montreal\/#organization\"},\"potentialAction\":[{\"@type\":\"SearchAction\",\"target\":{\"@type\":\"EntryPoint\",\"urlTemplate\":\"https:\/\/www.institutleadership.ca\/montreal\/?s={search_term_string}\"},\"query-input\":\"required name=search_term_string\"}],\"inLanguage\":\"fr-CA\"},{\"@type\":\"Organization\",\"@id\":\"https:\/\/www.institutleadership.ca\/montreal\/#organization\",\"name\":\"Institut de leadership\",\"url\":\"https:\/\/www.institutleadership.ca\/montreal\/\",\"logo\":{\"@type\":\"ImageObject\",\"inLanguage\":\"fr-CA\",\"@id\":\"https:\/\/www.institutleadership.ca\/montreal\/#\/schema\/logo\/image\/\",\"url\":\"https:\/\/www.institutleadership.ca\/montreal\/wp-content\/uploads\/sites\/7\/2019\/11\/Logo_Officiel-2-1.jpg\",\"contentUrl\":\"https:\/\/www.institutleadership.ca\/montreal\/wp-content\/uploads\/sites\/7\/2019\/11\/Logo_Officiel-2-1.jpg\",\"width\":2048,\"height\":1024,\"caption\":\"Institut de leadership\"},\"image\":{\"@id\":\"https:\/\/www.institutleadership.ca\/montreal\/#\/schema\/logo\/image\/\"},\"sameAs\":[\"https:\/\/www.facebook.com\/institutleadership\/\",\"https:\/\/www.linkedin.com\/school\/5305840\"]}]}<\/script>\n<!-- \/ Yoast SEO plugin. -->","yoast_head_json":{"title":"Programme sur la finance pour les d\u00e9cideurs non financiers - Canada - Institut de Leadership","robots":{"index":"index","follow":"follow","max-snippet":"max-snippet:-1","max-image-preview":"max-image-preview:large","max-video-preview":"max-video-preview:-1"},"canonical":"https:\/\/www.institutleadership.ca\/montreal\/programme-sur-la-finance-pour-les-decideurs-non-financiers\/","og_locale":"fr_CA","og_type":"article","og_title":"Programme sur la finance pour les d\u00e9cideurs non financiers - Canada - Institut de Leadership","og_description":"PROGRAMME SUR LA FINANCE POUR LES D\u00c9CIDEURS NON FINANCIERS Dans un environnement o\u00f9 les d\u00e9cisions doivent \u00eatre prises rapidement et o\u00f9 les enjeux financiers influencent de plus en plus les organisations, la capacit\u00e9 \u00e0 comprendre et utiliser l\u2019information financi\u00e8re constitue &hellip;","og_url":"https:\/\/www.institutleadership.ca\/montreal\/programme-sur-la-finance-pour-les-decideurs-non-financiers\/","og_site_name":"Canada - Institut de Leadership","article_publisher":"https:\/\/www.facebook.com\/institutleadership\/","article_modified_time":"2026-05-11T14:04:16+00:00","og_image":[{"width":1199,"height":745,"url":"https:\/\/www.institutleadership.ca\/montreal\/wp-content\/uploads\/sites\/7\/2019\/05\/Untitled-7-1.png","type":"image\/png"}],"twitter_card":"summary_large_image","twitter_misc":{"Estimation du temps de lecture":"3 minutes"},"schema":{"@context":"https:\/\/schema.org","@graph":[{"@type":"WebPage","@id":"https:\/\/www.institutleadership.ca\/montreal\/programme-sur-la-finance-pour-les-decideurs-non-financiers\/","url":"https:\/\/www.institutleadership.ca\/montreal\/programme-sur-la-finance-pour-les-decideurs-non-financiers\/","name":"Programme sur la finance pour les d\u00e9cideurs non financiers - Canada - Institut de Leadership","isPartOf":{"@id":"https:\/\/www.institutleadership.ca\/montreal\/#website"},"datePublished":"2026-05-11T13:21:02+00:00","dateModified":"2026-05-11T14:04:16+00:00","breadcrumb":{"@id":"https:\/\/www.institutleadership.ca\/montreal\/programme-sur-la-finance-pour-les-decideurs-non-financiers\/#breadcrumb"},"inLanguage":"fr-CA","potentialAction":[{"@type":"ReadAction","target":["https:\/\/www.institutleadership.ca\/montreal\/programme-sur-la-finance-pour-les-decideurs-non-financiers\/"]}]},{"@type":"BreadcrumbList","@id":"https:\/\/www.institutleadership.ca\/montreal\/programme-sur-la-finance-pour-les-decideurs-non-financiers\/#breadcrumb","itemListElement":[{"@type":"ListItem","position":1,"name":"Accueil","item":"https:\/\/www.institutleadership.ca\/montreal\/"},{"@type":"ListItem","position":2,"name":"Programme sur la finance pour les d\u00e9cideurs non financiers"}]},{"@type":"WebSite","@id":"https:\/\/www.institutleadership.ca\/montreal\/#website","url":"https:\/\/www.institutleadership.ca\/montreal\/","name":"Institut de leadership","description":"Formations pour cadres et dirigeants","publisher":{"@id":"https:\/\/www.institutleadership.ca\/montreal\/#organization"},"potentialAction":[{"@type":"SearchAction","target":{"@type":"EntryPoint","urlTemplate":"https:\/\/www.institutleadership.ca\/montreal\/?s={search_term_string}"},"query-input":"required name=search_term_string"}],"inLanguage":"fr-CA"},{"@type":"Organization","@id":"https:\/\/www.institutleadership.ca\/montreal\/#organization","name":"Institut de leadership","url":"https:\/\/www.institutleadership.ca\/montreal\/","logo":{"@type":"ImageObject","inLanguage":"fr-CA","@id":"https:\/\/www.institutleadership.ca\/montreal\/#\/schema\/logo\/image\/","url":"https:\/\/www.institutleadership.ca\/montreal\/wp-content\/uploads\/sites\/7\/2019\/11\/Logo_Officiel-2-1.jpg","contentUrl":"https:\/\/www.institutleadership.ca\/montreal\/wp-content\/uploads\/sites\/7\/2019\/11\/Logo_Officiel-2-1.jpg","width":2048,"height":1024,"caption":"Institut de leadership"},"image":{"@id":"https:\/\/www.institutleadership.ca\/montreal\/#\/schema\/logo\/image\/"},"sameAs":["https:\/\/www.facebook.com\/institutleadership\/","https:\/\/www.linkedin.com\/school\/5305840"]}]}},"_links":{"self":[{"href":"https:\/\/www.institutleadership.ca\/montreal\/wp-json\/wp\/v2\/pages\/20014"}],"collection":[{"href":"https:\/\/www.institutleadership.ca\/montreal\/wp-json\/wp\/v2\/pages"}],"about":[{"href":"https:\/\/www.institutleadership.ca\/montreal\/wp-json\/wp\/v2\/types\/page"}],"author":[{"embeddable":true,"href":"https:\/\/www.institutleadership.ca\/montreal\/wp-json\/wp\/v2\/users\/17"}],"replies":[{"embeddable":true,"href":"https:\/\/www.institutleadership.ca\/montreal\/wp-json\/wp\/v2\/comments?post=20014"}],"version-history":[{"count":3,"href":"https:\/\/www.institutleadership.ca\/montreal\/wp-json\/wp\/v2\/pages\/20014\/revisions"}],"predecessor-version":[{"id":20021,"href":"https:\/\/www.institutleadership.ca\/montreal\/wp-json\/wp\/v2\/pages\/20014\/revisions\/20021"}],"wp:featuredmedia":[{"embeddable":true,"href":"https:\/\/www.institutleadership.ca\/montreal\/wp-json\/wp\/v2\/media\/11304"}],"wp:attachment":[{"href":"https:\/\/www.institutleadership.ca\/montreal\/wp-json\/wp\/v2\/media?parent=20014"}],"curies":[{"name":"wp","href":"https:\/\/api.w.org\/{rel}","templated":true}]}}