{"id":11525,"date":"2025-04-04T09:40:11","date_gmt":"2025-04-04T13:40:11","guid":{"rendered":"https:\/\/www.institutleadership.ca\/paris\/?page_id=11525"},"modified":"2026-02-02T16:53:43","modified_gmt":"2026-02-02T21:53:43","slug":"certification-en-strategie","status":"publish","type":"page","link":"https:\/\/www.institutleadership.ca\/paris\/certification-en-strategie\/","title":{"rendered":"Certification en strat\u00e9gie"},"content":{"rendered":"<p><iframe loading=\"lazy\" title=\"Certification en strat\u00e9gie - 6 journ\u00e9es\" src=\"https:\/\/player.vimeo.com\/video\/289753932?dnt=1&amp;app_id=122963\" width=\"640\" height=\"360\" frameborder=\"0\" allow=\"autoplay; fullscreen; picture-in-picture; clipboard-write; encrypted-media; web-share\" referrerpolicy=\"strict-origin-when-cross-origin\"><\/iframe><\/p>\n<p>Seul dans son genre, ce programme de certification en strat\u00e9gie a \u00e9t\u00e9 \u00e9labor\u00e9 en collaboration avec des enseignants universitaires et des chefs de file dans leur milieu. Chaque participant aura l\u2019opportunit\u00e9 de rencontrer et d\u2019apprendre les meilleures strat\u00e9gies provenant d\u2019au moins dix intervenants diff\u00e9rents au cours de ce programme \u00e9lite.<\/p>\n<p><strong>Cette Certification est toute indiqu\u00e9e pour les gestionnaires d\u00e9sirant contribuer au d\u00e9veloppement strat\u00e9gique de leur organisation:<\/strong><\/p>\n<ul>\n<li>par l\u2019identification des facteurs cl\u00e9s de succ\u00e8s et des enjeux de l\u2019organisation;<\/li>\n<li>par la compr\u00e9hension des diff\u00e9rents types de plans strat\u00e9giques<\/li>\n<li>par la formulation agile et cr\u00e9ative de strat\u00e9gies et leur mise en \u0153uvre;<\/li>\n<li>par la conduite du changement au sein de l\u2019organisation en lien avec la strat\u00e9gie;<\/li>\n<li>par un d\u00e9ploiement tactique du plan d\u2019action.<\/li>\n<\/ul>\n<p>Formations pertinentes et reconnues (\u00e9tudes de cas, tendances, meilleures pratiques, etc.), et opportunit\u00e9 d\u2019agrandir son r\u00e9seau de fa\u00e7on importante.<\/p>\n<h3><\/h3>\n<p>&nbsp;<\/p>\n<h3><b>\u00c0 QUI S&#8217;ADRESSE LA CERTIFICATION ?<\/b><\/h3>\n<p>Cette certification est destin\u00e9e aux individus qui occupent des postes \u00e0 responsabilit\u00e9s. Ils proviennent d\u2019une grande diversit\u00e9 d\u2019industries et de contextes, en plus d\u2019avoir des profils personnels diversifi\u00e9s.<\/p>\n<ul>\n<li>Professionnels cadres \u2013 gestionnaires (entreprises et organisations publiques, OBNL, etc.)<\/li>\n<li>Membres de la direction de PME<\/li>\n<li>Entrepreneurs et propri\u00e9taires de petites et moyennes entreprises<\/li>\n<li>Rel\u00e8ve entrepreneuriale<\/li>\n<li>Etc.<\/li>\n<\/ul>\n<div class=\"sm_hr\"><\/div>\n<div><\/div>\n<div class=\"grid_12 \">\n<h3>DESCRIPTION DES MODULES DE LA CERTIFICATION<\/h3>\n<\/div>\n<div class=\"grid_12 \">\n<h4><strong>Module 1 :<\/strong>\u00a0<em>La chaine de cr\u00e9ation de valeur, une pr\u00e9misse \u00e0 la d\u00e9finition de la strat\u00e9gie<\/em><\/h4>\n<ul>\n<li>Faire consensus est un des d\u00e9fis d\u2019une r\u00e9flexion strat\u00e9gique<\/li>\n<li>La cartographie de la chaine de cr\u00e9ation de valeur nous permet de concerter les intervenants sur la mission de l\u2019organisation<\/li>\n<li>Qui sont nos clients ?<\/li>\n<li>Qui sont les clients de nos clients ?<\/li>\n<li>Ont-ils des besoins similaires ?<\/li>\n<li>Comment l\u2019organisation r\u00e9ussit-elle \u00e0 satisfaire les besoins de ses clients ?<\/li>\n<li>Quels comportements doivent \u00eatre r\u00e9unis afin que la livraison de valeur fonctionne efficacement ?<\/li>\n<\/ul>\n<p>&nbsp;<\/p>\n<h4><strong>Module 2\u00a0 :\u00a0<\/strong><em>La mise en \u0153uvre de la strat\u00e9gie, son efficience et sa gouvernance<\/em><\/h4>\n<ul>\n<li>Ma\u00eetrise des op\u00e9rations et mise en \u0153uvre de la strat\u00e9gie\u00a0: deux dimensions distinctes de l\u2019organisation du travail<\/li>\n<li>La coexistence harmonieuse des op\u00e9rations courantes et de la mise en \u0153uvre de la strat\u00e9gie en parall\u00e8le<\/li>\n<li>Principes de gouvernance sp\u00e9cifiques au processus de mise en \u0153uvre de la strat\u00e9gie<\/li>\n<li>R\u00f4les et responsabilit\u00e9s pour la mise en \u0153uvre de la strat\u00e9gie<\/li>\n<li>\u00c9tat d\u2019esprit des acteurs de la mise en \u0153uvre de la strat\u00e9gie<\/li>\n<li>Culture organisationnelle et impact sur la r\u00e9ussite de la mise en \u0153uvre de la strat\u00e9gie<\/li>\n<li>Financement de la mise en \u0153uvre de la strat\u00e9gie\u00a0: remise en question de certaines pratiques comptables \u00abtraditionnelles\u00bb<\/li>\n<li>Les deux cadres de gestion requis \u00e0 la mise en \u0153uvre de la strat\u00e9gie<\/li>\n<li>D\u00e9veloppement strat\u00e9gique et comment mesurer et augmenter son habilet\u00e9 \u00e0 se transformer (principes de mesure, de planification et de r\u00e9cup\u00e9ration des b\u00e9n\u00e9fices)<\/li>\n<li>Exploration strat\u00e9gique et comment mesurer et augmenter sa capacit\u00e9 \u00e0 innover (principes de mesure, de promotion et d\u00e9veloppement d\u2019une culture d\u2019innovation)<\/li>\n<\/ul>\n<\/div>\n<p>&nbsp;<\/p>\n<div class=\"grid_12 \">\n<h4><strong>Module 3\u00a0 :\u00a0<\/strong><em>Innovation par les mod\u00e8les d\u2019affaires<\/em><\/h4>\n<p>Conception de Mod\u00e8les d\u2019affaires innovants et des propositions de valeurs\u00a0qui ont de l\u2019impact. R\u00e9inventer votre mod\u00e8le d\u2019affaires.<\/p>\n<p><strong>Objectifs et approche p\u00e9dagogique\u00a0:<\/strong><\/p>\n<ul>\n<li>Chaque participant aura l\u2019opportunit\u00e9 de concevoir un mod\u00e8le d\u2019affaires (de son organisation ou d\u2019un de leur projet en d\u00e9veloppement)<\/li>\n<li>Le mod\u00e8le d\u2019affaires permettra une mise en pratique de pistes d\u2019innovation<\/li>\n<li>Gr\u00e2ce \u00e0 des mises en situation et des jeux de r\u00f4les, vous serez en mesure de perfectionner la vente et le marketing de vos services.<\/li>\n<\/ul>\n<p>&nbsp;<\/p>\n<h4><strong>Module 4\u00a0 :\u00a0<\/strong><em>La gestion des risques<\/em><\/h4>\n<ul>\n<li>Identifier les principaux risques inh\u00e9rents au plan strat\u00e9gique et au portefeuille de projets \u00e0 d\u00e9ployer.<\/li>\n<li>Mesurer la gravit\u00e9 et la probabilit\u00e9 des diff\u00e9rents risques en fonction de la tol\u00e9rance de l\u2019organisation.<\/li>\n<li>Identifier des mesures d\u2019att\u00e9nuation et de gestion des dix principaux risques.<\/li>\n<li>Comprendre les \u00e9tapes de suivi des risques et briser les silos dans l\u2019\u00e9quipe de direction.<\/li>\n<li>Saisir les principales composantes d\u2019un plan de gestion de crise efficace.<\/li>\n<li>Proposer des approches pour accro\u00eetre la culture d\u2019imputabilit\u00e9 de la direction.<\/li>\n<li>Analyser des \u00e9tudes de cas pour identifier les risques et les g\u00e9rer efficacement afin d\u2019atteindre les objectifs d\u2019affaires.<\/li>\n<\/ul>\n<p>&nbsp;<\/p>\n<h4><strong>Module 5 :<\/strong><em>\u00a0\u00c9quipe performante<\/em><\/h4>\n<ul>\n<li><strong>Comprendre les fondements d\u2019une \u00e9quipe optimale<\/strong><\/li>\n<\/ul>\n<p>\u2013 Facteurs d\u2019une exp\u00e9rience d\u2019\u00e9quipe optimale<\/p>\n<p>\u2013 \u00c9valuation de son \u00e9quipe<\/p>\n<p>\u2013 Pr\u00e9sentation du mod\u00e8le de Patrick Lencioni<\/p>\n<p>\u2013 Facteurs freinant le travail d\u2019\u00e9quipe<\/p>\n<ul>\n<li><strong>Acqu\u00e9rir des outils pour abattre les silos<\/strong><\/li>\n<\/ul>\n<p>\u2013 Cartographie des zones potentielles de collaboration en \u00e9quipe<\/p>\n<p>\u2013 Plan de collaboration<\/p>\n<ul>\n<li><strong>Comprendre le r\u00f4le de la confiance dans nos interactions<\/strong><\/li>\n<\/ul>\n<p>\u2013 Le point de vue de la neuroscience<\/p>\n<p>\u2013 \u00c9valuation du niveau de confiance dans son \u00e9quipe<\/p>\n<p>\u2013 Les conditions favorables pour \u00e9tablir la confiance entre les coll\u00e8gues<\/p>\n<\/div>\n<p>&nbsp;<\/p>\n<div class=\"grid_12 \">\n<h4><strong>Module 6 :\u00a0<\/strong><em>Lancement d\u2019un plan strat\u00e9gique<\/em><\/h4>\n<ul>\n<li>Faire du plan strat\u00e9gique un levier de mobilisation pour les employ\u00e9s et partenaires<\/li>\n<li>Utiliser le plan strat\u00e9gique comme pr\u00e9texte pour solidifier ou incarner son positionnement dans le march\u00e9<\/li>\n<li>Identifier et cartographier l\u2019ensemble des parties prenantes concern\u00e9s par le plan strat\u00e9gique<\/li>\n<li>\u00c9laborer un plan de mobilisation des parties prenantes afin qu\u2019elles soutiennent l\u2019atteinte des objectifs d\u2019affaires<\/li>\n<li>Incarner les piliers du plan strat\u00e9gique dans l\u2019ensemble des initiatives de communications subs\u00e9quentes<\/li>\n<\/ul>\n<\/div>\n<p>&nbsp;<\/p>\n<h4><b>Travail d\u2019int\u00e9gration<\/b><\/h4>\n<p><i><span class=\"il\">Un<\/span>\u00a0<span class=\"il\">travail<\/span>\u00a0<span class=\"il\">d<\/span>\u2019<span class=\"il\">int\u00e9gration<\/span>\u00a0est obligatoire \u00e0 l\u2019obtention de la Certification. Ce\u00a0<span class=\"il\">travail<\/span>\u00a0est \u00e0 faire \u00e0 la suite\u00a0de la formation. Vous aurez 3 semaines pour le compl\u00e9ter. Il s&#8217;agit\u00a0<span class=\"il\">d<\/span>&#8216;une r\u00e9flexion personnelle, l\u2019objectif est de faire le lien entre les apprentissages vus en formation et votre r\u00e9alit\u00e9 \u00e0 titre de gestionnaire dans votre organisation.\u00a0<\/i><\/p>\n<p>&nbsp;<\/p>\n<div class=\"grid_12 \">\n<div class=\"grid_12 \">\n<h3><b>TARIFS, DATES ET INSCRIPTION<\/b><\/h3>\n<\/div>\n<div class=\"grid_6 \">\n<div class=\"sm_hr\">\n<p><strong>Formation en pr\u00e9sentiel \u00e0 Montr\u00e9al : 6 892,75$ CAD (taxes incluses)<\/strong><\/p>\n<ul>\n<li><a href=\"https:\/\/www.institutleadership.ca\/montreal\/formations-certifications\/presentiel-certification-en-strategie-automne-2026\/\" target=\"_blank\" rel=\"noopener\">Automne 2026 : les 11, 12, 13 et 25, 26, 27 novembre\u00a0<\/a><\/li>\n<\/ul>\n<\/div>\n<\/div>\n<\/div>\n<div class=\"grid_12 \">\n<div class=\"grid_12 \">\n<p>Les journ\u00e9es de formation sont admissibles \u00e0 la loi du 1 % pour la formation de la main d\u2019\u0153uvre. De plus, vous avez la possibilit\u00e9 d\u2019acc\u00e9der \u00e0 d\u2019autres financements. Pour cela, renseignez-vous directement aupr\u00e8s d\u2019Emploi Qu\u00e9bec de votre r\u00e9gion.<\/p>\n<p>Des rabais sont offerts aux\u00a0organismes \u00e0 but non lucratif \u00a0(15%) et gouvernementaux (10%).\u00a0<a href=\"https:\/\/www.institutleadership.ca\/montreal\/contact\/\">Contactez-nous<\/a>\u00a0pour plus de d\u00e9tails.<\/p>\n<\/div>\n<\/div>\n<p>Des tarifs avantageux sont aussi offerts lorsque trois participants ou plus, provenant d\u2019une m\u00eame entreprise, s\u2019inscrivent aux formations. Pour plus de d\u00e9tails, veuillez\u00a0<a href=\"https:\/\/www.institutleadership.ca\/montreal\/contact\/\">communiquer<\/a>\u00a0avec nous.<\/p>\n<p>*Frais d&#8217;administration non remboursable (350$) en cas d&#8217;annulation pour une inscription provenant d&#8217;un pays autre que le Canada n\u00e9cessitant un visa d\u2019entr\u00e9e.<\/p>\n<p>&nbsp;<\/p>\n<div class=\"grid_12 \">\n<div class=\"grid_12 \">\n<h4><a href=\"https:\/\/www.institutleadership.ca\/montreal\/wp-content\/uploads\/sites\/7\/2021\/01\/T\u00e9moignages-strat\u00e9gie-site-web-1-1.pdf\" target=\"_blank\" rel=\"noopener\">Cliquez ici pour lire quelques t\u00e9moignages du programme<\/a><\/h4>\n<\/div>\n<\/div>\n","protected":false},"excerpt":{"rendered":"<p>Seul dans son genre, ce programme de certification en strat\u00e9gie a \u00e9t\u00e9 \u00e9labor\u00e9 en collaboration avec des enseignants universitaires et des chefs de file dans leur milieu. Chaque participant aura l\u2019opportunit\u00e9 de rencontrer et d\u2019apprendre les meilleures strat\u00e9gies provenant d\u2019au &hellip; <\/p>\n","protected":false},"author":17,"featured_media":0,"parent":0,"menu_order":0,"comment_status":"closed","ping_status":"closed","template":"","meta":{"content-type":"","_mi_skip_tracking":false},"yoast_head":"<!-- This site is optimized with the Yoast SEO plugin v20.6 - https:\/\/yoast.com\/wordpress\/plugins\/seo\/ -->\n<title>Certification en strat\u00e9gie - France - Institut de Leadership<\/title>\n<meta name=\"robots\" content=\"index, follow, max-snippet:-1, max-image-preview:large, max-video-preview:-1\" \/>\n<link rel=\"canonical\" href=\"https:\/\/www.institutleadership.ca\/paris\/certification-en-strategie\/\" \/>\n<meta property=\"og:locale\" content=\"fr_CA\" \/>\n<meta property=\"og:type\" content=\"article\" \/>\n<meta property=\"og:title\" content=\"Certification en strat\u00e9gie - France - Institut de Leadership\" \/>\n<meta property=\"og:description\" content=\"Seul dans son genre, ce programme de certification en strat\u00e9gie a \u00e9t\u00e9 \u00e9labor\u00e9 en collaboration avec des enseignants universitaires et des chefs de file dans leur milieu. Chaque participant aura l\u2019opportunit\u00e9 de rencontrer et d\u2019apprendre les meilleures strat\u00e9gies provenant d\u2019au &hellip;\" \/>\n<meta property=\"og:url\" content=\"https:\/\/www.institutleadership.ca\/paris\/certification-en-strategie\/\" \/>\n<meta property=\"og:site_name\" content=\"France - Institut de Leadership\" \/>\n<meta property=\"article:modified_time\" content=\"2026-02-02T21:53:43+00:00\" \/>\n<meta name=\"twitter:card\" content=\"summary_large_image\" \/>\n<meta name=\"twitter:label1\" content=\"Estimation du temps de lecture\" \/>\n\t<meta name=\"twitter:data1\" content=\"6 minutes\" \/>\n<script type=\"application\/ld+json\" class=\"yoast-schema-graph\">{\"@context\":\"https:\/\/schema.org\",\"@graph\":[{\"@type\":\"WebPage\",\"@id\":\"https:\/\/www.institutleadership.ca\/paris\/certification-en-strategie\/\",\"url\":\"https:\/\/www.institutleadership.ca\/paris\/certification-en-strategie\/\",\"name\":\"Certification en strat\u00e9gie - France - Institut de Leadership\",\"isPartOf\":{\"@id\":\"https:\/\/www.institutleadership.ca\/paris\/#website\"},\"datePublished\":\"2025-04-04T13:40:11+00:00\",\"dateModified\":\"2026-02-02T21:53:43+00:00\",\"breadcrumb\":{\"@id\":\"https:\/\/www.institutleadership.ca\/paris\/certification-en-strategie\/#breadcrumb\"},\"inLanguage\":\"fr-CA\",\"potentialAction\":[{\"@type\":\"ReadAction\",\"target\":[\"https:\/\/www.institutleadership.ca\/paris\/certification-en-strategie\/\"]}]},{\"@type\":\"BreadcrumbList\",\"@id\":\"https:\/\/www.institutleadership.ca\/paris\/certification-en-strategie\/#breadcrumb\",\"itemListElement\":[{\"@type\":\"ListItem\",\"position\":1,\"name\":\"Accueil\",\"item\":\"https:\/\/www.institutleadership.ca\/paris\/\"},{\"@type\":\"ListItem\",\"position\":2,\"name\":\"Certification en strat\u00e9gie\"}]},{\"@type\":\"WebSite\",\"@id\":\"https:\/\/www.institutleadership.ca\/paris\/#website\",\"url\":\"https:\/\/www.institutleadership.ca\/paris\/\",\"name\":\"France - Institut de Leadership\",\"description\":\"Formations pour cadres et dirigeants\",\"potentialAction\":[{\"@type\":\"SearchAction\",\"target\":{\"@type\":\"EntryPoint\",\"urlTemplate\":\"https:\/\/www.institutleadership.ca\/paris\/?s={search_term_string}\"},\"query-input\":\"required name=search_term_string\"}],\"inLanguage\":\"fr-CA\"}]}<\/script>\n<!-- \/ Yoast SEO plugin. -->","yoast_head_json":{"title":"Certification en strat\u00e9gie - France - Institut de Leadership","robots":{"index":"index","follow":"follow","max-snippet":"max-snippet:-1","max-image-preview":"max-image-preview:large","max-video-preview":"max-video-preview:-1"},"canonical":"https:\/\/www.institutleadership.ca\/paris\/certification-en-strategie\/","og_locale":"fr_CA","og_type":"article","og_title":"Certification en strat\u00e9gie - France - Institut de Leadership","og_description":"Seul dans son genre, ce programme de certification en strat\u00e9gie a \u00e9t\u00e9 \u00e9labor\u00e9 en collaboration avec des enseignants universitaires et des chefs de file dans leur milieu. Chaque participant aura l\u2019opportunit\u00e9 de rencontrer et d\u2019apprendre les meilleures strat\u00e9gies provenant d\u2019au &hellip;","og_url":"https:\/\/www.institutleadership.ca\/paris\/certification-en-strategie\/","og_site_name":"France - Institut de Leadership","article_modified_time":"2026-02-02T21:53:43+00:00","twitter_card":"summary_large_image","twitter_misc":{"Estimation du temps de lecture":"6 minutes"},"schema":{"@context":"https:\/\/schema.org","@graph":[{"@type":"WebPage","@id":"https:\/\/www.institutleadership.ca\/paris\/certification-en-strategie\/","url":"https:\/\/www.institutleadership.ca\/paris\/certification-en-strategie\/","name":"Certification en strat\u00e9gie - France - Institut de Leadership","isPartOf":{"@id":"https:\/\/www.institutleadership.ca\/paris\/#website"},"datePublished":"2025-04-04T13:40:11+00:00","dateModified":"2026-02-02T21:53:43+00:00","breadcrumb":{"@id":"https:\/\/www.institutleadership.ca\/paris\/certification-en-strategie\/#breadcrumb"},"inLanguage":"fr-CA","potentialAction":[{"@type":"ReadAction","target":["https:\/\/www.institutleadership.ca\/paris\/certification-en-strategie\/"]}]},{"@type":"BreadcrumbList","@id":"https:\/\/www.institutleadership.ca\/paris\/certification-en-strategie\/#breadcrumb","itemListElement":[{"@type":"ListItem","position":1,"name":"Accueil","item":"https:\/\/www.institutleadership.ca\/paris\/"},{"@type":"ListItem","position":2,"name":"Certification en strat\u00e9gie"}]},{"@type":"WebSite","@id":"https:\/\/www.institutleadership.ca\/paris\/#website","url":"https:\/\/www.institutleadership.ca\/paris\/","name":"France - Institut de Leadership","description":"Formations pour cadres et dirigeants","potentialAction":[{"@type":"SearchAction","target":{"@type":"EntryPoint","urlTemplate":"https:\/\/www.institutleadership.ca\/paris\/?s={search_term_string}"},"query-input":"required name=search_term_string"}],"inLanguage":"fr-CA"}]}},"_links":{"self":[{"href":"https:\/\/www.institutleadership.ca\/paris\/wp-json\/wp\/v2\/pages\/11525"}],"collection":[{"href":"https:\/\/www.institutleadership.ca\/paris\/wp-json\/wp\/v2\/pages"}],"about":[{"href":"https:\/\/www.institutleadership.ca\/paris\/wp-json\/wp\/v2\/types\/page"}],"author":[{"embeddable":true,"href":"https:\/\/www.institutleadership.ca\/paris\/wp-json\/wp\/v2\/users\/17"}],"replies":[{"embeddable":true,"href":"https:\/\/www.institutleadership.ca\/paris\/wp-json\/wp\/v2\/comments?post=11525"}],"version-history":[{"count":2,"href":"https:\/\/www.institutleadership.ca\/paris\/wp-json\/wp\/v2\/pages\/11525\/revisions"}],"predecessor-version":[{"id":11544,"href":"https:\/\/www.institutleadership.ca\/paris\/wp-json\/wp\/v2\/pages\/11525\/revisions\/11544"}],"wp:attachment":[{"href":"https:\/\/www.institutleadership.ca\/paris\/wp-json\/wp\/v2\/media?parent=11525"}],"curies":[{"name":"wp","href":"https:\/\/api.w.org\/{rel}","templated":true}]}}