{"id":2901,"date":"2015-11-18T08:34:00","date_gmt":"2015-11-18T08:34:00","guid":{"rendered":"http:\/\/demo.thimpress.com\/eduma\/?page_id=2901"},"modified":"2022-10-19T21:53:25","modified_gmt":"2022-10-20T01:53:25","slug":"a-propos","status":"publish","type":"page","link":"https:\/\/www.institutleadership.ca\/paris\/a-propos\/","title":{"rendered":"\u00c0 propos"},"content":{"rendered":"<div id=\"pl-2901\"  class=\"panel-layout\" ><div id=\"pg-2901-0\"  class=\"panel-grid panel-no-style\" ><div id=\"pgc-2901-0-0\"  class=\"panel-grid-cell\" ><div id=\"panel-2901-0-0-0\" class=\"so-panel widget widget_text panel-first-child\" data-index=\"0\" >\t\t\t<div class=\"textwidget\"><div class=\"thim-about-us-quote\">\n<p>Un acc\u00e8s privil\u00e9gi\u00e9 \u00e0 des formateurs, gestionnaires et entrepreneurs de renom.<\/p>\n<hr>\n<\/div><\/div>\n\t\t<\/div><div id=\"panel-2901-0-0-1\" class=\"so-panel widget widget_gallery-images panel-last-child\" data-index=\"1\" ><div class=\"thim-widget-gallery-images template-base\"><div class=\"thim-carousel-wrapper gallery-img\" data-visible=\"1\" data-itemtablet=\"2\" data-itemmobile=\"1\" data-autoplay=\"0\" data-navigation=\"1\" data-pagination=\"1\" data-loop=\"true\"><div class=\"item\"><img width=\"640\" height=\"426\" src=\"https:\/\/www.institutleadership.ca\/paris\/wp-content\/uploads\/sites\/9\/2019\/01\/INSTITUT-DU-LEADER-SHIP34.jpg\" class=\"attachment-large size-large\" alt=\"\" decoding=\"async\" loading=\"lazy\" srcset=\"https:\/\/www.institutleadership.ca\/paris\/wp-content\/uploads\/sites\/9\/2019\/01\/INSTITUT-DU-LEADER-SHIP34.jpg 800w, https:\/\/www.institutleadership.ca\/paris\/wp-content\/uploads\/sites\/9\/2019\/01\/INSTITUT-DU-LEADER-SHIP34-300x200.jpg 300w, https:\/\/www.institutleadership.ca\/paris\/wp-content\/uploads\/sites\/9\/2019\/01\/INSTITUT-DU-LEADER-SHIP34-768x512.jpg 768w, https:\/\/www.institutleadership.ca\/paris\/wp-content\/uploads\/sites\/9\/2019\/01\/INSTITUT-DU-LEADER-SHIP34-600x400.jpg 600w, https:\/\/www.institutleadership.ca\/paris\/wp-content\/uploads\/sites\/9\/2019\/01\/INSTITUT-DU-LEADER-SHIP34-272x182.jpg 272w\" sizes=\"(max-width: 640px) 100vw, 640px\" \/><\/div><div class=\"item\"><img width=\"640\" height=\"426\" src=\"https:\/\/www.institutleadership.ca\/paris\/wp-content\/uploads\/sites\/9\/2019\/01\/INSTITUT-DU-LEADER-SHIP88.jpg\" class=\"attachment-large size-large\" alt=\"\" decoding=\"async\" loading=\"lazy\" srcset=\"https:\/\/www.institutleadership.ca\/paris\/wp-content\/uploads\/sites\/9\/2019\/01\/INSTITUT-DU-LEADER-SHIP88.jpg 800w, https:\/\/www.institutleadership.ca\/paris\/wp-content\/uploads\/sites\/9\/2019\/01\/INSTITUT-DU-LEADER-SHIP88-600x400.jpg 600w, https:\/\/www.institutleadership.ca\/paris\/wp-content\/uploads\/sites\/9\/2019\/01\/INSTITUT-DU-LEADER-SHIP88-300x200.jpg 300w\" sizes=\"(max-width: 640px) 100vw, 640px\" \/><\/div><div class=\"item\"><img width=\"640\" height=\"426\" src=\"https:\/\/www.institutleadership.ca\/paris\/wp-content\/uploads\/sites\/9\/2019\/01\/INSTITUT-DU-LEADER-SHIP77.jpg\" class=\"attachment-large size-large\" alt=\"\" decoding=\"async\" loading=\"lazy\" srcset=\"https:\/\/www.institutleadership.ca\/paris\/wp-content\/uploads\/sites\/9\/2019\/01\/INSTITUT-DU-LEADER-SHIP77.jpg 800w, https:\/\/www.institutleadership.ca\/paris\/wp-content\/uploads\/sites\/9\/2019\/01\/INSTITUT-DU-LEADER-SHIP77-600x400.jpg 600w, https:\/\/www.institutleadership.ca\/paris\/wp-content\/uploads\/sites\/9\/2019\/01\/INSTITUT-DU-LEADER-SHIP77-300x200.jpg 300w\" sizes=\"(max-width: 640px) 100vw, 640px\" \/><\/div><div class=\"item\"><img width=\"640\" height=\"426\" src=\"https:\/\/www.institutleadership.ca\/paris\/wp-content\/uploads\/sites\/9\/2019\/01\/INSTITUT-DU-LEADER-SHIP66.jpg\" class=\"attachment-large size-large\" alt=\"\" decoding=\"async\" loading=\"lazy\" srcset=\"https:\/\/www.institutleadership.ca\/paris\/wp-content\/uploads\/sites\/9\/2019\/01\/INSTITUT-DU-LEADER-SHIP66.jpg 800w, https:\/\/www.institutleadership.ca\/paris\/wp-content\/uploads\/sites\/9\/2019\/01\/INSTITUT-DU-LEADER-SHIP66-600x400.jpg 600w, https:\/\/www.institutleadership.ca\/paris\/wp-content\/uploads\/sites\/9\/2019\/01\/INSTITUT-DU-LEADER-SHIP66-300x200.jpg 300w\" sizes=\"(max-width: 640px) 100vw, 640px\" \/><\/div><div class=\"item\"><img width=\"640\" height=\"426\" src=\"https:\/\/www.institutleadership.ca\/paris\/wp-content\/uploads\/sites\/9\/2019\/01\/INSTITUT-DU-LEADER-SHIP444.jpg\" class=\"attachment-large size-large\" alt=\"\" decoding=\"async\" loading=\"lazy\" srcset=\"https:\/\/www.institutleadership.ca\/paris\/wp-content\/uploads\/sites\/9\/2019\/01\/INSTITUT-DU-LEADER-SHIP444.jpg 800w, https:\/\/www.institutleadership.ca\/paris\/wp-content\/uploads\/sites\/9\/2019\/01\/INSTITUT-DU-LEADER-SHIP444-600x400.jpg 600w, https:\/\/www.institutleadership.ca\/paris\/wp-content\/uploads\/sites\/9\/2019\/01\/INSTITUT-DU-LEADER-SHIP444-300x200.jpg 300w\" sizes=\"(max-width: 640px) 100vw, 640px\" \/><\/div><div class=\"item\"><img width=\"640\" height=\"426\" src=\"https:\/\/www.institutleadership.ca\/paris\/wp-content\/uploads\/sites\/9\/2019\/01\/INSTITUT-DU-LEADER-SHIP44.jpg\" class=\"attachment-large size-large\" alt=\"\" decoding=\"async\" loading=\"lazy\" srcset=\"https:\/\/www.institutleadership.ca\/paris\/wp-content\/uploads\/sites\/9\/2019\/01\/INSTITUT-DU-LEADER-SHIP44.jpg 800w, https:\/\/www.institutleadership.ca\/paris\/wp-content\/uploads\/sites\/9\/2019\/01\/INSTITUT-DU-LEADER-SHIP44-600x400.jpg 600w, https:\/\/www.institutleadership.ca\/paris\/wp-content\/uploads\/sites\/9\/2019\/01\/INSTITUT-DU-LEADER-SHIP44-300x200.jpg 300w\" sizes=\"(max-width: 640px) 100vw, 640px\" \/><\/div><div class=\"item\"><img width=\"640\" height=\"426\" src=\"https:\/\/www.institutleadership.ca\/paris\/wp-content\/uploads\/sites\/9\/2019\/01\/INSTITUT-DU-LEADER-SHIP33.jpg\" class=\"attachment-large size-large\" alt=\"\" decoding=\"async\" loading=\"lazy\" srcset=\"https:\/\/www.institutleadership.ca\/paris\/wp-content\/uploads\/sites\/9\/2019\/01\/INSTITUT-DU-LEADER-SHIP33.jpg 800w, https:\/\/www.institutleadership.ca\/paris\/wp-content\/uploads\/sites\/9\/2019\/01\/INSTITUT-DU-LEADER-SHIP33-600x400.jpg 600w, https:\/\/www.institutleadership.ca\/paris\/wp-content\/uploads\/sites\/9\/2019\/01\/INSTITUT-DU-LEADER-SHIP33-300x200.jpg 300w\" sizes=\"(max-width: 640px) 100vw, 640px\" \/><\/div><div class=\"item\"><img width=\"640\" height=\"426\" src=\"https:\/\/www.institutleadership.ca\/paris\/wp-content\/uploads\/sites\/9\/2019\/01\/INSTITUT-DU-LEADER-SHIP2.jpg\" class=\"attachment-large size-large\" alt=\"\" decoding=\"async\" loading=\"lazy\" srcset=\"https:\/\/www.institutleadership.ca\/paris\/wp-content\/uploads\/sites\/9\/2019\/01\/INSTITUT-DU-LEADER-SHIP2.jpg 800w, https:\/\/www.institutleadership.ca\/paris\/wp-content\/uploads\/sites\/9\/2019\/01\/INSTITUT-DU-LEADER-SHIP2-600x400.jpg 600w, https:\/\/www.institutleadership.ca\/paris\/wp-content\/uploads\/sites\/9\/2019\/01\/INSTITUT-DU-LEADER-SHIP2-300x200.jpg 300w\" sizes=\"(max-width: 640px) 100vw, 640px\" \/><\/div><div class=\"item\"><img width=\"640\" height=\"426\" src=\"https:\/\/www.institutleadership.ca\/paris\/wp-content\/uploads\/sites\/9\/2019\/01\/INSTITUT-DU-LEADER-SHIP-2.jpg\" class=\"attachment-large size-large\" alt=\"\" decoding=\"async\" loading=\"lazy\" srcset=\"https:\/\/www.institutleadership.ca\/paris\/wp-content\/uploads\/sites\/9\/2019\/01\/INSTITUT-DU-LEADER-SHIP-2.jpg 800w, https:\/\/www.institutleadership.ca\/paris\/wp-content\/uploads\/sites\/9\/2019\/01\/INSTITUT-DU-LEADER-SHIP-2-600x400.jpg 600w, https:\/\/www.institutleadership.ca\/paris\/wp-content\/uploads\/sites\/9\/2019\/01\/INSTITUT-DU-LEADER-SHIP-2-300x200.jpg 300w\" sizes=\"(max-width: 640px) 100vw, 640px\" \/><\/div><div class=\"item\"><img width=\"640\" height=\"426\" src=\"https:\/\/www.institutleadership.ca\/paris\/wp-content\/uploads\/sites\/9\/2019\/01\/INSTITUT-DU-LEADER-SHIP-1.jpg\" class=\"attachment-large size-large\" alt=\"\" decoding=\"async\" loading=\"lazy\" srcset=\"https:\/\/www.institutleadership.ca\/paris\/wp-content\/uploads\/sites\/9\/2019\/01\/INSTITUT-DU-LEADER-SHIP-1.jpg 800w, https:\/\/www.institutleadership.ca\/paris\/wp-content\/uploads\/sites\/9\/2019\/01\/INSTITUT-DU-LEADER-SHIP-1-600x400.jpg 600w, https:\/\/www.institutleadership.ca\/paris\/wp-content\/uploads\/sites\/9\/2019\/01\/INSTITUT-DU-LEADER-SHIP-1-300x200.jpg 300w\" sizes=\"(max-width: 640px) 100vw, 640px\" \/><\/div><\/div><\/div><\/div><\/div><\/div><div id=\"pg-2901-1\"  class=\"panel-grid panel-no-style\" ><div id=\"pgc-2901-1-0\"  class=\"panel-grid-cell\" ><div id=\"panel-2901-1-0-0\" class=\"so-panel widget widget_empty-space panel-first-child panel-last-child\" data-index=\"2\" ><div class=\"thim-widget-empty-space template-base\"><div class=\"empty_space\" style=\"height:20px\"><\/div><\/div><\/div><\/div><\/div><div id=\"pg-2901-2\"  class=\"panel-grid panel-no-style\" ><div id=\"pgc-2901-2-0\"  class=\"panel-grid-cell\" ><div id=\"panel-2901-2-0-0\" class=\"so-panel widget widget_text panel-first-child panel-last-child\" data-index=\"3\" ><h3 class=\"widget-title\">Qui sommes nous?<\/h3>\t\t\t<div class=\"textwidget\">Nous conjuguons le savoir au futur et au pluriel. Pour nous, il n\u2019y a pas un seul type de gestion, une seule mani\u00e8re de diriger, une seule d\u00e9\ufb01nition du leadership. Nos mod\u00e8les sont multiples et de tous les horizons, parce que chacun doit s\u2019approprier son r\u00f4le, faire les choses \u00e0 sa fa\u00e7on. Nous sommes n\u00e9s d\u2019une conviction : pour former des leaders, il faut des leaders. Nous ne croyons pas \u00e0 la perfection, mais \u00e0 la motivation de ceux qui cherchent \u00e0 l\u2019atteindre.\n<br><br>\nNotre territoire est celui de l\u2019exp\u00e9rience. Celle de nos intervenants et celle des participants. Ici, tout le monde apprend.\n<\/div>\n\t\t<\/div><\/div><\/div><div id=\"pg-2901-3\"  class=\"panel-grid panel-no-style\" ><div id=\"pgc-2901-3-0\"  class=\"panel-grid-cell panel-grid-cell-empty\" ><\/div><div id=\"pgc-2901-3-1\"  class=\"panel-grid-cell panel-grid-cell-empty\" ><\/div><div id=\"pgc-2901-3-2\"  class=\"panel-grid-cell panel-grid-cell-empty panel-grid-cell-mobile-last\" ><\/div><div id=\"pgc-2901-3-3\"  class=\"panel-grid-cell panel-grid-cell-empty\" ><\/div><\/div><div id=\"pg-2901-4\"  class=\"panel-grid panel-has-style\" ><div class=\"siteorigin-panels-stretch panel-row-style panel-row-style-for-2901-4\" data-stretch-type=\"full\" ><div id=\"pgc-2901-4-0\"  class=\"panel-grid-cell panel-grid-cell-empty\" ><\/div><\/div><\/div><div id=\"pg-2901-5\"  class=\"panel-grid panel-no-style\" ><div id=\"pgc-2901-5-0\"  class=\"panel-grid-cell\" ><div id=\"panel-2901-5-0-0\" class=\"so-panel widget widget_heading panel-first-child panel-last-child\" data-index=\"4\" ><div class=\"thim-widget-heading template-base\"><div class=\"sc_heading  text-center\"><h3 style=\"text-transform: uppercase;\" class=\"title\">RENCONTREZ NOTRE \u00c9QUIPE<\/h3><p class=\"sub-heading\" style=\"\">Des experts de renom<\/p><span class=\"line\"><\/span><\/div><\/div><\/div><\/div><\/div><div id=\"pg-2901-6\"  class=\"panel-grid panel-no-style\" ><div id=\"pgc-2901-6-0\"  class=\"panel-grid-cell\" ><div id=\"panel-2901-6-0-0\" class=\"so-panel widget widget_our-team panel-first-child panel-last-child\" data-index=\"5\" ><div class=\"thim-widget-our-team template-our-team\">\n<div class=\"wrapper-lists-our-team icon-image-hover\"><a class=\"join-our-team\" href=\"\/paris\/experts\" title=\"Liste des formateurs et Conf\u00e9renciers\" rel=\"nofollow\" target=\"_blank\">Liste des formateurs et Conf\u00e9renciers<\/a><div class=\"row\"><div class=\"our-team-item col-sm-3\"><div class=\"our-team-image\"> <a class=\"link-img\" href=\"https:\/\/www.institutleadership.ca\/paris\/experts\/arthur-animateur-de-radio-animateur-et-producteur-de-television\/\"><\/a><img src=\"https:\/\/www.institutleadership.ca\/paris\/wp-content\/uploads\/sites\/9\/2020\/02\/Arthur-200x200.jpg\" alt=\"Arthur\" title=\"Arthur\"  width=\"200\" height=\"200\"><div class=\"social-team\"><\/div><\/div><div class=\"content-team\"><h4 class=\"title\"><a href=\"https:\/\/www.institutleadership.ca\/paris\/experts\/arthur-animateur-de-radio-animateur-et-producteur-de-television\/\">Arthur,\u00a0animateur et producteur de t\u00e9l\u00e9vision<\/a><\/h4><\/div><\/div><div class=\"our-team-item col-sm-3\"><div class=\"our-team-image\"> <a class=\"link-img\" href=\"https:\/\/www.institutleadership.ca\/paris\/experts\/berenger-briteau-consultant-et-coach-professionnel-et-auteur-du-livre-equipes-gagnantes\/\"><\/a><img src=\"https:\/\/www.institutleadership.ca\/paris\/wp-content\/uploads\/sites\/9\/2024\/08\/Berenger-Briteau-coupe-200x200.jpeg\" alt=\"Berenger Briteau coupe\" title=\"Berenger Briteau coupe\"  width=\"200\" height=\"200\"><div class=\"social-team\"><\/div><\/div><div class=\"content-team\"><h4 class=\"title\"><a href=\"https:\/\/www.institutleadership.ca\/paris\/experts\/berenger-briteau-consultant-et-coach-professionnel-et-auteur-du-livre-equipes-gagnantes\/\">B\u00e9renger Briteau, Consultant et coach professionnel et auteur du livre \u00ab \u00c9quipes Gagnantes \u00bb<\/a><\/h4><\/div><\/div><div class=\"our-team-item col-sm-3\"><div class=\"our-team-image\"> <a class=\"link-img\" href=\"https:\/\/www.institutleadership.ca\/paris\/experts\/bernard-cazeneuve-ancien-premier-ministre-francais\/\"><\/a><img src=\"https:\/\/www.institutleadership.ca\/paris\/wp-content\/uploads\/sites\/9\/2020\/02\/2020-02-04-1-200x200.jpg\" alt=\"2020-02-04 (1)\" title=\"2020-02-04 (1)\"  width=\"200\" height=\"200\"><div class=\"social-team\"><\/div><\/div><div class=\"content-team\"><h4 class=\"title\"><a href=\"https:\/\/www.institutleadership.ca\/paris\/experts\/bernard-cazeneuve-ancien-premier-ministre-francais\/\">Bernard Cazeneuve, ancien premier ministre fran\u00e7ais<\/a><\/h4><\/div><\/div><div class=\"our-team-item col-sm-3\"><div class=\"our-team-image\"> <a class=\"link-img\" href=\"https:\/\/www.institutleadership.ca\/paris\/experts\/fares-chmait\/\"><\/a><img src=\"https:\/\/www.institutleadership.ca\/paris\/wp-content\/uploads\/sites\/9\/2018\/12\/Fares-Chmait-200x200.jpg\" alt=\"Fares-Chmait\" title=\"Fares-Chmait\"  width=\"200\" height=\"200\"><div class=\"social-team\"><\/div><\/div><div class=\"content-team\"><h4 class=\"title\"><a href=\"https:\/\/www.institutleadership.ca\/paris\/experts\/fares-chmait\/\">Fares Chmait, fondateur d\u2019IMPACT-\u00adPRO, conf\u00e9rencier motivateur, conseiller et formateur<\/a><\/h4><\/div><\/div><div class=\"our-team-item col-sm-3\"><div class=\"our-team-image\"> <a class=\"link-img\" href=\"https:\/\/www.institutleadership.ca\/paris\/experts\/cristina-cordula-animatrice-de-television-et-conseillere-en-image\/\"><\/a><img src=\"https:\/\/www.institutleadership.ca\/paris\/wp-content\/uploads\/sites\/9\/2020\/02\/Cristina-200x200.jpg\" alt=\"Cristina\" title=\"Cristina\"  width=\"200\" height=\"200\"><div class=\"social-team\"><\/div><\/div><div class=\"content-team\"><h4 class=\"title\"><a href=\"https:\/\/www.institutleadership.ca\/paris\/experts\/cristina-cordula-animatrice-de-television-et-conseillere-en-image\/\">Cristina Cordula, animatrice de t\u00e9l\u00e9vision et conseill\u00e8re en image<\/a><\/h4><\/div><\/div><div class=\"our-team-item col-sm-3\"><div class=\"our-team-image\"> <a class=\"link-img\" href=\"https:\/\/www.institutleadership.ca\/paris\/experts\/anne-marie-couderc-presidente-non-executive-air-france-klm\/\"><\/a><img src=\"https:\/\/www.institutleadership.ca\/paris\/wp-content\/uploads\/sites\/9\/2019\/02\/AMC-2-200x200.jpg\" alt=\"AMC-2\" title=\"AMC-2\"  width=\"200\" height=\"200\"><div class=\"social-team\"><\/div><\/div><div class=\"content-team\"><h4 class=\"title\"><a href=\"https:\/\/www.institutleadership.ca\/paris\/experts\/anne-marie-couderc-presidente-non-executive-air-france-klm\/\">Anne-Marie Couderc, pr\u00e9sidente non ex\u00e9cutive Air France-KLM<\/a><\/h4><\/div><\/div><div class=\"our-team-item col-sm-3\"><div class=\"our-team-image\"> <a class=\"link-img\" href=\"https:\/\/www.institutleadership.ca\/paris\/experts\/nicolas-de-tavernost-president-du-directoire-du-groupe-m6\/\"><\/a><img src=\"https:\/\/www.institutleadership.ca\/paris\/wp-content\/uploads\/sites\/9\/2020\/02\/Dropped-TF1-Nicolas-de-Tavernost-C-est-l-ensemble-de-la-famille-televisuelle-et-sportive-qui-est-touchee-200x200.jpg\" alt=\"Dropped-TF1-Nicolas-de-Tavernost-C-est-l-ensemble-de-la-famille-televisuelle-et-sportive-qui-est-touchee\" title=\"Dropped-TF1-Nicolas-de-Tavernost-C-est-l-ensemble-de-la-famille-televisuelle-et-sportive-qui-est-touchee\"  width=\"200\" height=\"200\"><div class=\"social-team\"><\/div><\/div><div class=\"content-team\"><h4 class=\"title\"><a href=\"https:\/\/www.institutleadership.ca\/paris\/experts\/nicolas-de-tavernost-president-du-directoire-du-groupe-m6\/\">Nicolas de Tavernost, pr\u00e9sident du directoire du Groupe M6<\/a><\/h4><\/div><\/div><div class=\"our-team-item col-sm-3\"><div class=\"our-team-image\"> <a class=\"link-img\" href=\"https:\/\/www.institutleadership.ca\/paris\/experts\/vincent-desportes-general-de-division\/\"><\/a><img src=\"https:\/\/www.institutleadership.ca\/paris\/wp-content\/uploads\/sites\/9\/2020\/02\/2020-02-04-7-200x200.jpg\" alt=\"2020-02-04 (7)\" title=\"2020-02-04 (7)\"  width=\"200\" height=\"200\"><div class=\"social-team\"><\/div><\/div><div class=\"content-team\"><h4 class=\"title\"><a href=\"https:\/\/www.institutleadership.ca\/paris\/experts\/vincent-desportes-general-de-division\/\">Vincent Desportes, G\u00e9n\u00e9ral de division (r)<\/a><\/h4><\/div><\/div><\/div><\/div><\/div><\/div><\/div><\/div><\/div>","protected":false},"excerpt":{"rendered":"<p>Un acc\u00e8s privil\u00e9gi\u00e9 \u00e0 des formateurs, gestionnaires et entrepreneurs de renom. Qui sommes nous? Nous conjuguons le savoir au futur et au pluriel. Pour nous, il n\u2019y a pas un seul type de gestion, une seule mani\u00e8re de diriger, une &hellip; <\/p>\n","protected":false},"author":1,"featured_media":0,"parent":0,"menu_order":0,"comment_status":"closed","ping_status":"closed","template":"","meta":{"content-type":"","_mi_skip_tracking":false},"yoast_head":"<!-- This site is optimized with the Yoast SEO plugin v20.6 - https:\/\/yoast.com\/wordpress\/plugins\/seo\/ -->\n<title>\u00c0 propos - France - Institut de Leadership<\/title>\n<meta name=\"robots\" content=\"index, follow, max-snippet:-1, max-image-preview:large, max-video-preview:-1\" \/>\n<link rel=\"canonical\" href=\"https:\/\/www.institutleadership.ca\/paris\/a-propos\/\" \/>\n<meta property=\"og:locale\" content=\"fr_CA\" \/>\n<meta property=\"og:type\" content=\"article\" \/>\n<meta property=\"og:title\" content=\"\u00c0 propos - France - Institut de Leadership\" \/>\n<meta property=\"og:description\" content=\"Un acc\u00e8s privil\u00e9gi\u00e9 \u00e0 des formateurs, gestionnaires et entrepreneurs de renom. Qui sommes nous? Nous conjuguons le savoir au futur et au pluriel. Pour nous, il n\u2019y a pas un seul type de gestion, une seule mani\u00e8re de diriger, une &hellip;\" \/>\n<meta property=\"og:url\" content=\"https:\/\/www.institutleadership.ca\/paris\/a-propos\/\" \/>\n<meta property=\"og:site_name\" content=\"France - Institut de Leadership\" \/>\n<meta property=\"article:modified_time\" content=\"2022-10-20T01:53:25+00:00\" \/>\n<meta name=\"twitter:card\" content=\"summary_large_image\" \/>\n<meta name=\"twitter:label1\" content=\"Estimation du temps de lecture\" \/>\n\t<meta name=\"twitter:data1\" content=\"1 minute\" \/>\n<script type=\"application\/ld+json\" class=\"yoast-schema-graph\">{\"@context\":\"https:\/\/schema.org\",\"@graph\":[{\"@type\":\"WebPage\",\"@id\":\"https:\/\/www.institutleadership.ca\/paris\/a-propos\/\",\"url\":\"https:\/\/www.institutleadership.ca\/paris\/a-propos\/\",\"name\":\"\u00c0 propos - France - Institut de Leadership\",\"isPartOf\":{\"@id\":\"https:\/\/www.institutleadership.ca\/paris\/#website\"},\"datePublished\":\"2015-11-18T08:34:00+00:00\",\"dateModified\":\"2022-10-20T01:53:25+00:00\",\"breadcrumb\":{\"@id\":\"https:\/\/www.institutleadership.ca\/paris\/a-propos\/#breadcrumb\"},\"inLanguage\":\"fr-CA\",\"potentialAction\":[{\"@type\":\"ReadAction\",\"target\":[\"https:\/\/www.institutleadership.ca\/paris\/a-propos\/\"]}]},{\"@type\":\"BreadcrumbList\",\"@id\":\"https:\/\/www.institutleadership.ca\/paris\/a-propos\/#breadcrumb\",\"itemListElement\":[{\"@type\":\"ListItem\",\"position\":1,\"name\":\"Accueil\",\"item\":\"https:\/\/www.institutleadership.ca\/paris\/\"},{\"@type\":\"ListItem\",\"position\":2,\"name\":\"\u00c0 propos\"}]},{\"@type\":\"WebSite\",\"@id\":\"https:\/\/www.institutleadership.ca\/paris\/#website\",\"url\":\"https:\/\/www.institutleadership.ca\/paris\/\",\"name\":\"France - Institut de Leadership\",\"description\":\"Formations pour cadres et dirigeants\",\"potentialAction\":[{\"@type\":\"SearchAction\",\"target\":{\"@type\":\"EntryPoint\",\"urlTemplate\":\"https:\/\/www.institutleadership.ca\/paris\/?s={search_term_string}\"},\"query-input\":\"required name=search_term_string\"}],\"inLanguage\":\"fr-CA\"}]}<\/script>\n<!-- \/ Yoast SEO plugin. -->","yoast_head_json":{"title":"\u00c0 propos - France - Institut de Leadership","robots":{"index":"index","follow":"follow","max-snippet":"max-snippet:-1","max-image-preview":"max-image-preview:large","max-video-preview":"max-video-preview:-1"},"canonical":"https:\/\/www.institutleadership.ca\/paris\/a-propos\/","og_locale":"fr_CA","og_type":"article","og_title":"\u00c0 propos - France - Institut de Leadership","og_description":"Un acc\u00e8s privil\u00e9gi\u00e9 \u00e0 des formateurs, gestionnaires et entrepreneurs de renom. Qui sommes nous? Nous conjuguons le savoir au futur et au pluriel. Pour nous, il n\u2019y a pas un seul type de gestion, une seule mani\u00e8re de diriger, une &hellip;","og_url":"https:\/\/www.institutleadership.ca\/paris\/a-propos\/","og_site_name":"France - Institut de Leadership","article_modified_time":"2022-10-20T01:53:25+00:00","twitter_card":"summary_large_image","twitter_misc":{"Estimation du temps de lecture":"1 minute"},"schema":{"@context":"https:\/\/schema.org","@graph":[{"@type":"WebPage","@id":"https:\/\/www.institutleadership.ca\/paris\/a-propos\/","url":"https:\/\/www.institutleadership.ca\/paris\/a-propos\/","name":"\u00c0 propos - France - Institut de Leadership","isPartOf":{"@id":"https:\/\/www.institutleadership.ca\/paris\/#website"},"datePublished":"2015-11-18T08:34:00+00:00","dateModified":"2022-10-20T01:53:25+00:00","breadcrumb":{"@id":"https:\/\/www.institutleadership.ca\/paris\/a-propos\/#breadcrumb"},"inLanguage":"fr-CA","potentialAction":[{"@type":"ReadAction","target":["https:\/\/www.institutleadership.ca\/paris\/a-propos\/"]}]},{"@type":"BreadcrumbList","@id":"https:\/\/www.institutleadership.ca\/paris\/a-propos\/#breadcrumb","itemListElement":[{"@type":"ListItem","position":1,"name":"Accueil","item":"https:\/\/www.institutleadership.ca\/paris\/"},{"@type":"ListItem","position":2,"name":"\u00c0 propos"}]},{"@type":"WebSite","@id":"https:\/\/www.institutleadership.ca\/paris\/#website","url":"https:\/\/www.institutleadership.ca\/paris\/","name":"France - Institut de Leadership","description":"Formations pour cadres et dirigeants","potentialAction":[{"@type":"SearchAction","target":{"@type":"EntryPoint","urlTemplate":"https:\/\/www.institutleadership.ca\/paris\/?s={search_term_string}"},"query-input":"required name=search_term_string"}],"inLanguage":"fr-CA"}]}},"_links":{"self":[{"href":"https:\/\/www.institutleadership.ca\/paris\/wp-json\/wp\/v2\/pages\/2901"}],"collection":[{"href":"https:\/\/www.institutleadership.ca\/paris\/wp-json\/wp\/v2\/pages"}],"about":[{"href":"https:\/\/www.institutleadership.ca\/paris\/wp-json\/wp\/v2\/types\/page"}],"author":[{"embeddable":true,"href":"https:\/\/www.institutleadership.ca\/paris\/wp-json\/wp\/v2\/users\/1"}],"replies":[{"embeddable":true,"href":"https:\/\/www.institutleadership.ca\/paris\/wp-json\/wp\/v2\/comments?post=2901"}],"version-history":[{"count":49,"href":"https:\/\/www.institutleadership.ca\/paris\/wp-json\/wp\/v2\/pages\/2901\/revisions"}],"predecessor-version":[{"id":11289,"href":"https:\/\/www.institutleadership.ca\/paris\/wp-json\/wp\/v2\/pages\/2901\/revisions\/11289"}],"wp:attachment":[{"href":"https:\/\/www.institutleadership.ca\/paris\/wp-json\/wp\/v2\/media?parent=2901"}],"curies":[{"name":"wp","href":"https:\/\/api.w.org\/{rel}","templated":true}]}}