{"id":87,"date":"2015-10-22T03:17:26","date_gmt":"2015-10-22T03:17:26","guid":{"rendered":"http:\/\/demo.thimpress.com\/eduma\/?page_id=87"},"modified":"2019-08-01T11:51:37","modified_gmt":"2019-08-01T15:51:37","slug":"contact","status":"publish","type":"page","link":"https:\/\/www.institutleadership.ca\/paris\/contact\/","title":{"rendered":"Contact"},"content":{"rendered":"<div id=\"pl-87\"  class=\"panel-layout\" ><div id=\"pg-87-0\"  class=\"panel-grid panel-no-style\" ><div id=\"pgc-87-0-0\"  class=\"panel-grid-cell\" ><div id=\"panel-87-0-0-0\" class=\"so-panel widget widget_heading panel-first-child\" data-index=\"0\" ><div class=\"panel-widget-style panel-widget-style-for-87-0-0-0\" ><div class=\"thim-widget-heading template-base\"><div class=\"sc_heading  text-left\"><h3 style=\"text-transform: uppercase;\" class=\"title\">Envoyer un message<\/h3><p class=\"sub-heading\" style=\"\">Votre adresse email ne sera pas publi\u00e9e. Les champs requis sont indiqu\u00e9s.<\/p><span class=\"line\"><\/span><\/div><\/div><\/div><\/div><div id=\"panel-87-0-0-1\" class=\"so-panel widget widget_text panel-last-child\" data-index=\"1\" >\t\t\t<div class=\"textwidget\">\n<div class=\"wpcf7 no-js\" id=\"wpcf7-f8794-o1\" lang=\"en-US\" dir=\"ltr\">\n<div class=\"screen-reader-response\"><p role=\"status\" aria-live=\"polite\" aria-atomic=\"true\"><\/p> <ul><\/ul><\/div>\n<form action=\"\/paris\/wp-json\/wp\/v2\/pages\/87#wpcf7-f8794-o1\" method=\"post\" class=\"wpcf7-form init\" aria-label=\"Contact form\" novalidate=\"novalidate\" data-status=\"init\">\n<div style=\"display: none;\">\n<input type=\"hidden\" name=\"_wpcf7\" value=\"8794\" \/>\n<input type=\"hidden\" name=\"_wpcf7_version\" value=\"5.7.6\" \/>\n<input type=\"hidden\" name=\"_wpcf7_locale\" value=\"en_US\" \/>\n<input type=\"hidden\" name=\"_wpcf7_unit_tag\" value=\"wpcf7-f8794-o1\" \/>\n<input type=\"hidden\" name=\"_wpcf7_container_post\" value=\"0\" \/>\n<input type=\"hidden\" name=\"_wpcf7_posted_data_hash\" value=\"\" \/>\n<\/div>\n<p><span class=\"wpcf7-form-control-wrap\" data-name=\"your-name\"><input size=\"40\" class=\"wpcf7-form-control wpcf7-text wpcf7-validates-as-required\" aria-required=\"true\" aria-invalid=\"false\" placeholder=\"Nom*\" value=\"\" type=\"text\" name=\"your-name\" \/><\/span>\n<\/p>\n<p><span class=\"wpcf7-form-control-wrap\" data-name=\"your-email\"><input size=\"40\" class=\"wpcf7-form-control wpcf7-text wpcf7-email wpcf7-validates-as-required wpcf7-validates-as-email\" aria-required=\"true\" aria-invalid=\"false\" placeholder=\"Email*\" value=\"\" type=\"email\" name=\"your-email\" \/><\/span>\n<\/p>\n<p><span class=\"wpcf7-form-control-wrap\" data-name=\"your-subject\"><input size=\"40\" class=\"wpcf7-form-control wpcf7-text wpcf7-validates-as-required\" aria-required=\"true\" aria-invalid=\"false\" placeholder=\"Sujet*\" value=\"\" type=\"text\" name=\"your-subject\" \/><\/span>\n<\/p>\n<p><span class=\"wpcf7-form-control-wrap\" data-name=\"your-message\"><textarea cols=\"40\" rows=\"10\" class=\"wpcf7-form-control wpcf7-textarea wpcf7-validates-as-required\" aria-required=\"true\" aria-invalid=\"false\" placeholder=\"Message *\" name=\"your-message\"><\/textarea><\/span>\n<\/p>\n<p><br \/>\n<input type=\"hidden\" name=\"_wpcf7_captcha_challenge_captcha-778\" value=\"3715627590\" \/><img class=\"wpcf7-form-control wpcf7-captchac wpcf7-captcha-captcha-778\" width=\"60\" height=\"20\" alt=\"captcha\" src=\"https:\/\/www.institutleadership.ca\/paris\/wp-content\/uploads\/sites\/9\/wpcf7_captcha\/3715627590.png\" \/><br \/>\n<span class=\"wpcf7-form-control-wrap\" data-name=\"captcha-778\"><input size=\"4\" maxlength=\"4\" class=\"wpcf7-form-control wpcf7-captchar\" autocomplete=\"off\" aria-invalid=\"false\" value=\"Saisir ce code *\" type=\"text\" name=\"captcha-778\" \/><\/span>\n<\/p>\n<p><input class=\"wpcf7-form-control has-spinner wpcf7-submit\" type=\"submit\" value=\"Soumettre\" \/>\n<\/p><div class=\"wpcf7-response-output\" aria-hidden=\"true\"><\/div>\n<\/form>\n<\/div>\n\n<\/div>\n\t\t<\/div><\/div><\/div><div id=\"pg-87-1\"  class=\"panel-grid panel-no-style\" ><div id=\"pgc-87-1-0\"  class=\"panel-grid-cell\" ><div id=\"panel-87-1-0-0\" class=\"so-panel widget widget_heading panel-first-child\" data-index=\"2\" ><div class=\"panel-widget-style panel-widget-style-for-87-1-0-0\" ><div class=\"thim-widget-heading template-base\"><div class=\"sc_heading  text-left\"><h3 style=\"text-transform: uppercase;\" class=\"title\">Montr\u00e9al <\/h3><span class=\"line\"><\/span><\/div><\/div><\/div><\/div><div id=\"panel-87-1-0-1\" class=\"so-panel widget widget_siteorigin-panels-builder\" data-index=\"3\" ><div class=\"thim-border-top panel-widget-style panel-widget-style-for-87-1-0-1\" ><div id=\"pl-w5c9a86e53c9d1\"  class=\"panel-layout\" ><div id=\"pg-w5c9a86e53c9d1-0\"  class=\"panel-grid panel-no-style\" ><div id=\"pgc-w5c9a86e53c9d1-0-0\"  class=\"panel-grid-cell\" ><div id=\"panel-w5c9a86e53c9d1-0-0-0\" class=\"so-panel widget widget_icon-box panel-first-child panel-last-child\" data-index=\"0\" ><div class=\"thim-widget-icon-box template-base\"><div class=\"wrapper-box-icon text-left contact_info\"  ><div class=\"smicon-box iconbox-left\"><div class=\"boxes-icon\" style=\"width: 30px;\"><a class=\"icon-box-link\" target=\"_self\" href=\"tel:15147022991\" ><span class=\"inner-icon\"><span class=\"icon\"><i class=\"fa fa-phone\" style=\"color:#004e7c; font-size:24px; line-height:24px; vertical-align: middle;\"><\/i><\/span><\/span><\/a><\/div><div class=\"content-inner\"  style=\"width: calc( 100% - 30px - 15px);\"><div class=\"sc-heading article_heading\"><h3 class = \"heading__primary\" ><a class=\"icon-box-link\" target=\"_self\" href=\"tel:15147022991\" >T\u00e9l\u00e9phone<\/a><\/h3><\/div><div class=\"desc-icon-box\"><div class=\"desc-content\" ><a class=\"icon-box-link\" target=\"_self\" href=\"tel:15147022991\" >1 (514) 702-2991<\/a><\/div><\/div><\/div><\/div><!--end smicon-box--><\/div><\/div><\/div><\/div><div id=\"pgc-w5c9a86e53c9d1-0-1\"  class=\"panel-grid-cell\" ><div id=\"panel-w5c9a86e53c9d1-0-1-0\" class=\"so-panel widget widget_icon-box panel-first-child panel-last-child\" data-index=\"1\" ><div class=\"thim-widget-icon-box template-base\"><div class=\"wrapper-box-icon text-left contact_info\"  ><div class=\"smicon-box iconbox-left\"><div class=\"boxes-icon\" style=\"width: 30px;\"><span class=\"inner-icon\"><span class=\"icon\"><i class=\"fa fa-envelope\" style=\"color:#004e7c; font-size:24px; line-height:24px; vertical-align: middle;\"><\/i><\/span><\/span><\/div><div class=\"content-inner\"  style=\"width: calc( 100% - 30px - 15px);\"><div class=\"sc-heading article_heading\"><h3 class = \"heading__primary\" >Email<\/h3><\/div><div class=\"desc-icon-box\"><div class=\"desc-content\" ><a href=\"mailto:info@institutleadership.ca\">info@institutleadership.ca<\/a><\/div><\/div><\/div><\/div><!--end smicon-box--><\/div><\/div><\/div><\/div><\/div><\/div><\/div><\/div><div id=\"panel-87-1-0-2\" class=\"so-panel widget widget_icon-box\" data-index=\"4\" ><div class=\"thim-border-top panel-widget-style panel-widget-style-for-87-1-0-2\" ><div class=\"thim-widget-icon-box template-base\"><div class=\"wrapper-box-icon text-left contact_info\"  ><div class=\"smicon-box iconbox-left\"><div class=\"boxes-icon\" style=\"width: 30px;\"><span class=\"inner-icon\"><span class=\"icon\"><i class=\"fa fa-map-marker\" style=\"color:#004e7c; font-size:24px; line-height:24px; vertical-align: middle;\"><\/i><\/span><\/span><\/div><div class=\"content-inner\"  style=\"width: calc( 100% - 30px - 15px);\"><div class=\"sc-heading article_heading\"><h3 class = \"heading__primary\" >Adresse Montr\u00e9al<\/h3><\/div><div class=\"desc-icon-box\"><div class=\"desc-content\" >1255 Boul. Robert-Bourassa, bureau 1107 Montr\u00e9al (Qu\u00e9bec) H3B 3W7<\/div><\/div><\/div><\/div><!--end smicon-box--><\/div><\/div><\/div><\/div><div id=\"panel-87-1-0-3\" class=\"so-panel widget widget_sow-editor panel-last-child\" data-index=\"5\" ><div\n\t\t\t\n\t\t\tclass=\"so-widget-sow-editor so-widget-sow-editor-base\"\n\t\t\t\n\t\t>\n<div class=\"siteorigin-widget-tinymce textwidget\">\n\t<p><iframe loading=\"lazy\" src=\"https:\/\/www.google.com\/maps\/embed?pb=!1m14!1m8!1m3!1d11185.374401692921!2d-73.5692638!3d45.5031614!3m2!1i1024!2i768!4f13.1!3m3!1m2!1s0x0%3A0x69f30fb6cc5f5528!2sInstitut+de+leadership+en+gestion!5e0!3m2!1sfr!2sca!4v1547271729142\" width=\"546\" height=\"500\" frameborder=\"0\" style=\"border:0\" allowfullscreen><\/iframe><\/p>\n<\/div>\n<\/div><\/div><\/div><div id=\"pgc-87-1-1\"  class=\"panel-grid-cell panel-grid-cell-empty\" ><\/div><div id=\"pgc-87-1-2\"  class=\"panel-grid-cell\" ><div id=\"panel-87-1-2-0\" class=\"so-panel widget widget_heading panel-first-child\" data-index=\"6\" ><div class=\"panel-widget-style panel-widget-style-for-87-1-2-0\" ><div class=\"thim-widget-heading template-base\"><div class=\"sc_heading  text-left\"><h3 style=\"text-transform: uppercase;\" class=\"title\">Paris<\/h3><span class=\"line\"><\/span><\/div><\/div><\/div><\/div><div id=\"panel-87-1-2-1\" class=\"so-panel widget widget_siteorigin-panels-builder\" data-index=\"7\" ><div class=\"thim-border-top panel-widget-style panel-widget-style-for-87-1-2-1\" ><div id=\"pl-w5c9a86e53cb9a\"  class=\"panel-layout\" ><div id=\"pg-w5c9a86e53cb9a-0\"  class=\"panel-grid panel-no-style\" ><div id=\"pgc-w5c9a86e53cb9a-0-0\"  class=\"panel-grid-cell\" ><div id=\"panel-w5c9a86e53cb9a-0-0-0\" class=\"so-panel widget widget_icon-box panel-first-child panel-last-child\" data-index=\"0\" ><div class=\"thim-widget-icon-box template-base\"><div class=\"wrapper-box-icon text-left contact_info\"  ><div class=\"smicon-box iconbox-left\"><div class=\"boxes-icon\" style=\"width: 30px;\"><a class=\"icon-box-link\" target=\"_self\" href=\"tel:+33142685277\" ><span class=\"inner-icon\"><span class=\"icon\"><i class=\"fa fa-phone\" style=\"color:#004e7c; font-size:24px; line-height:24px; vertical-align: middle;\"><\/i><\/span><\/span><\/a><\/div><div class=\"content-inner\"  style=\"width: calc( 100% - 30px - 15px);\"><div class=\"sc-heading article_heading\"><h3 class = \"heading__primary\" ><a class=\"icon-box-link\" target=\"_self\" href=\"tel:+33142685277\" >T\u00e9l\u00e9phone<\/a><\/h3><\/div><div class=\"desc-icon-box\"><div class=\"desc-content\" ><a class=\"icon-box-link\" target=\"_self\" href=\"tel:+33142685277\" >+ 33 1 42 68 52 77<\/a><\/div><\/div><\/div><\/div><!--end smicon-box--><\/div><\/div><\/div><\/div><div id=\"pgc-w5c9a86e53cb9a-0-1\"  class=\"panel-grid-cell\" ><div id=\"panel-w5c9a86e53cb9a-0-1-0\" class=\"so-panel widget widget_icon-box panel-first-child panel-last-child\" data-index=\"1\" ><div class=\"thim-widget-icon-box template-base\"><div class=\"wrapper-box-icon text-left contact_info\"  ><div class=\"smicon-box iconbox-left\"><div class=\"boxes-icon\" style=\"width: 30px;\"><span class=\"inner-icon\"><span class=\"icon\"><i class=\"fa fa-envelope\" style=\"color:#004e7c; font-size:24px; line-height:24px; vertical-align: middle;\"><\/i><\/span><\/span><\/div><div class=\"content-inner\"  style=\"width: calc( 100% - 30px - 15px);\"><div class=\"sc-heading article_heading\"><h3 class = \"heading__primary\" >Email<\/h3><\/div><div class=\"desc-icon-box\"><div class=\"desc-content\" ><a href=\"mailto:info@institutleadership.ca\">info@institutleadership.ca<\/a><\/div><\/div><\/div><\/div><!--end smicon-box--><\/div><\/div><\/div><\/div><\/div><\/div><\/div><\/div><div id=\"panel-87-1-2-2\" class=\"so-panel widget widget_icon-box\" data-index=\"8\" ><div class=\"thim-border-top panel-widget-style panel-widget-style-for-87-1-2-2\" ><div class=\"thim-widget-icon-box template-base\"><div class=\"wrapper-box-icon text-left contact_info\"  ><div class=\"smicon-box iconbox-left\"><div class=\"boxes-icon\" style=\"width: 30px;\"><span class=\"inner-icon\"><span class=\"icon\"><i class=\"fa fa-map-marker\" style=\"color:#004e7c; font-size:24px; line-height:24px; vertical-align: middle;\"><\/i><\/span><\/span><\/div><div class=\"content-inner\"  style=\"width: calc( 100% - 30px - 15px);\"><div class=\"sc-heading article_heading\"><h3 class = \"heading__primary\" >Adresse Paris<\/h3><\/div><div class=\"desc-icon-box\"><div class=\"desc-content\" >75, boulevard Haussmann 75008 Paris - France \n<\/div><\/div><\/div><\/div><!--end smicon-box--><\/div><\/div><\/div><\/div><div id=\"panel-87-1-2-3\" class=\"so-panel widget widget_sow-editor panel-last-child\" data-index=\"9\" ><div\n\t\t\t\n\t\t\tclass=\"so-widget-sow-editor so-widget-sow-editor-base\"\n\t\t\t\n\t\t>\n<div class=\"siteorigin-widget-tinymce textwidget\">\n\t<p><iframe loading=\"lazy\" src=\"https:\/\/www.google.com\/maps\/embed?pb=!1m18!1m12!1m3!1d2624.1600762794!2d2.3203892155388375!3d48.87422487928911!2m3!1f0!2f0!3f0!3m2!1i1024!2i768!4f13.1!3m3!1m2!1s0x47e66fcb212b287d%3A0x22bc9f5ce1383cad!2s75+Boulevard+Haussmann%2C+75008+Paris%2C+France!5e0!3m2!1sfr!2sca!4v1547272181057\" width=\"546\" height=\"500\" frameborder=\"0\" style=\"border:0\" allowfullscreen><\/iframe><\/p>\n<\/div>\n<\/div><\/div><\/div><\/div><\/div>","protected":false},"excerpt":{"rendered":"<p>Envoyer un messageVotre adresse email ne sera pas publi\u00e9e. Les champs requis sont indiqu\u00e9s. Montr\u00e9al T\u00e9l\u00e9phone1 (514) 702-2991Emailinfo@institutleadership.caAdresse Montr\u00e9al1255 Boul. Robert-Bourassa, bureau 1107 Montr\u00e9al (Qu\u00e9bec) H3B 3W7 ParisT\u00e9l\u00e9phone+ 33 1 42 68 52 77Emailinfo@institutleadership.caAdresse Paris75, boulevard Haussmann 75008 Paris &#8211; &hellip; <\/p>\n","protected":false},"author":1,"featured_media":0,"parent":0,"menu_order":0,"comment_status":"closed","ping_status":"closed","template":"","meta":{"content-type":"","_mi_skip_tracking":false},"yoast_head":"<!-- This site is optimized with the Yoast SEO plugin v20.6 - https:\/\/yoast.com\/wordpress\/plugins\/seo\/ -->\n<title>Contact - France - Institut de Leadership<\/title>\n<meta name=\"robots\" content=\"index, follow, max-snippet:-1, max-image-preview:large, max-video-preview:-1\" \/>\n<link rel=\"canonical\" href=\"https:\/\/www.institutleadership.ca\/paris\/contact\/\" \/>\n<meta property=\"og:locale\" content=\"fr_CA\" \/>\n<meta property=\"og:type\" content=\"article\" \/>\n<meta property=\"og:title\" content=\"Contact - France - Institut de Leadership\" \/>\n<meta property=\"og:description\" content=\"Envoyer un messageVotre adresse email ne sera pas publi\u00e9e. Les champs requis sont indiqu\u00e9s. Montr\u00e9al T\u00e9l\u00e9phone1 (514) 702-2991Emailinfo@institutleadership.caAdresse Montr\u00e9al1255 Boul. Robert-Bourassa, bureau 1107 Montr\u00e9al (Qu\u00e9bec) H3B 3W7 ParisT\u00e9l\u00e9phone+ 33 1 42 68 52 77Emailinfo@institutleadership.caAdresse Paris75, boulevard Haussmann 75008 Paris - &hellip;\" \/>\n<meta property=\"og:url\" content=\"https:\/\/www.institutleadership.ca\/paris\/contact\/\" \/>\n<meta property=\"og:site_name\" content=\"France - Institut de Leadership\" \/>\n<meta property=\"article:modified_time\" content=\"2019-08-01T15:51:37+00:00\" \/>\n<meta name=\"twitter:card\" content=\"summary_large_image\" \/>\n<script type=\"application\/ld+json\" class=\"yoast-schema-graph\">{\"@context\":\"https:\/\/schema.org\",\"@graph\":[{\"@type\":\"WebPage\",\"@id\":\"https:\/\/www.institutleadership.ca\/paris\/contact\/\",\"url\":\"https:\/\/www.institutleadership.ca\/paris\/contact\/\",\"name\":\"Contact - France - Institut de Leadership\",\"isPartOf\":{\"@id\":\"https:\/\/www.institutleadership.ca\/paris\/#website\"},\"datePublished\":\"2015-10-22T03:17:26+00:00\",\"dateModified\":\"2019-08-01T15:51:37+00:00\",\"breadcrumb\":{\"@id\":\"https:\/\/www.institutleadership.ca\/paris\/contact\/#breadcrumb\"},\"inLanguage\":\"fr-CA\",\"potentialAction\":[{\"@type\":\"ReadAction\",\"target\":[\"https:\/\/www.institutleadership.ca\/paris\/contact\/\"]}]},{\"@type\":\"BreadcrumbList\",\"@id\":\"https:\/\/www.institutleadership.ca\/paris\/contact\/#breadcrumb\",\"itemListElement\":[{\"@type\":\"ListItem\",\"position\":1,\"name\":\"Accueil\",\"item\":\"https:\/\/www.institutleadership.ca\/paris\/\"},{\"@type\":\"ListItem\",\"position\":2,\"name\":\"Contact\"}]},{\"@type\":\"WebSite\",\"@id\":\"https:\/\/www.institutleadership.ca\/paris\/#website\",\"url\":\"https:\/\/www.institutleadership.ca\/paris\/\",\"name\":\"France - Institut de Leadership\",\"description\":\"Formations pour cadres et dirigeants\",\"potentialAction\":[{\"@type\":\"SearchAction\",\"target\":{\"@type\":\"EntryPoint\",\"urlTemplate\":\"https:\/\/www.institutleadership.ca\/paris\/?s={search_term_string}\"},\"query-input\":\"required name=search_term_string\"}],\"inLanguage\":\"fr-CA\"}]}<\/script>\n<!-- \/ Yoast SEO plugin. -->","yoast_head_json":{"title":"Contact - France - Institut de Leadership","robots":{"index":"index","follow":"follow","max-snippet":"max-snippet:-1","max-image-preview":"max-image-preview:large","max-video-preview":"max-video-preview:-1"},"canonical":"https:\/\/www.institutleadership.ca\/paris\/contact\/","og_locale":"fr_CA","og_type":"article","og_title":"Contact - France - Institut de Leadership","og_description":"Envoyer un messageVotre adresse email ne sera pas publi\u00e9e. Les champs requis sont indiqu\u00e9s. Montr\u00e9al T\u00e9l\u00e9phone1 (514) 702-2991Emailinfo@institutleadership.caAdresse Montr\u00e9al1255 Boul. Robert-Bourassa, bureau 1107 Montr\u00e9al (Qu\u00e9bec) H3B 3W7 ParisT\u00e9l\u00e9phone+ 33 1 42 68 52 77Emailinfo@institutleadership.caAdresse Paris75, boulevard Haussmann 75008 Paris - &hellip;","og_url":"https:\/\/www.institutleadership.ca\/paris\/contact\/","og_site_name":"France - Institut de Leadership","article_modified_time":"2019-08-01T15:51:37+00:00","twitter_card":"summary_large_image","schema":{"@context":"https:\/\/schema.org","@graph":[{"@type":"WebPage","@id":"https:\/\/www.institutleadership.ca\/paris\/contact\/","url":"https:\/\/www.institutleadership.ca\/paris\/contact\/","name":"Contact - France - Institut de Leadership","isPartOf":{"@id":"https:\/\/www.institutleadership.ca\/paris\/#website"},"datePublished":"2015-10-22T03:17:26+00:00","dateModified":"2019-08-01T15:51:37+00:00","breadcrumb":{"@id":"https:\/\/www.institutleadership.ca\/paris\/contact\/#breadcrumb"},"inLanguage":"fr-CA","potentialAction":[{"@type":"ReadAction","target":["https:\/\/www.institutleadership.ca\/paris\/contact\/"]}]},{"@type":"BreadcrumbList","@id":"https:\/\/www.institutleadership.ca\/paris\/contact\/#breadcrumb","itemListElement":[{"@type":"ListItem","position":1,"name":"Accueil","item":"https:\/\/www.institutleadership.ca\/paris\/"},{"@type":"ListItem","position":2,"name":"Contact"}]},{"@type":"WebSite","@id":"https:\/\/www.institutleadership.ca\/paris\/#website","url":"https:\/\/www.institutleadership.ca\/paris\/","name":"France - Institut de Leadership","description":"Formations pour cadres et dirigeants","potentialAction":[{"@type":"SearchAction","target":{"@type":"EntryPoint","urlTemplate":"https:\/\/www.institutleadership.ca\/paris\/?s={search_term_string}"},"query-input":"required name=search_term_string"}],"inLanguage":"fr-CA"}]}},"_links":{"self":[{"href":"https:\/\/www.institutleadership.ca\/paris\/wp-json\/wp\/v2\/pages\/87"}],"collection":[{"href":"https:\/\/www.institutleadership.ca\/paris\/wp-json\/wp\/v2\/pages"}],"about":[{"href":"https:\/\/www.institutleadership.ca\/paris\/wp-json\/wp\/v2\/types\/page"}],"author":[{"embeddable":true,"href":"https:\/\/www.institutleadership.ca\/paris\/wp-json\/wp\/v2\/users\/1"}],"replies":[{"embeddable":true,"href":"https:\/\/www.institutleadership.ca\/paris\/wp-json\/wp\/v2\/comments?post=87"}],"version-history":[{"count":60,"href":"https:\/\/www.institutleadership.ca\/paris\/wp-json\/wp\/v2\/pages\/87\/revisions"}],"predecessor-version":[{"id":11194,"href":"https:\/\/www.institutleadership.ca\/paris\/wp-json\/wp\/v2\/pages\/87\/revisions\/11194"}],"wp:attachment":[{"href":"https:\/\/www.institutleadership.ca\/paris\/wp-json\/wp\/v2\/media?parent=87"}],"curies":[{"name":"wp","href":"https:\/\/api.w.org\/{rel}","templated":true}]}}